{"id":4605,"date":"2017-04-04T13:50:23","date_gmt":"2017-04-04T11:50:23","guid":{"rendered":"https:\/\/marketingplatform.com\/?page_id=4605\/"},"modified":"2020-02-18T10:05:30","modified_gmt":"2020-02-18T09:05:30","slug":"nyhedsbrevet-der-selv-finder-ud-af-hvor-du-bor","status":"publish","type":"page","link":"https:\/\/marketingplatform.com\/da\/artikler-presse\/nyhedsbrevet-der-selv-finder-ud-af-hvor-du-bor\/","title":{"rendered":"Nyhedsbrevet der selv finder ud af hvor du bor"},"content":{"rendered":"<p>[et_pb_section fb_built=&#8221;1&#8243; admin_label=&#8221;section&#8221; _builder_version=&#8221;3.22&#8243; transparent_background=&#8221;off&#8221;][et_pb_row admin_label=&#8221;row&#8221; _builder_version=&#8221;3.25&#8243; background_size=&#8221;initial&#8221; background_position=&#8221;top_left&#8221; background_repeat=&#8221;repeat&#8221;][et_pb_column type=&#8221;4_4&#8243; _builder_version=&#8221;3.25&#8243; custom_padding=&#8221;|||&#8221; custom_padding__hover=&#8221;|||&#8221;][et_pb_text admin_label=&#8221;Text&#8221; _builder_version=&#8221;3.27.4&#8243; background_size=&#8221;initial&#8221; background_position=&#8221;top_left&#8221; background_repeat=&#8221;repeat&#8221; use_border_color=&#8221;off&#8221; border_color=&#8221;#ffffff&#8221; border_style=&#8221;solid&#8221;]<\/p>\n<h1>Nyhedsbrevet der selv finder ud af hvor du bor<\/h1>\n<h4 style=\"line-height: 2em;\">Du tager en liste med flere hundrede danske byer, og kombinerer den med 53.000 s\u00e6t af danske IP-adresser. Det giver et komplet geografisk billede af alle danske Internetforbindelser.<\/h4>\n<p>&nbsp;<\/p>\n<p>L\u00f8sningen rummer store muligheder for f.eks. rejsebranchen, detailk\u00e6der, restaurantk\u00e6der og andre med flere geografiske placeringer. Ogs\u00e5 B2B akt\u00f8rer, med behov for at binde forhandlere geografisk til deres modtagere, kan opn\u00e5 store gevinster med Geo-IP l\u00f8sningen fra danske MarketingPlatform.<\/p>\n<p>&nbsp;<\/p>\n<h4>P\u00e5 Internettet efterlader du digitale spor<\/h4>\n<p>N\u00e5r du forbinder til internettet efterlader du bl.a. geografiske spor. Sporene er bundet til den IP-adresse din internetudbyder tildeler dig. I praksis betyder det, at hver gang du bruger nettet, vil din internetforbindelse fort\u00e6lle hvor du nogenlunde befinder dig.<\/p>\n<p><a href=\"..\/..\/..\/wp-content\/uploads\/2017\/04\/geolocation-mailplatform.jpg\"><img decoding=\"async\" loading=\"lazy\" class=\"alignleft size-full wp-image-1760 image-border\" src=\"..\/..\/..\/wp-content\/uploads\/2017\/04\/geolocation-mailplatform.jpg\" alt=\"geolocation-mailplatform\" width=\"405\" height=\"296\" \/><\/a><\/p>\n<p>Disse spor anvender danske MarketingPlatform. Det er kun internetudbyderen, og naturligvis myndighederne, der kan binde et elektronisk fodaftryk direkte sammen med en bestemt person. Men kender man personen, er den modsatte anskuelse meget interessant i markedsf\u00f8ringm\u00e6ssig sammenh\u00e6ng. Som minimum kender et email marketing system modtagernes mailadresse.<\/p>\n<p>&#8220;Ved at sammenligne grupper af IP-adresser med modtagerens unikke IP-adresse, n\u00e5r de f.eks klikker i et nyhedsbrev, kan vi rimeligt pr\u00e6cist fastsl\u00e5 deres geografiske placering&#8221;, fort\u00e6ller Kim \u00d8stergaard, der har grundlagt MarketingPlatform. Firmaet har identificeret mere end 53.000 s\u00e6t danske IP-adresser i deres l\u00f8sning.<\/p>\n<p>&#8220;I praksis kan en kampagne m\u00e5lrettes modtagere i en eller flere byer, og eller regioner ganske automatisk&#8221;, forts\u00e6tter Jesper Munkholm der er partner i virksomheden.<\/p>\n<p>&nbsp;<\/p>\n<h4>Hvem kan bruge den geografiske viden<\/h4>\n<p>Butiksk\u00e6der med forskellige geografiske placeringer, kan m\u00e5lrette deres tilbud til de enkelte butikker og omr\u00e5der. Dealsites, der ofte har tilbud m\u00e5lrettet de enkelte byer, har ogs\u00e5 et stort \u00f8konomisk incitament i den geografiske segmentering.<\/p>\n<p>Adskillige unders\u00f8gelser viser, at segmenterede nyhedsbreve virker 4-10 gange bedre end &#8220;en til mange&#8221; udsendelser.<\/p>\n<p>&#8220;Det er allerede muligt, med vores l\u00f8sning, at l\u00e6re af modtagerne aktive adf\u00e6rd, opsamle viden p\u00e5 tv\u00e6rs af modtagerne, og naturligvis lade den enkelte modtager opdatere sine oplysninger. Nu tilf\u00f8jer vi en passiv l\u00e6ring, hvor modtagernes stamkort automatisk opdateres med en geografisk profil&#8221;, forts\u00e6tter Kim \u00d8stergaard.<\/p>\n<p>Rejsebranchen ved der er stor forskel p\u00e5, hvor kunder fra forskellige omr\u00e5der af Danmark v\u00e6lger at holde ferie. Kunder p\u00e5 Amager har flere ting til f\u00e6lles med personer fra Trekantsomr\u00e5det, end de har med kunder i indre K\u00f8benhavn. Med Geo-IP targeting kan denne oplysning anvendes i MarketingPlatform til simple segmenter, avancerede segmenter, Dynamic Content eller Relevant Content.<\/p>\n<p>&nbsp;<\/p>\n<h4>Perspektiverne med Big Data og Geo-IP<\/h4>\n<p>&#8220;Vi arbejder lige nu p\u00e5 at udbygge vores anvendelse af Big Data, s\u00e5 det virker sammen med Geo-IP. P\u00e5 den m\u00e5de kan flokadf\u00e6rden fra Big Data g\u00f8res afh\u00e6ngig af Geo-IP oplysninger&#8221;, perspektiverer Kim \u00d8stergaard.<\/p>\n<p>Et eksempel kunne v\u00e6re en isenkrammerk\u00e6de, der har butikker fordelt over hele Danmark. Ud fra Relevant Content kan de udskifte produkter i nyhedsbrevet, der baserer sig p\u00e5 den enkelte modtagers profil. Ved at tils\u00e6tte Big Data udvides datas\u00e6ttet til at g\u00e5 p\u00e5 tv\u00e6rs af alle k\u00e6dens modtagere i nyhedsbrevsl\u00f8sningen.<\/p>\n<p>Kombineres ovenn\u00e6vnte, med de geografiske informationer fra Geo-IP, kan Big Data l\u00e6re af andre modtagere, fra samme omr\u00e5de, og dermed \u00f8ge relevansen af indholdet. Alts\u00e5 en naturlig overbygning p\u00e5 Relevant Content konkluderer holdet bag MarketingPlatform.<\/p>\n<p>&nbsp;<\/p>\n<p>[\/et_pb_text][\/et_pb_column][\/et_pb_row][\/et_pb_section][et_pb_section fb_built=&#8221;1&#8243; custom_padding_last_edited=&#8221;on|phone&#8221; module_class=&#8221;ressourcer-signup&#8221; _builder_version=&#8221;4.0.2&#8243; background_color=&#8221;#dee7f1&#8243; custom_padding=&#8221;7%||&#8221; custom_padding_tablet=&#8221;12%||||false|false&#8221; custom_padding_phone=&#8221;17%||||false|false&#8221; top_divider_style=&#8221;asymmetric2&#8243; top_divider_color=&#8221;#ffffff&#8221; top_divider_height=&#8221;60px&#8221; global_module=&#8221;19033&#8243;][et_pb_row _builder_version=&#8221;3.25&#8243; background_size=&#8221;initial&#8221; background_position=&#8221;top_left&#8221; background_repeat=&#8221;repeat&#8221; custom_margin=&#8221;||10px&#8221; custom_padding=&#8221;||10px&#8221;][et_pb_column type=&#8221;4_4&#8243; _builder_version=&#8221;3.25&#8243; custom_padding=&#8221;|||&#8221; custom_padding__hover=&#8221;|||&#8221;][et_pb_text _builder_version=&#8221;3.27.4&#8243; text_orientation=&#8221;center&#8221;]<\/p>\n<h2 style=\"font-style: normal;\">Pr\u00f8v MarketingPlatform gratis i 14 dage<\/h2>\n<p style=\"font-style: normal;\">Pr\u00f8veperioden er gratis, helt uforpligtende og udl\u00f8ber efter 14 dage, hvis du ikke \u00f8nsker at forts\u00e6tte.<br \/>Ved tilmelding modtager du samtidig vores uddannelsesflow p\u00e5 en serie af mails \u2013 og vores nyhedsbrev.<\/p>\n<p>[\/et_pb_text][\/et_pb_column][\/et_pb_row][et_pb_row _builder_version=&#8221;4.0.2&#8243;][et_pb_column type=&#8221;4_4&#8243; _builder_version=&#8221;4.0.2&#8243;][et_pb_code _builder_version=&#8221;4.0.2&#8243; text_orientation=&#8221;center&#8221;]<a href=\"https:\/\/marketingplatform.com\/da\/gratis-proeveversion\/\" class=\"green-btn2\" style=\"background:#09cd6f; padding:18px 60px; margin-bottom:10px!important;\">Pr\u00f8v os gratis nu<\/a> <a href=\"https:\/\/marketingplatform.com\/da\/book-emailplatform-demo\/\" class=\"green-btn2\" style=\"background:#0daae2; padding:18px 70px;\">Book demo<\/a>[\/et_pb_code][\/et_pb_column][\/et_pb_row][et_pb_row _builder_version=&#8221;4.0.2&#8243; max_width=&#8221;768px&#8221; custom_margin=&#8221;15px||0px||false|false&#8221; custom_padding=&#8221;0px||0px&#8221; use_custom_width=&#8221;on&#8221; custom_width_px=&#8221;768px&#8221;][et_pb_column type=&#8221;4_4&#8243; _builder_version=&#8221;3.25&#8243; custom_padding=&#8221;|||&#8221; custom_padding__hover=&#8221;|||&#8221;][et_pb_code _builder_version=&#8221;4.0.2&#8243;]<\/p>\n<div class=\"awards-align\" ><!-- [et_pb_line_break_holder] --><\/p>\n<div style=\"float:left; width:14%; text-align:right;   margin-right: 2%;\"><!-- [et_pb_line_break_holder] --><img decoding=\"async\" src=\"https:\/\/marketingplatform.com\/wp-content\/uploads\/2020\/01\/primotours.png\" width=\"56\" style=\"margin:10px 20px 20px 0px;\"><!-- [et_pb_line_break_holder] --><\/div>\n<p><!-- [et_pb_line_break_holder] --><\/p>\n<div style=\"float:left; width:20%; text-align:center;    margin-right: 4%;\"><!-- [et_pb_line_break_holder] --><img decoding=\"async\" src=\"https:\/\/marketingplatform.com\/wp-content\/uploads\/2019\/11\/med24-gray.png\" width=\"100\" style=\"margin:20px 0px 20px 10px;\"><!-- [et_pb_line_break_holder] --><\/div>\n<p><!-- [et_pb_line_break_holder] --><\/p>\n<div style=\"float:left; width:18%;    margin-right: 1%;\"><!-- [et_pb_line_break_holder] --><img decoding=\"async\" src=\"https:\/\/marketingplatform.com\/wp-content\/uploads\/2019\/08\/cykelpartner-logo.png\" width=\"180\" style=\"margin:29px 20px 20px 0px;\"><!-- [et_pb_line_break_holder] --><\/div>\n<p><!-- [et_pb_line_break_holder] --><\/p>\n<div style=\"float:left; width:20%; text-align:center;     margin-right: 1%;\"><!-- [et_pb_line_break_holder] --><img decoding=\"async\" src=\"https:\/\/marketingplatform.com\/wp-content\/uploads\/2019\/04\/aldi-grey.png\" width=\"50\" style=\"margin:10px 0px 20px 0px;\"><!-- [et_pb_line_break_holder] --><\/div>\n<p><!-- [et_pb_line_break_holder] --><\/p>\n<div style=\"float:left; width:18%;      margin-right: 2%;  text-align: center;\"><!-- [et_pb_line_break_holder] --><img decoding=\"async\" src=\"https:\/\/marketingplatform.com\/wp-content\/uploads\/2019\/02\/verisure-logo.png\" width=\"120\" style=\"margin:18px 0px 20px 0px;\"><!-- [et_pb_line_break_holder] --><\/div>\n<p><!-- [et_pb_line_break_holder] --><\/div>\n<p>[\/et_pb_code][\/et_pb_column][\/et_pb_row][\/et_pb_section]<\/p>\n","protected":false},"excerpt":{"rendered":"<p>Nyhedsbrevet der selv finder ud af hvor du bor Du tager en liste med flere hundrede danske byer, og kombinerer den med 53.000 s\u00e6t af danske IP-adresser. Det giver et komplet geografisk billede af alle danske Internetforbindelser. &nbsp; L\u00f8sningen rummer store muligheder for f.eks. rejsebranchen, detailk\u00e6der, restaurantk\u00e6der og andre med flere geografiske placeringer. Ogs\u00e5 B2B [&hellip;]<\/p>\n","protected":false},"author":50,"featured_media":0,"parent":4520,"menu_order":0,"comment_status":"closed","ping_status":"closed","template":"","meta":{"_et_pb_use_builder":"on","_et_pb_old_content":"<h3 style=\"line-height: 2em;\"><b>Du tager en liste med flere hundrede danske byer, og kombinerer den med 53.000 s\u00e6t af danske IP-adresser. Det giver et komplet geografisk billede af alle danske Internetforbindelser. <\/b><\/h3>\r\n\u00a0\r\n\r\nL\u00f8sningen rummer store muligheder for f.eks. rejsebranchen, detailk\u00e6der, restaurantk\u00e6der og andre med flere geografiske placeringer. Ogs\u00e5 B2B akt\u00f8rer, med behov for at binde forhandlere geografisk til deres modtagere, kan opn\u00e5 store gevinster med Geo-IP l\u00f8sningen fra danske MarketingPlatform.\r\n\r\n\u00a0\r\n<h4><b>P\u00e5 Internettet efterlader du digitale spor<\/b><\/h4>\r\nN\u00e5r du forbinder til internettet efterlader du bl.a. geografiske spor. Sporene er bundet til den IP-adresse din internetudbyder tildeler dig. I praksis betyder det, at hver gang du bruger nettet, vil din internetforbindelse fort\u00e6lle hvor du nogenlunde befinder dig.\r\n\r\n<a href=\"https:\/\/marketingplatform.com\/wp-content\/uploads\/2017\/04\/geolocation-mailplatform.jpg\"><img class=\"alignleft size-full wp-image-1760\" src=\"https:\/\/marketingplatform.com\/wp-content\/uploads\/2017\/04\/geolocation-mailplatform.jpg\" alt=\"geolocation-mailplatform\" width=\"405\" height=\"296\" \/><\/a>\r\n\r\nDisse spor anvender danske MarketingPlatform. Det er kun internetudbyderen, og naturligvis myndighederne, der kan binde et elektronisk fodaftryk direkte sammen med en bestemt person. Men kender man personen, er den modsatte anskuelse meget interessant i markedsf\u00f8ringm\u00e6ssig sammenh\u00e6ng. Som minimum kender et email marketing system modtagernes mailadresse.\r\n\r\n\"Ved at sammenligne grupper af IP-adresser med modtagerens unikke IP-adresse, n\u00e5r de f.eks klikker i et nyhedsbrev, kan vi rimeligt pr\u00e6cist fastsl\u00e5 deres geografiske placering\", fort\u00e6ller Kim \u00d8stergaard, der har grundlagt MarketingPlatform. Firmaet har identificeret mere end 53.000 s\u00e6t danske IP-adresser i deres l\u00f8sning.\r\n\r\n\"I praksis kan en kampagne m\u00e5lrettes modtagere i en eller flere byer, og eller regioner ganske automatisk\", forts\u00e6tter Jesper Munkholm der er partner i virksomheden.\r\n\r\n\u00a0\r\n<h4><b>Hvem kan bruge den geografiske viden<\/b><\/h4>\r\nButiksk\u00e6der med forskellige geografiske placeringer, kan m\u00e5lrette deres tilbud til de enkelte butikker og omr\u00e5der. Dealsites, der ofte har tilbud m\u00e5lrettet de enkelte byer, har ogs\u00e5 et stort \u00f8konomisk incitament i den geografiske segmentering.\r\n\r\nAdskillige unders\u00f8gelser viser, at segmenterede nyhedsbreve virker 4-10 gange bedre end \"en til mange\" udsendelser.\r\n\r\n\"Det er allerede muligt, med vores l\u00f8sning, at l\u00e6re af modtagerne aktive adf\u00e6rd, opsamle viden p\u00e5 tv\u00e6rs af modtagerne, og naturligvis lade den enkelte modtager opdatere sine oplysninger. Nu tilf\u00f8jer vi en passiv l\u00e6ring, hvor modtagernes stamkort automatisk opdateres med en geografisk profil\", forts\u00e6tter Kim \u00d8stergaard.\r\n\r\nRejsebranchen ved der er stor forskel p\u00e5, hvor kunder fra forskellige omr\u00e5der af Danmark v\u00e6lger at holde ferie. Kunder p\u00e5 Amager har flere ting til f\u00e6lles med personer fra Trekantsomr\u00e5det, end de har med kunder i indre K\u00f8benhavn. Med Geo-IP targeting kan denne oplysning anvendes i MarketingPlatform til simple segmenter, avancerede segmenter, Dynamic Content eller Relevant Content.\r\n\r\n\u00a0\r\n<h4><b>Perspektiverne med Big Data og Geo-IP<\/b><\/h4>\r\n\"Vi arbejder lige nu p\u00e5 at udbygge vores anvendelse af Big Data, s\u00e5 det virker sammen med Geo-IP. P\u00e5 den m\u00e5de kan flokadf\u00e6rden fra Big Data g\u00f8res afh\u00e6ngig af Geo-IP oplysninger\", perspektiverer Kim \u00d8stergaard.\r\n\r\nEt eksempel kunne v\u00e6re en isenkrammerk\u00e6de, der har butikker fordelt over hele Danmark. Ud fra Relevant Content kan de udskifte produkter i nyhedsbrevet, der baserer sig p\u00e5 den enkelte modtagers profil. Ved at tils\u00e6tte Big Data udvides datas\u00e6ttet til at g\u00e5 p\u00e5 tv\u00e6rs af alle k\u00e6dens modtagere i nyhedsbrevsl\u00f8sningen.\r\n\r\nKombineres ovenn\u00e6vnte, med de geografiske informationer fra Geo-IP, kan Big Data l\u00e6re af andre modtagere, fra samme omr\u00e5de, og dermed \u00f8ge relevansen af indholdet. Alts\u00e5 en naturlig overbygning p\u00e5 Relevant Content konkluderer holdet bag MarketingPlatform.\r\n\r\n\u00a0\r\n<h4><b>Fakta om MarketingPlatform<\/b><\/h4>\r\nFirmaet er grundlagt i slutningen af 2011 af Kim \u00d8stergaard, der har arbejdet med email marketing og eCommerce i over 15 \u00e5r. Han har bl.a. v\u00e6ret online ansvarlig for opbygningen af t\u00f8jvirksomheden Bestseller's Multi-Channel aktiviteter, v\u00e6ret medstifter af TrendyBaby og en af de f\u00f8rste betydende online resellere af computer hardware tilbage i 1998.\r\n\r\nMarketingPlatform besk\u00e6ftiger 6 medarbejdere i Danmark, med base fra firmaets kontorer i Vejen, 4 udviklere p\u00e5 Balkan og landechefer i en r\u00e6kke lande.\r\n\r\nMarketingPlatform har mere end 1.000 danske kunder, der alle er startet med en 30 dages gratis pr\u00f8veperiode. Blandt kunderne er Billetlugen, Blockbuster, SOS Dansk Autohj\u00e6lp, BoConcept, CBS, Guldbageren, Kop & Kande, Sampenskon, Skoringen, Mr., Kvik, NEYE og Toyota.\r\n\r\n<a title=\"Medarbejdere hos MarketingPlatform\" href=\"https:\/\/mailplatform.dk\/medarbejdere-hos-mailplatform\/\">L\u00e6s mere om medarbejderne i MarketingPlatform<\/a>.","_et_gb_content_width":"","footnotes":""},"categories":[],"tags":[],"yst_prominent_words":[4878,1989,4905,212,180,4907,4872,1988,4882,87,282,375,4874,124,1990,4871,380,4873,1201,782],"_links":{"self":[{"href":"https:\/\/marketingplatform.com\/da\/wp-json\/wp\/v2\/pages\/4605"}],"collection":[{"href":"https:\/\/marketingplatform.com\/da\/wp-json\/wp\/v2\/pages"}],"about":[{"href":"https:\/\/marketingplatform.com\/da\/wp-json\/wp\/v2\/types\/page"}],"author":[{"embeddable":true,"href":"https:\/\/marketingplatform.com\/da\/wp-json\/wp\/v2\/users\/50"}],"replies":[{"embeddable":true,"href":"https:\/\/marketingplatform.com\/da\/wp-json\/wp\/v2\/comments?post=4605"}],"version-history":[{"count":1,"href":"https:\/\/marketingplatform.com\/da\/wp-json\/wp\/v2\/pages\/4605\/revisions"}],"predecessor-version":[{"id":51481,"href":"https:\/\/marketingplatform.com\/da\/wp-json\/wp\/v2\/pages\/4605\/revisions\/51481"}],"up":[{"embeddable":true,"href":"https:\/\/marketingplatform.com\/da\/wp-json\/wp\/v2\/pages\/4520"}],"wp:attachment":[{"href":"https:\/\/marketingplatform.com\/da\/wp-json\/wp\/v2\/media?parent=4605"}],"wp:term":[{"taxonomy":"category","embeddable":true,"href":"https:\/\/marketingplatform.com\/da\/wp-json\/wp\/v2\/categories?post=4605"},{"taxonomy":"post_tag","embeddable":true,"href":"https:\/\/marketingplatform.com\/da\/wp-json\/wp\/v2\/tags?post=4605"},{"taxonomy":"yst_prominent_words","embeddable":true,"href":"https:\/\/marketingplatform.com\/da\/wp-json\/wp\/v2\/yst_prominent_words?post=4605"}],"curies":[{"name":"wp","href":"https:\/\/api.w.org\/{rel}","templated":true}]}}