{"id":4601,"date":"2017-04-04T13:38:37","date_gmt":"2017-04-04T11:38:37","guid":{"rendered":"https:\/\/marketingplatform.com\/?page_id=4601\/"},"modified":"2020-10-26T14:43:14","modified_gmt":"2020-10-26T13:43:14","slug":"marketing-automation-med-email-marketing","status":"publish","type":"page","link":"https:\/\/marketingplatform.com\/da\/artikler-presse\/marketing-automation-med-email-marketing\/","title":{"rendered":"Marketing automation med email marketing"},"content":{"rendered":"<p>[et_pb_section fb_built=&#8221;1&#8243; admin_label=&#8221;section&#8221; _builder_version=&#8221;3.22.3&#8243; transparent_background=&#8221;off&#8221;][et_pb_row admin_label=&#8221;row&#8221; _builder_version=&#8221;3.25&#8243; background_size=&#8221;initial&#8221; background_position=&#8221;top_left&#8221; background_repeat=&#8221;repeat&#8221;][et_pb_column type=&#8221;4_4&#8243; _builder_version=&#8221;3.25&#8243; custom_padding=&#8221;|||&#8221; custom_padding__hover=&#8221;|||&#8221;][et_pb_text admin_label=&#8221;Text&#8221; _builder_version=&#8221;4.5.3&#8243; background_size=&#8221;initial&#8221; background_position=&#8221;top_left&#8221; background_repeat=&#8221;repeat&#8221; hover_enabled=&#8221;0&#8243; use_border_color=&#8221;off&#8221; border_style=&#8221;solid&#8221;]<\/p>\n<h1>Marketing automation med email marketing<\/h1>\n<h3 style=\"line-height: 2em;\">MarketingPlatform er meget mere end et system til udsendelse af nyhedsbreve.<\/h3>\n<p style=\"line-height: 2em;\">Det er en komplet marketing automation maskine, der lader din virksomhed indg\u00e5 i en-til-en relationer med dine modtagere og kunder.<\/p>\n<p style=\"line-height: 2em;\">Det handler dybest set om tre aspekter, der bliver til en virkelig dialog, n\u00e5r de rigtige systemm\u00e6ssige foruds\u00e6tninger er tilstede.<\/p>\n<p>&nbsp;<\/p>\n<h4>&#8211; Det f\u00f8rste aspekt<\/h4>\n<p>En gammelt ordsprog siger vi har f\u00e5et to \u00f8rer og en mund. Det betyder med andre ord vi skal lytte dobbelt s\u00e5 meget som vi taler. Overset til marketingsprog, betyder det vi skal opsamle data og analysere f\u00f8r vi selv kommunikerer.<\/p>\n<p>&nbsp;<\/p>\n<h4>&#8211; Det andet aspekt<\/h4>\n<p>Vi kommunikerer med rigtige mennesker. Mennesker som du og jeg, der har virkelige liv med arbejde, venner, familie og interesser. Det glemmer man ofte i en verden, hvor statistik og h\u00e5rde facts dominerer.<\/p>\n<p>&nbsp;<\/p>\n<h4>&#8211; Det tredje aspekt<\/h4>\n<p>Alt hvad der kan opsamles af information kan kommunikeres med de rigtige v\u00e6rkt\u00f8jer. Men det betyder omvendt ikke at alt, der kan opsamles, skal kommunikeres til din m\u00e5lgruppe. Paradokset om du vil, vi kalder det for det menneskelige aspekt, betyder at automatiserede regler skal have en n\u00f8dvendig dybde, for at opn\u00e5 et rationale, men ikke v\u00e6re i flere niveauer end kommunikationen bevarer det menneskelige ansigt og rationalet bevares i anvendelsen.<\/p>\n<p>&nbsp;<\/p>\n<h3>Dialogen starter f\u00f8r din kommende modtager tilmelder sig<\/h3>\n<p>Det lyder m\u00e5ske lidt n\u00f8rdet, n\u00e5r vi p\u00e5st\u00e5r at dialogen kan starte f\u00f8r der er tale om et kendt forhold. MarketingPlatform har en fuld webtracker, der l\u00e6rer af modtagernes adf\u00e6rd p\u00e5 din side, endog f\u00f8r de har tilmeldt sig dit nyhedsbrev.<\/p>\n<p>Dermed kan din <a href=\"https:\/\/marketingplatform.com\/da\/marketing-automation\/\">Marketing Automation<\/a> indsats begynde helt ude i s\u00f8gemaskinen, lige i det \u00f8jeblik den bes\u00f8gende lander p\u00e5 din hjemmeside eller webshop. Det har afg\u00f8rende betydning for konkurrencefordelen, at kunne lave en tidlig opsamling af interesser. P\u00e5 den m\u00e5de kan nyhedsbrevene senere i forl\u00f8bet tilpasses unikt til den enkelte modtager.<\/p>\n<p>MarketingPlatform har med sin Profile Update funktion og WebLink med fuld webtracker (lanceres marts 2014) mulighed for automatisk at berige modtagerne ud fra deres klik adf\u00e6rd i nyhedsbrevet eller browse adf\u00e6rd p\u00e5 website eller webshop.<\/p>\n<p>&nbsp;<\/p>\n<h3>Kendte modtagere giver nye dimensioner til email marketing<\/h3>\n<p>Lag p\u00e5 lag effekten i din <a href=\"https:\/\/marketingplatform.com\/da\/\">email marketing<\/a>, hvor profilen p\u00e5 en modtager popul\u00e6rt sagt bygges op lag p\u00e5 lag, tilf\u00f8jer gradvist mere information i takt med at modtageren foretager forskellige handlinger.<\/p>\n<p>Handlingerne kan v\u00e6re at \u00e5bne tilsendte nyhedsbreve, at klikke p\u00e5 links, at opdatere en profil, gennem handlinger at berige profilen eller meget andet. Gradvist vil MarketingPlatform l\u00e6re af modtagerens handlinger, geografi og adf\u00e6rd. Viden der kan oms\u00e6ttes til reaktioner, enten som nye automatiserede kampagner, kampagner med Relevant- og Dynamic Content eller i form af data output til business intelligens systemer og lignende.<\/p>\n<p>Et n\u00e6rv\u00e6rende eksempel kunne v\u00e6re mulighederne for geografisk profilering. Med det samme en modtager tilmelder sig virksomhedens nyhedsbrev, registreres personens geografiske fingeraftryk i form af IP-adressen. &#8220;Internetudbyderen fort\u00e6ller med IP-adressen hvor modtageren befinder sig, og med mere end 53.000 klynger af adresser, alene for Danmark, kan vi ret pr\u00e6cist s\u00e6tte region og by p\u00e5 modtageren&#8221;, fort\u00e6ller Kim \u00d8stergaard der er grundl\u00e6gger af MarketingPlatform.<\/p>\n<p>For virksomheder der er afh\u00e6ngige af geografi, det kunne v\u00e6re en butiksk\u00e6de, et dealsite med lokale deals eller andre regionalt- eller lokalt forankrede virksomheder, udg\u00f8r det en stor v\u00e6rdi. Straks efter tilmelding kan f.eks et velkomstflow tilpasses geografisk til modtageren &#8211; helt uden vedkommende har foretaget nogen form for berigelse af sin profil.<\/p>\n<p>Segmenterede udsendelser p\u00e5 geografi, forudsat det har relevans for modtageren, konverterer helt op til 43 gange bedre end masseudsendelser.<\/p>\n<p>&nbsp;<\/p>\n<h3>Intelligente nyhedsbreve og marketing automation<\/h3>\n<p>Den l\u00f8bende l\u00e6ring fra modtagernes handlinger, kan oms\u00e6ttes til individuelle nyhedsbreve, der tilmed kan automatiseres som marketing automation mails.<\/p>\n<p><i>En hverdags situation fra det virkelige liv <\/i><\/p>\n<p>En kunde der s\u00e6lger isenkram produkter anvender MarketingPlatform. De kunne med fordel profilere deres kunder automatisk efter geografi, for dern\u00e6st at l\u00e6re l\u00f8bende af modtagernes klik-adf\u00e6rd i de tilsendte nyhedsbreve. Den viden kan oms\u00e6ttes til individuelle nyhedsbreve med Relevant Content.<\/p>\n<p>I praksis skal der ikke g\u00f8res ret meget. F\u00f8rst ops\u00e6ttes der en tilmeldingsformular p\u00e5 hjemmesiden, m\u00e5ske i kombination med tilmeldinger fra k\u00f8bsflowet. S\u00e5 snart modtageren tilmelder sig, l\u00e6ser MarketingPlatform geografien og sender en autoresponder afsted, hvor de geografiske data foresl\u00e5r en lokal butik. Er modtageren enig, beh\u00f8ver hun ikke at foretage sig noget. Med det samme hun klikker p\u00e5 et af produkterne i den automatiske mail, begynder systemet at registrere interesser i kombination med et datostempel. N\u00e6ste gang der registreres et klik, opsamles der mere information. Det er denne information der kan bygge individuelle mails.<\/p>\n<p>&#8220;Vi pr\u00f8ver at g\u00f8re de sv\u00e6re discipliner simple, det at kunne m\u00e5lrette og automatisere marketing flows, kombinere dem med det kommercielle og oms\u00e6tte det til mere forretning&#8221;, konkluderer Kim \u00d8stergaard fra MarketingPlatform.<\/p>\n<p>&nbsp;<\/p>\n<p>[\/et_pb_text][\/et_pb_column][\/et_pb_row][\/et_pb_section][et_pb_section fb_built=&#8221;1&#8243; custom_padding_last_edited=&#8221;on|phone&#8221; module_class=&#8221;ressourcer-signup&#8221; _builder_version=&#8221;4.5.3&#8243; background_color=&#8221;#dee7f1&#8243; custom_padding=&#8221;7%||4%||false|false&#8221; custom_padding_tablet=&#8221;12%||||false|false&#8221; custom_padding_phone=&#8221;17%||||false|false&#8221; top_divider_style=&#8221;asymmetric2&#8243; top_divider_color=&#8221;#ffffff&#8221; top_divider_height=&#8221;60px&#8221; global_module=&#8221;19033&#8243;][et_pb_row _builder_version=&#8221;3.25&#8243; background_size=&#8221;initial&#8221; background_position=&#8221;top_left&#8221; background_repeat=&#8221;repeat&#8221; custom_margin=&#8221;||10px&#8221; custom_padding=&#8221;||10px&#8221;][et_pb_column type=&#8221;4_4&#8243; _builder_version=&#8221;3.25&#8243; custom_padding=&#8221;|||&#8221; custom_padding__hover=&#8221;|||&#8221;][et_pb_text _builder_version=&#8221;4.5.3&#8243; text_orientation=&#8221;center&#8221;]<\/p>\n<h2 style=\"font-style: normal;\">Pr\u00f8v MarketingPlatform gratis i 14 dage<\/h2>\n<p style=\"font-style: normal;\">Pr\u00f8veperioden er gratis, helt uforpligtende og udl\u00f8ber efter 14 dage, hvis du ikke \u00f8nsker at forts\u00e6tte.<br \/> Ved tilmelding modtager du samtidig vores uddannelsesflow p\u00e5 en serie af mails \u2013 og vores nyhedsbrev.<\/p>\n<p>[\/et_pb_text][\/et_pb_column][\/et_pb_row][et_pb_row _builder_version=&#8221;4.4.0&#8243;][et_pb_column type=&#8221;4_4&#8243; _builder_version=&#8221;4.0.2&#8243;][et_pb_code _builder_version=&#8221;4.5.3&#8243; max_width=&#8221;50%&#8221; max_width_tablet=&#8221;100%&#8221; max_width_phone=&#8221;&#8221; max_width_last_edited=&#8221;on|phone&#8221; module_alignment=&#8221;center&#8221;]<a href=\"https:\/\/marketingplatform.com\/da\/book-emailplatform-demo\/\"><\/p>\n<div class=\"bookdemobtn\">Book demo<\/div>\n<p><\/a><!-- [et_pb_line_break_holder] --><a href=\"https:\/\/marketingplatform.com\/da\/gratis-proeveversion\/\"><\/p>\n<div class=\"signupbtn\">Pr\u00f8v os gratis<\/div>\n<p><\/a><!-- [et_pb_line_break_holder] --><\/p>\n<div class=\"clearfix\"><\/div>\n<p>[\/et_pb_code][\/et_pb_column][\/et_pb_row][et_pb_row _builder_version=&#8221;4.0.2&#8243; max_width=&#8221;768px&#8221; custom_margin=&#8221;15px||0px||false|false&#8221; custom_padding=&#8221;0px||0px&#8221; use_custom_width=&#8221;on&#8221; custom_width_px=&#8221;768px&#8221;][et_pb_column type=&#8221;4_4&#8243; _builder_version=&#8221;3.25&#8243; custom_padding=&#8221;|||&#8221; custom_padding__hover=&#8221;|||&#8221;][et_pb_code _builder_version=&#8221;4.5.3&#8243;]<\/p>\n<div class=\"awards-align\" ><!-- [et_pb_line_break_holder] --><\/p>\n<div style=\"float:left; width:14%; text-align:right;   margin-right: 2%;\"><!-- [et_pb_line_break_holder] --><img decoding=\"async\" src=\"https:\/\/marketingplatform.com\/wp-content\/uploads\/2020\/01\/primotours.png\" width=\"56\" style=\"margin:10px 20px 20px 0px;\"><!-- [et_pb_line_break_holder] --><\/div>\n<p><!-- [et_pb_line_break_holder] --><\/p>\n<div style=\"float:left; width:20%; text-align:center;    margin-right: 4%;\"><!-- [et_pb_line_break_holder] --><img decoding=\"async\" src=\"https:\/\/marketingplatform.com\/wp-content\/uploads\/2019\/11\/med24-gray.png\" width=\"100\" style=\"margin:20px 0px 20px 10px;\"><!-- [et_pb_line_break_holder] --><\/div>\n<p><!-- [et_pb_line_break_holder] --><\/p>\n<div style=\"float:left; width:18%;    margin-right: 1%;\"><!-- [et_pb_line_break_holder] --><img decoding=\"async\" src=\"https:\/\/marketingplatform.com\/wp-content\/uploads\/2019\/08\/cykelpartner-logo.png\" width=\"180\" style=\"margin:29px 20px 20px 0px;\"><!-- [et_pb_line_break_holder] --><\/div>\n<p><!-- [et_pb_line_break_holder] --><\/p>\n<div style=\"float:left; width:20%; text-align:center;     margin-right: 1%;\"><!-- [et_pb_line_break_holder] --><img decoding=\"async\" src=\"https:\/\/marketingplatform.com\/wp-content\/uploads\/2019\/04\/aldi-grey.png\" width=\"50\" style=\"margin:10px 0px 20px 0px;\"><!-- [et_pb_line_break_holder] --><\/div>\n<p><!-- [et_pb_line_break_holder] --><\/p>\n<div style=\"float:left; width:18%;      margin-right: 2%;  text-align: center;\"><!-- [et_pb_line_break_holder] --><img decoding=\"async\" src=\"https:\/\/marketingplatform.com\/wp-content\/uploads\/2019\/02\/verisure-logo.png\" width=\"120\" style=\"margin:18px 0px 20px 0px;\"><!-- [et_pb_line_break_holder] --><\/div>\n<p><!-- [et_pb_line_break_holder] --><\/div>\n<p>[\/et_pb_code][\/et_pb_column][\/et_pb_row][\/et_pb_section]<\/p>\n","protected":false},"excerpt":{"rendered":"<p>Marketing automation med email marketing MarketingPlatform er meget mere end et system til udsendelse af nyhedsbreve. Det er en komplet marketing automation maskine, der lader din virksomhed indg\u00e5 i en-til-en relationer med dine modtagere og kunder. Det handler dybest set om tre aspekter, der bliver til en virkelig dialog, n\u00e5r de rigtige systemm\u00e6ssige foruds\u00e6tninger er [&hellip;]<\/p>\n","protected":false},"author":50,"featured_media":0,"parent":4520,"menu_order":0,"comment_status":"closed","ping_status":"closed","template":"","meta":{"_et_pb_use_builder":"on","_et_pb_old_content":"<h2 style=\"line-height: 2em;\"><b>MarketingPlatform er meget mere end et system til udsendelse af nyhedsbreve. Det er en komplet marketing automation maskine, der lader din virksomhed indg\u00e5 i en-til-en relationer med dine modtagere og kunder. <\/b><\/h2>\r\n\u00a0\r\n\r\nDet handler dybest set om tre aspekter, der bliver til en virkelig dialog, n\u00e5r de rigtige systemm\u00e6ssige foruds\u00e6tninger er tilstede.\r\n\r\n\u00a0\r\n<h4><b>- Det f\u00f8rste aspekt<\/b><\/h4>\r\nEn gammelt ordsprog siger vi har f\u00e5et to \u00f8rer og en mund. Det betyder med andre ord vi skal lytte dobbelt s\u00e5 meget som vi taler. Overset til marketingsprog, betyder det vi skal opsamle data og analysere f\u00f8r vi selv kommunikerer.\r\n\r\n\u00a0\r\n<h4><b>- Det andet aspekt<\/b><\/h4>\r\nVi kommunikerer med rigtige mennesker. Mennesker som du og jeg, der har virkelige liv med arbejde, venner, familie og interesser. Det glemmer man ofte i en verden, hvor statistik og h\u00e5rde facts dominerer.\r\n\r\n\u00a0\r\n<h4><b>- Det tredje aspekt<\/b><\/h4>\r\nAlt hvad der kan opsamles af information kan kommunikeres med de rigtige v\u00e6rkt\u00f8jer. Men det betyder omvendt ikke at alt, der kan opsamles, skal kommunikeres til din m\u00e5lgruppe. Paradokset om du vil, vi kalder det for det menneskelige aspekt, betyder at automatiserede regler skal have en n\u00f8dvendig dybde, for at opn\u00e5 et rationale, men ikke v\u00e6re i flere niveauer end kommunikationen bevarer det menneskelige ansigt og rationalet bevares i anvendelsen.\r\n\r\n\u00a0\r\n<h3><b>Dialogen starter f\u00f8r din kommende modtager tilmelder sig<\/b><\/h3>\r\nDet lyder m\u00e5ske lidt n\u00f8rdet, n\u00e5r vi p\u00e5st\u00e5r at dialogen kan starte f\u00f8r der er tale om et kendt forhold. MarketingPlatform har en fuld webtracker, der l\u00e6rer af modtagernes adf\u00e6rd p\u00e5 din side, endog f\u00f8r de har tilmeldt sig dit nyhedsbrev.\r\n\r\nDermed kan din Marketing Automation indsats begynde helt ude i s\u00f8gemaskinen, lige i det \u00f8jeblik den bes\u00f8gende lander p\u00e5 din hjemmeside eller webshop. Det har afg\u00f8rende betydning for konkurrencefordelen, at kunne lave en tidlig opsamling af interesser. P\u00e5 den m\u00e5de kan nyhedsbrevene senere i forl\u00f8bet tilpasses unikt til den enkelte modtager.\r\n\r\nMarketingPlatform har med sin Profile Update funktion og WebLink med fuld webtracker (lanceres marts 2014) mulighed for automatisk at berige modtagerne ud fra deres klik adf\u00e6rd i nyhedsbrevet eller browse adf\u00e6rd p\u00e5 website eller webshop.\r\n\r\n\u00a0\r\n<h3><b>Kendte modtagere giver nye dimensioner til email marketing<\/b><\/h3>\r\nLag p\u00e5 lag effekten, hvor profilen p\u00e5 en modtager popul\u00e6rt sagt bygges op lag p\u00e5 lag, tilf\u00f8jer gradvist mere information i takt med at modtageren foretager forskellige handlinger.\r\n\r\nHandlingerne kan v\u00e6re at \u00e5bne tilsendte nyhedsbreve, at klikke p\u00e5 links, at opdatere en profil, gennem handlinger at berige profilen eller meget andet. Gradvist vil MarketingPlatform l\u00e6re af modtagerens handlinger, geografi og adf\u00e6rd. Viden der kan oms\u00e6ttes til reaktioner, enten som nye automatiserede kampagner, kampagner med Relevant- og Dynamic Content eller i form af data output til business intelligens systemer og lignende.\r\n\r\nEt n\u00e6rv\u00e6rende eksempel kunne v\u00e6re mulighederne for geografisk profilering. Med det samme en modtager tilmelder sig virksomhedens nyhedsbrev, registreres personens geografiske fingeraftryk i form af IP-adressen. \"Internetudbyderen fort\u00e6ller med IP-adressen hvor modtageren befinder sig, og med mere end 53.000 klynger af adresser, alene for Danmark, kan vi ret pr\u00e6cist s\u00e6tte region og by p\u00e5 modtageren\", fort\u00e6ller Kim \u00d8stergaard der er grundl\u00e6gger af MarketingPlatform.\r\n\r\nFor virksomheder der er afh\u00e6ngige af geografi, det kunne v\u00e6re en butiksk\u00e6de, et dealsite med lokale deals eller andre regionalt- eller lokalt forankrede virksomheder, udg\u00f8r det en stor v\u00e6rdi. Straks efter tilmelding kan f.eks et velkomstflow tilpasses geografisk til modtageren - helt uden vedkommende har foretaget nogen form for berigelse af sin profil.\r\n\r\nSegmenterede udsendelser p\u00e5 geografi, forudsat det har relevans for modtageren, konverterer helt op til 43 gange bedre end masseudsendelser.\r\n\r\n\u00a0\r\n<h3><b>Intelligente nyhedsbreve og marketing automation<\/b><\/h3>\r\nDen l\u00f8bende l\u00e6ring fra modtagernes handlinger, kan oms\u00e6ttes til individuelle nyhedsbreve, der tilmed kan automatiseres som marketing automation mails.\r\n\r\n<i>En hverdags situation fra det virkelige liv <\/i>\r\n\r\nEn kunde der s\u00e6lger isenkram produkter anvender MarketingPlatform. De kunne med fordel profilere deres kunder automatisk efter geografi, for dern\u00e6st at l\u00e6re l\u00f8bende af modtagernes klik-adf\u00e6rd i de tilsendte nyhedsbreve. Den viden kan oms\u00e6ttes til individuelle nyhedsbreve med Relevant Content.\r\n\r\nI praksis skal der ikke g\u00f8res ret meget. F\u00f8rst ops\u00e6ttes der en tilmeldingsformular p\u00e5 hjemmesiden, m\u00e5ske i kombination med tilmeldinger fra k\u00f8bsflowet. S\u00e5 snart modtageren tilmelder sig, l\u00e6ser MarketingPlatform geografien og sender en autoresponder afsted, hvor de geografiske data foresl\u00e5r en lokal butik. Er modtageren enig, beh\u00f8ver hun ikke at foretage sig noget. Med det samme hun klikker p\u00e5 et af produkterne i den automatiske mail, begynder systemet at registrere interesser i kombination med et datostempel. N\u00e6ste gang der registreres et klik, opsamles der mere information. Det er denne information der kan bygge individuelle mails.\r\n\r\n\"Vi pr\u00f8ver at g\u00f8re de sv\u00e6re discipliner simple, det at kunne m\u00e5lrette og automatisere marketing flows, kombinere dem med det kommercielle og oms\u00e6tte det til mere forretning\", konkluderer Kim \u00d8stergaard fra MarketingPlatform.\r\n\r\n\u00a0","_et_gb_content_width":"","footnotes":""},"categories":[],"tags":[],"yst_prominent_words":[],"_links":{"self":[{"href":"https:\/\/marketingplatform.com\/da\/wp-json\/wp\/v2\/pages\/4601"}],"collection":[{"href":"https:\/\/marketingplatform.com\/da\/wp-json\/wp\/v2\/pages"}],"about":[{"href":"https:\/\/marketingplatform.com\/da\/wp-json\/wp\/v2\/types\/page"}],"author":[{"embeddable":true,"href":"https:\/\/marketingplatform.com\/da\/wp-json\/wp\/v2\/users\/50"}],"replies":[{"embeddable":true,"href":"https:\/\/marketingplatform.com\/da\/wp-json\/wp\/v2\/comments?post=4601"}],"version-history":[{"count":1,"href":"https:\/\/marketingplatform.com\/da\/wp-json\/wp\/v2\/pages\/4601\/revisions"}],"predecessor-version":[{"id":64201,"href":"https:\/\/marketingplatform.com\/da\/wp-json\/wp\/v2\/pages\/4601\/revisions\/64201"}],"up":[{"embeddable":true,"href":"https:\/\/marketingplatform.com\/da\/wp-json\/wp\/v2\/pages\/4520"}],"wp:attachment":[{"href":"https:\/\/marketingplatform.com\/da\/wp-json\/wp\/v2\/media?parent=4601"}],"wp:term":[{"taxonomy":"category","embeddable":true,"href":"https:\/\/marketingplatform.com\/da\/wp-json\/wp\/v2\/categories?post=4601"},{"taxonomy":"post_tag","embeddable":true,"href":"https:\/\/marketingplatform.com\/da\/wp-json\/wp\/v2\/tags?post=4601"},{"taxonomy":"yst_prominent_words","embeddable":true,"href":"https:\/\/marketingplatform.com\/da\/wp-json\/wp\/v2\/yst_prominent_words?post=4601"}],"curies":[{"name":"wp","href":"https:\/\/api.w.org\/{rel}","templated":true}]}}