{"id":4599,"date":"2017-04-04T13:33:06","date_gmt":"2017-04-04T11:33:06","guid":{"rendered":"https:\/\/marketingplatform.com\/?page_id=4599\/"},"modified":"2020-02-20T09:47:29","modified_gmt":"2020-02-20T08:47:29","slug":"mobilvenlig-drag-and-drop-nyhedsbrev","status":"publish","type":"page","link":"https:\/\/marketingplatform.com\/da\/artikler-presse\/mobilvenlig-drag-and-drop-nyhedsbrev\/","title":{"rendered":"Verdens f\u00f8rste mobilvenlige drag-and-drop nyhedsbrev"},"content":{"rendered":"<p>[et_pb_section fb_built=&#8221;1&#8243; admin_label=&#8221;section&#8221; _builder_version=&#8221;3.22&#8243; transparent_background=&#8221;off&#8221;][et_pb_row admin_label=&#8221;row&#8221; _builder_version=&#8221;3.25&#8243; background_size=&#8221;initial&#8221; background_position=&#8221;top_left&#8221; background_repeat=&#8221;repeat&#8221;][et_pb_column type=&#8221;4_4&#8243; _builder_version=&#8221;3.25&#8243; custom_padding=&#8221;|||&#8221; custom_padding__hover=&#8221;|||&#8221;][et_pb_text admin_label=&#8221;Text&#8221; _builder_version=&#8221;4.0.2&#8243; background_size=&#8221;initial&#8221; background_position=&#8221;top_left&#8221; background_repeat=&#8221;repeat&#8221; hover_enabled=&#8221;0&#8243; use_border_color=&#8221;off&#8221; border_color=&#8221;#ffffff&#8221; border_style=&#8221;solid&#8221;]<\/p>\n<h1>Verdens f\u00f8rste mobilvenlige drag-and-drop nyhedsbrev<\/h1>\n<p><em>Udsendt som pressemeddelelse til relevante medier den 27. februar 2014<\/em><\/p>\n<p>&nbsp;<\/p>\n<p>Du kender det &#8211; det nyhedsbrev du lige har \u00e5bnet p\u00e5 din smartphone er vildt sv\u00e6rt at l\u00e6se. Det ender enten med du zoomer ind og flytter rundt &#8211; eller simpelthen sletter nyhedsbrevet fordi det er for vanskeligt at l\u00e6se.<\/p>\n<p>Det g\u00f8r den danske leverand\u00f8r eMailPlatform op med. &#8220;Vi har skabt verdens f\u00f8rste mobilvenlige nyhedsbrev, uden et fast layout, men med millioner af muligheder for en unik opbygning&#8221;, fort\u00e6ller grundl\u00e6gger Kim \u00d8stergaard.<\/p>\n<p>Det er enormt sv\u00e6rt at skabe en mobilvenlig email, der kombinerer overskrifter, billeder og br\u00f8dtekst. Der findes en m\u00e6ngde forskellige smartphones, og alene indenfor Android er der talrige versioner og forskellige mailklienter. Dermed er kravene til tilpasning enorme &#8211; langt vanskeligere end mobilvenlige websites, hvor standarder og kun nogle f\u00e5 browsere (Google Chrome, Firefox, Safari og Internet Explorer) g\u00f8r tilpasningen langt mere homogen.<\/p>\n<p><a href=\"..\/..\/..\/wp-content\/uploads\/2017\/04\/iphonevisning2-mailplatform.png\"><img decoding=\"async\" loading=\"lazy\" class=\"alignleft size-medium wp-image-1813 image-border\" src=\"..\/..\/..\/wp-content\/uploads\/2017\/04\/iphonevisning2-mailplatform.png\" alt=\"iphonevisning2-mailplatform\" width=\"300\" height=\"300\" \/><\/a><\/p>\n<h4>Hvordan bliver nyhedsbrevet mobilvenligt<\/h4>\n<p>Responsive Design hedder det mobilvenlige nyhedsbrev p\u00e5 fagsprog. Begrebet d\u00e6kker ikke s\u00e6rligt pr\u00e6cist indenfor netop nyhedsbreve, hvor selve tilpasningen er noget fragmenteret.<\/p>\n<p>&#8220;Vi har valgt at give kontrollen over tilpasningen til kunderne, der nemt kan til og frav\u00e6lge mobiltilpasningen og skifte fontst\u00f8rrelse individuelt mellem computer visningen og visningen p\u00e5 feks en iPhone&#8221;, fort\u00e6ller Kim \u00d8stergaard.<\/p>\n<p>eMailPlatform laver ogs\u00e5 automatisk 2 versioner af alle billeder. En version til sk\u00e6rme med normale opl\u00f8sninger &#8211; og et i dobbelt st\u00f8rrelse til sk\u00e6rme med Retina opl\u00f8sning &#8211; Apples navn for sk\u00e6rme med h\u00f8je opl\u00f8sninger. P\u00e5 den m\u00e5de vil alle billeder ogs\u00e5 st\u00e5 superskarpt p\u00e5 en iPhone, og p\u00e5 en nyere MAC computer.<\/p>\n<p>Derudover tilpasses alle moduler p\u00e5 bedste m\u00e5de til den computer, tablet eller smartphone, modtageren af nyhedsbrev anvender. Er sk\u00e6rmen under en bestemt st\u00f8rrelse, kaldes den mobile version af nyhedsbrevet. Har sk\u00e6rmen en h\u00f8j opl\u00f8sning vises det h\u00f8jtopl\u00f8ste billede &#8211; uanset om sk\u00e6rmen sidder p\u00e5 en iPhone, en iPad eller en computer.<\/p>\n<p>&nbsp;<\/p>\n<h4>Nyhedsbrevet tilpasser sig modtagerens interesser<\/h4>\n<p>I tilgift til den mobile optimering, vil der ogs\u00e5 l\u00f8bende ske en l\u00e6ring ud fra modtagerens interesser. Det betyder at indholdet i nyhedsbrevet kan sammens\u00e6ttes, ud fra enten en dynamisk variabel, eller en automatisk l\u00e6ring af relevansen. &#8220;Vi kalder den mest intelligente l\u00e6ring for Relevant Content. Relevant Content kan suppleres med anvendelsen af Big Data. Selvom indholdet automatisk optimeres, g\u00e5r det ikke udover den mobile tilpasning&#8221;, fort\u00e6ller Kim \u00d8stergaard.<\/p>\n<p>&nbsp;<\/p>\n<h4>Lige muligheder for alle &#8211; sm\u00e5 og store virksomheder<\/h4>\n<p>eMailPlatform opdeler ikke deres funktionalitet i pakker, men tror p\u00e5 at de bedste v\u00e6rkt\u00f8jer ogs\u00e5 skal v\u00e6re til r\u00e5dighed i de mindste pakker. Filosofien bygger p\u00e5 lige muligheder for alle, og en lyst til at hj\u00e6lpe entrepren\u00f8ren, der knokler h\u00e5rdt for at f\u00e5 etableret sin virksomhed.<\/p>\n<p>&#8220;Ofte ser vi at de dedikerede entrepren\u00f8rer, der har grundlagt feks en webshop, er de dygtigste til at anvende vores intelligente funktioner&#8221;, konkluderer Kim \u00d8stergaard. eMailPlatform hj\u00e6lper alle kunder godt i gang med en gratis opstartsr\u00e5dgivning, hvor netop designet tilpasses kundens grafiske identitet, kundens nyhedsbrevsmodtagere importeres og der ops\u00e6ttes en tilmeldingsformular til kundens website.<\/p>\n<p>[\/et_pb_text][\/et_pb_column][\/et_pb_row][\/et_pb_section][et_pb_section fb_built=&#8221;1&#8243; custom_padding_last_edited=&#8221;on|phone&#8221; module_class=&#8221;ressourcer-signup&#8221; _builder_version=&#8221;4.0.2&#8243; background_color=&#8221;#dee7f1&#8243; custom_padding=&#8221;7%||&#8221; custom_padding_tablet=&#8221;12%||||false|false&#8221; custom_padding_phone=&#8221;17%||||false|false&#8221; top_divider_style=&#8221;asymmetric2&#8243; top_divider_color=&#8221;#ffffff&#8221; top_divider_height=&#8221;60px&#8221; global_module=&#8221;19033&#8243;][et_pb_row _builder_version=&#8221;3.25&#8243; background_size=&#8221;initial&#8221; background_position=&#8221;top_left&#8221; background_repeat=&#8221;repeat&#8221; custom_margin=&#8221;||10px&#8221; custom_padding=&#8221;||10px&#8221;][et_pb_column type=&#8221;4_4&#8243; _builder_version=&#8221;3.25&#8243; custom_padding=&#8221;|||&#8221; custom_padding__hover=&#8221;|||&#8221;][et_pb_text _builder_version=&#8221;4.0.2&#8243; text_orientation=&#8221;center&#8221;]<\/p>\n<h2 style=\"font-style: normal;\">Pr\u00f8v MarketingPlatform gratis i 14 dage<\/h2>\n<p style=\"font-style: normal;\">Pr\u00f8veperioden er gratis, helt uforpligtende og udl\u00f8ber efter 14 dage, hvis du ikke \u00f8nsker at forts\u00e6tte.<br \/> Ved tilmelding modtager du samtidig vores uddannelsesflow p\u00e5 en serie af mails \u2013 og vores nyhedsbrev.<\/p>\n<p>[\/et_pb_text][\/et_pb_column][\/et_pb_row][et_pb_row _builder_version=&#8221;4.0.2&#8243;][et_pb_column type=&#8221;4_4&#8243; _builder_version=&#8221;4.0.2&#8243;][et_pb_code _builder_version=&#8221;4.0.2&#8243; text_orientation=&#8221;center&#8221;]<a href=\"https:\/\/marketingplatform.com\/da\/gratis-proeveversion\/\" class=\"green-btn2\" style=\"background:#09cd6f; padding:18px 60px; margin-bottom:10px!important;\">Pr\u00f8v os gratis nu<\/a> <a href=\"https:\/\/marketingplatform.com\/da\/book-emailplatform-demo\/\" class=\"green-btn2\" style=\"background:#0daae2; padding:18px 70px;\">Book demo<\/a>[\/et_pb_code][\/et_pb_column][\/et_pb_row][et_pb_row _builder_version=&#8221;4.0.2&#8243; max_width=&#8221;768px&#8221; custom_margin=&#8221;15px||0px||false|false&#8221; custom_padding=&#8221;0px||0px&#8221; use_custom_width=&#8221;on&#8221; custom_width_px=&#8221;768px&#8221;][et_pb_column type=&#8221;4_4&#8243; _builder_version=&#8221;3.25&#8243; custom_padding=&#8221;|||&#8221; custom_padding__hover=&#8221;|||&#8221;][et_pb_code _builder_version=&#8221;4.0.2&#8243;]<\/p>\n<div class=\"awards-align\" ><!-- [et_pb_line_break_holder] --><\/p>\n<div style=\"float:left; width:14%; text-align:right;   margin-right: 2%;\"><!-- [et_pb_line_break_holder] --><img decoding=\"async\" src=\"https:\/\/marketingplatform.com\/wp-content\/uploads\/2020\/01\/primotours.png\" width=\"56\" style=\"margin:10px 20px 20px 0px;\"><!-- [et_pb_line_break_holder] --><\/div>\n<p><!-- [et_pb_line_break_holder] --><\/p>\n<div style=\"float:left; width:20%; text-align:center;    margin-right: 4%;\"><!-- [et_pb_line_break_holder] --><img decoding=\"async\" src=\"https:\/\/marketingplatform.com\/wp-content\/uploads\/2019\/11\/med24-gray.png\" width=\"100\" style=\"margin:20px 0px 20px 10px;\"><!-- [et_pb_line_break_holder] --><\/div>\n<p><!-- [et_pb_line_break_holder] --><\/p>\n<div style=\"float:left; width:18%;    margin-right: 1%;\"><!-- [et_pb_line_break_holder] --><img decoding=\"async\" src=\"https:\/\/marketingplatform.com\/wp-content\/uploads\/2019\/08\/cykelpartner-logo.png\" width=\"180\" style=\"margin:29px 20px 20px 0px;\"><!-- [et_pb_line_break_holder] --><\/div>\n<p><!-- [et_pb_line_break_holder] --><\/p>\n<div style=\"float:left; width:20%; text-align:center;     margin-right: 1%;\"><!-- [et_pb_line_break_holder] --><img decoding=\"async\" src=\"https:\/\/marketingplatform.com\/wp-content\/uploads\/2019\/04\/aldi-grey.png\" width=\"50\" style=\"margin:10px 0px 20px 0px;\"><!-- [et_pb_line_break_holder] --><\/div>\n<p><!-- [et_pb_line_break_holder] --><\/p>\n<div style=\"float:left; width:18%;      margin-right: 2%;  text-align: center;\"><!-- [et_pb_line_break_holder] --><img decoding=\"async\" src=\"https:\/\/marketingplatform.com\/wp-content\/uploads\/2019\/02\/verisure-logo.png\" width=\"120\" style=\"margin:18px 0px 20px 0px;\"><!-- [et_pb_line_break_holder] --><\/div>\n<p><!-- [et_pb_line_break_holder] --><\/div>\n<p>[\/et_pb_code][\/et_pb_column][\/et_pb_row][\/et_pb_section]<\/p>\n","protected":false},"excerpt":{"rendered":"<p>Verdens f\u00f8rste mobilvenlige drag-and-drop nyhedsbrev Udsendt som pressemeddelelse til relevante medier den 27. februar 2014 &nbsp; Du kender det &#8211; det nyhedsbrev du lige har \u00e5bnet p\u00e5 din smartphone er vildt sv\u00e6rt at l\u00e6se. Det ender enten med du zoomer ind og flytter rundt &#8211; eller simpelthen sletter nyhedsbrevet fordi det er for vanskeligt at [&hellip;]<\/p>\n","protected":false},"author":50,"featured_media":0,"parent":4520,"menu_order":0,"comment_status":"closed","ping_status":"closed","template":"","meta":{"_et_pb_use_builder":"on","_et_pb_old_content":"<em>Udsendt som pressemeddelelse til relevante medier den 27. februar 2014<\/em>\r\n\r\n\u00a0\r\n\r\nDu kender det - det nyhedsbrev du lige har \u00e5bnet p\u00e5 din smartphone er vildt sv\u00e6rt at l\u00e6se. Det ender enten med du zoomer ind og flytter rundt - eller simpelthen sletter nyhedsbrevet fordi det er for vanskeligt at l\u00e6se.\r\n\r\nDet g\u00f8r den danske leverand\u00f8r MarketingPlatform op med. \"Vi har skabt verdens f\u00f8rste mobilvenlige nyhedsbrev, uden et fast layout, men med millioner af muligheder for en unik opbygning\", fort\u00e6ller grundl\u00e6gger Kim \u00d8stergaard.\r\n\r\nDet er enormt sv\u00e6rt at skabe en mobilvenlig email, der kombinerer overskrifter, billeder og br\u00f8dtekst. Der findes en m\u00e6ngde forskellige smartphones, og alene indenfor Android er der talrige versioner og forskellige mailklienter. Dermed er kravene til tilpasning enorme - langt vanskeligere end mobilvenlige websites, hvor standarder og kun nogle f\u00e5 browsere (Google Chrome, Firefox, Safari og Internet Explorer) g\u00f8r tilpasningen langt mere homogen.\r\n\r\n<a href=\"https:\/\/marketingplatform.com\/wp-content\/uploads\/2017\/04\/iphonevisning2-mailplatform.png\"><img class=\"alignleft size-medium wp-image-1813\" src=\"https:\/\/marketingplatform.com\/wp-content\/uploads\/2017\/04\/iphonevisning2-mailplatform.png\" alt=\"iphonevisning2-mailplatform\" width=\"300\" height=\"300\" \/><\/a>\r\n<h4><b>Hvordan bliver nyhedsbrevet mobilvenligt<\/b><\/h4>\r\nResponsive Design hedder det mobilvenlige nyhedsbrev p\u00e5 fagsprog. Begrebet d\u00e6kker ikke s\u00e6rligt pr\u00e6cist indenfor netop nyhedsbreve, hvor selve tilpasningen er noget fragmenteret.\r\n\r\n\"Vi har valgt at give kontrollen over tilpasningen til kunderne, der nemt kan til og frav\u00e6lge mobiltilpasningen og skifte fontst\u00f8rrelse individuelt mellem computer visningen og visningen p\u00e5 feks en iPhone\", fort\u00e6ller Kim \u00d8stergaard.\r\n\r\nMarketingPlatform laver ogs\u00e5 automatisk 2 versioner af alle billeder. En version til sk\u00e6rme med normale opl\u00f8sninger - og et i dobbelt st\u00f8rrelse til sk\u00e6rme med Retina opl\u00f8sning - Apples navn for sk\u00e6rme med h\u00f8je opl\u00f8sninger. P\u00e5 den m\u00e5de vil alle billeder ogs\u00e5 st\u00e5 superskarpt p\u00e5 en iPhone, og p\u00e5 en nyere MAC computer.\r\n\r\nDerudover tilpasses alle moduler p\u00e5 bedste m\u00e5de til den computer, tablet eller smartphone, modtageren af nyhedsbrev anvender. Er sk\u00e6rmen under en bestemt st\u00f8rrelse, kaldes den mobile version af nyhedsbrevet. Har sk\u00e6rmen en h\u00f8j opl\u00f8sning vises det h\u00f8jtopl\u00f8ste billede - uanset om sk\u00e6rmen sidder p\u00e5 en iPhone, en iPad eller en computer.\r\n\r\n\u00a0\r\n<h4><b>Nyhedsbrevet tilpasser sig modtagerens interesser<\/b><\/h4>\r\nI tilgift til den mobile optimering, vil der ogs\u00e5 l\u00f8bende ske en l\u00e6ring ud fra modtagerens interesser. Det betyder at indholdet i nyhedsbrevet kan sammens\u00e6ttes, ud fra enten en dynamisk variabel, eller en automatisk l\u00e6ring af relevansen. \"Vi kalder den mest intelligente l\u00e6ring for Relevant Content. Relevant Content kan suppleres med anvendelsen af Big Data. Selvom indholdet automatisk optimeres, g\u00e5r det ikke udover den mobile tilpasning\", fort\u00e6ller Kim \u00d8stergaard.\r\n\r\n\u00a0\r\n<h4><b>Lige muligheder for alle - sm\u00e5 og store virksomheder<\/b><\/h4>\r\nMarketingPlatform opdeler ikke deres funktionalitet i pakker, men tror p\u00e5 at de bedste v\u00e6rkt\u00f8jer ogs\u00e5 skal v\u00e6re til r\u00e5dighed i de mindste pakker. Filosofien bygger p\u00e5 lige muligheder for alle, og en lyst til at hj\u00e6lpe entrepren\u00f8ren, der knokler h\u00e5rdt for at f\u00e5 etableret sin virksomhed.\r\n\r\n\"Ofte ser vi at de dedikerede entrepren\u00f8rer, der har grundlagt feks en webshop, er de dygtigste til at anvende vores intelligente funktioner\", konkluderer Kim \u00d8stergaard. MarketingPlatform hj\u00e6lper alle kunder godt i gang med en gratis opstartsr\u00e5dgivning, hvor netop designet tilpasses kundens grafiske identitet, kundens nyhedsbrevsmodtagere importeres og der ops\u00e6ttes en tilmeldingsformular til kundens website.\r\n\r\nMarketingPlatform f\u00e5s fra 200 kr. pr. m\u00e5ned.\r\n\r\n\u00a0","_et_gb_content_width":"","footnotes":""},"categories":[],"tags":[],"yst_prominent_words":[234,4905,4883,77,232,4872,117,87,228,235,4871,4873,93,231,233,4881,1684,230,229,238],"_links":{"self":[{"href":"https:\/\/marketingplatform.com\/da\/wp-json\/wp\/v2\/pages\/4599"}],"collection":[{"href":"https:\/\/marketingplatform.com\/da\/wp-json\/wp\/v2\/pages"}],"about":[{"href":"https:\/\/marketingplatform.com\/da\/wp-json\/wp\/v2\/types\/page"}],"author":[{"embeddable":true,"href":"https:\/\/marketingplatform.com\/da\/wp-json\/wp\/v2\/users\/50"}],"replies":[{"embeddable":true,"href":"https:\/\/marketingplatform.com\/da\/wp-json\/wp\/v2\/comments?post=4599"}],"version-history":[{"count":2,"href":"https:\/\/marketingplatform.com\/da\/wp-json\/wp\/v2\/pages\/4599\/revisions"}],"predecessor-version":[{"id":51595,"href":"https:\/\/marketingplatform.com\/da\/wp-json\/wp\/v2\/pages\/4599\/revisions\/51595"}],"up":[{"embeddable":true,"href":"https:\/\/marketingplatform.com\/da\/wp-json\/wp\/v2\/pages\/4520"}],"wp:attachment":[{"href":"https:\/\/marketingplatform.com\/da\/wp-json\/wp\/v2\/media?parent=4599"}],"wp:term":[{"taxonomy":"category","embeddable":true,"href":"https:\/\/marketingplatform.com\/da\/wp-json\/wp\/v2\/categories?post=4599"},{"taxonomy":"post_tag","embeddable":true,"href":"https:\/\/marketingplatform.com\/da\/wp-json\/wp\/v2\/tags?post=4599"},{"taxonomy":"yst_prominent_words","embeddable":true,"href":"https:\/\/marketingplatform.com\/da\/wp-json\/wp\/v2\/yst_prominent_words?post=4599"}],"curies":[{"name":"wp","href":"https:\/\/api.w.org\/{rel}","templated":true}]}}