{"id":4583,"date":"2017-04-04T13:15:13","date_gmt":"2017-04-04T11:15:13","guid":{"rendered":"https:\/\/marketingplatform.com\/?page_id=4583\/"},"modified":"2019-03-06T10:37:53","modified_gmt":"2019-03-06T09:37:53","slug":"email-marketing-bliver-mere-malrettet","status":"publish","type":"page","link":"https:\/\/marketingplatform.com\/da\/artikler-presse\/email-marketing-bliver-mere-malrettet\/","title":{"rendered":"Email Marketing bliver mere m\u00e5lrettet"},"content":{"rendered":"<p>[et_pb_section fb_built=&#8221;1&#8243; admin_label=&#8221;section&#8221; _builder_version=&#8221;3.0.74&#8243; transparent_background=&#8221;off&#8221;][et_pb_row admin_label=&#8221;row&#8221; _builder_version=&#8221;3.0.48&#8243; background_size=&#8221;initial&#8221; background_position=&#8221;top_left&#8221; background_repeat=&#8221;repeat&#8221;][et_pb_column type=&#8221;4_4&#8243; _builder_version=&#8221;3.0.47&#8243;][et_pb_text admin_label=&#8221;Text&#8221; _builder_version=&#8221;3.19.18&#8243; background_size=&#8221;initial&#8221; background_position=&#8221;top_left&#8221; background_repeat=&#8221;repeat&#8221; use_border_color=&#8221;off&#8221; border_color=&#8221;#ffffff&#8221; border_style=&#8221;solid&#8221;]<\/p>\n<h1>Email Marketing bliver mere m\u00e5lrettet<\/h1>\n<h4 style=\"line-height: 2em;\">Den danske virksomhed, MarketingPlatform, har udviklet MailRating der rummer mange facetter til bedre m\u00e5lretning af email marketing<\/h4>\n<p class=\"p2\">For at kunne anvende noget optimalt, er det vigtigt at forst\u00e5 tankerne bag l\u00f8sningen. Overordnet set skal MailRating bidrage til en stadig forbedret levering af alle mails udsendt fra MarketingPlatform. Samt til en bedre differentiering af budskaberne gennem en bedre forst\u00e5else af modtagernes involvering. Med MailRating vil en ellers homogen gruppe, blive genstand for mulig segmentering.<\/p>\n<p>&nbsp;<\/p>\n<h4 class=\"p4\"><span class=\"s1\">At forst\u00e5 modtagerne baseret p\u00e5 deres involvering<\/span><\/h4>\n<p class=\"p4\"><span class=\"s1\">Dybest set fort\u00e6ller en modtagers MailRating score, hvor meget den enkelte <b>vil<\/b> din virksomhed. Mere nuanceret fort\u00e6ller scoren ogs\u00e5 om livsforl\u00f8bet p\u00e5 din, og andre kunders, kontaktlister. Det med andre kunders p\u00e5virkning parkerer vi lige et \u00f8jeblik. <\/span><\/p>\n<p class=\"p4\"><a href=\"..\/..\/..\/wp-content\/uploads\/2017\/04\/emailmarketing-mailplatform-email-300x199.png\"><img decoding=\"async\" loading=\"lazy\" class=\"alignleft size-medium wp-image-1973 image-border\" src=\"..\/..\/..\/wp-content\/uploads\/2017\/04\/emailmarketing-mailplatform-email-300x199.png\" alt=\"emailmarketing-mailplatform-email\" width=\"300\" height=\"199\" \/><\/a><\/p>\n<p class=\"p4\"><span class=\"s1\">MailRating har 4 hovedkategorier, der hver er opdelt i et antal stjerner. Stjernerne er igen opdelt i et antal underliggende numre, der er den egentlige score. Nummersystemet er hemmeligt, og bestemmer skiftet mellem stjerne og hovedgrupperne. Scoren afg\u00f8r ogs\u00e5 om en kontakt skal inaktiveres. Scoren p\u00e5virkes af modtagerens handlinger i de udsendte kampagner. <\/span><\/p>\n<p>&nbsp;<\/p>\n<h4 class=\"p4\"><\/h4>\n<h4 class=\"p4\"><span class=\"s1\">VIP segmentet<\/span><\/h4>\n<p class=\"p4\"><span class=\"s1\">VIP modtagerne er de mest aktive kontakter. Dem behandler vi helt specielt b\u00e5de hvad ang\u00e5r levering og regler for point eller minus point. Ved at sende s\u00e6rlige mails eller SMS beskeder til VIP gruppen, vil kunden kunne fostre en f\u00f8lelse af samh\u00f8righed. De vil kunne udvikle sig til ambassad\u00f8rer, der ogs\u00e5 vil v\u00e6re tilb\u00f8jelige til at g\u00f8re s\u00e6rlige handlinger. VIP modtagere er mere tilb\u00f8jelige til at socialt dele dine budskaber. De vil ogs\u00e5 langt oftere sende dine mails videre til venner og bekendte. Med andre ord har en VIP modtager en meget h\u00f8j v\u00e6rdi. <\/span><\/p>\n<p class=\"p4\"><span class=\"s1\">VIP modtagerne \u00f8nsker ofte (m\u00e5ske ikke kommunikeret) en h\u00f8jere frekvens p\u00e5 deres mails end \u00f8vrige segmenter. Kommercielt betragtet kan VIP segmentet ofte konvertere h\u00f8jere, hvis frekvensen \u00f8ges &#8211; elasticiteten er med andre ord mere udtalt. Nogle vil h\u00e6vde at GOOD segmentet ogs\u00e5 har samme egenskaber. <\/span><\/p>\n<p>&nbsp;<\/p>\n<h4 class=\"p4\"><span class=\"s1\">GOOD segmentet<\/span><\/h4>\n<p class=\"p4\"><span class=\"s1\">De n\u00e6stbedste modtagere, der potentielt er p\u00e5 vej til at blive VIP &#8211; eller i risiko for at degradere i niveauet &#8211; kalder vi i MarketingPlatform for GOOD. Det n\u00e6stbedste segment er enten kendetegnet ved nye modtagere, der er meget aktive og p\u00e5 vej til at blive VIP, eller etablerede modtagere, der udviser en stabil adf\u00e6rd.<\/span><\/p>\n<p class=\"p4\"><span class=\"s1\">GOOD segmenter vil erfaringsm\u00e6ssigt v\u00e6re det mest profitable segment, grundet dets st\u00f8rrelse og aktivitetsniveau. Ofte vil personer med en h\u00f8jere indkomst, der grundet normal travlhed \u00e5bner lettere afvigende, v\u00e6re en del af dette segment. Bliv derfor ikke overrasket over, hvis basket size generelt er h\u00f8jere for GOOD segmentet end \u00f8vrige segmenter defineret af MailRating. <\/span><\/p>\n<p>&nbsp;<\/p>\n<h4 class=\"p4\"><span class=\"s1\">AVERAGE segmentet<\/span><\/h4>\n<p class=\"p4\"><span class=\"s1\">Nye modtagere lander oftest i AVERAGE f\u00f8rst. Derfra skal de g\u00f8re sig fortjent til et videre liv i GOOD eller VIP segmenterne. Derfor vil et veltilrettelagt velkomstflow (opbygget med brug af autorespondere), g\u00f8re en stor forskel for scoringen af nye modtagere. For ikke at tale om den loyalitet der kan opbygges med modtageren tidligt i forl\u00f8bet. &#8220;P\u00e5 intet tidspunkt, er modtagerne mere motiveret til at engagere sig med din virksomhed, som I begyndelsen af forholdet&#8221;, forts\u00e6tter Kim \u00d8stergaard &#8211; og perspektiverer det med internationale unders\u00f8gelser og egne erfaringer gennem 15 \u00e5r som online k\u00f8bmand. <\/span><\/p>\n<p class=\"p4\"><span class=\"s1\">Segmenterede udsendelser p\u00e5 interesser og adf\u00e6rd forbedrer responsen med 4-10 gange. M\u00e5lt i forhold til ikke segmenterede udsendelser, hvis der er tale om en bred m\u00e5lgruppe. Derfor kan funktionerne Update Profile og Modify Details med fordel anvendes, til at berige modtagernes profil. F\u00f8rstn\u00e6vnte, Update Profile, g\u00f8r et helt normalt link til opsamlingssted for enhver form for information, der kan holdes p\u00e5 et Custom Field. Samme funktion er ligeledes kilden til Relevant Content med Big Data. Alt sammen standardfunktioner i MarketingPlatform. <\/span><\/p>\n<p class=\"p4\"><span class=\"s1\">Update Profile anvendes til at bygge webforms, der intelligent spiller sammen med enhver form for kampagne og opsamlingsform. I Modify Details formen kan modtagerne selv vedligeholde og opdatere deres data &#8211; igen p\u00e5 et hvilken som helst Custom Field. Custom Fields er betegnelsen for egne felter, som enhver kunde kan skabe et ubegr\u00e6nset antal af. Disse felter anvendes til at holde viden p\u00e5 modtagerne. <\/span><\/p>\n<p class=\"p4\"><span class=\"s1\">&#8220;Mange kunder anvender konkurrencer og udsalgsperioder, til at berige den viden de har om modtagerne&#8221;, konkluderer Jacob Bl\u00e6sbjerg. <\/span><\/p>\n<p>&nbsp;<\/p>\n<h4 class=\"p4\"><span class=\"s1\">POOR segmentet <\/span><\/h4>\n<p class=\"p4\"><span class=\"s1\">Sidste stop f\u00f8r skraldespanden. S\u00e5dan kan man lettere humoristisk betegne POOR segmentet. Det er her alle de inaktive modtagere ender. Det er her potentielt farlige adresser bliver sorteret fra. 16 forskellige regler og et par algoritmer bestemmer hvor hurtigt en email adresse ender i dette segment. <\/span><\/p>\n<p class=\"p4\"><span class=\"s1\">De mange regler er ikke offentlige, men en ting er sikkert, inaktive modtagere ender deres dage i POOR segmentet og vil til sidst blive deaktiveret automatisk. P\u00e5 den m\u00e5de sikres en konstant h\u00f8j relevans for de modtagne mailservere, der vil opleve mails sendt med MarketingPlatform, som bedre performende end med andre systemer. Selvom det til tider kan v\u00e6re &#8220;tr\u00e6ls&#8221;, for at udtrykke det p\u00e5 jysk, skal deaktiverede modtagere ikke ses som mistede muligheder eller salg, men som en n\u00f8dvendig oprydning for IKKE at \u00f8del\u00e6gge dine udsendelser. Sidst men ikke mindst, vil den kontinuerlige automatisk oprydning, s\u00e6nke dine udgifter til email udsendelse.<\/span><\/p>\n<p>&nbsp;<\/p>\n<h4 class=\"p4\"><span class=\"s1\">En slutkommentar<\/span><\/h4>\n<p class=\"p4\"><span class=\"s1\">&#8220;Med MarketingPlatform vil vi g\u00f8re intelligent <a href=\"https:\/\/marketingplatform.com\/da\/\">email marketing<\/a> tilg\u00e6ngelig for alle virksomheder, hvorfor skal kun de st\u00f8rste virksomheder der har r\u00e5d til en l\u00f8sning som Responsys kunne optimere deres forretning med den ubestridt mest effektive form for online marketing&#8221;, sp\u00f8rger Kim \u00d8stergaard og funder interviewet af. <\/span><\/p>\n<p class=\"p4\"><span class=\"s1\">Derfor er alle funktioner ogs\u00e5 standard i MarketingPlatform. Kun p\u00e5 den m\u00e5de mener virksomheden, at alle kunder f\u00e5r optimale muligheder for at udvikle forretningen. <\/span><\/p>\n<p class=\"p4\"><span class=\"s1\">MarketingPlatform koster fra 169 kr. pr. m\u00e5ned, og alle pakke indeholder naturligvis ogs\u00e5 MailRating.<\/span><\/p>\n<p>[\/et_pb_text][\/et_pb_column][\/et_pb_row][\/et_pb_section][et_pb_section fb_built=&#8221;1&#8243; module_class=&#8221;ressourcer-signup&#8221; _builder_version=&#8221;3.19.9&#8243; background_color=&#8221;#dee7f1&#8243; global_module=&#8221;19033&#8243;][et_pb_row custom_padding=&#8221;||10px&#8221; custom_margin=&#8221;||10px&#8221; _builder_version=&#8221;3.19.9&#8243; background_size=&#8221;initial&#8221; background_position=&#8221;top_left&#8221; background_repeat=&#8221;repeat&#8221;][et_pb_column type=&#8221;4_4&#8243; _builder_version=&#8221;3.0.47&#8243;][et_pb_text _builder_version=&#8221;3.19.9&#8243; text_orientation=&#8221;center&#8221;]<\/p>\n<h2>Pr\u00f8v MarketingPlatform gratis i 14 dage<\/h2>\n<p>Pr\u00f8veperioden er gratis, helt uforpligtende og udl\u00f8ber efter 14 dage, hvis du ikke \u00f8nsker at forts\u00e6tte.<br \/>Ved tilmelding modtager du samtidig vores uddannelsesflow p\u00e5 en serie af mails \u2013 og vores nyhedsbrev.<\/p>\n<p>[\/et_pb_text][et_pb_code _builder_version=&#8221;3.19.9&#8243; text_orientation=&#8221;center&#8221; max_width=&#8221;98%&#8221; module_alignment=&#8221;center&#8221;]<!-- [et_pb_line_break_holder] --><\/p>\n<div class=\"myForm\"><!-- [et_pb_line_break_holder] --> <\/p>\n<div class=\"sign_up\"><!-- [et_pb_line_break_holder] --> <\/p>\n<div class=\"step1 text-box step_fir\"><!-- [et_pb_line_break_holder] --> <\/p>\n<div class=\"displayblock\"><input type=\"text\" name=\"email\" class=\"emailvalue\" placeholder=\"Indtast din e-mailadresse\" style=\"margin-right:5px; border-radius:2px; border:none!important;\"><\/div>\n<p><!-- [et_pb_line_break_holder] --> <\/p>\n<div class=\"displayblock\"><input type=\"button\" value=\"Ja tak - lad mig pr\u00f8ve!\" class=\"button trial-btn-blue step1btn\" style=\"background:#09cd6f!important; border:none!important; border-radius:2px;\"><\/div>\n<p><!-- [et_pb_line_break_holder] --> <\/div>\n<p><!-- [et_pb_line_break_holder] --> <\/p>\n<div class=\"step2 text-box\" style=\"display: none;\"><\/div>\n<p><!-- [et_pb_line_break_holder] --> <\/p>\n<div class=\"step2 text-box \" style=\"display: none;\"><!-- [et_pb_line_break_holder] --> <\/p>\n<div class=\"displayblock\" style=\"width: 400px;\"><input type=\"text\" name=\"CustomFields[496]\" class=\"CustomFields_496_51\" value=\"\" size=\"50\" placeholder=\"Firmanavn\" style=\"margin-right:5px; border-radius:2px; border:none!important;\"><\/div>\n<p><!-- [et_pb_line_break_holder] --> <\/p>\n<div class=\"displayblock\" style=\"width: 400px;\"><input type=\"text\" name=\"CustomFields[2]\" class=\"CustomFields_2_51\" value=\"\" size=\"50\" placeholder=\"Dit Navn\" style=\"margin-right:5px; border-radius:2px; border:none!important;\"><\/div>\n<p><!-- [et_pb_line_break_holder] --> <\/p>\n<div class=\"displayblock\" style=\"width: 400px;\"><input type=\"text\" name=\"CustomFields[497]\" class=\"CustomFields_497_51\" value=\"\" size=\"50\" placeholder=\"Mobil Nummer\" style=\"margin-right:5px; border-radius:2px; border:none!important;\"><\/div>\n<p><!-- [et_pb_line_break_holder] --> <\/p>\n<div class=\"displayblock sec_step_but\"><input id=\"step2\" type=\"button\" value=\"Ja tak - lad mig pr\u00f8ve!\" class=\"button trial-btn-blue step1btn\" style=\"background:#09cd6f!important; border:none!important; border-radius:2px;\"><\/div>\n<p><!-- [et_pb_line_break_holder] --> <\/p>\n<div><!-- [et_pb_line_break_holder] --> <\/p>\n<div style=\"display: none;\" id=\"alertSpan\"><!-- [et_pb_line_break_holder] --> <span style=\"color: red;\">Du skal udfylde alle felter<\/span><!-- [et_pb_line_break_holder] --> <\/div>\n<p><!-- [et_pb_line_break_holder] --> <\/div>\n<p><!-- [et_pb_line_break_holder] --> <\/p>\n<div><!-- [et_pb_line_break_holder] --> <\/p>\n<div style=\"display: none;\" id=\"alertEmailSpan\"><!-- [et_pb_line_break_holder] --> <span style=\"color: red;\">Indtast din e-mailadresse<\/span><!-- [et_pb_line_break_holder] --> <\/div>\n<p><!-- [et_pb_line_break_holder] --> <\/div>\n<p><!-- [et_pb_line_break_holder] --> <\/div>\n<p><!-- [et_pb_line_break_holder] --> <\/div>\n<p><!-- [et_pb_line_break_holder] --><\/div>\n<p>[\/et_pb_code][\/et_pb_column][\/et_pb_row][et_pb_row use_custom_width=&#8221;on&#8221; custom_width_px=&#8221;768px&#8221; custom_padding=&#8221;0px||0px&#8221; custom_margin=&#8221;0px||0px&#8221; _builder_version=&#8221;3.19.9&#8243;][et_pb_column type=&#8221;4_4&#8243; _builder_version=&#8221;3.19.9&#8243;][et_pb_code _builder_version=&#8221;3.19.9&#8243;]<\/p>\n<div class=\"awards-align\"><!-- [et_pb_line_break_holder] --><\/p>\n<div style=\"float:left; width:18%; text-align:center;   margin-right: 2%;\"><!-- [et_pb_line_break_holder] --><img decoding=\"async\" src=\"https:\/\/marketingplatform.com\/wp-content\/uploads\/2019\/02\/bauhaus-logo.png\" width=\"120\" style=\"margin:20px 0px 20px 0px;\"><!-- [et_pb_line_break_holder] --><\/div>\n<p><!-- [et_pb_line_break_holder] --><\/p>\n<div style=\"float:left; width:18%; text-align:center;    margin-right: 2%;\"><!-- [et_pb_line_break_holder] --><img decoding=\"async\" src=\"https:\/\/marketingplatform.com\/wp-content\/uploads\/2019\/02\/boconcept-logo.png\" width=\"120\" style=\"margin:25px 0px 20px 0px;\"><!-- [et_pb_line_break_holder] --><\/div>\n<p><!-- [et_pb_line_break_holder] --><\/p>\n<div style=\"float:left; width:18%;    margin-right: 2%;\"><!-- [et_pb_line_break_holder] --><img decoding=\"async\" src=\"https:\/\/marketingplatform.com\/wp-content\/uploads\/2019\/02\/avcables-logo.png\" width=\"130\" style=\"margin:26px 0px 20px 0px;\"><!-- [et_pb_line_break_holder] --><\/div>\n<p><!-- [et_pb_line_break_holder] --><\/p>\n<div style=\"float:left; width:18%; text-align:center;     margin-right: 1%;\"><!-- [et_pb_line_break_holder] --><img decoding=\"async\" src=\"https:\/\/marketingplatform.com\/wp-content\/uploads\/2019\/02\/kop-kande-logo.png\" width=\"120\" style=\"margin:24px 0px 20px 0px;\"><!-- [et_pb_line_break_holder] --><\/div>\n<p><!-- [et_pb_line_break_holder] --><\/p>\n<div style=\"float:left; width:18%;      margin-right: 2%;  text-align: center;\"><!-- [et_pb_line_break_holder] --><img decoding=\"async\" src=\"https:\/\/marketingplatform.com\/wp-content\/uploads\/2019\/02\/verisure-logo.png\" width=\"100\" style=\"margin:16px 0px 20px 0px;\"><!-- [et_pb_line_break_holder] --><\/div>\n<p><!-- [et_pb_line_break_holder] --><\/div>\n<p>[\/et_pb_code][\/et_pb_column][\/et_pb_row][\/et_pb_section]<\/p>\n","protected":false},"excerpt":{"rendered":"<p>Email Marketing bliver mere m\u00e5lrettet Den danske virksomhed, MarketingPlatform, har udviklet MailRating der rummer mange facetter til bedre m\u00e5lretning af email marketing For at kunne anvende noget optimalt, er det vigtigt at forst\u00e5 tankerne bag l\u00f8sningen. Overordnet set skal MailRating bidrage til en stadig forbedret levering af alle mails udsendt fra MarketingPlatform. Samt til en [&hellip;]<\/p>\n","protected":false},"author":50,"featured_media":0,"parent":4520,"menu_order":0,"comment_status":"closed","ping_status":"closed","template":"","meta":{"_et_pb_use_builder":"on","_et_pb_old_content":"<h2 style=\"line-height: 2em;\"><b>Den danske virksomhed, MarketingPlatform, har udviklet MailRating der rummer mange facetter til bedre m\u00e5lretning af email marketing<\/b><\/h2>\r\n<p class=\"p2\">For at kunne anvende noget optimalt, er det vigtigt at forst\u00e5 tankerne bag l\u00f8sningen. Overordnet set skal MailRating bidrage til en stadig forbedret levering af alle mails udsendt fra MarketingPlatform. Samt til en bedre differentiering af budskaberne gennem en bedre forst\u00e5else af modtagernes involvering. Med MailRating vil en ellers homogen gruppe, blive genstand for mulig segmentering.<\/p>\r\n\r\n<h4 class=\"p4\"><span class=\"s1\"><b>At forst\u00e5 modtagerne baseret p\u00e5 deres involvering<\/b><\/span><\/h4>\r\n<p class=\"p4\"><span class=\"s1\">Dybest set fort\u00e6ller en modtagers MailRating score, hvor meget den enkelte <b>vil<\/b> din virksomhed. Mere nuanceret fort\u00e6ller scoren ogs\u00e5 om livsforl\u00f8bet p\u00e5 din, og andre kunders, kontaktlister. Det med andre kunders p\u00e5virkning parkerer vi lige et \u00f8jeblik. <\/span><\/p>\r\n<p class=\"p4\"><a href=\"https:\/\/marketingplatform.com\/wp-content\/uploads\/2017\/04\/emailmarketing-mailplatform-email-300x199.png\"><img class=\"alignleft size-medium wp-image-1973\" src=\"https:\/\/marketingplatform.com\/wp-content\/uploads\/2017\/04\/emailmarketing-mailplatform-email-300x199.png\" alt=\"emailmarketing-mailplatform-email\" width=\"300\" height=\"199\" \/><\/a><\/p>\r\n<p class=\"p4\"><span class=\"s1\">MailRating har 4 hovedkategorier, der hver er opdelt i et antal stjerner. Stjernerne er igen opdelt i et antal underliggende numre, der er den egentlige score. Nummersystemet er hemmeligt, og bestemmer skiftet mellem stjerne og hovedgrupperne. Scoren afg\u00f8r ogs\u00e5 om en kontakt skal inaktiveres. Scoren p\u00e5virkes af modtagerens handlinger i de udsendte kampagner. <\/span><\/p>\r\n\r\n<h4 class=\"p4\"><\/h4>\r\n<h4 class=\"p4\"><span class=\"s1\"><b>VIP segmentet<\/b><\/span><\/h4>\r\n<p class=\"p4\"><span class=\"s1\">VIP modtagerne er de mest aktive kontakter. Dem behandler vi helt specielt b\u00e5de hvad ang\u00e5r levering og regler for point eller minus point. Ved at sende s\u00e6rlige mails eller SMS beskeder til VIP gruppen, vil kunden kunne fostre en f\u00f8lelse af samh\u00f8righed. De vil kunne udvikle sig til ambassad\u00f8rer, der ogs\u00e5 vil v\u00e6re tilb\u00f8jelige til at g\u00f8re s\u00e6rlige handlinger. VIP modtagere er mere tilb\u00f8jelige til at socialt dele dine budskaber. De vil ogs\u00e5 langt oftere sende dine mails videre til venner og bekendte. Med andre ord har en VIP modtager en meget h\u00f8j v\u00e6rdi. <\/span><\/p>\r\n<p class=\"p4\"><span class=\"s1\">VIP modtagerne \u00f8nsker ofte (m\u00e5ske ikke kommunikeret) en h\u00f8jere frekvens p\u00e5 deres mails end \u00f8vrige segmenter. Kommercielt betragtet kan VIP segmentet ofte konvertere h\u00f8jere, hvis frekvensen \u00f8ges - elasticiteten er med andre ord mere udtalt. Nogle vil h\u00e6vde at GOOD segmentet ogs\u00e5 har samme egenskaber. <\/span><\/p>\r\n\r\n<h4 class=\"p4\"><span class=\"s1\"><b>GOOD segmentet<\/b><\/span><\/h4>\r\n<p class=\"p4\"><span class=\"s1\">De n\u00e6stbedste modtagere, der potentielt er p\u00e5 vej til at blive VIP - eller i risiko for at degradere i niveauet - kalder vi i MarketingPlatform for GOOD. Det n\u00e6stbedste segment er enten kendetegnet ved nye modtagere, der er meget aktive og p\u00e5 vej til at blive VIP, eller etablerede modtagere, der udviser en stabil adf\u00e6rd.<\/span><\/p>\r\n<p class=\"p4\"><span class=\"s1\">GOOD segmenter vil erfaringsm\u00e6ssigt v\u00e6re det mest profitable segment, grundet dets st\u00f8rrelse og aktivitetsniveau. Ofte vil personer med en h\u00f8jere indkomst, der grundet normal travlhed \u00e5bner lettere afvigende, v\u00e6re en del af dette segment. Bliv derfor ikke overrasket over, hvis basket size generelt er h\u00f8jere for GOOD segmentet end \u00f8vrige segmenter defineret af MailRating. <\/span><\/p>\r\n\r\n<h4 class=\"p4\"><span class=\"s1\"><b>AVERAGE segmentet<\/b><\/span><\/h4>\r\n<p class=\"p4\"><span class=\"s1\">Nye modtagere lander oftest i AVERAGE f\u00f8rst. Derfra skal de g\u00f8re sig fortjent til et videre liv i GOOD eller VIP segmenterne. Derfor vil et veltilrettelagt velkomstflow (opbygget med brug af autorespondere), g\u00f8re en stor forskel for scoringen af nye modtagere. For ikke at tale om den loyalitet der kan opbygges med modtageren tidligt i forl\u00f8bet. \"P\u00e5 intet tidspunkt, er modtagerne mere motiveret til at engagere sig med din virksomhed, som I begyndelsen af forholdet\", forts\u00e6tter Kim \u00d8stergaard - og perspektiverer det med internationale unders\u00f8gelser og egne erfaringer gennem 15 \u00e5r som online k\u00f8bmand. <\/span><\/p>\r\n<p class=\"p4\"><span class=\"s1\">Segmenterede udsendelser p\u00e5 interesser og adf\u00e6rd forbedrer responsen med 4-10 gange. M\u00e5lt i forhold til ikke segmenterede udsendelser, hvis der er tale om en bred m\u00e5lgruppe. Derfor kan funktionerne Update Profile og Modify Details med fordel anvendes, til at berige modtagernes profil. F\u00f8rstn\u00e6vnte, Update Profile, g\u00f8r et helt normalt link til opsamlingssted for enhver form for information, der kan holdes p\u00e5 et Custom Field. Samme funktion er ligeledes kilden til Relevant Content med Big Data. Alt sammen standardfunktioner i MarketingPlatform. <\/span><\/p>\r\n<p class=\"p4\"><span class=\"s1\">Update Profile anvendes til at bygge webforms, der intelligent spiller sammen med enhver form for kampagne og opsamlingsform. I Modify Details formen kan modtagerne selv vedligeholde og opdatere deres data - igen p\u00e5 et hvilken som helst Custom Field. Custom Fields er betegnelsen for egne felter, som enhver kunde kan skabe et ubegr\u00e6nset antal af. Disse felter anvendes til at holde viden p\u00e5 modtagerne. <\/span><\/p>\r\n<p class=\"p4\"><span class=\"s1\">\"Mange kunder anvender konkurrencer og udsalgsperioder, til at berige den viden de har om modtagerne\", konkluderer Jacob Bl\u00e6sbjerg. <\/span><\/p>\r\n\r\n<h4 class=\"p4\"><span class=\"s1\"><b>POOR segmentet <\/b><\/span><\/h4>\r\n<p class=\"p4\"><span class=\"s1\">Sidste stop f\u00f8r skraldespanden. S\u00e5dan kan man lettere humoristisk betegne POOR segmentet. Det er her alle de inaktive modtagere ender. Det er her potentielt farlige adresser bliver sorteret fra. 16 forskellige regler og et par algoritmer bestemmer hvor hurtigt en email adresse ender i dette segment. <\/span><\/p>\r\n<p class=\"p4\"><span class=\"s1\">De mange regler er ikke offentlige, men en ting er sikkert, inaktive modtagere ender deres dage i POOR segmentet og vil til sidst blive deaktiveret automatisk. P\u00e5 den m\u00e5de sikres en konstant h\u00f8j relevans for de modtagne mailservere, der vil opleve mails sendt med MarketingPlatform, som bedre performende end med andre systemer. Selvom det til tider kan v\u00e6re \"tr\u00e6ls\", for at udtrykke det p\u00e5 jysk, skal deaktiverede modtagere ikke ses som mistede muligheder eller salg, men som en n\u00f8dvendig oprydning for IKKE at \u00f8del\u00e6gge dine udsendelser. Sidst men ikke mindst, vil den kontinuerlige automatisk oprydning, s\u00e6nke dine udgifter til email udsendelse.<\/span><\/p>\r\n\r\n<h4 class=\"p4\"><span class=\"s1\"><b>En slutkommentar<\/b><\/span><\/h4>\r\n<p class=\"p4\"><span class=\"s1\">\"Med MarketingPlatform vil vi g\u00f8re intelligent email marketing tilg\u00e6ngelig for alle virksomheder, hvorfor skal kun de st\u00f8rste virksomheder der har r\u00e5d til en l\u00f8sning som Responsys kunne optimere deres forretning med den ubestridt mest effektive form for online marketing\", sp\u00f8rger Kim \u00d8stergaard og funder interviewet af. <\/span><\/p>\r\n<p class=\"p4\"><span class=\"s1\">Derfor er alle funktioner ogs\u00e5 standard i MarketingPlatform. Kun p\u00e5 den m\u00e5de mener virksomheden, at alle kunder f\u00e5r optimale muligheder for at udvikle forretningen. <\/span><\/p>\r\n<p class=\"p4\"><span class=\"s1\">MarketingPlatform koster fra 200 kr. pr. m\u00e5ned, men findes ogs\u00e5 i en light-udgave, til f.eks. nystartede virksomheder for kun 50 kr. pr. m\u00e5ned. Light-udgaven indeholder naturligvis ogs\u00e5 MailRating.<\/span><\/p>","_et_gb_content_width":"","footnotes":""},"categories":[],"tags":[],"yst_prominent_words":[4878,194,4905,4907,197,4872,2810,4874,195,193,4871,4873,205,189,4881,192,188,196,190,4895],"_links":{"self":[{"href":"https:\/\/marketingplatform.com\/da\/wp-json\/wp\/v2\/pages\/4583"}],"collection":[{"href":"https:\/\/marketingplatform.com\/da\/wp-json\/wp\/v2\/pages"}],"about":[{"href":"https:\/\/marketingplatform.com\/da\/wp-json\/wp\/v2\/types\/page"}],"author":[{"embeddable":true,"href":"https:\/\/marketingplatform.com\/da\/wp-json\/wp\/v2\/users\/50"}],"replies":[{"embeddable":true,"href":"https:\/\/marketingplatform.com\/da\/wp-json\/wp\/v2\/comments?post=4583"}],"version-history":[{"count":0,"href":"https:\/\/marketingplatform.com\/da\/wp-json\/wp\/v2\/pages\/4583\/revisions"}],"up":[{"embeddable":true,"href":"https:\/\/marketingplatform.com\/da\/wp-json\/wp\/v2\/pages\/4520"}],"wp:attachment":[{"href":"https:\/\/marketingplatform.com\/da\/wp-json\/wp\/v2\/media?parent=4583"}],"wp:term":[{"taxonomy":"category","embeddable":true,"href":"https:\/\/marketingplatform.com\/da\/wp-json\/wp\/v2\/categories?post=4583"},{"taxonomy":"post_tag","embeddable":true,"href":"https:\/\/marketingplatform.com\/da\/wp-json\/wp\/v2\/tags?post=4583"},{"taxonomy":"yst_prominent_words","embeddable":true,"href":"https:\/\/marketingplatform.com\/da\/wp-json\/wp\/v2\/yst_prominent_words?post=4583"}],"curies":[{"name":"wp","href":"https:\/\/api.w.org\/{rel}","templated":true}]}}