{"id":4578,"date":"2017-04-04T13:01:21","date_gmt":"2017-04-04T11:01:21","guid":{"rendered":"https:\/\/marketingplatform.com\/?page_id=4578\/"},"modified":"2019-03-29T11:48:45","modified_gmt":"2019-03-29T10:48:45","slug":"email-design-i-en-mobil-verden","status":"publish","type":"page","link":"https:\/\/marketingplatform.com\/da\/email-design-i-en-mobil-verden\/","title":{"rendered":"Email design i en mobil verden"},"content":{"rendered":"<p>[et_pb_section fb_built=&#8221;1&#8243; admin_label=&#8221;section&#8221; _builder_version=&#8221;3.0.74&#8243; transparent_background=&#8221;off&#8221;][et_pb_row admin_label=&#8221;row&#8221; _builder_version=&#8221;3.0.47&#8243; background_size=&#8221;initial&#8221; background_position=&#8221;top_left&#8221; background_repeat=&#8221;repeat&#8221;][et_pb_column type=&#8221;4_4&#8243; _builder_version=&#8221;3.0.47&#8243;][et_pb_text admin_label=&#8221;Text&#8221; _builder_version=&#8221;3.19.18&#8243; background_size=&#8221;initial&#8221; background_position=&#8221;top_left&#8221; background_repeat=&#8221;repeat&#8221; use_border_color=&#8221;off&#8221; border_color=&#8221;#ffffff&#8221; border_style=&#8221;solid&#8221;]<\/p>\n<h1>Email design i en mobil verden<\/h1>\n<h4 style=\"line-height: 2em;\">N\u00e6sten 60% \u00e5bner nu deres nyhedsbreve p\u00e5 mobilen. Alligevel sender de fleste virksomheder stadig nyhedsbreve der er designet til en stor sk\u00e6rm. En katastrofe mener ekspert.<\/h4>\n<p>Websiden tilpasser sig mobilens begr\u00e6nsede sk\u00e6rm, men nyhedsbrevet g\u00f8r det ikke &#8211; det er virkeligheden for rigtig mange danske virksomheder. Det svarer lidt til at den fysiske butik har en god tilg\u00e6ngelighed, mens tilbudsavisen er trykt med s\u00e5 sm\u00e5 typer, at ingen kunder kan l\u00e6se de gode tilbud, der skulle tr\u00e6kke dem ind i butikken.<\/p>\n<p><a href=\"..\/..\/wp-content\/uploads\/2017\/04\/iphonevisning2-mailplatform.png\"><img decoding=\"async\" loading=\"lazy\" class=\"alignleft size-full wp-image-1813 image-border\" src=\"..\/..\/wp-content\/uploads\/2017\/04\/iphonevisning2-mailplatform.png\" alt=\"iphonevisning2-mailplatform\" width=\"400\" height=\"400\"><\/a><\/p>\n<p>Helt nye tal, fra den f\u00f8rende danske leverand\u00f8r af systemer til udsendelse af nyhedsbreve, MarketingPlatform, der servicere flere end 1.500 danske virksomheder, fort\u00e6ller et klart sprog om en Verden der bliver mere og mere mobil. P\u00e5 bare tre m\u00e5neder er \u00e5bningsprocenterne p\u00e5 mobiltelefoner steget med 10%. En enorm v\u00e6kst der stiller helt nye krav til afsenderen af nyhedsbrevet.<br \/>\n&nbsp;<\/p>\n<h4>Nogle simple regler der skal v\u00e6re opfyldt<\/h4>\n<p>Mange nyhedsbreve er i flere spalter. Selv nogle af de store IT nyhedsbreve, aviser og medievirksomheder, der skriver om nye tendenser og trends, sender stadig et computertilpasset design ud i de daglige nyhedsbreve. Mange sider har glimrende mobile websites, og lever dermed op til statistikken.<\/p>\n<p>Erfaringer fra tests viser af et 1-spalte design performer mange procent bedre. De konkrete tal svinger afh\u00e6ngig af m\u00e5lgruppen, men 20-30 procentpoints forbedring h\u00f8rer til normalen.<\/p>\n<p>Fontst\u00f8rrelsen er en anden vigtigt foruds\u00e6tning for mobil succes. En iPhone viser slet ikke fonte mindre end 13 pixels. MarketingPlatform anbefaler 16-18 som den optimale mobile st\u00f8rrelse. Det giver en god balance mellem l\u00e6sbarhed og pladsforhold &#8211; dermed ogs\u00e5 det estetiske.<br \/>\n&nbsp;<\/p>\n<h4>V\u00e6rkt\u00f8jer der g\u00f8r arbejdet og sparer tid<\/h4>\n<p>Det tager ca 3 timer for en erfaren email udvikler, at g\u00f8re et nyhedsbrev mobilvenligt. Det er store omkostninger ved hver udsendelse &#8211; eller hver lille \u00e6ndring i skabelonen. For de st\u00f8rre virksomheder er time-to-market mindst lige s\u00e5 v\u00e6sentlig. Email er ikke alene den mest effektive marketingmetode &#8211; det er ogs\u00e5 en af de mest agile.<\/p>\n<p>&#8220;Vi har lavet en drag-and-drop editor med perfekt mobil visning, hvor marketingmedarbejderen p\u00e5 f\u00e5 minutter kan skabe en unik kampagne. Og parametre som fontst\u00f8rrelse og unikke mobile header og footer kan l\u00f8bende tilpasses&#8221;, fort\u00e6ller Kim \u00d8stergaard der er grundl\u00e6gger af MarketingPlatform.<\/p>\n<p>Med s\u00e5danne v\u00e6rkt\u00f8jer kan selv de sm\u00e5 og mellemstore virksomheder p\u00e5 ingen tid skabe nyhedsbreve, der fungere optimalt p\u00e5 en computer, tablet og smartphones. Selv \u00e6ldre mobiltelefoner kan v\u00e6re med og l\u00e6se en speciel tekstversion, der leder l\u00e6seren mod en s\u00e6rlig online udgave, der kan \u00e5bnes p\u00e5 mobilens browser.[\/et_pb_text][\/et_pb_column][\/et_pb_row][\/et_pb_section][et_pb_section fb_built=&#8221;1&#8243; module_class=&#8221;ressourcer-signup&#8221; _builder_version=&#8221;3.19.9&#8243; background_color=&#8221;#dee7f1&#8243; global_module=&#8221;19033&#8243;][et_pb_row custom_padding=&#8221;||10px&#8221; custom_margin=&#8221;||10px&#8221; _builder_version=&#8221;3.19.9&#8243; background_size=&#8221;initial&#8221; background_position=&#8221;top_left&#8221; background_repeat=&#8221;repeat&#8221;][et_pb_column type=&#8221;4_4&#8243; _builder_version=&#8221;3.0.47&#8243;][et_pb_text _builder_version=&#8221;3.19.9&#8243; text_orientation=&#8221;center&#8221;]<\/p>\n<h2>Pr\u00f8v MarketingPlatform gratis i 14 dage<\/h2>\n<p>Pr\u00f8veperioden er gratis, helt uforpligtende og udl\u00f8ber efter 14 dage, hvis du ikke \u00f8nsker at forts\u00e6tte.<br \/>Ved tilmelding modtager du samtidig vores uddannelsesflow p\u00e5 en serie af mails \u2013 og vores nyhedsbrev.<\/p>\n<p>[\/et_pb_text][et_pb_code _builder_version=&#8221;3.19.9&#8243; text_orientation=&#8221;center&#8221; max_width=&#8221;98%&#8221; module_alignment=&#8221;center&#8221;]<!-- [et_pb_line_break_holder] --><\/p>\n<div class=\"myForm\"><!-- [et_pb_line_break_holder] --> <\/p>\n<div class=\"sign_up\"><!-- [et_pb_line_break_holder] --> <\/p>\n<div class=\"step1 text-box step_fir\"><!-- [et_pb_line_break_holder] --> <\/p>\n<div class=\"displayblock\"><input type=\"text\" name=\"email\" class=\"emailvalue\" placeholder=\"Indtast din e-mailadresse\" style=\"margin-right:5px; border-radius:2px; border:none!important;\"><\/div>\n<p><!-- [et_pb_line_break_holder] --> <\/p>\n<div class=\"displayblock\"><input type=\"button\" value=\"Ja tak - lad mig pr\u00f8ve!\" class=\"button trial-btn-blue step1btn\" style=\"background:#09cd6f!important; border:none!important; border-radius:2px;\"><\/div>\n<p><!-- [et_pb_line_break_holder] --> <\/div>\n<p><!-- [et_pb_line_break_holder] --> <\/p>\n<div class=\"step2 text-box\" style=\"display: none;\"><\/div>\n<p><!-- [et_pb_line_break_holder] --> <\/p>\n<div class=\"step2 text-box \" style=\"display: none;\"><!-- [et_pb_line_break_holder] --> <\/p>\n<div class=\"displayblock\" style=\"width: 400px;\"><input type=\"text\" name=\"CustomFields[496]\" class=\"CustomFields_496_51\" value=\"\" size=\"50\" placeholder=\"Firmanavn\" style=\"margin-right:5px; border-radius:2px; border:none!important;\"><\/div>\n<p><!-- [et_pb_line_break_holder] --> <\/p>\n<div class=\"displayblock\" style=\"width: 400px;\"><input type=\"text\" name=\"CustomFields[2]\" class=\"CustomFields_2_51\" value=\"\" size=\"50\" placeholder=\"Dit Navn\" style=\"margin-right:5px; border-radius:2px; border:none!important;\"><\/div>\n<p><!-- [et_pb_line_break_holder] --> <\/p>\n<div class=\"displayblock\" style=\"width: 400px;\"><input type=\"text\" name=\"CustomFields[497]\" class=\"CustomFields_497_51\" value=\"\" size=\"50\" placeholder=\"Mobil Nummer\" style=\"margin-right:5px; border-radius:2px; border:none!important;\"><\/div>\n<p><!-- [et_pb_line_break_holder] --> <\/p>\n<div class=\"displayblock sec_step_but\"><input id=\"step2\" type=\"button\" value=\"Ja tak - lad mig pr\u00f8ve!\" class=\"button trial-btn-blue step1btn\" style=\"background:#09cd6f!important; border:none!important; border-radius:2px;\"><\/div>\n<p><!-- [et_pb_line_break_holder] --> <\/p>\n<div><!-- [et_pb_line_break_holder] --> <\/p>\n<div style=\"display: none;\" id=\"alertSpan\"><!-- [et_pb_line_break_holder] --> <span style=\"color: red;\">Du skal udfylde alle felter<\/span><!-- [et_pb_line_break_holder] --> <\/div>\n<p><!-- [et_pb_line_break_holder] --> <\/div>\n<p><!-- [et_pb_line_break_holder] --> <\/p>\n<div><!-- [et_pb_line_break_holder] --> <\/p>\n<div style=\"display: none;\" id=\"alertEmailSpan\"><!-- [et_pb_line_break_holder] --> <span style=\"color: red;\">Indtast din e-mailadresse<\/span><!-- [et_pb_line_break_holder] --> <\/div>\n<p><!-- [et_pb_line_break_holder] --> <\/div>\n<p><!-- [et_pb_line_break_holder] --> <\/div>\n<p><!-- [et_pb_line_break_holder] --> <\/div>\n<p><!-- [et_pb_line_break_holder] --><\/div>\n<p>[\/et_pb_code][\/et_pb_column][\/et_pb_row][et_pb_row use_custom_width=&#8221;on&#8221; custom_width_px=&#8221;768px&#8221; custom_padding=&#8221;0px||0px&#8221; custom_margin=&#8221;0px||0px&#8221; _builder_version=&#8221;3.19.9&#8243;][et_pb_column type=&#8221;4_4&#8243; _builder_version=&#8221;3.19.9&#8243;][et_pb_code _builder_version=&#8221;3.19.9&#8243;]<\/p>\n<div class=\"awards-align\"><!-- [et_pb_line_break_holder] --><\/p>\n<div style=\"float:left; width:18%; text-align:center;   margin-right: 2%;\"><!-- [et_pb_line_break_holder] --><img decoding=\"async\" src=\"https:\/\/marketingplatform.com\/wp-content\/uploads\/2019\/02\/bauhaus-logo.png\" width=\"120\" style=\"margin:20px 0px 20px 0px;\"><!-- [et_pb_line_break_holder] --><\/div>\n<p><!-- [et_pb_line_break_holder] --><\/p>\n<div style=\"float:left; width:18%; text-align:center;    margin-right: 2%;\"><!-- [et_pb_line_break_holder] --><img decoding=\"async\" src=\"https:\/\/marketingplatform.com\/wp-content\/uploads\/2019\/02\/boconcept-logo.png\" width=\"120\" style=\"margin:25px 0px 20px 0px;\"><!-- [et_pb_line_break_holder] --><\/div>\n<p><!-- [et_pb_line_break_holder] --><\/p>\n<div style=\"float:left; width:18%;    margin-right: 2%;\"><!-- [et_pb_line_break_holder] --><img decoding=\"async\" src=\"https:\/\/marketingplatform.com\/wp-content\/uploads\/2019\/02\/avcables-logo.png\" width=\"130\" style=\"margin:26px 0px 20px 0px;\"><!-- [et_pb_line_break_holder] --><\/div>\n<p><!-- [et_pb_line_break_holder] --><\/p>\n<div style=\"float:left; width:18%; text-align:center;     margin-right: 1%;\"><!-- [et_pb_line_break_holder] --><img decoding=\"async\" src=\"https:\/\/marketingplatform.com\/wp-content\/uploads\/2019\/02\/kop-kande-logo.png\" width=\"120\" style=\"margin:24px 0px 20px 0px;\"><!-- [et_pb_line_break_holder] --><\/div>\n<p><!-- [et_pb_line_break_holder] --><\/p>\n<div style=\"float:left; width:18%;      margin-right: 2%;  text-align: center;\"><!-- [et_pb_line_break_holder] --><img decoding=\"async\" src=\"https:\/\/marketingplatform.com\/wp-content\/uploads\/2019\/02\/verisure-logo.png\" width=\"100\" style=\"margin:16px 0px 20px 0px;\"><!-- [et_pb_line_break_holder] --><\/div>\n<p><!-- [et_pb_line_break_holder] --><\/div>\n<p>[\/et_pb_code][\/et_pb_column][\/et_pb_row][\/et_pb_section]<\/p>\n","protected":false},"excerpt":{"rendered":"<p>Email design i en mobil verden N\u00e6sten 60% \u00e5bner nu deres nyhedsbreve p\u00e5 mobilen. Alligevel sender de fleste virksomheder stadig nyhedsbreve der er designet til en stor sk\u00e6rm. En katastrofe mener ekspert. Websiden tilpasser sig mobilens begr\u00e6nsede sk\u00e6rm, men nyhedsbrevet g\u00f8r det ikke &#8211; det er virkeligheden for rigtig mange danske virksomheder. Det svarer lidt [&hellip;]<\/p>\n","protected":false},"author":50,"featured_media":0,"parent":0,"menu_order":0,"comment_status":"closed","ping_status":"closed","template":"","meta":{"_et_pb_use_builder":"on","_et_pb_old_content":"<h3 style=\"line-height: 2em;\"><b>N\u00e6sten 60% \u00e5bner nu deres nyhedsbreve p\u00e5 mobilen. Alligevel sender de fleste virksomheder stadig nyhedsbreve der er designet til en stor sk\u00e6rm. En katastrofe mener ekspert. <\/b><\/h3>\r\nWebsiden tilpasser sig mobilens begr\u00e6nsede sk\u00e6rm, men nyhedsbrevet g\u00f8r det ikke - det er virkeligheden for rigtig mange danske virksomheder. Det svarer lidt til at den fysiske butik har en god tilg\u00e6ngelighed, mens tilbudsavisen er trykt med s\u00e5 sm\u00e5 typer, at ingen kunder kan l\u00e6se de gode tilbud, der skulle tr\u00e6kke dem ind i butikken.\r\n\r\n<a href=\"https:\/\/marketingplatform.com\/wp-content\/uploads\/2017\/04\/iphonevisning2-mailplatform.png\"><img class=\"alignleft size-full wp-image-1813\" src=\"https:\/\/marketingplatform.com\/wp-content\/uploads\/2017\/04\/iphonevisning2-mailplatform.png\" alt=\"iphonevisning2-mailplatform\" width=\"400\" height=\"400\" \/><\/a>\r\n\r\nHelt nye tal, fra den f\u00f8rende danske leverand\u00f8r af systemer til udsendelse af nyhedsbreve, MarketingPlatform, der servicere flere end 1.500 danske virksomheder, fort\u00e6ller et klart sprog om en Verden der bliver mere og mere mobil. P\u00e5 bare tre m\u00e5neder er \u00e5bningsprocenterne p\u00e5 mobiltelefoner steget med 10%. En enorm v\u00e6kst der stiller helt nye krav til afsenderen af nyhedsbrevet.\r\n<h4><b>Nogle simple regler der skal v\u00e6re opfyldt<\/b><\/h4>\r\nMange nyhedsbreve er i flere spalter. Selv nogle af de store IT nyhedsbreve, aviser og medievirksomheder, der skriver om nye tendenser og trends, sender stadig et computertilpasset design ud i de daglige nyhedsbreve. Mange sider har glimrende mobile websites, og lever dermed op til statistikken.\r\n\r\nErfaringer fra tests viser af et 1-spalte design performer mange procent bedre. De konkrete tal svinger afh\u00e6ngig af m\u00e5lgruppen, men 20-30 procentpoints forbedring h\u00f8rer til normalen.\r\n\r\nFontst\u00f8rrelsen er en anden vigtigt foruds\u00e6tning for mobil succes. En iPhone viser slet ikke fonte mindre end 13 pixels. MarketingPlatform anbefaler 16-18 som den optimale mobile st\u00f8rrelse. Det giver en god balance mellem l\u00e6sbarhed og pladsforhold - dermed ogs\u00e5 det estetiske.\r\n<h4><b>V\u00e6rkt\u00f8jer der g\u00f8r arbejdet og sparer tid<\/b><\/h4>\r\nDet tager ca 3 timer for en erfaring email udvikler, at g\u00f8re et nyhedsbrev mobilvenligt. Det er store omkostninger ved hver udsendelse - eller hver lille \u00e6ndring i skabelonen. For de st\u00f8rre virksomheder er time-to-market mindst lige s\u00e5 v\u00e6sentlig. Email er ikke alene den mest effektive marketingmetode - det er ogs\u00e5 en af de mest agile.\r\n\r\n\"Vi har lavet en drag-and-drop editor med perfekt mobil visning, hvor marketingmedarbejderen p\u00e5 f\u00e5 minutter kan skabe en unik kampagne. Og parametre som fontst\u00f8rrelse og unikke mobile header og footer kan l\u00f8bende tilpasses\", fort\u00e6ller Kim \u00d8stergaard der er grundl\u00e6gger af MarketingPlatform.\r\n\r\nMed s\u00e5danne v\u00e6rkt\u00f8jer kan selv de sm\u00e5 og mellemstore virksomheder p\u00e5 ingen tid skabe nyhedsbreve, der fungere optimalt p\u00e5 en computer, tablet og smartphones. Selv \u00e6ldre mobiltelefoner kan v\u00e6re med og l\u00e6se en speciel tekstversion, der leder l\u00e6seren mod en s\u00e6rlig online udgave, der kan \u00e5bnes p\u00e5 mobilens browser.","_et_gb_content_width":"","footnotes":""},"categories":[],"tags":[],"yst_prominent_words":[4878,855,161,4910,4905,174,4883,77,2225,4872,4920,2224,4882,4874,453,2226,4871,4873,4881,414],"_links":{"self":[{"href":"https:\/\/marketingplatform.com\/da\/wp-json\/wp\/v2\/pages\/4578"}],"collection":[{"href":"https:\/\/marketingplatform.com\/da\/wp-json\/wp\/v2\/pages"}],"about":[{"href":"https:\/\/marketingplatform.com\/da\/wp-json\/wp\/v2\/types\/page"}],"author":[{"embeddable":true,"href":"https:\/\/marketingplatform.com\/da\/wp-json\/wp\/v2\/users\/50"}],"replies":[{"embeddable":true,"href":"https:\/\/marketingplatform.com\/da\/wp-json\/wp\/v2\/comments?post=4578"}],"version-history":[{"count":0,"href":"https:\/\/marketingplatform.com\/da\/wp-json\/wp\/v2\/pages\/4578\/revisions"}],"wp:attachment":[{"href":"https:\/\/marketingplatform.com\/da\/wp-json\/wp\/v2\/media?parent=4578"}],"wp:term":[{"taxonomy":"category","embeddable":true,"href":"https:\/\/marketingplatform.com\/da\/wp-json\/wp\/v2\/categories?post=4578"},{"taxonomy":"post_tag","embeddable":true,"href":"https:\/\/marketingplatform.com\/da\/wp-json\/wp\/v2\/tags?post=4578"},{"taxonomy":"yst_prominent_words","embeddable":true,"href":"https:\/\/marketingplatform.com\/da\/wp-json\/wp\/v2\/yst_prominent_words?post=4578"}],"curies":[{"name":"wp","href":"https:\/\/api.w.org\/{rel}","templated":true}]}}