{"id":4576,"date":"2017-04-04T12:54:46","date_gmt":"2017-04-04T10:54:46","guid":{"rendered":"https:\/\/marketingplatform.com\/?page_id=4576\/"},"modified":"2018-12-17T13:14:36","modified_gmt":"2018-12-17T12:14:36","slug":"eksisterende-kunder-fastholder-du-bedst-med-intelligente-nyhedsbreve","status":"publish","type":"page","link":"https:\/\/marketingplatform.com\/da\/artikler-presse\/eksisterende-kunder-fastholder-du-bedst-med-intelligente-nyhedsbreve\/","title":{"rendered":"Eksisterende kunder fastholder du bedst med intelligente nyhedsbreve"},"content":{"rendered":"<p>[et_pb_section fb_built=&#8221;1&#8243; admin_label=&#8221;section&#8221; _builder_version=&#8221;3.0.47&#8243;][et_pb_row admin_label=&#8221;row&#8221; _builder_version=&#8221;3.0.48&#8243; background_size=&#8221;initial&#8221; background_position=&#8221;top_left&#8221; background_repeat=&#8221;repeat&#8221;][et_pb_column type=&#8221;4_4&#8243; _builder_version=&#8221;3.0.47&#8243; parallax=&#8221;off&#8221; parallax_method=&#8221;on&#8221;][et_pb_text admin_label=&#8221;Text&#8221; _builder_version=&#8221;3.0.87&#8243; background_size=&#8221;initial&#8221; background_position=&#8221;top_left&#8221; background_repeat=&#8221;repeat&#8221; use_border_color=&#8221;off&#8221; border_color=&#8221;#ffffff&#8221; border_style=&#8221;solid&#8221;]<\/p>\n<h1>Eksisterende kunder fastholder du bedst med intelligente nyhedsbreve<\/h1>\n<p><em>Udsendt som pressemeddelelse den 05. marts 2014<\/em><\/p>\n<p>Det er v\u00e6sentlig billigere, at s\u00e6lge mere til eksisterende kunder. Det er en gammel sandhed, som n\u00e6rmest er blevet til et ordsprog blandt s\u00e6lgere. Ved at lytte til dine kunders adf\u00e6rd, kvalificerer din virksomhed salgsprocessen. H\u00f8rer du til dem der tror p\u00e5 held, kan det bedst sammenlignes med at have ansat F\u00e6tter H\u00f8jben som s\u00e6lger.<\/p>\n<p>Nyhedsbreve er igen l\u00f8bet med prisen, i en stor international unders\u00f8gelse, som den markedsf\u00f8ringsform der giver den bedste ROI. I forhold til at sikre genk\u00f8b er nyhedsbreve unik. Ingen anden markedsf\u00f8ringsmetode giver samme muligheder for intelligent opf\u00f8lgning &#8211; endog til en mikroskopisk kontaktpris pr modtager.<\/p>\n<p>&nbsp;<\/p>\n<h4>Et B2B eksempel &#8211; handel mellem virksomheder<\/h4>\n<p>Professionelle k\u00f8b er kendetegnet ved h\u00f8je ordrev\u00e6rdier og et stort potentiale for genk\u00f8b. S\u00e5dan er det for de fleste brancher. Samtidig er antallet af kunder begr\u00e6nset. Sammenholdt giver det en h\u00f8j v\u00e6rdi af den enkelte kunde. Derfor er grundlaget for intelligent mersalg b\u00e5ret af f\u00e5, men meget v\u00e6rdifulde kunder.<\/p>\n<p>Forestil dig din mail indeholder information om et nyt produkt, din virksomhed er ved at introducere. Du sender et nyhedsbrev afsted med det nye produkt. Mailen linker til din hjemmeside, hvor der er mere information. N\u00e5r din kunde klikker p\u00e5 linket, registrerer MarketingPlatform handlingen. Klikket kan enten oms\u00e6ttes alene til en begivenhed i statistikken, eller berige kundens profil med en interesseregistrering &#8211; m\u00e5ske i kombination med en automatiseret opf\u00f8lgning.<\/p>\n<p>Opf\u00f8lgningen kunne ogs\u00e5 v\u00e6re manuel, hvor MarketingPlatform tilf\u00f8jer interesserede kunder til en s\u00e6rlig opf\u00f8lgningsliste eller notificerer den ansvarlige s\u00e6lger.<\/p>\n<p>&nbsp;<\/p>\n<h4>Et B2C eksempel &#8211; salg til private<\/h4>\n<p>Salg til private er omvendt ofte kendetegnet ved relativt sm\u00e5 ordrest\u00f8rrelser, mens m\u00e5lgruppen kan v\u00e6re enorm. En enorm, n\u00e6rmest uudt\u00f8mmelig kundegruppe, stiller store krav til dataopsamlingen og evnen til at segmentere modtagerne. Til det form\u00e5l har MarketingPlatform flere typer af segmenteringsmuligheder, der kan opdele modtagerne efter geografi, deres engagement i de udsendte mails og ethvert felt p\u00e5 modtagernes profil. Et felt kan v\u00e6re produktinteresser med data p\u00e5 virksomhedens produktgrupper, ja\/nej information som feks er vedkommende kunde eller ej &#8211; og lignende datas\u00e6t der giver mening.<\/p>\n<p>For at fastholde eksisterende kunder skal den rigtige balance mellem frekvens og relevans findes. Det nytter ikke noget at sende emails hver dag, hvis mailen ikke opleves som relevant af modtageren. Et godt tilbud er ikke nok, til at f\u00e5 forbrugerne op af stolen. Det skal opleves tilpasset og meget relevant for den enkelte. &#8220;Det er slet ikke nogen nem \u00f8velse&#8221;, fort\u00e6ller Kim \u00d8stergaard der fort\u00e6ller at netop denne udfordring er grunden til virksomheden har lavet Relevant Content funktionen.<\/p>\n<p>&nbsp;<\/p>\n<h4>Email Marketing har \u00e6ndret sig<\/h4>\n<p>Forventningerne hos modtagerne betyder, at email marketing gradvist \u00e6ndrer sig fra one to all mod one to one kommunikation. Forventningerne s\u00e6ttes naturligvis af frontl\u00f8berne, men ogs\u00e5 den teknologiske fremmarch, med en computer i hver lomme, skubber til forventningerne om hvad der er muligt.<\/p>\n<p>Den professionelle afsender mangler nu at forst\u00e5 den nye dagsorden, at forst\u00e5 de nye muligheder og adaptere dem i virksomhederne. &#8220;De st\u00f8rste virksomheder er p\u00e5 vej, mens de mellemstore ikke har opdaget mulighederne&#8221;, konkluderer Kim \u00d8stergaard og fort\u00e6ller at MarketingPlatform stiller de avancerede v\u00e6rkt\u00f8jer til r\u00e5dighed fra 149 kr pr m\u00e5ned.<\/p>\n<p>&nbsp;<br \/>\n[\/et_pb_text][\/et_pb_column][\/et_pb_row][\/et_pb_section][et_pb_section fb_built=&#8221;1&#8243; _builder_version=&#8221;3.16.1&#8243; background_color=&#8221;#dee7f1&#8243; global_module=&#8221;19033&#8243;][et_pb_row _builder_version=&#8221;3.0.48&#8243; background_size=&#8221;initial&#8221; background_position=&#8221;top_left&#8221; background_repeat=&#8221;repeat&#8221;][et_pb_column type=&#8221;4_4&#8243; _builder_version=&#8221;3.0.47&#8243; parallax=&#8221;off&#8221; parallax_method=&#8221;on&#8221;][et_pb_text _builder_version=&#8221;3.16.1&#8243; text_orientation=&#8221;center&#8221; custom_margin=&#8221;||15px|&#8221;]<\/p>\n<h2>Pr\u00f8v MarketingPlatform gratis i 14 dage<\/h2>\n<p>Pr\u00f8veperioden er gratis, helt uforpligtende og udl\u00f8ber efter 14 dage, hvis du ikke \u00f8nsker at forts\u00e6tte.<br \/>Ved tilmelding modtager du samtidig vores uddannelsesflow p\u00e5 en serie af mails \u2013 og vores nyhedsbrev.<\/p>\n<p>[\/et_pb_text][et_pb_code _builder_version=&#8221;3.16.1&#8243; custom_margin=&#8221;0px||10px|&#8221; custom_padding=&#8221;|||&#8221;]&lt;script src=&quot;https:\/\/ajax.googleapis.com\/ajax\/libs\/jquery\/1.11.3\/jquery.min.js&quot;&gt;&lt;\/script&gt;&lt;!&#8211; [et_pb_line_break_holder] &#8211;&gt;&lt;script src=&quot;https:\/\/marketingplatform.com\/js\/sign-up-dk-home-top-updated.js&quot;&gt;&lt;\/script&gt;&lt;!&#8211; [et_pb_line_break_holder] &#8211;&gt;&lt;!&#8211; [et_pb_line_break_holder] &#8211;&gt;&lt;script src=&quot;https:\/\/marketingplatform.com\/js\/trafficSourceTracker.js&quot;&gt;&lt;\/script&gt;&lt;!&#8211; [et_pb_line_break_holder] &#8211;&gt;&lt;script&gt;&lt;!&#8211; [et_pb_line_break_holder] &#8211;&gt;trafficSrcCookie.setCookie(); &lt;!&#8211; [et_pb_line_break_holder] &#8211;&gt;&lt;\/script&gt;&lt;!&#8211; [et_pb_line_break_holder] &#8211;&gt;&lt;div class=&quot;myForm&quot;&gt;&lt;!&#8211; [et_pb_line_break_holder] &#8211;&gt; &lt;div class=&quot;sign_up&quot;&gt;&lt;!&#8211; [et_pb_line_break_holder] &#8211;&gt; &lt;div class=&quot;step1 text-box step_fir&quot;&gt;&lt;!&#8211; [et_pb_line_break_holder] &#8211;&gt; &lt;div class=&quot;displayblock&quot;&gt;&lt;!&#8211; [et_pb_line_break_holder] &#8211;&gt; &lt;input type=&quot;text&quot; name=&quot;email&quot; class=&quot;emailvalue&quot; placeholder=&quot;Indtast din e-mailadresse&quot; style=&quot;margin-right:10px;&quot;&gt;&lt;!&#8211; [et_pb_line_break_holder] &#8211;&gt; &lt;\/div&gt;&lt;!&#8211; [et_pb_line_break_holder] &#8211;&gt; &lt;div class=&quot;displayblock&quot;&gt;&lt;!&#8211; [et_pb_line_break_holder] &#8211;&gt; &lt;input type=&quot;button&quot; value=&quot;Ja tak &#8211; lad mig pr\u00f8ve!&quot; class=&quot;button trial-btn-blue step1btn&quot; style=&quot;background:#09cd6f!important;&quot;&gt;&lt;!&#8211; [et_pb_line_break_holder] &#8211;&gt; &lt;\/div&gt;&lt;!&#8211; [et_pb_line_break_holder] &#8211;&gt; &lt;\/div&gt;&lt;!&#8211; [et_pb_line_break_holder] &#8211;&gt; &lt;div class=&quot;step2 text-box&quot; style=&quot;display: none;&quot;&gt;&lt;\/div&gt;&lt;!&#8211; [et_pb_line_break_holder] &#8211;&gt; &lt;div class=&quot;step2 text-box &quot; style=&quot;display: none;&quot;&gt;&lt;!&#8211; [et_pb_line_break_holder] &#8211;&gt; &lt;div class=&quot;displayblock&quot; style=&quot;width: 400px;&quot;&gt;&lt;!&#8211; [et_pb_line_break_holder] &#8211;&gt; &lt;input type=&quot;text&quot; name=&quot;CustomFields[496]&quot; class=&quot;CustomFields_496_51&quot; value=&quot;&quot; size=&quot;50&quot; placeholder=&quot;Firmanavn&quot;&gt;&lt;!&#8211; [et_pb_line_break_holder] &#8211;&gt; &lt;\/div&gt;&lt;!&#8211; [et_pb_line_break_holder] &#8211;&gt; &lt;div class=&quot;displayblock&quot; style=&quot;width: 400px;&quot;&gt;&lt;!&#8211; [et_pb_line_break_holder] &#8211;&gt; &lt;input type=&quot;text&quot; name=&quot;CustomFields[2]&quot; class=&quot;CustomFields_2_51&quot; value=&quot;&quot; size=&quot;50&quot; placeholder=&quot;Dit Navn&quot;&gt;&lt;!&#8211; [et_pb_line_break_holder] &#8211;&gt; &lt;\/div&gt;&lt;!&#8211; [et_pb_line_break_holder] &#8211;&gt; &lt;div class=&quot;displayblock&quot; style=&quot;width: 400px;&quot;&gt;&lt;!&#8211; [et_pb_line_break_holder] &#8211;&gt; &lt;input type=&quot;text&quot; name=&quot;CustomFields[497]&quot; class=&quot;CustomFields_497_51&quot; value=&quot;&quot; size=&quot;50&quot; placeholder=&quot;Mobil Nummer&quot;&gt;&lt;!&#8211; [et_pb_line_break_holder] &#8211;&gt; &lt;\/div&gt;&lt;!&#8211; [et_pb_line_break_holder] &#8211;&gt; &lt;div class=&quot;displayblock sec_step_but&quot;&gt;&lt;!&#8211; [et_pb_line_break_holder] &#8211;&gt; &lt;input id=&quot;step2&quot; type=&quot;button&quot; value=&quot;Ja tak &#8211; lad mig pr\u00f8ve!&quot; class=&quot;button1 trial-btn-blue&quot; style=&quot;background:#09cd6f!important;&quot;&gt;&lt;!&#8211; [et_pb_line_break_holder] &#8211;&gt; &lt;\/div&gt;&lt;!&#8211; [et_pb_line_break_holder] &#8211;&gt; &lt;div&gt;&lt;!&#8211; [et_pb_line_break_holder] &#8211;&gt; &lt;div style=&quot;display: none;&quot; id=&quot;alertSpan&quot;&gt;&lt;!&#8211; [et_pb_line_break_holder] &#8211;&gt; &lt;span style=&quot;color: red;&quot;&gt;Du skal udfylde alle felter&lt;\/span&gt;&lt;!&#8211; [et_pb_line_break_holder] &#8211;&gt; &lt;\/div&gt;&lt;!&#8211; [et_pb_line_break_holder] &#8211;&gt; &lt;\/div&gt;&lt;!&#8211; [et_pb_line_break_holder] &#8211;&gt; &lt;div&gt;&lt;!&#8211; [et_pb_line_break_holder] &#8211;&gt; &lt;div style=&quot;display: none;&quot; id=&quot;alertEmailSpan&quot;&gt;&lt;!&#8211; [et_pb_line_break_holder] &#8211;&gt; &lt;span style=&quot;color: red;&quot;&gt;Indtast din e-mailadresse&lt;\/span&gt;&lt;!&#8211; [et_pb_line_break_holder] &#8211;&gt; &lt;\/div&gt;&lt;!&#8211; [et_pb_line_break_holder] &#8211;&gt; &lt;\/div&gt;&lt;!&#8211; [et_pb_line_break_holder] &#8211;&gt; &lt;\/div&gt;&lt;!&#8211; [et_pb_line_break_holder] &#8211;&gt; &lt;\/div&gt;&lt;!&#8211; [et_pb_line_break_holder] &#8211;&gt;&lt;\/div&gt;[\/et_pb_code][\/et_pb_column][\/et_pb_row][\/et_pb_section]<\/p>\n","protected":false},"excerpt":{"rendered":"<p>Eksisterende kunder fastholder du bedst med intelligente nyhedsbreve Udsendt som pressemeddelelse den 05. marts 2014 Det er v\u00e6sentlig billigere, at s\u00e6lge mere til eksisterende kunder. Det er en gammel sandhed, som n\u00e6rmest er blevet til et ordsprog blandt s\u00e6lgere. Ved at lytte til dine kunders adf\u00e6rd, kvalificerer din virksomhed salgsprocessen. H\u00f8rer du til dem der [&hellip;]<\/p>\n","protected":false},"author":50,"featured_media":0,"parent":4520,"menu_order":0,"comment_status":"closed","ping_status":"closed","template":"","meta":{"_et_pb_use_builder":"on","_et_pb_old_content":"<em>Udsendt som pressemeddelelse den 05. marts 2014<\/em>\r\n\r\nDet er v\u00e6sentlig billigere, at s\u00e6lge mere til eksisterende kunder. Det er en gammel sandhed, som n\u00e6rmest er blevet til et ordsprog blandt s\u00e6lgere. Ved at lytte til dine kunders adf\u00e6rd, kvalificerer din virksomhed salgsprocessen. H\u00f8rer du til dem der tror p\u00e5 held, kan det bedst sammenlignes med at have ansat F\u00e6tter H\u00f8jben som s\u00e6lger.\r\n\r\nNyhedsbreve er igen l\u00f8bet med prisen, i en stor international unders\u00f8gelse, som den markedsf\u00f8ringsform der giver den bedste ROI. I forhold til at sikre genk\u00f8b er nyhedsbreve unik. Ingen anden markedsf\u00f8ringsmetode giver samme muligheder for intelligent opf\u00f8lgning - endog til en mikroskopisk kontaktpris pr modtager.\r\n<h4><b>Et B2B eksempel - handel mellem virksomheder<\/b><\/h4>\r\nProfessionelle k\u00f8b er kendetegnet ved h\u00f8je ordrev\u00e6rdier og et stort potentiale for genk\u00f8b. S\u00e5dan er det for de fleste brancher. Samtidig er antallet af kunder begr\u00e6nset. Sammenholdt giver det en h\u00f8j v\u00e6rdi af den enkelte kunde. Derfor er grundlaget for intelligent mersalg b\u00e5ret af f\u00e5, men meget v\u00e6rdifulde kunder.\r\n\r\nForestil dig din mail indeholder information om et nyt produkt, din virksomhed er ved at introducere. Du sender et nyhedsbrev afsted med det nye produkt. Mailen linker til din hjemmeside, hvor der er mere information. N\u00e5r din kunde klikker p\u00e5 linket, registrerer MarketingPlatform handlingen. Klikket kan enten oms\u00e6ttes alene til en begivenhed i statistikken, eller berige kundens profil med en interesseregistrering - m\u00e5ske i kombination med en automatiseret opf\u00f8lgning.\r\n\r\nOpf\u00f8lgningen kunne ogs\u00e5 v\u00e6re manuel, hvor MarketingPlatform tilf\u00f8jer interesserede kunder til en s\u00e6rlig opf\u00f8lgningsliste eller notificerer den ansvarlige s\u00e6lger.\r\n<h4><b>Et B2C eksempel - salg til private<\/b><\/h4>\r\nSalg til private er omvendt ofte kendetegnet ved relativt sm\u00e5 ordrest\u00f8rrelser, mens m\u00e5lgruppen kan v\u00e6re enorm. En enorm, n\u00e6rmest uudt\u00f8mmelig kundegruppe, stiller store krav til dataopsamlingen og evnen til at segmentere modtagerne. Til det form\u00e5l har MarketingPlatform flere typer af segmenteringsmuligheder, der kan opdele modtagerne efter geografi, deres engagement i de udsendte mails og ethvert felt p\u00e5 modtagernes profil. Et felt kan v\u00e6re produktinteresser med data p\u00e5 virksomhedens produktgrupper, ja\/nej information som feks er vedkommende kunde eller ej - og lignende datas\u00e6t der giver mening.\r\n\r\nFor at fastholde eksisterende kunder skal den rigtige balance mellem frekvens og relevans findes. Det nytter ikke noget at sende emails hver dag, hvis mailen ikke opleves som relevant af modtageren. Et godt tilbud er ikke nok, til at f\u00e5 forbrugerne op af stolen. Det skal opleves tilpasset og meget relevant for den enkelte. \"Det er slet ikke nogen nem \u00f8velse\", fort\u00e6ller Kim \u00d8stergaard der fort\u00e6ller at netop denne udfordring er grunden til virksomheden har lavet Relevant Content funktionen.\r\n<h4><b>Email Marketing har \u00e6ndret sig<\/b><\/h4>\r\nForventningerne hos modtagerne betyder, at email marketing gradvist \u00e6ndrer sig fra one to all mod one to one kommunikation. Forventningerne s\u00e6ttes naturligvis af frontl\u00f8berne, men ogs\u00e5 den teknologiske fremmarch, med en computer i hver lomme, skubber til forventningerne om hvad der er muligt.\r\n\r\nDen professionelle afsender mangler nu at forst\u00e5 den nye dagsorden, at forst\u00e5 de nye muligheder og adaptere dem i virksomhederne. \"De st\u00f8rste virksomheder er p\u00e5 vej, mens de mellemstore ikke har opdaget mulighederne\", konkluderer Kim \u00d8stergaard og fort\u00e6ller at MarketingPlatform stiller de avancerede v\u00e6rkt\u00f8jer til r\u00e5dighed fra 200 kr pr m\u00e5ned.","_et_gb_content_width":"","footnotes":""},"categories":[],"tags":[],"yst_prominent_words":[451,4878,4904,92,174,2816,4883,77,81,2812,175,4907,4920,1012,2815,87,124,4871,2811,198],"_links":{"self":[{"href":"https:\/\/marketingplatform.com\/da\/wp-json\/wp\/v2\/pages\/4576"}],"collection":[{"href":"https:\/\/marketingplatform.com\/da\/wp-json\/wp\/v2\/pages"}],"about":[{"href":"https:\/\/marketingplatform.com\/da\/wp-json\/wp\/v2\/types\/page"}],"author":[{"embeddable":true,"href":"https:\/\/marketingplatform.com\/da\/wp-json\/wp\/v2\/users\/50"}],"replies":[{"embeddable":true,"href":"https:\/\/marketingplatform.com\/da\/wp-json\/wp\/v2\/comments?post=4576"}],"version-history":[{"count":0,"href":"https:\/\/marketingplatform.com\/da\/wp-json\/wp\/v2\/pages\/4576\/revisions"}],"up":[{"embeddable":true,"href":"https:\/\/marketingplatform.com\/da\/wp-json\/wp\/v2\/pages\/4520"}],"wp:attachment":[{"href":"https:\/\/marketingplatform.com\/da\/wp-json\/wp\/v2\/media?parent=4576"}],"wp:term":[{"taxonomy":"category","embeddable":true,"href":"https:\/\/marketingplatform.com\/da\/wp-json\/wp\/v2\/categories?post=4576"},{"taxonomy":"post_tag","embeddable":true,"href":"https:\/\/marketingplatform.com\/da\/wp-json\/wp\/v2\/tags?post=4576"},{"taxonomy":"yst_prominent_words","embeddable":true,"href":"https:\/\/marketingplatform.com\/da\/wp-json\/wp\/v2\/yst_prominent_words?post=4576"}],"curies":[{"name":"wp","href":"https:\/\/api.w.org\/{rel}","templated":true}]}}