{"id":4572,"date":"2017-04-04T12:49:14","date_gmt":"2017-04-04T10:49:14","guid":{"rendered":"https:\/\/marketingplatform.com\/?page_id=4572\/"},"modified":"2018-12-17T14:39:29","modified_gmt":"2018-12-17T13:39:29","slug":"danske-virksomheder-mister-salg","status":"publish","type":"page","link":"https:\/\/marketingplatform.com\/da\/artikler-presse\/danske-virksomheder-mister-salg\/","title":{"rendered":"Danske virksomheder mister salg med sl\u00f8rede billeder p\u00e5 de nye smartphones og h\u00f8jtopl\u00f8ste sk\u00e6rme"},"content":{"rendered":"<p>[et_pb_section fb_built=&#8221;1&#8243; admin_label=&#8221;section&#8221; _builder_version=&#8221;3.0.74&#8243; transparent_background=&#8221;off&#8221;][et_pb_row admin_label=&#8221;row&#8221; _builder_version=&#8221;3.0.47&#8243; background_size=&#8221;initial&#8221; background_position=&#8221;top_left&#8221; background_repeat=&#8221;repeat&#8221;][et_pb_column type=&#8221;4_4&#8243; _builder_version=&#8221;3.0.47&#8243; parallax=&#8221;off&#8221; parallax_method=&#8221;on&#8221;][et_pb_text _builder_version=&#8221;3.0.106&#8243; background_size=&#8221;initial&#8221; background_position=&#8221;top_left&#8221; background_repeat=&#8221;repeat&#8221; use_border_color=&#8221;off&#8221;]<\/p>\n<h1>Sl\u00f8rede billeder p\u00e5 de nye smartphones og h\u00f8jtopl\u00f8ste sk\u00e6rme<\/h1>\n<p><strong>Mister din virksomhed ogs\u00e5 salg, fordi billederne ikke er gode nok til de nye smartphones og h\u00f8jtopl\u00f8ste sk\u00e6rme?\u00a0<\/strong><\/p>\n<p><strong>Nogle ser verden i en h\u00f8j opl\u00f8sning p\u00e5 deres smartphone eller computer. Andre har en mere almindelig sk\u00e6rmopl\u00f8sning &#8211; det kr\u00e6ver 2 forskellige versioner af samme billede.<\/strong><\/p>\n<p>Apple har d\u00f8bt h\u00f8jtopl\u00f8ste sk\u00e6rme, hvor hver enkelt pixel er usynlig for det menneskelige \u00f8je, for Retina opl\u00f8sning. Hvis der ikke tages specielle hensyn til den ekstra h\u00f8je opl\u00f8sning, giver det sl\u00f8rede billeder.<\/p>\n<p>Hos danske MarketingPlatform har de automatiseret den h\u00f8jtopl\u00f8ste variant af billedet. &#8220;Vi skaber automatisk en ekstra version af billederne vore kunder tilf\u00f8jer til systemet&#8221;, fort\u00e6ller grundl\u00e6gger Kim \u00d8stergaard. Det h\u00f8jtopl\u00f8ste billede vises kun, hvis modtageren af nyhedsbrevet har Apple\u2019s Retina sk\u00e6rm (som bl.a. er standard p\u00e5 alle iPhone, red.) eller en sk\u00e6rm med en tilsvarende h\u00f8j opl\u00f8sning.<\/p>\n<p>&nbsp;<\/p>\n<h4>Billeder i nyhedsbreve betyder noget for salget<\/h4>\n<p>Forestil dig et nyhedsbrev uden billeder. Det ville ikke rigtigt v\u00e6re et nyhedsbrev, og magien ville v\u00e6re v\u00e6k. \u00c5bningsraterne ville styrtdykke og klikraterne v\u00e6re n\u00e6sten ikke eksisterende.<\/p>\n<p>Man kan popul\u00e6rt sige at forskellen mellem en normal mail &#8211; og et nyhedsbrev &#8211; det er billederne og den flotte ops\u00e6tning. Derudover naturligvis alle de kommunikative forskelle.<\/p>\n<p>Kvaliteten af billederne betyder noget for vores lyst til at k\u00f8be. Flere amerikanske, engelske og kinesiske unders\u00f8gelser taler entydigt sit klare sprog. Unders\u00f8gelserne sl\u00e5r fast at knivskarpe billeder s\u00e6lger varen omkring 10% bedre end gennemsnitlige billeder. &#8220;Det tal kan vore kunder oms\u00e6tte i kroner og \u00f8rer, derfor er det vigtigt for os at levere denne innovative l\u00f8sning&#8221;, forts\u00e6tter Kim \u00d8stergaard.<\/p>\n<p>Nyhedsbreve helt uden billeder s\u00e6lger omkring 40% d\u00e5rlige end gennemsnitlige nyhedsbreve med billeder. I dag \u00e5bner 59% af alle modtagere deres nyhedsbreve p\u00e5 en smartphone eller tablet. Et tal der er vokset med eksplosive 10% p\u00e5 bare 3 m\u00e5neder (tal fra april 2014, et statistisk gennemsnit p\u00e5 tv\u00e6rs af alle MarketingPlatform\u2019s danske kunder).<\/p>\n<p>&nbsp;<\/p>\n<h4>Responsive nyhedsbreve version 3.0<\/h4>\n<p>De fleste danske virksomheder sender stadig nyhedsbreve, der ikke skalerer indholdet intelligent, n\u00e5r mailen \u00e5bnes p\u00e5 en smartphone. Og mister p\u00e5 den konto megen awareness og oms\u00e6tning.<\/p>\n<p>Den intelligente skalering kaldes for responsive p\u00e5 engelsk. Konkret betyder det, at indholdet i nyhedsbrevet tilpasser sig sk\u00e6rmst\u00f8rrelsen. Moduler med f.eks. et billede og tekst i samme afsnit, vil blive vist med billedet \u00f8verst og teksten under.<\/p>\n<p>&#8220;Vi giver kunderne mulighed for at v\u00e6lge specielle skriftst\u00f8rrelser til mobilen, de kan ogs\u00e5 designe en helt anden top eller bund af nyhedsbrevet, og meget snart differentiere indholdet fuldst\u00e6ndig &#8211; vi stopper med andre ord ikke ved den intelligente tilpasning til smartphone&#8221;, konkluderer Kim \u00d8stergaard fra MarketingPlatform.<\/p>\n<p>&nbsp;<\/p>\n<h4>Fakta om virksomheden<\/h4>\n<p>MarketingPlatform servicerer 1.500 danske virksomheder, og et mindre antal i resten af Norden og Tyskland. Blandt referencerne er Billetlugen, BoConcept, Dansk Autohj\u00e6lp, DB Schenker, Egmont, Giv Blod, Kop &amp; Kande, Kvik, Mr., Sampension og Telia.<br \/>\n[\/et_pb_text][\/et_pb_column][\/et_pb_row][\/et_pb_section][et_pb_section fb_built=&#8221;1&#8243; _builder_version=&#8221;3.16.1&#8243; background_color=&#8221;#dee7f1&#8243; global_module=&#8221;19033&#8243;][et_pb_row _builder_version=&#8221;3.0.48&#8243; background_size=&#8221;initial&#8221; background_position=&#8221;top_left&#8221; background_repeat=&#8221;repeat&#8221;][et_pb_column type=&#8221;4_4&#8243; _builder_version=&#8221;3.0.47&#8243; parallax=&#8221;off&#8221; parallax_method=&#8221;on&#8221;][et_pb_text _builder_version=&#8221;3.16.1&#8243; text_orientation=&#8221;center&#8221; custom_margin=&#8221;||15px|&#8221;]<\/p>\n<h2>Pr\u00f8v MarketingPlatform gratis i 14 dage<\/h2>\n<p>Pr\u00f8veperioden er gratis, helt uforpligtende og udl\u00f8ber efter 14 dage, hvis du ikke \u00f8nsker at forts\u00e6tte.<br \/>Ved tilmelding modtager du samtidig vores uddannelsesflow p\u00e5 en serie af mails \u2013 og vores nyhedsbrev.<\/p>\n<p>[\/et_pb_text][et_pb_code _builder_version=&#8221;3.16.1&#8243; custom_margin=&#8221;0px||10px|&#8221; custom_padding=&#8221;|||&#8221;]&lt;script src=&quot;https:\/\/ajax.googleapis.com\/ajax\/libs\/jquery\/1.11.3\/jquery.min.js&quot;&gt;&lt;\/script&gt;&lt;!&#8211; [et_pb_line_break_holder] &#8211;&gt;&lt;script src=&quot;https:\/\/marketingplatform.com\/js\/sign-up-dk-home-top-updated.js&quot;&gt;&lt;\/script&gt;&lt;!&#8211; [et_pb_line_break_holder] &#8211;&gt;&lt;!&#8211; [et_pb_line_break_holder] &#8211;&gt;&lt;script src=&quot;https:\/\/marketingplatform.com\/js\/trafficSourceTracker.js&quot;&gt;&lt;\/script&gt;&lt;!&#8211; [et_pb_line_break_holder] &#8211;&gt;&lt;script&gt;&lt;!&#8211; [et_pb_line_break_holder] &#8211;&gt;trafficSrcCookie.setCookie(); &lt;!&#8211; [et_pb_line_break_holder] &#8211;&gt;&lt;\/script&gt;&lt;!&#8211; [et_pb_line_break_holder] &#8211;&gt;&lt;div class=&quot;myForm&quot;&gt;&lt;!&#8211; [et_pb_line_break_holder] &#8211;&gt; &lt;div class=&quot;sign_up&quot;&gt;&lt;!&#8211; [et_pb_line_break_holder] &#8211;&gt; &lt;div class=&quot;step1 text-box step_fir&quot;&gt;&lt;!&#8211; [et_pb_line_break_holder] &#8211;&gt; &lt;div class=&quot;displayblock&quot;&gt;&lt;!&#8211; [et_pb_line_break_holder] &#8211;&gt; &lt;input type=&quot;text&quot; name=&quot;email&quot; class=&quot;emailvalue&quot; placeholder=&quot;Indtast din e-mailadresse&quot; style=&quot;margin-right:10px;&quot;&gt;&lt;!&#8211; [et_pb_line_break_holder] &#8211;&gt; &lt;\/div&gt;&lt;!&#8211; [et_pb_line_break_holder] &#8211;&gt; &lt;div class=&quot;displayblock&quot;&gt;&lt;!&#8211; [et_pb_line_break_holder] &#8211;&gt; &lt;input type=&quot;button&quot; value=&quot;Ja tak &#8211; lad mig pr\u00f8ve!&quot; class=&quot;button trial-btn-blue step1btn&quot; style=&quot;background:#09cd6f!important;&quot;&gt;&lt;!&#8211; [et_pb_line_break_holder] &#8211;&gt; &lt;\/div&gt;&lt;!&#8211; [et_pb_line_break_holder] &#8211;&gt; &lt;\/div&gt;&lt;!&#8211; [et_pb_line_break_holder] &#8211;&gt; &lt;div class=&quot;step2 text-box&quot; style=&quot;display: none;&quot;&gt;&lt;\/div&gt;&lt;!&#8211; [et_pb_line_break_holder] &#8211;&gt; &lt;div class=&quot;step2 text-box &quot; style=&quot;display: none;&quot;&gt;&lt;!&#8211; [et_pb_line_break_holder] &#8211;&gt; &lt;div class=&quot;displayblock&quot; style=&quot;width: 400px;&quot;&gt;&lt;!&#8211; [et_pb_line_break_holder] &#8211;&gt; &lt;input type=&quot;text&quot; name=&quot;CustomFields[496]&quot; class=&quot;CustomFields_496_51&quot; value=&quot;&quot; size=&quot;50&quot; placeholder=&quot;Firmanavn&quot;&gt;&lt;!&#8211; [et_pb_line_break_holder] &#8211;&gt; &lt;\/div&gt;&lt;!&#8211; [et_pb_line_break_holder] &#8211;&gt; &lt;div class=&quot;displayblock&quot; style=&quot;width: 400px;&quot;&gt;&lt;!&#8211; [et_pb_line_break_holder] &#8211;&gt; &lt;input type=&quot;text&quot; name=&quot;CustomFields[2]&quot; class=&quot;CustomFields_2_51&quot; value=&quot;&quot; size=&quot;50&quot; placeholder=&quot;Dit Navn&quot;&gt;&lt;!&#8211; [et_pb_line_break_holder] &#8211;&gt; &lt;\/div&gt;&lt;!&#8211; [et_pb_line_break_holder] &#8211;&gt; &lt;div class=&quot;displayblock&quot; style=&quot;width: 400px;&quot;&gt;&lt;!&#8211; [et_pb_line_break_holder] &#8211;&gt; &lt;input type=&quot;text&quot; name=&quot;CustomFields[497]&quot; class=&quot;CustomFields_497_51&quot; value=&quot;&quot; size=&quot;50&quot; placeholder=&quot;Mobil Nummer&quot;&gt;&lt;!&#8211; [et_pb_line_break_holder] &#8211;&gt; &lt;\/div&gt;&lt;!&#8211; [et_pb_line_break_holder] &#8211;&gt; &lt;div class=&quot;displayblock sec_step_but&quot;&gt;&lt;!&#8211; [et_pb_line_break_holder] &#8211;&gt; &lt;input id=&quot;step2&quot; type=&quot;button&quot; value=&quot;Ja tak &#8211; lad mig pr\u00f8ve!&quot; class=&quot;button1 trial-btn-blue&quot; style=&quot;background:#09cd6f!important;&quot;&gt;&lt;!&#8211; [et_pb_line_break_holder] &#8211;&gt; &lt;\/div&gt;&lt;!&#8211; [et_pb_line_break_holder] &#8211;&gt; &lt;div&gt;&lt;!&#8211; [et_pb_line_break_holder] &#8211;&gt; &lt;div style=&quot;display: none;&quot; id=&quot;alertSpan&quot;&gt;&lt;!&#8211; [et_pb_line_break_holder] &#8211;&gt; &lt;span style=&quot;color: red;&quot;&gt;Du skal udfylde alle felter&lt;\/span&gt;&lt;!&#8211; [et_pb_line_break_holder] &#8211;&gt; &lt;\/div&gt;&lt;!&#8211; [et_pb_line_break_holder] &#8211;&gt; &lt;\/div&gt;&lt;!&#8211; [et_pb_line_break_holder] &#8211;&gt; &lt;div&gt;&lt;!&#8211; [et_pb_line_break_holder] &#8211;&gt; &lt;div style=&quot;display: none;&quot; id=&quot;alertEmailSpan&quot;&gt;&lt;!&#8211; [et_pb_line_break_holder] &#8211;&gt; &lt;span style=&quot;color: red;&quot;&gt;Indtast din e-mailadresse&lt;\/span&gt;&lt;!&#8211; [et_pb_line_break_holder] &#8211;&gt; &lt;\/div&gt;&lt;!&#8211; [et_pb_line_break_holder] &#8211;&gt; &lt;\/div&gt;&lt;!&#8211; [et_pb_line_break_holder] &#8211;&gt; &lt;\/div&gt;&lt;!&#8211; [et_pb_line_break_holder] &#8211;&gt; &lt;\/div&gt;&lt;!&#8211; [et_pb_line_break_holder] &#8211;&gt;&lt;\/div&gt;[\/et_pb_code][\/et_pb_column][\/et_pb_row][\/et_pb_section]<\/p>\n","protected":false},"excerpt":{"rendered":"<p>Sl\u00f8rede billeder p\u00e5 de nye smartphones og h\u00f8jtopl\u00f8ste sk\u00e6rme Mister din virksomhed ogs\u00e5 salg, fordi billederne ikke er gode nok til de nye smartphones og h\u00f8jtopl\u00f8ste sk\u00e6rme?\u00a0 Nogle ser verden i en h\u00f8j opl\u00f8sning p\u00e5 deres smartphone eller computer. Andre har en mere almindelig sk\u00e6rmopl\u00f8sning &#8211; det kr\u00e6ver 2 forskellige versioner af samme billede. Apple [&hellip;]<\/p>\n","protected":false},"author":50,"featured_media":0,"parent":4520,"menu_order":0,"comment_status":"closed","ping_status":"closed","template":"","meta":{"_et_pb_use_builder":"on","_et_pb_old_content":"<h3 style=\"line-height: 2em;\">Mister din virksomhed ogs\u00e5 salg, fordi billederne ikke er gode nok til de nye smartphones og h\u00f8jtopl\u00f8ste sk\u00e6rme?<\/h3>\r\n\u00a0\r\n<h4 style=\"line-height: 2em;\"><b>Nogle ser verden i en h\u00f8j opl\u00f8sning p\u00e5 deres smartphone eller computer. Andre har en mere almindelig sk\u00e6rmopl\u00f8sning - det kr\u00e6ver 2 forskellige versioner af samme billede. <\/b><\/h4>\r\nApple har d\u00f8bt h\u00f8jtopl\u00f8ste sk\u00e6rme, hvor hver enkelt pixel er usynlig for det menneskelige \u00f8je, for Retina opl\u00f8sning. Hvis der ikke tages specielle hensyn til den ekstra h\u00f8je opl\u00f8sning, giver det sl\u00f8rede billeder.\r\n\r\nHos danske MailPlatform har de automatiseret den h\u00f8jtopl\u00f8ste variant af billedet. \"Vi skaber automatisk en ekstra version af billederne vore kunder tilf\u00f8jer til systemet\", fort\u00e6ller grundl\u00e6gger Kim \u00d8stergaard. Det h\u00f8jtopl\u00f8ste billede vises kun, hvis modtageren af nyhedsbrevet har Apple\u2019s Retina sk\u00e6rm (som bl.a. er standard p\u00e5 alle iPhone, red.) eller en sk\u00e6rm med en tilsvarende h\u00f8j opl\u00f8sning.\r\n\r\n\u00a0\r\n<h4><b>Billeder i nyhedsbreve betyder noget for salget<\/b><\/h4>\r\nForestil dig et nyhedsbrev uden billeder. Det ville ikke rigtigt v\u00e6re et nyhedsbrev, og magien ville v\u00e6re v\u00e6k. \u00c5bningsraterne ville styrtdykke og klikraterne v\u00e6re n\u00e6sten ikke eksisterende.\r\n\r\nMan kan popul\u00e6rt sige at forskellen mellem en normal mail - og et nyhedsbrev - det er billederne og den flotte ops\u00e6tning. Derudover naturligvis alle de kommunikative forskelle.\r\n\r\nKvaliteten af billederne betyder noget for vores lyst til at k\u00f8be. Flere amerikanske, engelske og kinesiske unders\u00f8gelser taler entydigt sit klare sprog. Unders\u00f8gelserne sl\u00e5r fast at knivskarpe billeder s\u00e6lger varen omkring 10% bedre end gennemsnitlige billeder. \"Det tal kan vore kunder oms\u00e6tte i kroner og \u00f8rer, derfor er det vigtigt for os at levere denne innovative l\u00f8sning\", forts\u00e6tter Kim \u00d8stergaard.\r\n\r\nNyhedsbreve helt uden billeder s\u00e6lger omkring 40% d\u00e5rlige end gennemsnitlige nyhedsbreve med billeder. I dag \u00e5bner 59% af alle modtagere deres nyhedsbreve p\u00e5 en smartphone eller tablet. Et tal der er vokset med eksplosive 10% p\u00e5 bare 3 m\u00e5neder (tal fra april 2014, et statistisk gennemsnit p\u00e5 tv\u00e6rs af alle MailPlatform\u2019s danske kunder).\r\n\r\n\u00a0\r\n<h4><b>Responsive nyhedsbreve version 3.0<\/b><\/h4>\r\nDe fleste danske virksomheder sender stadig nyhedsbreve, der ikke skalerer indholdet intelligent, n\u00e5r mailen \u00e5bnes p\u00e5 en smartphone. Og mister p\u00e5 den konto megen awareness og oms\u00e6tning.\r\n\r\nDen intelligente skalering kaldes for responsive p\u00e5 engelsk. Konkret betyder det, at indholdet i nyhedsbrevet tilpasser sig sk\u00e6rmst\u00f8rrelsen. Moduler med f.eks. et billede og tekst i samme afsnit, vil blive vist med billedet \u00f8verst og teksten under.\r\n\r\n\"Vi giver kunderne mulighed for at v\u00e6lge specielle skriftst\u00f8rrelser til mobilen, de kan ogs\u00e5 designe en helt anden top eller bund af nyhedsbrevet, og meget snart differentiere indholdet fuldst\u00e6ndig - vi stopper med andre ord ikke ved den intelligente tilpasning til smartphone\", konkluderer Kim \u00d8stergaard fra MailPlatform.\r\n\r\n\u00a0\r\n<h4><b>Fakta om virksomheden<\/b><\/h4>\r\nMailPlatform servicerer 1.500 danske virksomheder, og et mindre antal i resten af Norden og Tyskland. Blandt referencerne er Billetlugen, BoConcept, Dansk Autohj\u00e6lp, DB Schenker, Egmont, Giv Blod, Kop & Kande, Kvik, Mr., Sampension og Telia.","_et_gb_content_width":"","footnotes":""},"categories":[],"tags":[],"yst_prominent_words":[4878,257,156,153,151,4883,4907,2836,78,162,87,157,154,152,159,4873,93,160,158,155],"_links":{"self":[{"href":"https:\/\/marketingplatform.com\/da\/wp-json\/wp\/v2\/pages\/4572"}],"collection":[{"href":"https:\/\/marketingplatform.com\/da\/wp-json\/wp\/v2\/pages"}],"about":[{"href":"https:\/\/marketingplatform.com\/da\/wp-json\/wp\/v2\/types\/page"}],"author":[{"embeddable":true,"href":"https:\/\/marketingplatform.com\/da\/wp-json\/wp\/v2\/users\/50"}],"replies":[{"embeddable":true,"href":"https:\/\/marketingplatform.com\/da\/wp-json\/wp\/v2\/comments?post=4572"}],"version-history":[{"count":0,"href":"https:\/\/marketingplatform.com\/da\/wp-json\/wp\/v2\/pages\/4572\/revisions"}],"up":[{"embeddable":true,"href":"https:\/\/marketingplatform.com\/da\/wp-json\/wp\/v2\/pages\/4520"}],"wp:attachment":[{"href":"https:\/\/marketingplatform.com\/da\/wp-json\/wp\/v2\/media?parent=4572"}],"wp:term":[{"taxonomy":"category","embeddable":true,"href":"https:\/\/marketingplatform.com\/da\/wp-json\/wp\/v2\/categories?post=4572"},{"taxonomy":"post_tag","embeddable":true,"href":"https:\/\/marketingplatform.com\/da\/wp-json\/wp\/v2\/tags?post=4572"},{"taxonomy":"yst_prominent_words","embeddable":true,"href":"https:\/\/marketingplatform.com\/da\/wp-json\/wp\/v2\/yst_prominent_words?post=4572"}],"curies":[{"name":"wp","href":"https:\/\/api.w.org\/{rel}","templated":true}]}}