{"id":4556,"date":"2017-04-04T12:18:45","date_gmt":"2017-04-04T10:18:45","guid":{"rendered":"https:\/\/marketingplatform.com\/?page_id=4556\/"},"modified":"2020-02-20T09:23:53","modified_gmt":"2020-02-20T08:23:53","slug":"godt-2013-danske-mailplatform","status":"publish","type":"page","link":"https:\/\/marketingplatform.com\/da\/artikler-presse\/godt-2013-danske-mailplatform\/","title":{"rendered":"Godt 2013 for danske eMailPlatform"},"content":{"rendered":"\n[et_pb_section fb_built=&#8221;1&#8243; admin_label=&#8221;section&#8221; _builder_version=&#8221;3.22.3&#8243;][et_pb_row admin_label=&#8221;row&#8221; _builder_version=&#8221;3.25&#8243; background_size=&#8221;initial&#8221; background_position=&#8221;top_left&#8221; background_repeat=&#8221;repeat&#8221;][et_pb_column type=&#8221;4_4&#8243; _builder_version=&#8221;3.25&#8243; custom_padding=&#8221;|||&#8221; custom_padding__hover=&#8221;|||&#8221;][et_pb_text admin_label=&#8221;Text&#8221; _builder_version=&#8221;4.0.2&#8243; background_size=&#8221;initial&#8221; background_position=&#8221;top_left&#8221; background_repeat=&#8221;repeat&#8221; hover_enabled=&#8221;0&#8243; use_border_color=&#8221;off&#8221; border_color=&#8221;#ffffff&#8221; border_style=&#8221;solid&#8221;]<h1>Godt 2013 for danske eMailPlatform<\/h1>\n<h4>G\u00e5r fra egenkapital p\u00e5 godt 90.000 til over 1.250.000 i sit andet regnskabs\u00e5r. Grundl\u00e6ggeren bruger termen yderst tilfreds i det netop aflagte regnskab.<\/h4>\n<p class=\"p4\"><span class=\"s1\">Der findes ikke mange lignende virksomheder i Vejen, endsige i Danmark, der udvikler software som s\u00e6lges p\u00e5 abonnement, og har taget udspring midt i en finanskrise. Vejen ligger placeret i Sydjylland midt i trekantsomr\u00e5det n\u00e6r Kolding. <\/span><\/p>\n<p class=\"p4\"><span class=\"s1\">eMailPlatform besk\u00e6ftiger 11 mand, hvor hovedparten sidder p\u00e5 Balkan i firmaets udviklingsafdeling. I Danmark sidder foruden supportere ogs\u00e5 bogholderi og grundl\u00e6gger Kim \u00d8stergaard. &#8220;Firmaet startede som et ribben i min konsulentforretning, hvor en r\u00e6kke store kunder akut manglede en l\u00f8sning grundet en konkurs i branchen&#8221;, fort\u00e6ller Kim \u00d8stergaard. Han er stolt over, at firmaets to f\u00f8rste kunder, isenkr\u00e6mmerk\u00e6den Kop &amp; Kande og den b\u00f8rsnoterede m\u00f8belkoncern BoConcept stadig anvender l\u00f8sningen fra Vejen firmaet. <\/span><\/p>\n<p class=\"p4\"><span class=\"s1\">I regnskabet fremg\u00e5r det, at ledelsen er yderst tilfreds med sidste \u00e5rs resultat, samt at indev\u00e6rende \u00e5r vil give en mangedobling af resultaterne. Direkte forespurgt \u00f8nsker Kim \u00d8stergaard ikke at oplyse hverken oms\u00e6tning eller konkrete forventninger til 2014. Det vigtigste for ham er, at v\u00e6ksten ikke g\u00e5r udover den personlige opstartsr\u00e5dgivning. Ambitionerne om v\u00e6kst r\u00e6kker langt udover landets gr\u00e6nser. \u201ceMailPlatform og vores relaterede brands, skal v\u00e6re markedsledende i Europa indenfor intelligent automatiseret email marketing\u201d.<\/span><\/p>\n<p class=\"p4\"><span class=\"s1\">eMailPlatform g\u00e5r fra en egenkapital p\u00e5 godt 90.000 efter det f\u00f8rst regnskabs\u00e5r, til over 1.250.000 efter regnskabs\u00e5ret 2013. Selskabet investerer langt hovedparten af indtjeningen p\u00e5 udviklingen af deres cloud l\u00f8sning.<\/span><\/p>\n<p>&nbsp;<\/p>\n<h4 class=\"p4\"><span class=\"s1\">Velg\u00f8renhed er en m\u00e6rkesag<\/span><\/h4>\n<p class=\"p4\"><span class=\"s1\">Siden opstarten er mange \u00f8vrige kunder kommet til. I dag har Vejen virksomheden mere end 1.500 danske kunder. Der er b\u00e5de opstartsvirksomheder, mellemstore, store virksomheder og internationale koncerner blandt referencerne. P\u00e5 listen er prominente navne som TNS-Gallup, Telia, Kvik, Egmont, Creativ Company, SOS International, Biletlugen og en r\u00e6kke non-profit organisationer som Lions, Rotary, DGI og Dansk Center for Torturofre. S\u00e6rligt non-profit organisationerne gl\u00e6der grundl\u00e6ggeren. De er alle en del af eMailPlatform&#8217;s velg\u00f8renhedsprogram. Ingen af disse humanit\u00e6re- eller velg\u00f8rende organisationer betaler for l\u00f8sningen.<\/span><\/p>\n<p class=\"p4\"><span class=\"s1\">&#8220;Vi giver penge, tid og vores l\u00f8sning til udsendelse af nyhedsbreve, til non-profit organisationer der er godkendt af SKAT eller opfylder kriterierne for non-profit (se <a href=\"https:\/\/marketingplatform.com\/da\/non-profit\">https:\/\/marketingplatform.com\/da\/non-profit<\/a>). Det er allerede blevet til mange donationer, og flere af de helt store kendte organisationer er ved at skifte til os&#8221;, fort\u00e6ller en tydelig stolt Kim \u00d8stergaard. Det at hj\u00e6lpe andre mennesker, s\u00e5 de kan hj\u00e6lpe mere, har skabt et s\u00e6rligt sammenhold i organisationen hos eMailPlatform. I forbindelse med oversv\u00f8mmelserne p\u00e5 Balkan, var det udviklingsafdelingen, der k\u00f8bte og organiserede transport af n\u00f8dhj\u00e6lp til deres broderfolk.<\/span><\/p>\n<p>&nbsp;<\/p>\n<h4 class=\"p4\"><span class=\"s1\">Udvikling i hastigt tempo<\/span><\/h4>\n<p class=\"p4\"><span class=\"s1\">Hver m\u00e5ned lanceres der nye funktioner, der er med til at flytte produktet. Alene i 2013 blev der lagt over 12.000 udviklingstimer i eMailPlatform. M\u00e5let for virksomheden er, at bide skeer med de helt store amerikanske l\u00f8sninger, der ofte koster 10 til 20 gange s\u00e5 meget som den danske l\u00f8sning. Konkurrenterne er ikke de lette selvbetjeningsl\u00f8sninger, der byder p\u00e5 langt mindre funktionalitet, men en priss\u00e6tning der mere ligner eMailPlatforms.<\/span><\/p>\n<p class=\"p4\"><span class=\"s1\">Selv ser firmaet ikke goliat i form af Responsys, der er ejet af Oracle, som vanskelige at konkurrere imod. &#8220;Vi har respekt for dem, men tager flere kunder, der kan lide vores enkelthed, den konstante udvikling af l\u00f8sningen og naturligvis den attraktive priss\u00e6tning&#8221;, forts\u00e6tter grundl\u00e6ggeren af eMailPlatform, Kim \u00d8stergaard. Prism\u00e6ssigt starter eMailPlatform p\u00e5 50 kr pr m\u00e5ned, men de fleste kunder betaler v\u00e6sentligt mere. Mange kunder sender mellem 2-10.000.000 mails om m\u00e5neden, hvilket placerer virksomheden som en af Danmarks st\u00f8rste afsendere af nyhedsbreve. <\/span><\/p>\n<p>&nbsp;<\/p>\n<h4 class=\"p4\"><span class=\"s1\">Fremtiden, produktet og landene<\/span><\/h4>\n<p class=\"p4\"><span class=\"s1\">eMailPlatform er lige nu repr\u00e6senteret i Danmark, Sverige, Norge og delvist i Tyskland og Polen. Internationalisering er ikke noget der bare klares med et pennestr\u00f8g. Indenfor levering af nyhedsbreve, email marketing, er det vigtigt at kunne levere til indbakken. Derfor har virksomheden udviklet MailRating der automatisk spotter en &#8220;svindler&#8221;, en kunde med d\u00e5rlige data. <\/span><\/p>\n<p class=\"p4\"><span class=\"s1\">&#8220;Vi har en meget h\u00f8j grad af automation, der optimerer leveringen af kundernes kampagner. Uden dette ville vi ikke kunne vokse s\u00e5 hurtigt, og samtidigt levere varen til alles tilfredshed&#8221;, konkluderer Kim \u00d8stergaard der underbygger p\u00e5standen af de mange flotte anmeldelser p\u00e5 Trustpilot. <\/span><\/p>\n<p class=\"p4\"><span class=\"s1\">&#8220;Kunderne m\u00e5 gerne synes alle mulige mystiske ting om os, men ingen m\u00e5 have oplevet d\u00e5rlig leveringsevne, service eller support. Det er en m\u00e6rkesag, at alle kunder bliver hjulpet personligt gratis i gang. Og vi tager telefonen n\u00e5r man ringer&#8221;, fort\u00e6ller iv\u00e6rks\u00e6tteren der har arbejdet med online siden 1998.<\/span><\/p>\n<p class=\"p4\"><span class=\"s1\">eMailPlatform er det man p\u00e5 dansk vil kalde for en dialogplatform. Men l\u00f8sningen er ogs\u00e5 en email marketing l\u00f8sning, en marketing automation machine og en integrationsplatform for ecommerce. <\/span><\/p>\n<p class=\"p4\"><span class=\"s1\">De mange forkortelser er egentlig underordnede for kunderne. De \u00f8nsker en l\u00f8sning, der skaber v\u00e6rdi og dermed \u00f8get afs\u00e6tning. &#8220;Vi kan reagere p\u00e5 modtagernes adf\u00e6rd, hvad de g\u00f8r i et nyhedsbrev, hvor de kommer fra, om de k\u00f8ber noget eller ikke g\u00f8r, om de er s\u00e6rligt aktive og alle disse ting i kombination &#8211; og meget meget mere&#8221;, afrunder Kim \u00d8stergaard interviewet med at konkludere. I hans \u00f8jne er det summen af detaljen, der afg\u00f8r vinderen indenfor de fleste brancher. <\/span><\/p>\n<p>&nbsp;<\/p>\n<h4 class=\"p4\"><span class=\"s1\">Om Kim \u00d8stergaard <\/span><\/h4>\n<p class=\"p4\"><span class=\"s1\">Tidligere var Kim \u00d8stergaard ansvarlig for opbygningen af Bestseller koncernens online forretninger, med-stifter af TrendyBaby og endnu tidligere en af pioneerne med salg af computere p\u00e5 nettet. <\/span><\/p>\n<p class=\"p4\"><span class=\"s3\"><a href=\"https:\/\/www.linkedin.com\/in\/kimostergaard\">https:\/\/www.linkedin.com\/in\/kimostergaard<\/a><\/span><\/p>\n<p class=\"p4\"><span class=\"s1\">Kim (38) er gift med Rikke og sammen har de b\u00f8rnene Laura, Lucas og L\u00e6rke. Rikke arbejder ogs\u00e5 indenfor online med salg af produkter til m\u00f8dre fra siden babypynt.dk.<\/span><\/p>\n[\/et_pb_text][\/et_pb_column][\/et_pb_row][\/et_pb_section][et_pb_section fb_built=&#8221;1&#8243; custom_padding_last_edited=&#8221;on|phone&#8221; module_class=&#8221;ressourcer-signup&#8221; _builder_version=&#8221;4.0.2&#8243; background_color=&#8221;#dee7f1&#8243; custom_padding=&#8221;7%||&#8221; custom_padding_tablet=&#8221;12%||||false|false&#8221; custom_padding_phone=&#8221;17%||||false|false&#8221; top_divider_style=&#8221;asymmetric2&#8243; top_divider_color=&#8221;#ffffff&#8221; top_divider_height=&#8221;60px&#8221; global_module=&#8221;19033&#8243;][et_pb_row _builder_version=&#8221;3.25&#8243; background_size=&#8221;initial&#8221; background_position=&#8221;top_left&#8221; background_repeat=&#8221;repeat&#8221; custom_margin=&#8221;||10px&#8221; custom_padding=&#8221;||10px&#8221;][et_pb_column type=&#8221;4_4&#8243; _builder_version=&#8221;3.25&#8243; custom_padding=&#8221;|||&#8221; custom_padding__hover=&#8221;|||&#8221;][et_pb_text _builder_version=&#8221;4.0.2&#8243; text_orientation=&#8221;center&#8221; hover_enabled=&#8221;0&#8243;]<h2 style=\"font-style: normal;\">Pr\u00f8v MarketingPlatform gratis i 14 dage<\/h2>\n<p style=\"font-style: normal;\">Pr\u00f8veperioden er gratis, helt uforpligtende og udl\u00f8ber efter 14 dage, hvis du ikke \u00f8nsker at forts\u00e6tte.<br \/> Ved tilmelding modtager du samtidig vores uddannelsesflow p\u00e5 en serie af mails \u2013 og vores nyhedsbrev.<\/p>\n[\/et_pb_text][\/et_pb_column][\/et_pb_row][et_pb_row _builder_version=&#8221;4.0.2&#8243;][et_pb_column type=&#8221;4_4&#8243; _builder_version=&#8221;4.0.2&#8243;][et_pb_code _builder_version=&#8221;4.0.2&#8243; text_orientation=&#8221;center&#8221;]<a href=\"https:\/\/marketingplatform.com\/da\/gratis-proeveversion\/\" class=\"green-btn2\" style=\"background:#09cd6f; padding:18px 60px; margin-bottom:10px!important;\">Pr\u00f8v os gratis nu<\/a> <a href=\"https:\/\/marketingplatform.com\/da\/book-emailplatform-demo\/\" class=\"green-btn2\" style=\"background:#0daae2; padding:18px 70px;\">Book demo<\/a>[\/et_pb_code][\/et_pb_column][\/et_pb_row][et_pb_row _builder_version=&#8221;4.0.2&#8243; max_width=&#8221;768px&#8221; custom_margin=&#8221;15px||0px||false|false&#8221; custom_padding=&#8221;0px||0px&#8221; use_custom_width=&#8221;on&#8221; custom_width_px=&#8221;768px&#8221;][et_pb_column type=&#8221;4_4&#8243; _builder_version=&#8221;3.25&#8243; custom_padding=&#8221;|||&#8221; custom_padding__hover=&#8221;|||&#8221;][et_pb_code _builder_version=&#8221;4.0.2&#8243;]<div class=\"awards-align\" ><!-- [et_pb_line_break_holder] --><div style=\"float:left; width:14%; text-align:right;   margin-right: 2%;\"><!-- [et_pb_line_break_holder] --><img decoding=\"async\" src=\"https:\/\/marketingplatform.com\/wp-content\/uploads\/2020\/01\/primotours.png\" width=\"56\" style=\"margin:10px 20px 20px 0px;\"><!-- [et_pb_line_break_holder] --><\/div><!-- [et_pb_line_break_holder] --><div style=\"float:left; width:20%; text-align:center;    margin-right: 4%;\"><!-- [et_pb_line_break_holder] --><img decoding=\"async\" src=\"https:\/\/marketingplatform.com\/wp-content\/uploads\/2019\/11\/med24-gray.png\" width=\"100\" style=\"margin:20px 0px 20px 10px;\"><!-- [et_pb_line_break_holder] --><\/div><!-- [et_pb_line_break_holder] --><div style=\"float:left; width:18%;    margin-right: 1%;\"><!-- [et_pb_line_break_holder] --><img decoding=\"async\" src=\"https:\/\/marketingplatform.com\/wp-content\/uploads\/2019\/08\/cykelpartner-logo.png\" width=\"180\" style=\"margin:29px 20px 20px 0px;\"><!-- [et_pb_line_break_holder] --><\/div><!-- [et_pb_line_break_holder] --><div style=\"float:left; width:20%; text-align:center;     margin-right: 1%;\"><!-- [et_pb_line_break_holder] --><img decoding=\"async\" src=\"https:\/\/marketingplatform.com\/wp-content\/uploads\/2019\/04\/aldi-grey.png\" width=\"50\" style=\"margin:10px 0px 20px 0px;\"><!-- [et_pb_line_break_holder] --><\/div><!-- [et_pb_line_break_holder] --><div style=\"float:left; width:18%;      margin-right: 2%;  text-align: center;\"><!-- [et_pb_line_break_holder] --><img decoding=\"async\" src=\"https:\/\/marketingplatform.com\/wp-content\/uploads\/2019\/02\/verisure-logo.png\" width=\"120\" style=\"margin:18px 0px 20px 0px;\"><!-- [et_pb_line_break_holder] --><\/div><!-- [et_pb_line_break_holder] --><\/div>[\/et_pb_code][\/et_pb_column][\/et_pb_row][\/et_pb_section]\n","protected":false},"excerpt":{"rendered":"<p>Godt 2013 for danske eMailPlatform G\u00e5r fra egenkapital p\u00e5 godt 90.000 til over 1.250.000 i sit andet regnskabs\u00e5r. Grundl\u00e6ggeren bruger termen yderst tilfreds i det netop aflagte regnskab. Der findes ikke mange lignende virksomheder i Vejen, endsige i Danmark, der udvikler software som s\u00e6lges p\u00e5 abonnement, og har taget udspring midt i en finanskrise. Vejen [&hellip;]<\/p>\n","protected":false},"author":50,"featured_media":0,"parent":4520,"menu_order":0,"comment_status":"closed","ping_status":"closed","template":"","meta":{"_et_pb_use_builder":"on","_et_pb_old_content":"<h2 style=\"line-height:2em;\"><b>G\u00e5r fra egenkapital p\u00e5 godt 90.000 til over 1.250.000 i sit andet regnskabs\u00e5r. Grundl\u00e6ggeren bruger termen yderst tilfreds i det netop aflagte regnskab.<\/b><\/h2>\r\n<p class=\"p4\"><span class=\"s1\">Der findes ikke mange lignende virksomheder i Vejen, endsige i Danmark, der udvikler software som s\u00e6lges p\u00e5 abonnement, og har taget udspring midt i en finanskrise. Vejen ligger placeret i Sydjylland midt i trekantsomr\u00e5det n\u00e6r Kolding. <\/span><\/p>\r\n<p class=\"p4\"><span class=\"s1\">MarketingPlatform besk\u00e6ftiger 11 mand, hvor hovedparten sidder p\u00e5 Balkan i firmaets udviklingsafdeling. I Danmark sidder foruden supportere ogs\u00e5 bogholderi og grundl\u00e6gger Kim \u00d8stergaard. \"Firmaet startede som et ribben i min konsulentforretning, hvor en r\u00e6kke store kunder akut manglede en l\u00f8sning grundet en konkurs i branchen\", fort\u00e6ller Kim \u00d8stergaard. Han er stolt over, at firmaets to f\u00f8rste kunder, isenkr\u00e6mmerk\u00e6den Kop & Kande og den b\u00f8rsnoterede m\u00f8belkoncern BoConcept stadig anvender l\u00f8sningen fra Vejen firmaet. <\/span><\/p>\r\n<p class=\"p4\"><span class=\"s1\">I regnskabet fremg\u00e5r det, at ledelsen er yderst tilfreds med sidste \u00e5rs resultat, samt at indev\u00e6rende \u00e5r vil give en mangedobling af resultaterne. Direkte forespurgt \u00f8nsker Kim \u00d8stergaard ikke at oplyse hverken oms\u00e6tning eller konkrete forventninger til 2014. Det vigtigste for ham er, at v\u00e6ksten ikke g\u00e5r udover den personlige opstartsr\u00e5dgivning. Ambitionerne om v\u00e6kst r\u00e6kker langt udover landets gr\u00e6nser. \u201cMarketingPlatform og vores relaterede brands, skal v\u00e6re markedsledende i Europa indenfor intelligent automatiseret email marketing\u201d.<\/span><\/p>\r\n<p class=\"p4\"><span class=\"s1\">MarketingPlatform g\u00e5r fra en egenkapital p\u00e5 godt 90.000 efter det f\u00f8rst regnskabs\u00e5r, til over 1.250.000 efter regnskabs\u00e5ret 2013. Selskabet investerer langt hovedparten af indtjeningen p\u00e5 udviklingen af deres cloud l\u00f8sning.<\/span><\/p>\r\n\r\n<h3 class=\"p4\"><span class=\"s1\"><b>Velg\u00f8renhed er en m\u00e6rkesag<\/b><\/span><\/h3>\r\n<p class=\"p4\"><span class=\"s1\">Siden opstarten er mange \u00f8vrige kunder kommet til. I dag har Vejen virksomheden mere end 1.500 danske kunder. Der er b\u00e5de opstartsvirksomheder, mellemstore, store virksomheder og internationale koncerner blandt referencerne. P\u00e5 listen er prominente navne som TNS-Gallup, Telia, Kvik, Egmont, Creativ Company, SOS International, Biletlugen og en r\u00e6kke non-profit organisationer som Lions, Rotary, DGI og Dansk Center for Torturofre. S\u00e6rligt non-profit organisationerne gl\u00e6der grundl\u00e6ggeren. De er alle en del af MarketingPlatform's velg\u00f8renhedsprogram. Ingen af disse humanit\u00e6re- eller velg\u00f8rende organisationer betaler for l\u00f8sningen.<\/span><\/p>\r\n<p class=\"p4\"><span class=\"s1\">\"Vi giver penge, tid og vores l\u00f8sning til udsendelse af nyhedsbreve, til non-profit organisationer der er godkendt af SKAT eller opfylder kriterierne for non-profit (se <a href=\"https:\/\/mailplatform.dk\/non-profit\"><span class=\"s2\">https:\/\/mailplatform.dk\/non-profit<\/span><\/a>). Det er allerede blevet til mange donationer, og flere af de helt store kendte organisationer er ved at skifte til os\", fort\u00e6ller en tydelig stolt Kim \u00d8stergaard. Det at hj\u00e6lpe andre mennesker, s\u00e5 de kan hj\u00e6lpe mere, har skabt et s\u00e6rligt sammenhold i organisationen hos MarketingPlatform. I forbindelse med oversv\u00f8mmelserne p\u00e5 Balkan, var det udviklingsafdelingen, der k\u00f8bte og organiserede transport af n\u00f8dhj\u00e6lp til deres broderfolk.<\/span><\/p>\r\n\r\n<h3 class=\"p4\"><span class=\"s1\"><b>Udvikling i hastigt tempo<\/b><\/span><\/h3>\r\n<p class=\"p4\"><span class=\"s1\">Hver m\u00e5ned lanceres der nye funktioner, der er med til at flytte produktet. Alene i 2013 blev der lagt over 12.000 udviklingstimer i MarketingPlatform. M\u00e5let for virksomheden er, at bide skeer med de helt store amerikanske l\u00f8sninger, der ofte koster 10 til 20 gange s\u00e5 meget som den danske l\u00f8sning. Konkurrenterne er ikke de lette selvbetjeningsl\u00f8sninger, der byder p\u00e5 langt mindre funktionalitet, men en priss\u00e6tning der mere ligner MarketingPlatforms.<\/span><\/p>\r\n<p class=\"p4\"><span class=\"s1\">Selv ser firmaet ikke goliat i form af Responsys, der er ejet af Oracle, som vanskelige at konkurrere imod. \"Vi har respekt for dem, men tager flere kunder, der kan lide vores enkelthed, den konstante udvikling af l\u00f8sningen og naturligvis den attraktive priss\u00e6tning\", forts\u00e6tter grundl\u00e6ggeren af MarketingPlatform, Kim \u00d8stergaard. Prism\u00e6ssigt starter MarketingPlatform p\u00e5 50 kr pr m\u00e5ned, men de fleste kunder betaler v\u00e6sentligt mere. Mange kunder sender mellem 2-10.000.000 mails om m\u00e5neden, hvilket placerer virksomheden som en af Danmarks st\u00f8rste afsendere af nyhedsbreve. <\/span><\/p>\r\n\r\n<h3 class=\"p4\"><span class=\"s1\"><b>Fremtiden, produktet og landene<\/b><\/span><\/h3>\r\n<p class=\"p4\"><span class=\"s1\">MarketingPlatform er lige nu repr\u00e6senteret i Danmark, Sverige, Norge og delvist i Tyskland og Polen. Internationalisering er ikke noget der bare klares med et pennestr\u00f8g. Indenfor levering af nyhedsbreve, email marketing, er det vigtigt at kunne levere til indbakken. Derfor har virksomheden udviklet MailRating der automatisk spotter en \"svindler\", en kunde med d\u00e5rlige data. <\/span><\/p>\r\n<p class=\"p4\"><span class=\"s1\">\"Vi har en meget h\u00f8j grad af automation, der optimerer leveringen af kundernes kampagner. Uden dette ville vi ikke kunne vokse s\u00e5 hurtigt, og samtidigt levere varen til alles tilfredshed\", konkluderer Kim \u00d8stergaard der underbygger p\u00e5standen af de mange flotte anmeldelser p\u00e5 Trustpilot. <\/span><\/p>\r\n<p class=\"p4\"><span class=\"s1\">\"Kunderne m\u00e5 gerne synes alle mulige mystiske ting om os, men ingen m\u00e5 have oplevet d\u00e5rlig leveringsevne, service eller support. Det er en m\u00e6rkesag, at alle kunder bliver hjulpet personligt gratis i gang. Og vi tager telefonen n\u00e5r man ringer\", fort\u00e6ller iv\u00e6rks\u00e6tteren der har arbejdet med online siden 1998.<\/span><\/p>\r\n<p class=\"p4\"><span class=\"s1\">MarketingPlatform er det man p\u00e5 dansk vil kalde for en dialogplatform. Men l\u00f8sningen er ogs\u00e5 en email marketing l\u00f8sning, en marketing automation machine og en integrationsplatform for ecommerce. <\/span><\/p>\r\n<p class=\"p4\"><span class=\"s1\">De mange forkortelser er egentlig underordnede for kunderne. De \u00f8nsker en l\u00f8sning, der skaber v\u00e6rdi og dermed \u00f8get afs\u00e6tning. \"Vi kan reagere p\u00e5 modtagernes adf\u00e6rd, hvad de g\u00f8r i et nyhedsbrev, hvor de kommer fra, om de k\u00f8ber noget eller ikke g\u00f8r, om de er s\u00e6rligt aktive og alle disse ting i kombination - og meget meget mere\", afrunder Kim \u00d8stergaard interviewet med at konkludere. I hans \u00f8jne er det summen af detaljen, der afg\u00f8r vinderen indenfor de fleste brancher. <\/span><\/p>\r\n\r\n<h3 class=\"p4\"><span class=\"s1\"><b>Om Kim \u00d8stergaard <\/b><\/span><\/h3>\r\n<p class=\"p4\"><span class=\"s1\">Tidligere var Kim \u00d8stergaard ansvarlig for opbygningen af Bestseller koncernens online forretninger, med-stifter af TrendyBaby og endnu tidligere en af pioneerne med salg af computere p\u00e5 nettet. <\/span><\/p>\r\n<p class=\"p4\"><span class=\"s3\"><a href=\"https:\/\/www.linkedin.com\/in\/kimostergaard\">https:\/\/www.linkedin.com\/in\/kimostergaard<\/a><\/span><\/p>\r\n<p class=\"p4\"><span class=\"s1\">Kim (38) er gift med Rikke og sammen har de b\u00f8rnene Laura, Lucas og L\u00e6rke. Rikke arbejder ogs\u00e5 indenfor online med salg af produkter til m\u00f8dre fra siden <a href=\"https:\/\/babypynt.dk\"><span class=\"s2\">babypynt.dk<\/span><\/a>. <\/span><\/p>","_et_gb_content_width":"","footnotes":""},"categories":[],"tags":[],"yst_prominent_words":[4878,176,4910,173,4905,174,170,169,175,4907,4872,177,172,87,4871,14858,4873,171,4881,178],"_links":{"self":[{"href":"https:\/\/marketingplatform.com\/da\/wp-json\/wp\/v2\/pages\/4556"}],"collection":[{"href":"https:\/\/marketingplatform.com\/da\/wp-json\/wp\/v2\/pages"}],"about":[{"href":"https:\/\/marketingplatform.com\/da\/wp-json\/wp\/v2\/types\/page"}],"author":[{"embeddable":true,"href":"https:\/\/marketingplatform.com\/da\/wp-json\/wp\/v2\/users\/50"}],"replies":[{"embeddable":true,"href":"https:\/\/marketingplatform.com\/da\/wp-json\/wp\/v2\/comments?post=4556"}],"version-history":[{"count":2,"href":"https:\/\/marketingplatform.com\/da\/wp-json\/wp\/v2\/pages\/4556\/revisions"}],"predecessor-version":[{"id":51585,"href":"https:\/\/marketingplatform.com\/da\/wp-json\/wp\/v2\/pages\/4556\/revisions\/51585"}],"up":[{"embeddable":true,"href":"https:\/\/marketingplatform.com\/da\/wp-json\/wp\/v2\/pages\/4520"}],"wp:attachment":[{"href":"https:\/\/marketingplatform.com\/da\/wp-json\/wp\/v2\/media?parent=4556"}],"wp:term":[{"taxonomy":"category","embeddable":true,"href":"https:\/\/marketingplatform.com\/da\/wp-json\/wp\/v2\/categories?post=4556"},{"taxonomy":"post_tag","embeddable":true,"href":"https:\/\/marketingplatform.com\/da\/wp-json\/wp\/v2\/tags?post=4556"},{"taxonomy":"yst_prominent_words","embeddable":true,"href":"https:\/\/marketingplatform.com\/da\/wp-json\/wp\/v2\/yst_prominent_words?post=4556"}],"curies":[{"name":"wp","href":"https:\/\/api.w.org\/{rel}","templated":true}]}}