{"id":4539,"date":"2017-04-04T11:42:51","date_gmt":"2017-04-04T09:42:51","guid":{"rendered":"https:\/\/marketingplatform.com\/?page_id=4539\/"},"modified":"2020-05-13T09:45:30","modified_gmt":"2020-05-13T07:45:30","slug":"marketingplatform-anvender-deres-1-1-1-model-for-velgorenhed","status":"publish","type":"page","link":"https:\/\/marketingplatform.com\/da\/artikler-presse\/marketingplatform-anvender-deres-1-1-1-model-for-velgorenhed\/","title":{"rendered":"MarketingPlatform anvender deres 1-1-1 model for velg\u00f8renhed i arbejdet med, at hj\u00e6lpe ofrene for vandmasserne p\u00e5 Balkan"},"content":{"rendered":"<p>[et_pb_section fb_built=&#8221;1&#8243; admin_label=&#8221;section&#8221; _builder_version=&#8221;3.22&#8243; transparent_background=&#8221;off&#8221;][et_pb_row admin_label=&#8221;row&#8221; _builder_version=&#8221;3.25&#8243; background_size=&#8221;initial&#8221; background_position=&#8221;top_left&#8221; background_repeat=&#8221;repeat&#8221;][et_pb_column type=&#8221;4_4&#8243; _builder_version=&#8221;3.25&#8243; custom_padding=&#8221;|||&#8221; custom_padding__hover=&#8221;|||&#8221;][et_pb_text _builder_version=&#8221;3.27.4&#8243;]<\/p>\n<h1>MarketingPlatform hj\u00e6lper ofrene for vandmasserne p\u00e5 Balkan<\/h1>\n<p>[\/et_pb_text][\/et_pb_column][\/et_pb_row][et_pb_row column_structure=&#8221;1_3,2_3&#8243; _builder_version=&#8221;4.4.0&#8243;][et_pb_column type=&#8221;1_3&#8243; _builder_version=&#8221;4.4.0&#8243;][et_pb_image src=&#8221;https:\/\/marketingplatform.com\/wp-content\/uploads\/2017\/04\/MailPlatform-aid-to-balkan-e1401096081974-300&#215;225-e1497348737252.jpg&#8221; align_tablet=&#8221;center&#8221; align_phone=&#8221;&#8221; align_last_edited=&#8221;on|desktop&#8221; _builder_version=&#8221;4.4.0&#8243;][\/et_pb_image][\/et_pb_column][et_pb_column type=&#8221;2_3&#8243; _builder_version=&#8221;4.4.0&#8243;][et_pb_text _builder_version=&#8221;4.4.0&#8243; background_size=&#8221;initial&#8221; background_position=&#8221;top_left&#8221; background_repeat=&#8221;repeat&#8221; use_border_color=&#8221;off&#8221; border_color=&#8221;#ffffff&#8221; border_style=&#8221;solid&#8221;]R\u00f8de Kors var hurtigt ude med opslag om, hvad der manglede akut i Serbien. &#8220;Fordi hele indsatsen med det samme var enormt velorganiseret, og vi var overbeviste om, at n\u00f8dhj\u00e6lpen ville komme frem og g\u00f8re en forskel, reagerede vi samme dag og kanaliserede midler til ofrene for de massive vandmasser&#8221;, fort\u00e6ller grundl\u00e6gger af MarketingPlatform, Kim \u00d8stergaard.<\/p>\n<p>Udviklingsafdelingen, der t\u00e6ller fem medarbejdere, fik ogs\u00e5 frihed til at anvende arbejdstiden til at indk\u00f8be n\u00f8dhj\u00e6lp og hj\u00e6lpe med koordineringen.<\/p>\n<p class=\"p1\"><span class=\"s1\">P\u00e5 billedet er tre af afdelingens medarbejdere, Stefan, Viktor og Neno, igang med at l\u00e6sse en varebil med flaskevand, der k\u00f8res ekspres til en af de h\u00e5rdeste ramte omr\u00e5der i Serbien. <\/p>\n<p>Det danske firmas udviklingsafdeling ligger placeret i Makedonien, t\u00e6t p\u00e5 den serbiske gr\u00e6nse.<\/span><\/p>\n<p>[\/et_pb_text][\/et_pb_column][\/et_pb_row][et_pb_row column_structure=&#8221;1_5,1_5,1_5,1_5,1_5&#8243; _builder_version=&#8221;4.4.0&#8243; global_module=&#8221;55033&#8243; saved_tabs=&#8221;all&#8221;][et_pb_column type=&#8221;1_5&#8243; _builder_version=&#8221;4.4.0&#8243;][et_pb_image src=&#8221;https:\/\/marketingplatform.com\/wp-content\/uploads\/2017\/02\/giv-blood.png&#8221; _builder_version=&#8221;4.4.0&#8243; max_width_tablet=&#8221;85%&#8221; max_width_phone=&#8221;50%&#8221; max_width_last_edited=&#8221;on|tablet&#8221; module_alignment=&#8221;center&#8221; custom_margin=&#8221;-10px||||false|false&#8221;][\/et_pb_image][\/et_pb_column][et_pb_column type=&#8221;1_5&#8243; _builder_version=&#8221;4.4.0&#8243;][et_pb_image src=&#8221;https:\/\/marketingplatform.com\/wp-content\/uploads\/2018\/10\/aeldre-sagen.png&#8221; _builder_version=&#8221;4.4.0&#8243; max_width_tablet=&#8221;90%&#8221; max_width_phone=&#8221;60%&#8221; max_width_last_edited=&#8221;on|phone&#8221; module_alignment=&#8221;center&#8221; custom_padding=&#8221;20px||||false|false&#8221; custom_padding_tablet=&#8221;|20px|||false|false&#8221; custom_padding_phone=&#8221;|||10px|false|false&#8221; custom_padding_last_edited=&#8221;on|tablet&#8221;][\/et_pb_image][\/et_pb_column][et_pb_column type=&#8221;1_5&#8243; _builder_version=&#8221;4.4.0&#8243;][et_pb_image src=&#8221;https:\/\/marketingplatform.com\/wp-content\/uploads\/2017\/02\/lion.png&#8221; _builder_version=&#8221;4.4.0&#8243; max_width=&#8221;100%&#8221; max_width_tablet=&#8221;90%&#8221; max_width_phone=&#8221;50%&#8221; max_width_last_edited=&#8221;on|phone&#8221; module_alignment=&#8221;center&#8221; custom_margin=&#8221;-10px||||false|false&#8221;][\/et_pb_image][\/et_pb_column][et_pb_column type=&#8221;1_5&#8243; _builder_version=&#8221;4.4.0&#8243;][et_pb_image src=&#8221;https:\/\/marketingplatform.com\/wp-content\/uploads\/2018\/10\/red-barnet-logo.png&#8221; _builder_version=&#8221;4.4.0&#8243; max_width_tablet=&#8221;80%&#8221; max_width_phone=&#8221;60%&#8221; max_width_last_edited=&#8221;on|phone&#8221; module_alignment=&#8221;center&#8221;][\/et_pb_image][\/et_pb_column][et_pb_column type=&#8221;1_5&#8243; _builder_version=&#8221;4.4.0&#8243;][et_pb_image src=&#8221;https:\/\/marketingplatform.com\/wp-content\/uploads\/2018\/02\/lunge.png&#8221; _builder_version=&#8221;4.4.0&#8243; max_width_tablet=&#8221;80%&#8221; max_width_phone=&#8221;60%&#8221; max_width_last_edited=&#8221;on|tablet&#8221; module_alignment=&#8221;center&#8221; custom_padding=&#8221;|||20px|false|false&#8221; custom_padding_tablet=&#8221;&#8221; custom_padding_phone=&#8221;&#8221; custom_padding_last_edited=&#8221;on|tablet&#8221;][\/et_pb_image][\/et_pb_column][\/et_pb_row][\/et_pb_section][et_pb_section fb_built=&#8221;1&#8243; _builder_version=&#8221;4.4.0&#8243; background_color=&#8221;#dee7f1&#8243; custom_padding=&#8221;0px||0px||false|false&#8221;][et_pb_row _builder_version=&#8221;4.4.0&#8243;][et_pb_column type=&#8221;4_4&#8243; _builder_version=&#8221;4.4.0&#8243;][et_pb_text _builder_version=&#8221;4.4.0&#8243; background_enable_color=&#8221;off&#8221; text_orientation=&#8221;center&#8221; custom_padding=&#8221;40px|40px|40px|40px|false|false&#8221;]<\/p>\n<p><img decoding=\"async\" loading=\"lazy\" src=\"https:\/\/mk0emailplatforhkej9.kinstacdn.com\/wp-content\/uploads\/2017\/02\/Kim-%C3%98stergaard.png\" width=\"100\" height=\"100\" alt=\"\" class=\"wp-image-22881 aligncenter size-medium\" \/><\/p>\n<p><em>\u201cJeg har altid fundet stor gl\u00e6de ved at hj\u00e6lpe andre mennesker &#8211; med MarketingPlatform er muligheden der i st\u00f8rre skala.\u201d<br \/><\/em><b>Kim \u00d8stergaard, grundl\u00e6gger og ejer af MarketingPlatform<\/b><\/p>\n<p>[\/et_pb_text][et_pb_text _builder_version=&#8221;4.4.0&#8243; background_size=&#8221;initial&#8221; background_position=&#8221;top_left&#8221; background_repeat=&#8221;repeat&#8221; text_orientation=&#8221;center&#8221; use_border_color=&#8221;off&#8221; border_color=&#8221;#ffffff&#8221; border_style=&#8221;solid&#8221;]<\/p>\n<p><img decoding=\"async\" loading=\"lazy\" src=\"https:\/\/mk0emailplatforhkej9.kinstacdn.com\/wp-content\/uploads\/2017\/02\/Nebojsa.png\" width=\"100\" height=\"100\" alt=\"\" class=\"wp-image-22881 aligncenter size-medium\" \/><\/p>\n<p><span style=\"line-height: 2em;\"><em>&#8220;Det skete ganske t\u00e6t p\u00e5 os, hos vores broderfolk i Serbien, og kaldte virkeligt p\u00e5 vores lyst til at hj\u00e6lpe&#8221;,<\/em><b><br \/>\nfort\u00e6ller Neno Angelov der er udviklingsdirekt\u00f8r i MarketingPlatform.<br \/>\n<\/b><\/span>[\/et_pb_text][\/et_pb_column][\/et_pb_row][\/et_pb_section][et_pb_section fb_built=&#8221;1&#8243; _builder_version=&#8221;4.4.0&#8243;][et_pb_row column_structure=&#8221;2_3,1_3&#8243; admin_label=&#8221;row&#8221; _builder_version=&#8221;4.4.0&#8243; background_size=&#8221;initial&#8221; background_position=&#8221;top_left&#8221; background_repeat=&#8221;repeat&#8221;][et_pb_column type=&#8221;2_3&#8243; _builder_version=&#8221;3.25&#8243; custom_padding=&#8221;|||&#8221; custom_padding__hover=&#8221;|||&#8221;][et_pb_text _builder_version=&#8221;4.4.0&#8243; background_size=&#8221;initial&#8221; background_position=&#8221;top_left&#8221; background_repeat=&#8221;repeat&#8221; use_border_color=&#8221;off&#8221; border_color=&#8221;#ffffff&#8221; border_style=&#8221;solid&#8221;]<\/p>\n<h2>Velg\u00f8renhed p\u00e5 agendaen<\/h2>\n<p class=\"p1\"><span class=\"s1\">Der var ingen tvivl hos udviklerne i MarketingPlatform, hvor vidt der skulle investeres i at hj\u00e6lpe deres nabolande. Selvom sporene fra halvfemserne stadig er friske i erindringen, er de for en stund slettede fra &#8220;harddisken&#8221; og 1-1-1 modellen taget i anvendelse. De tre ettaller betyder donation af MarketingPlatform l\u00f8sningen til udsendelse af nyhedsbreve, donation af penge og m\u00e5ske vigtigst for f\u00e6llesskabsf\u00f8lelsen; at arbejdstiden anvendes direkte til velg\u00f8renhed. <\/span><\/p>\n<p class=\"p1\"><span class=\"s1\">&#8220;I tilf\u00e6ldet med oversv\u00f8mmelseskatastrofen kunne vi desv\u00e6rre ikke donere vores markedsledende l\u00f8sning til udsendelse af nyhedsbreve, men gl\u00e6der os over at have doneret tid og penge, der har udm\u00f8ntet sig i hurtig n\u00f8dhj\u00e6lp &#8211; som en del af en st\u00f8rre indsats i samarbejde med en af verdens f\u00f8rende n\u00f8dhj\u00e6lpsorganisationer&#8221;, beretter Kim \u00d8stergaard og komplimenteret af udviklingsdirekt\u00f8ren, der ikke havde troet de ville blive den f\u00f8rste afdeling i MarketingPlatform til at anvende modellen for velg\u00f8renhed. <\/span><\/p>\n<p class=\"p1\"><span class=\"s1\">&#8220;Man kan sige, at naturkatastrofen har f\u00e5et os til at rykke t\u00e6ttere sammen p\u00e5 Balkan, og internt i firmaet skabt en bedre forst\u00e5else for hinandens virkelighed&#8221;, konkluderer udviklingsdirekt\u00f8ren. <\/span><\/p>\n<p>[\/et_pb_text][\/et_pb_column][et_pb_column type=&#8221;1_3&#8243; _builder_version=&#8221;3.25&#8243; custom_padding=&#8221;|||&#8221; custom_padding__hover=&#8221;|||&#8221;][et_pb_image src=&#8221;https:\/\/marketingplatform.com\/wp-content\/uploads\/2017\/04\/mailplatform-nonprofit-model.png&#8221; _builder_version=&#8221;4.4.0&#8243; hover_enabled=&#8221;0&#8243; custom_padding=&#8221;30px||||false|false&#8221;][\/et_pb_image][\/et_pb_column][\/et_pb_row][\/et_pb_section][et_pb_section fb_built=&#8221;1&#8243; custom_padding_last_edited=&#8221;on|phone&#8221; module_class=&#8221;ressourcer-signup&#8221; _builder_version=&#8221;4.0.2&#8243; background_color=&#8221;#dee7f1&#8243; custom_padding=&#8221;7%||&#8221; custom_padding_tablet=&#8221;12%||||false|false&#8221; custom_padding_phone=&#8221;17%||||false|false&#8221; top_divider_style=&#8221;asymmetric2&#8243; top_divider_color=&#8221;#ffffff&#8221; top_divider_height=&#8221;60px&#8221; global_module=&#8221;19033&#8243;][et_pb_row _builder_version=&#8221;3.25&#8243; background_size=&#8221;initial&#8221; background_position=&#8221;top_left&#8221; background_repeat=&#8221;repeat&#8221; custom_margin=&#8221;||10px&#8221; custom_padding=&#8221;||10px&#8221;][et_pb_column type=&#8221;4_4&#8243; _builder_version=&#8221;3.25&#8243; custom_padding=&#8221;|||&#8221; custom_padding__hover=&#8221;|||&#8221;][et_pb_text _builder_version=&#8221;4.0.2&#8243; text_orientation=&#8221;center&#8221;]<\/p>\n<h2 style=\"font-style: normal;\">Pr\u00f8v MarketingPlatform gratis i 14 dage<\/h2>\n<p style=\"font-style: normal;\">Pr\u00f8veperioden er gratis, helt uforpligtende og udl\u00f8ber efter 14 dage, hvis du ikke \u00f8nsker at forts\u00e6tte.<br \/> Ved tilmelding modtager du samtidig vores uddannelsesflow p\u00e5 en serie af mails \u2013 og vores nyhedsbrev.<\/p>\n<p>[\/et_pb_text][\/et_pb_column][\/et_pb_row][et_pb_row _builder_version=&#8221;4.0.2&#8243;][et_pb_column type=&#8221;4_4&#8243; _builder_version=&#8221;4.0.2&#8243;][et_pb_code _builder_version=&#8221;4.4.0&#8243; max_width=&#8221;50%&#8221; max_width_tablet=&#8221;100%&#8221; max_width_phone=&#8221;&#8221; max_width_last_edited=&#8221;on|phone&#8221; module_alignment=&#8221;center&#8221;]<a href=\"https:\/\/marketingplatform.com\/da\/book-emailplatform-demo\/\"><\/p>\n<div class=\"bookdemobtn\">Book demo<\/div>\n<p><\/a><!-- [et_pb_line_break_holder] --><a href=\"https:\/\/marketingplatform.com\/da\/gratis-proeveversion\/\"><\/p>\n<div class=\"signupbtn\">Pr\u00f8v os gratis<\/div>\n<p><\/a><!-- [et_pb_line_break_holder] --><\/p>\n<div class=\"clearfix\"><\/div>\n<p>[\/et_pb_code][\/et_pb_column][\/et_pb_row][et_pb_row _builder_version=&#8221;4.0.2&#8243; max_width=&#8221;768px&#8221; custom_margin=&#8221;15px||0px||false|false&#8221; custom_padding=&#8221;0px||0px&#8221; use_custom_width=&#8221;on&#8221; custom_width_px=&#8221;768px&#8221;][et_pb_column type=&#8221;4_4&#8243; _builder_version=&#8221;3.25&#8243; custom_padding=&#8221;|||&#8221; custom_padding__hover=&#8221;|||&#8221;][et_pb_code _builder_version=&#8221;4.0.2&#8243;]<\/p>\n<div class=\"awards-align\" ><!-- [et_pb_line_break_holder] --><\/p>\n<div style=\"float:left; width:14%; text-align:right;   margin-right: 2%;\"><!-- [et_pb_line_break_holder] --><img decoding=\"async\" src=\"https:\/\/marketingplatform.com\/wp-content\/uploads\/2020\/01\/primotours.png\" width=\"56\" style=\"margin:10px 20px 20px 0px;\"><!-- [et_pb_line_break_holder] --><\/div>\n<p><!-- [et_pb_line_break_holder] --><\/p>\n<div style=\"float:left; width:20%; text-align:center;    margin-right: 4%;\"><!-- [et_pb_line_break_holder] --><img decoding=\"async\" src=\"https:\/\/marketingplatform.com\/wp-content\/uploads\/2019\/11\/med24-gray.png\" width=\"100\" style=\"margin:20px 0px 20px 10px;\"><!-- [et_pb_line_break_holder] --><\/div>\n<p><!-- [et_pb_line_break_holder] --><\/p>\n<div style=\"float:left; width:18%;    margin-right: 1%;\"><!-- [et_pb_line_break_holder] --><img decoding=\"async\" src=\"https:\/\/marketingplatform.com\/wp-content\/uploads\/2019\/08\/cykelpartner-logo.png\" width=\"180\" style=\"margin:29px 20px 20px 0px;\"><!-- [et_pb_line_break_holder] --><\/div>\n<p><!-- [et_pb_line_break_holder] --><\/p>\n<div style=\"float:left; width:20%; text-align:center;     margin-right: 1%;\"><!-- [et_pb_line_break_holder] --><img decoding=\"async\" src=\"https:\/\/marketingplatform.com\/wp-content\/uploads\/2019\/04\/aldi-grey.png\" width=\"50\" style=\"margin:10px 0px 20px 0px;\"><!-- [et_pb_line_break_holder] --><\/div>\n<p><!-- [et_pb_line_break_holder] --><\/p>\n<div style=\"float:left; width:18%;      margin-right: 2%;  text-align: center;\"><!-- [et_pb_line_break_holder] --><img decoding=\"async\" src=\"https:\/\/marketingplatform.com\/wp-content\/uploads\/2019\/02\/verisure-logo.png\" width=\"120\" style=\"margin:18px 0px 20px 0px;\"><!-- [et_pb_line_break_holder] --><\/div>\n<p><!-- [et_pb_line_break_holder] --><\/div>\n<p>[\/et_pb_code][\/et_pb_column][\/et_pb_row][\/et_pb_section]<\/p>\n","protected":false},"excerpt":{"rendered":"<p>MarketingPlatform hj\u00e6lper ofrene for vandmasserne p\u00e5 Balkan R\u00f8de Kors var hurtigt ude med opslag om, hvad der manglede akut i Serbien. &#8220;Fordi hele indsatsen med det samme var enormt velorganiseret, og vi var overbeviste om, at n\u00f8dhj\u00e6lpen ville komme frem og g\u00f8re en forskel, reagerede vi samme dag og kanaliserede midler til ofrene for de [&hellip;]<\/p>\n","protected":false},"author":50,"featured_media":0,"parent":4520,"menu_order":0,"comment_status":"closed","ping_status":"closed","template":"","meta":{"_et_pb_use_builder":"on","_et_pb_old_content":"<h4><span style=\"line-height: 2em;\">\"Det skete ganske t\u00e6t p\u00e5 os, hos vores broderfolk i Serbien, og kaldte virkeligt p\u00e5 vores lyst til at hj\u00e6lpe\", fort\u00e6ller Neno Angelov der er udviklingsdirekt\u00f8r i MarketingPlatform. Det danske firmas udviklingsafdeling ligger placeret i Makedonien, t\u00e6t p\u00e5 den serbiske gr\u00e6nse.<\/span><\/h4>\r\n\u00a0\r\n<p class=\"p1\"><span class=\"s1\">R\u00f8de Kors var hurtigt ude med opslag om, hvad der manglede akut i Serbien. \"Fordi hele indsatsen med det samme var enormt velorganiseret, og vi var overbeviste om, at n\u00f8dhj\u00e6lpen ville komme frem og g\u00f8re en forskel, reagerede vi samme dag og kanaliserede midler til ofrene for de massive vandmasser\", fort\u00e6ller grundl\u00e6gger af MarketingPlatform, Kim \u00d8stergaard. <\/span><\/p>\r\n<p class=\"p1\"><span class=\"s1\">Udviklingsafdelingen, der t\u00e6ller fem medarbejdere, fik ogs\u00e5 frihed til at anvende arbejdstiden til at indk\u00f8be n\u00f8dhj\u00e6lp og hj\u00e6lpe med koordineringen. <\/span><\/p>\r\n<p class=\"p1\"><a href=\"https:\/\/marketingplatform.com\/wp-content\/uploads\/2017\/04\/MailPlatform-aid-to-balkan-e1401096091578.jpg\"><img class=\"wp-image-1961 size-full alignnone\" src=\"https:\/\/marketingplatform.com\/wp-content\/uploads\/2017\/04\/MailPlatform-aid-to-balkan-e1401096091578.jpg\" alt=\"MailPlatform-aid-to-balkan\" width=\"500\" height=\"375\" \/><\/a><\/p>\r\n<p class=\"p1\"><span class=\"s1\">P\u00e5 billedet er tre af afdelingens medarbejdere, Stefan, Viktor og Neno, igang med at l\u00e6sse en varebil med flaskevand, der k\u00f8res ekspres til en af de h\u00e5rdeste ramte omr\u00e5der i Serbien. <\/span><\/p>\r\n\r\n<h4 class=\"p1\"><span class=\"s1\"><b>Velg\u00f8renhed p\u00e5 agendaen<\/b><\/span><\/h4>\r\n<p class=\"p1\"><span class=\"s1\">Der var ingen tvivl hos udviklerne i MarketingPlatform, hvor vidt der skulle investeres i at hj\u00e6lpe deres nabolande. Selvom sporene fra halvfemserne stadig er friske i erindringen, er de for en stund slettede fra \"harddisken\" og 1-1-1 modellen taget i anvendelse. De tre ettaller betyder donation af MarketingPlatform l\u00f8sningen til udsendelse af nyhedsbreve, donation af penge og m\u00e5ske vigtigst for f\u00e6llesskabsf\u00f8lelsen; at arbejdstiden anvendes direkte til velg\u00f8renhed. <\/span><\/p>\r\n<p class=\"p1\"><span class=\"s1\">\"I tilf\u00e6ldet med oversv\u00f8mmelseskatastrofen kunne vi desv\u00e6rre ikke donere vores markedsledende l\u00f8sning til udsendelse af nyhedsbreve, men gl\u00e6der os over at have doneret tid og penge, der har udm\u00f8ntet sig i hurtig n\u00f8dhj\u00e6lp - som en del af en st\u00f8rre indsats i samarbejde med en af verdens f\u00f8rende n\u00f8dhj\u00e6lpsorganisationer\", beretter Kim \u00d8stergaard og komplimenteret af udviklingsdirekt\u00f8ren, der ikke havde troet de ville blive den f\u00f8rste afdeling i MarketingPlatform til at anvende modellen for velg\u00f8renhed. <\/span><\/p>\r\n<p class=\"p1\"><span class=\"s1\">\"Man kan sige, at naturkatastrofen har f\u00e5et os til at rykke t\u00e6ttere sammen p\u00e5 Balkan, og internt i firmaet skabt en bedre forst\u00e5else for hinandens virkelighed\", konkluderer udviklingsdirekt\u00f8ren. <\/span><\/p>","_et_gb_content_width":"","footnotes":""},"categories":[],"tags":[],"yst_prominent_words":[8959,4878,15072,176,4905,883,4907,882,87,13988,4873,187,225,4881,227,486,223,222,448,224],"_links":{"self":[{"href":"https:\/\/marketingplatform.com\/da\/wp-json\/wp\/v2\/pages\/4539"}],"collection":[{"href":"https:\/\/marketingplatform.com\/da\/wp-json\/wp\/v2\/pages"}],"about":[{"href":"https:\/\/marketingplatform.com\/da\/wp-json\/wp\/v2\/types\/page"}],"author":[{"embeddable":true,"href":"https:\/\/marketingplatform.com\/da\/wp-json\/wp\/v2\/users\/50"}],"replies":[{"embeddable":true,"href":"https:\/\/marketingplatform.com\/da\/wp-json\/wp\/v2\/comments?post=4539"}],"version-history":[{"count":5,"href":"https:\/\/marketingplatform.com\/da\/wp-json\/wp\/v2\/pages\/4539\/revisions"}],"predecessor-version":[{"id":56863,"href":"https:\/\/marketingplatform.com\/da\/wp-json\/wp\/v2\/pages\/4539\/revisions\/56863"}],"up":[{"embeddable":true,"href":"https:\/\/marketingplatform.com\/da\/wp-json\/wp\/v2\/pages\/4520"}],"wp:attachment":[{"href":"https:\/\/marketingplatform.com\/da\/wp-json\/wp\/v2\/media?parent=4539"}],"wp:term":[{"taxonomy":"category","embeddable":true,"href":"https:\/\/marketingplatform.com\/da\/wp-json\/wp\/v2\/categories?post=4539"},{"taxonomy":"post_tag","embeddable":true,"href":"https:\/\/marketingplatform.com\/da\/wp-json\/wp\/v2\/tags?post=4539"},{"taxonomy":"yst_prominent_words","embeddable":true,"href":"https:\/\/marketingplatform.com\/da\/wp-json\/wp\/v2\/yst_prominent_words?post=4539"}],"curies":[{"name":"wp","href":"https:\/\/api.w.org\/{rel}","templated":true}]}}