{"id":4537,"date":"2017-04-04T11:37:26","date_gmt":"2017-04-04T09:37:26","guid":{"rendered":"https:\/\/marketingplatform.com\/?page_id=4537\/"},"modified":"2020-02-28T09:24:47","modified_gmt":"2020-02-28T08:24:47","slug":"multi-channel-markedsforing-er-33-mere-effektivt","status":"publish","type":"page","link":"https:\/\/marketingplatform.com\/da\/artikler-presse\/multi-channel-markedsforing-er-33-mere-effektivt\/","title":{"rendered":"Multi-channel markedsf\u00f8ring er 33 % mere effektivt"},"content":{"rendered":"\n\n[et_pb_section fb_built=&#8221;1&#8243; admin_label=&#8221;section&#8221; _builder_version=&#8221;3.22&#8243; transparent_background=&#8221;off&#8221;][et_pb_row admin_label=&#8221;row&#8221; _builder_version=&#8221;3.25&#8243; background_size=&#8221;initial&#8221; background_position=&#8221;top_left&#8221; background_repeat=&#8221;repeat&#8221;][et_pb_column type=&#8221;4_4&#8243; _builder_version=&#8221;3.25&#8243; custom_padding=&#8221;|||&#8221; custom_padding__hover=&#8221;|||&#8221;][et_pb_text admin_label=&#8221;Text&#8221; _builder_version=&#8221;4.0.2&#8243; background_size=&#8221;initial&#8221; background_position=&#8221;top_left&#8221; background_repeat=&#8221;repeat&#8221; hover_enabled=&#8221;0&#8243; use_border_color=&#8221;off&#8221; border_color=&#8221;#ffffff&#8221; border_style=&#8221;solid&#8221;]<h1>Multi-channel markedsf\u00f8ring er 33 % mere effektivt<\/h1>\n<h3 style=\"line-height: 2em;\">Nye analyser hos danske eMailPlatform viser, at en kombination af e-mail-kampagner og SMS-kampagner, giver op til 33% mere udbytte af den samme kundebase<\/h3>\n<p>Frekvens, relevans og kanal er de 3 kendte begreber, der skal sammens\u00e6ttes i fremtidens markedsf\u00f8ringsstrategier. &#8220;Vi har analyseret data fra over 100 danske virksomheder, og ser en klar positiv reaktion ved anvendelsen af de 3 begreber i forening,&#8221; fort\u00e6ller Kim \u00d8stergaard, der har grundlagt eMailPlatform, og selv har 16 \u00e5rs erfaring som online k\u00f8bmand.<\/p>\n<h4>Frekvensen er noget man aftaler<\/h4>\n<p>Nogle firmaer sender flere mails dagligt til sine modtagere. Det er der ikke noget galt med, s\u00e5 l\u00e6nge det er indeholdt i &#8220;kontrakten&#8221; med modtagerne n\u00e5r de tilmelder sig. Dagens forbruger l\u00e6ser e-mails p\u00e5 mange enheder. Dermed er tolerancen for accept af en h\u00f8jere frekvens \u00f8get. Men har du noget nyt p\u00e5 hjertet, der retf\u00e6rdigg\u00f8r den h\u00f8jere frekvens? Hvis din frekvens overstiger 2 ugentlige mails stiger behovet for relevans eksponentielt. Dine modtagere vil have noget igen for den tid de investerer i din virksomhed. Ellers vil du gradvist opleve et markant fald i \u00e5bnings- og klikraterne. Det vil dermed g\u00e5 ud over dit salg fra nyhedsbrevet.<\/p>\n<h4>Fasthold interessen med relevante kampagner<\/h4>\n<p>&#8220;Pr\u00f8v at forestil dig, at du har en forretning der s\u00e6lger b\u00f8ger. B\u00f8ger er ofte opdelt i genrer og derudover forfatterskaber. Personer der interesserer sig for faglitteratur, l\u00e6ser ikke n\u00f8dvendigvis sk\u00f8nlitter\u00e6re b\u00f8ger &#8211; og omvendt,&#8221; fort\u00e6ller Kim \u00d8stergaard. Og det store dilemma er endvidere, at det folk fort\u00e6ller de interesserer sig for, ikke n\u00f8dvendigvis er identisk med deres handlinger. Derfor har eMailPlatform skabt berigede links, der opsamler modtagernes interesser, alene ved at modtageren klikker p\u00e5 et link i det tilsendte nyhedsbrev. &#8220;Viden om kunderne og de potentielle kunder er en formue v\u00e6rd, og anvendt korrekt mangedobler det v\u00e6rdien af relationen med modtageren,&#8221; forts\u00e6tter Kim \u00d8stergaard. Kombineres den opsamlede viden med kommunikation gennem flere kanaler, forbedres udbyttet med helt op til 33%.<\/p>\n<h4>P\u00e5 arbejde, hjemme, i butik og shopper p\u00e5 nettet<\/h4>\n<p>En almindelig forbruger antager mange skikkelser i l\u00f8bet af en dag, endnu flere i l\u00f8bet af en uge, en m\u00e5ned og et \u00e5r. Det samme skal naturligvis den kommunikation vi som erhvervsdrivende sender. Kommunikationen skal v\u00e6re relevant, og skifte kanal afh\u00e6ngig af tidspunkt og form\u00e5l. Det er altid lettere at forst\u00e5 sammenh\u00e6nge med et eksempel. Lad os s\u00e6tte scenen for familien Andersen, der t\u00e6ller mor, far og to b\u00f8rn. Moderen er en moderne kvinde med en travl hverdag. Hun forbruger medier gennem en r\u00e6kke forskellige enheder dagen lang. Computeren p\u00e5 arbejdet og fra hjemmekontoret, som er hendes prim\u00e6re arbejdsredskab. Det samme g\u00f8r sig g\u00e6ldende for faderen i familien. F\u00e6lles er ogs\u00e5, at deres smartphone f\u00f8lger dem dagen lang. For\u00e6ldrene krydrer dagen med et moderat tv forbrug. B\u00f8rnene p\u00e5 12 og 9 \u00e5r bruger flittigt deres skole iPad til mail og andre Apps, mens deres smartphone fylder resten af medieforbruget sammen med en smule tv. Samlet set giver det en meget fragmenteret anvendelse af medier og enheder. En virkelighed der kalder p\u00e5 nye l\u00f8sninger, hvor kombinationen af push og pull giver en markant \u00f8get effektivitet. Tilbage til eksemplet med familien og for\u00e6ldrene. Der er torsdag og moderen modtager en e-mail-kampagne fra hendes yndlingsbutik. De har opsat en Trigger, der er en slags robot som lytter p\u00e5 adf\u00e6rden og udf\u00f8rer en eller flere reaktioner. En af reaktionerne kunne v\u00e6re en SMS til alle modtagere af e-mail-kampagnen, der ikke \u00e5bner deres e-mail. Men SMS beskeden skal f\u00f8rst sendes l\u00f8rdag mellem kl 9 og 11, hvor sandsynligheden for at modtagere vil v\u00e6re i en fysisk butik er st\u00f8rst. &#8220;Vi leverer hver m\u00e5ned flere hundrede millioner nyhedsbreve for vore kunder,&#8221; forts\u00e6tter Kim \u00d8stergaard. &#8220;Af dem er omkring en halv million kombinerede kampagner, hvor e-mail og SMS b\u00e6rer samme budskab, og for det meste med SMS beskeden som en opf\u00f8lgning p\u00e5 e-mail-kampagnen.&#8221; Kampagnen kunne ogs\u00e5 eksekveres omvendt. SMS beskeden kunne &#8220;varme op&#8221; for en e-mail-kampagne. Kommunikativt er det klogt at f\u00f8lge op p\u00e5 en handling &#8211; og versionere budskabet. M\u00e5ske endda bel\u00f8nne dem der reagerede p\u00e5 SMS beskeden. &#8220;F\u00e5 vores s\u00e6rlige adventstilbud. Vil du have link1 eller link2?\u201d &#8211; hvor link naturligvis er de valgmuligheder der matcher din virksomheds produkter.<\/p>\n<h4>Analyse af effekten ved kombinerede kampagner<\/h4>\n<p>eMailPlatform har analyseret effekten sammen med deres kunder, og fundet frem til en \u00f8get effekt af det kombinerede marketingmiks p\u00e5 ca. 25-35%. Effekten er dels m\u00e5lt som den \u00f8gede online trafik, netop disse kampagner skaber, men ogs\u00e5 i forhold til det afledte offline og online salg. Blandt SMS kunderne hos virksomheden er s\u00e5 forskellige brancher som restauranter, t\u00f8jbutikker, undert\u00f8jsbutikker, analysevirksomheder og netbutikker i al almindelighed. M\u00e5lingerne er naturligvis beh\u00e6ftet med en fejlmargin, men fakta fra statistikkerne viser en klar \u00f8gning af reaktionen hos modtagerne, n\u00e5r kanalerne kombineres. &#8220;Det har v\u00e6ret kendt i \u00e5revis, at markedsf\u00f8rer virksomheder gennem flere kanaler samtidigt, vil effekten blive h\u00f8jere &#8211; ogs\u00e5 renset det ekstra medietryk. Brands har kombineret trykte medier med tv, online og f.eks. outdoor gennem \u00e5rtier,&#8221; konkluderer Kim \u00d8stergaard fra eMailPlatform.<\/p>\n[\/et_pb_text][\/et_pb_column][\/et_pb_row][\/et_pb_section][et_pb_section fb_built=&#8221;1&#8243; custom_padding_last_edited=&#8221;on|phone&#8221; module_class=&#8221;ressourcer-signup&#8221; _builder_version=&#8221;4.0.2&#8243; background_color=&#8221;#dee7f1&#8243; custom_padding=&#8221;7%||&#8221; custom_padding_tablet=&#8221;12%||||false|false&#8221; custom_padding_phone=&#8221;17%||||false|false&#8221; top_divider_style=&#8221;asymmetric2&#8243; top_divider_color=&#8221;#ffffff&#8221; top_divider_height=&#8221;60px&#8221; global_module=&#8221;19033&#8243;][et_pb_row _builder_version=&#8221;3.25&#8243; background_size=&#8221;initial&#8221; background_position=&#8221;top_left&#8221; background_repeat=&#8221;repeat&#8221; custom_margin=&#8221;||10px&#8221; custom_padding=&#8221;||10px&#8221;][et_pb_column type=&#8221;4_4&#8243; _builder_version=&#8221;3.25&#8243; custom_padding=&#8221;|||&#8221; custom_padding__hover=&#8221;|||&#8221;][et_pb_text _builder_version=&#8221;4.0.2&#8243; text_orientation=&#8221;center&#8221;]<h2 style=\"font-style: normal;\">Pr\u00f8v MarketingPlatform gratis i 14 dage<\/h2>\n<p style=\"font-style: normal;\">Pr\u00f8veperioden er gratis, helt uforpligtende og udl\u00f8ber efter 14 dage, hvis du ikke \u00f8nsker at forts\u00e6tte.<br \/> Ved tilmelding modtager du samtidig vores uddannelsesflow p\u00e5 en serie af mails \u2013 og vores nyhedsbrev.<\/p>[\/et_pb_text][\/et_pb_column][\/et_pb_row][et_pb_row _builder_version=&#8221;4.0.2&#8243;][et_pb_column type=&#8221;4_4&#8243; _builder_version=&#8221;4.0.2&#8243;][et_pb_code _builder_version=&#8221;4.0.2&#8243; text_orientation=&#8221;center&#8221;]<a href=\"https:\/\/marketingplatform.com\/da\/gratis-proeveversion\/\" class=\"green-btn2\" style=\"background:#09cd6f; padding:18px 60px; margin-bottom:10px!important;\">Pr\u00f8v os gratis nu<\/a> <a href=\"https:\/\/marketingplatform.com\/da\/book-emailplatform-demo\/\" class=\"green-btn2\" style=\"background:#0daae2; padding:18px 70px;\">Book demo<\/a>[\/et_pb_code][\/et_pb_column][\/et_pb_row][et_pb_row _builder_version=&#8221;4.0.2&#8243; max_width=&#8221;768px&#8221; custom_margin=&#8221;15px||0px||false|false&#8221; custom_padding=&#8221;0px||0px&#8221; use_custom_width=&#8221;on&#8221; custom_width_px=&#8221;768px&#8221;][et_pb_column type=&#8221;4_4&#8243; _builder_version=&#8221;3.25&#8243; custom_padding=&#8221;|||&#8221; custom_padding__hover=&#8221;|||&#8221;][et_pb_code _builder_version=&#8221;4.0.2&#8243;]<div class=\"awards-align\" ><!-- [et_pb_line_break_holder] --><div style=\"float:left; width:14%; text-align:right;   margin-right: 2%;\"><!-- [et_pb_line_break_holder] --><img decoding=\"async\" src=\"https:\/\/marketingplatform.com\/wp-content\/uploads\/2020\/01\/primotours.png\" width=\"56\" style=\"margin:10px 20px 20px 0px;\"><!-- [et_pb_line_break_holder] --><\/div><!-- [et_pb_line_break_holder] --><div style=\"float:left; width:20%; text-align:center;    margin-right: 4%;\"><!-- [et_pb_line_break_holder] --><img decoding=\"async\" src=\"https:\/\/marketingplatform.com\/wp-content\/uploads\/2019\/11\/med24-gray.png\" width=\"100\" style=\"margin:20px 0px 20px 10px;\"><!-- [et_pb_line_break_holder] --><\/div><!-- [et_pb_line_break_holder] --><div style=\"float:left; width:18%;    margin-right: 1%;\"><!-- [et_pb_line_break_holder] --><img decoding=\"async\" src=\"https:\/\/marketingplatform.com\/wp-content\/uploads\/2019\/08\/cykelpartner-logo.png\" width=\"180\" style=\"margin:29px 20px 20px 0px;\"><!-- [et_pb_line_break_holder] --><\/div><!-- [et_pb_line_break_holder] --><div style=\"float:left; width:20%; text-align:center;     margin-right: 1%;\"><!-- [et_pb_line_break_holder] --><img decoding=\"async\" src=\"https:\/\/marketingplatform.com\/wp-content\/uploads\/2019\/04\/aldi-grey.png\" width=\"50\" style=\"margin:10px 0px 20px 0px;\"><!-- [et_pb_line_break_holder] --><\/div><!-- [et_pb_line_break_holder] --><div style=\"float:left; width:18%;      margin-right: 2%;  text-align: center;\"><!-- [et_pb_line_break_holder] --><img decoding=\"async\" src=\"https:\/\/marketingplatform.com\/wp-content\/uploads\/2019\/02\/verisure-logo.png\" width=\"120\" style=\"margin:18px 0px 20px 0px;\"><!-- [et_pb_line_break_holder] --><\/div><!-- [et_pb_line_break_holder] --><\/div>[\/et_pb_code][\/et_pb_column][\/et_pb_row][\/et_pb_section]\n\n","protected":false},"excerpt":{"rendered":"<p>Multi-channel markedsf\u00f8ring er 33 % mere effektivt Nye analyser hos danske eMailPlatform viser, at en kombination af e-mail-kampagner og SMS-kampagner, giver op til 33% mere udbytte af den samme kundebase Frekvens, relevans og kanal er de 3 kendte begreber, der skal sammens\u00e6ttes i fremtidens markedsf\u00f8ringsstrategier. &#8220;Vi har analyseret data fra over 100 danske virksomheder, og [&hellip;]<\/p>\n","protected":false},"author":50,"featured_media":0,"parent":4520,"menu_order":0,"comment_status":"closed","ping_status":"closed","template":"","meta":{"_et_pb_use_builder":"on","_et_pb_old_content":"<h3>Nye analyser hos danske MarketingPlatform viser, at en kombination af e-mail-kampagner og SMS-kampagner, giver op til 33% mere udbytte af den samme kundebase<\/h3>\r\nFrekvens, relevans og kanal er de 3 kendte begreber, der skal sammens\u00e6ttes i fremtidens markedsf\u00f8ringsstrategier. \"Vi har analyseret data fra over 100 danske virksomheder, og ser en klar positiv reaktion ved anvendelsen af de 3 begreber i forening,\" fort\u00e6ller Kim \u00d8stergaard, der har grundlagt MarketingPlatform, og selv har 16 \u00e5rs erfaring som online k\u00f8bmand.\r\n\r\n<strong>Frekvensen er noget man aftaler<\/strong>\r\nNogle firmaer sender flere mails dagligt til sine modtagere. Det er der ikke noget galt med, s\u00e5 l\u00e6nge det er indeholdt i \"kontrakten\" med modtagerne n\u00e5r de tilmelder sig.\r\n\r\nDagens forbruger l\u00e6ser e-mails p\u00e5 mange enheder. Dermed er tolerancen for accept af en h\u00f8jere frekvens \u00f8get. Men har du noget nyt p\u00e5 hjertet, der retf\u00e6rdigg\u00f8r den h\u00f8jere frekvens?\r\n\r\nHvis din frekvens overstiger 2 ugentlige mails stiger behovet for relevans eksponentielt. Dine modtagere vil have noget igen for den tid de investerer i din virksomhed. Ellers vil du gradvist opleve et markant fald i \u00e5bnings- og klikraterne. Det vil dermed g\u00e5 ud over dit salg fra nyhedsbrevet.\r\n\r\n<strong>Fasthold interessen med relevante kampagner<\/strong>\r\n\"Pr\u00f8v at forestil dig, at du har en forretning der s\u00e6lger b\u00f8ger. B\u00f8ger er ofte opdelt i genrer og derudover forfatterskaber. Personer der interesserer sig for faglitteratur, l\u00e6ser ikke n\u00f8dvendigvis sk\u00f8nlitter\u00e6re b\u00f8ger - og omvendt,\" fort\u00e6ller Kim \u00d8stergaard.\r\n\r\nOg det store dilemma er endvidere, at det folk fort\u00e6ller de interesserer sig for, ikke n\u00f8dvendigvis er identisk med deres handlinger.\r\n\r\nDerfor har MarketingPlatform skabt berigede links, der opsamler modtagernes interesser, alene ved at modtageren klikker p\u00e5 et link i det tilsendte nyhedsbrev.\r\n\r\n\"Viden om kunderne og de potentielle kunder er en formue v\u00e6rd, og anvendt korrekt mangedobler det v\u00e6rdien af relationen med modtageren,\" forts\u00e6tter Kim \u00d8stergaard. Kombineres den opsamlede viden med kommunikation gennem flere kanaler, forbedres udbyttet med helt op til 33%.\r\n\r\n<strong>P\u00e5 arbejde, hjemme, i butik og shopper p\u00e5 nettet<\/strong>\r\nEn almindelig forbruger antager mange skikkelser i l\u00f8bet af en dag, endnu flere i l\u00f8bet af en uge, en m\u00e5ned og et \u00e5r. Det samme skal naturligvis den kommunikation vi som erhvervsdrivende sender.\r\n\r\nKommunikationen skal v\u00e6re relevant, og skifte kanal afh\u00e6ngig af tidspunkt og form\u00e5l.\r\n\r\nDet er altid lettere at forst\u00e5 sammenh\u00e6nge med et eksempel. Lad os s\u00e6tte scenen for familien Andersen, der t\u00e6ller mor, far og to b\u00f8rn.\r\n\r\nModeren er en moderne kvinde med en travl hverdag. Hun forbruger medier gennem en r\u00e6kke forskellige enheder dagen lang. Computeren p\u00e5 arbejdet og fra hjemmekontoret, som er hendes prim\u00e6re arbejdsredskab. Det samme g\u00f8r sig g\u00e6ldende for faderen i familien. F\u00e6lles er ogs\u00e5, at deres smartphone f\u00f8lger dem dagen lang. For\u00e6ldrene krydrer dagen med et moderat tv forbrug.\r\n\r\nB\u00f8rnene p\u00e5 12 og 9 \u00e5r bruger flittigt deres skole iPad til mail og andre Apps, mens deres smartphone fylder resten af medieforbruget sammen med en smule tv.\r\nSamlet set giver det en meget fragmenteret anvendelse af medier og enheder. En virkelighed der kalder p\u00e5 nye l\u00f8sninger, hvor kombinationen af push og pull giver en markant \u00f8get effektivitet.\r\n\r\nTilbage til eksemplet med familien og for\u00e6ldrene.\r\n\r\nDer er torsdag og moderen modtager en e-mail-kampagne fra hendes yndlingsbutik. De har opsat en Trigge, der er en slags robot som lytter p\u00e5 adf\u00e6rden og udf\u00f8rer en eller flere reaktioner. En af reaktionerne kunne v\u00e6re en SMS til alle modtagere af e-mail-kampagnen, der ikke \u00e5bner deres e-mail. Men SMS beskeden skal f\u00f8rst sendes l\u00f8rdag mellem kl 9 og 11, hvor sandsynligheden for at modtagere vil v\u00e6re i en fysisk butik er st\u00f8rst.\r\n\r\n\"Vi leverer hver m\u00e5ned flere hundrede millioner nyhedsbreve for vore kunder,\" forts\u00e6tter Kim \u00d8stergaard. \"Af dem er omkring en halv million kombinerede kampagner, hvor e-mail og SMS b\u00e6rer samme budskab, og for det meste med SMS beskeden som en opf\u00f8lgning p\u00e5 e-mail-kampagnen.\"\r\n\r\nKampagnen kunne ogs\u00e5 eksekveres omvendt. SMS beskeden kunne \"varme op\" for en e-mail-kampagne. Kommunikativt er det klogt at f\u00f8lge op p\u00e5 en handling - og versionere budskabet. M\u00e5ske endda bel\u00f8nne dem der reagerede p\u00e5 SMS beskeden. \"F\u00e5 vores s\u00e6rlige adventstilbud. Vil du have link1 eller link2?\u201d - hvor link naturligvis er de valgmuligheder der matcher din virksomheds produkter.\r\n\r\n<iframe src=\"\/\/player.vimeo.com\/video\/114116663\" width=\"500\" height=\"281\" frameborder=\"0\" allowfullscreen=\"allowfullscreen\"><\/iframe>\r\n\r\n<em>Video fra Webinar, der fort\u00e6ller om den nye SMS funktionalitet i MarketingPlatform<\/em>\r\n\r\n<strong>Analyse af effekten ved kombinerede kampagner<\/strong>\r\nMarketingPlatform har analyseret effekten sammen med deres kunder, og fundet frem til en \u00f8get effekt af det kombinerede marketingmiks p\u00e5 ca. 25-35%. Effekten er dels m\u00e5lt som den \u00f8gede online trafik, netop disse kampagner skaber, men ogs\u00e5 i forhold til det afledte offline og online salg.\r\n\r\nBlandt SMS kunderne hos virksomheden er s\u00e5 forskellige brancher som restauranter, t\u00f8jbutikker, undert\u00f8jsbutikker, analysevirksomheder og netbutikker i al almindelighed.\r\n\r\nM\u00e5lingerne er naturligvis beh\u00e6ftet med en fejlmargin, men fakta fra statistikkerne viser en klar \u00f8gning af reaktionen hos modtagerne, n\u00e5r kanalerne kombineres.\r\n\r\n\"Det har v\u00e6ret kendt i \u00e5revis, at markedsf\u00f8rer virksomheder gennem flere kanaler samtidigt, vil effekten blive h\u00f8jere - ogs\u00e5 renset det ekstra medietryk. Brands har kombineret trykte medier med tv, online og f.eks. outdoor gennem \u00e5rtier,\" konkluderer Kim \u00d8stergaard fra MarketingPlatform.","_et_gb_content_width":"","footnotes":""},"categories":[],"tags":[],"yst_prominent_words":[4878,122,4905,4883,77,4872,123,117,118,119,4899,87,120,4874,124,125,116,4873,121,14859],"_links":{"self":[{"href":"https:\/\/marketingplatform.com\/da\/wp-json\/wp\/v2\/pages\/4537"}],"collection":[{"href":"https:\/\/marketingplatform.com\/da\/wp-json\/wp\/v2\/pages"}],"about":[{"href":"https:\/\/marketingplatform.com\/da\/wp-json\/wp\/v2\/types\/page"}],"author":[{"embeddable":true,"href":"https:\/\/marketingplatform.com\/da\/wp-json\/wp\/v2\/users\/50"}],"replies":[{"embeddable":true,"href":"https:\/\/marketingplatform.com\/da\/wp-json\/wp\/v2\/comments?post=4537"}],"version-history":[{"count":3,"href":"https:\/\/marketingplatform.com\/da\/wp-json\/wp\/v2\/pages\/4537\/revisions"}],"predecessor-version":[{"id":51598,"href":"https:\/\/marketingplatform.com\/da\/wp-json\/wp\/v2\/pages\/4537\/revisions\/51598"}],"up":[{"embeddable":true,"href":"https:\/\/marketingplatform.com\/da\/wp-json\/wp\/v2\/pages\/4520"}],"wp:attachment":[{"href":"https:\/\/marketingplatform.com\/da\/wp-json\/wp\/v2\/media?parent=4537"}],"wp:term":[{"taxonomy":"category","embeddable":true,"href":"https:\/\/marketingplatform.com\/da\/wp-json\/wp\/v2\/categories?post=4537"},{"taxonomy":"post_tag","embeddable":true,"href":"https:\/\/marketingplatform.com\/da\/wp-json\/wp\/v2\/tags?post=4537"},{"taxonomy":"yst_prominent_words","embeddable":true,"href":"https:\/\/marketingplatform.com\/da\/wp-json\/wp\/v2\/yst_prominent_words?post=4537"}],"curies":[{"name":"wp","href":"https:\/\/api.w.org\/{rel}","templated":true}]}}