{"id":4533,"date":"2017-04-04T11:22:42","date_gmt":"2017-04-04T09:22:42","guid":{"rendered":"https:\/\/marketingplatform.com\/?page_id=4533\/"},"modified":"2020-02-21T14:08:01","modified_gmt":"2020-02-21T13:08:01","slug":"et-gratis-tilbud-til-alle-non-profit-og-velgoerende-organisationer","status":"publish","type":"page","link":"https:\/\/marketingplatform.com\/da\/artikler-presse\/et-gratis-tilbud-til-alle-non-profit-og-velgoerende-organisationer\/","title":{"rendered":"Et gratis tilbud til alle non-profit og velg\u00f8rende organisationer"},"content":{"rendered":"<p>[et_pb_section fb_built=&#8221;1&#8243; admin_label=&#8221;section&#8221; _builder_version=&#8221;3.22&#8243; transparent_background=&#8221;off&#8221;][et_pb_row admin_label=&#8221;row&#8221; _builder_version=&#8221;3.25&#8243; background_size=&#8221;initial&#8221; background_position=&#8221;top_left&#8221; background_repeat=&#8221;repeat&#8221;][et_pb_column type=&#8221;4_4&#8243; _builder_version=&#8221;3.25&#8243; custom_padding=&#8221;|||&#8221; custom_padding__hover=&#8221;|||&#8221;][et_pb_text admin_label=&#8221;Text&#8221; _builder_version=&#8221;4.0.2&#8243; background_size=&#8221;initial&#8221; background_position=&#8221;top_left&#8221; background_repeat=&#8221;repeat&#8221; hover_enabled=&#8221;0&#8243; use_border_color=&#8221;off&#8221; border_color=&#8221;#ffffff&#8221; border_style=&#8221;solid&#8221;]<\/p>\n<h1>Et gratis tilbud til alle non-profit og velg\u00f8rende organisationer<\/h1>\n<p class=\"p1\"><em>Udsendt som pressemeddelelse den 23. januar 2015<\/em><\/p>\n<p class=\"p1\">Indr\u00f8mmet. Dette er en underlig pressemeddelelse. Vi h\u00e5ber du som velmenende journalist, mediemenneske eller m\u00e5ske et helt almindeligt menneske, vil hj\u00e6lpe os med at sprede budskabet.<\/p>\n<p class=\"p3\"><span class=\"s1\">Vi vil gerne for\u00e6re for i hundredetusinder v\u00e6k til velg\u00f8rende non-profit organisationer. Vi vil g\u00f8re det ved at stille MarketingPlatform gratis til r\u00e5dighed for velg\u00f8renhed, og investere konsulenttimer i at hj\u00e6lpe organisationerne godt igang. <\/span><\/p>\n<p class=\"p3\"><span class=\"s1\">Langt de fleste velg\u00f8rende organisationer sender i dag nyhedsbreve ud, og betaler for det hos vore kollegaer. Penge der kunne v\u00e6re brugt p\u00e5 de fattige, de syge, p\u00e5 forskning eller hvordan den enkelte organisations hj\u00e6lpearbejde udm\u00f8ntes. <\/span><\/p>\n<p class=\"p3\"><span class=\"s1\">&#8220;Det ligger dybt i vores dna at hj\u00e6lpe andre&#8221;, fort\u00e6ller Kim \u00d8stergaard der er grundl\u00e6gger af MarketingPlatform. Han forklarer at virksomhedens 1-1-1 model allerede i dag giver penge, timer og MarketingPlatform l\u00f8sningen v\u00e6k. <\/span><\/p>\n<p>&nbsp;<\/p>\n<h4 class=\"p3\"><span class=\"s1\">Hvad f\u00e5r I ud af det?<\/span><\/h4>\n<p class=\"p3\"><span class=\"s1\">Gl\u00e6den ved at give noget til v\u00e6rdigt tr\u00e6ngende. Og forn\u00f8jelsen af at tale med de s\u00f8de mennesker i organisationerne, der g\u00f8r en forskel i deres daglige arbejde. <\/span><\/p>\n<p class=\"p3\"><span class=\"s1\">Vi har allerede hjulpet adskillige non-profit organisationer. Og hver gang bliver vi s\u00e5 glade i organisationen, over at kunne hj\u00e6lpe andre. De historier lever rigtigt l\u00e6nge til frokosten, og i samtalerne med kollegaerne i de \u00f8vrige lande.<\/span><\/p>\n<p class=\"p3\"><span class=\"s1\">Vi har skrevet en lille historie om m\u00e5den vi hj\u00e6lper p\u00e5. <a href=\"..\/..\/non-profit\/\">L\u00e6s om hvordan MarketingPlatform giver til velg\u00f8renhed<\/a>.<\/span><\/p>\n<p class=\"p3\"><span class=\"s1\">&#8220;Officielt siger vi, at de st\u00f8rste organisationer f\u00e5r 80% i rabat, men jeg kan ikke mindes vi har sendt en eneste faktura til en velg\u00f8rende organisation for email udsendelser&#8221;, konkluderer Kim \u00d8stergaard. Sender en NGO under 50.000 m\u00e5nedlige udsendelser, hvilket n\u00e6sten alle g\u00f8r, vil anvendelsen altid v\u00e6re helt gratis. <\/span><\/p>\n<p>&nbsp;<\/p>\n<h4 class=\"p3\"><span class=\"s1\">Hvad er MarketingPlatform <\/span><\/h4>\n<p class=\"p3\"><span class=\"s1\">MarketingPlatform er en platform til udsendelse af nyhedsbreve og SMS kampagner. <\/span><\/p>\n<p class=\"p3\"><span class=\"s1\">Med MarketingPlatform kan udsendelserne m\u00e5lrettes de enkelte modtagere. Indhold kan hentes automatisk fra andre kilder, integrationer med andre systemer etableres &#8211; og en lang r\u00e6kke andre standard funktioner. Funktionerne muligg\u00f8r ogs\u00e5 en personlig dialog med modtagerne. Det kaldes konceptuelt for en dialog platform. <\/span><\/p>\n<p class=\"p3\"><span class=\"s1\">Funktionerne i MarketingPlatform er overordnet forklaret <a href=\"..\/..\/email-marketing\/funktioner\/\">her<\/a>.<\/span><\/p>\n<p>&nbsp;<\/p>\n<h4 class=\"p3\"><span class=\"s1\">Hvem bruger i dag MarketingPlatform <\/span><\/h4>\n<p class=\"p3\"><span class=\"s1\">Det g\u00f8r flere end 1.800 danske virksomheder. Det er virksomheder som Applus, Billetlugen, Boconcept, LEGO, Kop &amp; Kande, Kvik, TNS Gallup og mange andre. <\/span><\/p>\n<p class=\"p3\"><span class=\"s1\">Vi hj\u00e6lper i dag en r\u00e6kke forskellige NGOer. Blandt dem er Bistad, Dansk Center for Torturofre, DGI, Lions, Rotary og flere andre. <\/span><\/p>\n<p>&nbsp;<\/p>\n<h4 class=\"p3\"><span class=\"s1\">Hvordan kommer vi igang som non-profit<\/span><\/h4>\n<p class=\"p3\"><span class=\"s1\">I skal bare kontakte os telefonisk p\u00e5 72 44 44 44 eller skrive til <a href=\"mailto:support@marketingplatform.com\">support@marketingplatform.com<\/a>. S\u00e5 hj\u00e6lper vi med alt det praktiske, at flytte jeres data, ops\u00e6tte en skabelon og tr\u00e6ning i brugen af vores l\u00f8sning. <\/span><\/p>\n<p class=\"p3\"><span class=\"s1\">Vi gl\u00e6der os til at g\u00f8re en lille forskel. <\/span><\/p>\n<p class=\"p3\"><span class=\"s1\">Tusind tak fordi du deler denne pressemeddelelse p\u00e5 din Facebook, Twitter eller andet socialt medie. Og tak fordi du giver den lidt spalteplads i dit professionelle medie.<\/span><\/p>\n<p class=\"p3\"><span class=\"s1\">Med venlig hilsen,<\/span><\/p>\n<h4 class=\"p3\">MarketingPlatform<\/h4>\n<p>&nbsp;<\/p>\n<p>[\/et_pb_text][\/et_pb_column][\/et_pb_row][\/et_pb_section][et_pb_section fb_built=&#8221;1&#8243; custom_padding_last_edited=&#8221;on|phone&#8221; module_class=&#8221;ressourcer-signup&#8221; _builder_version=&#8221;4.0.2&#8243; background_color=&#8221;#dee7f1&#8243; custom_padding=&#8221;7%||&#8221; custom_padding_tablet=&#8221;12%||||false|false&#8221; custom_padding_phone=&#8221;17%||||false|false&#8221; top_divider_style=&#8221;asymmetric2&#8243; top_divider_color=&#8221;#ffffff&#8221; top_divider_height=&#8221;60px&#8221; global_module=&#8221;19033&#8243;][et_pb_row _builder_version=&#8221;3.25&#8243; background_size=&#8221;initial&#8221; background_position=&#8221;top_left&#8221; background_repeat=&#8221;repeat&#8221; custom_margin=&#8221;||10px&#8221; custom_padding=&#8221;||10px&#8221;][et_pb_column type=&#8221;4_4&#8243; _builder_version=&#8221;3.25&#8243; custom_padding=&#8221;|||&#8221; custom_padding__hover=&#8221;|||&#8221;][et_pb_text _builder_version=&#8221;4.0.2&#8243; text_orientation=&#8221;center&#8221;]<\/p>\n<h2 style=\"font-style: normal;\">Pr\u00f8v MarketingPlatform gratis i 14 dage<\/h2>\n<p style=\"font-style: normal;\">Pr\u00f8veperioden er gratis, helt uforpligtende og udl\u00f8ber efter 14 dage, hvis du ikke \u00f8nsker at forts\u00e6tte.<br \/> Ved tilmelding modtager du samtidig vores uddannelsesflow p\u00e5 en serie af mails \u2013 og vores nyhedsbrev.<\/p>\n<p>[\/et_pb_text][\/et_pb_column][\/et_pb_row][et_pb_row _builder_version=&#8221;4.0.2&#8243;][et_pb_column type=&#8221;4_4&#8243; _builder_version=&#8221;4.0.2&#8243;][et_pb_code _builder_version=&#8221;4.0.2&#8243; text_orientation=&#8221;center&#8221;]<a href=\"https:\/\/marketingplatform.com\/da\/gratis-proeveversion\/\" class=\"green-btn2\" style=\"background:#09cd6f; padding:18px 60px; margin-bottom:10px!important;\">Pr\u00f8v os gratis nu<\/a> <a href=\"https:\/\/marketingplatform.com\/da\/book-emailplatform-demo\/\" class=\"green-btn2\" style=\"background:#0daae2; padding:18px 70px;\">Book demo<\/a>[\/et_pb_code][\/et_pb_column][\/et_pb_row][et_pb_row _builder_version=&#8221;4.0.2&#8243; max_width=&#8221;768px&#8221; custom_margin=&#8221;15px||0px||false|false&#8221; custom_padding=&#8221;0px||0px&#8221; use_custom_width=&#8221;on&#8221; custom_width_px=&#8221;768px&#8221;][et_pb_column type=&#8221;4_4&#8243; _builder_version=&#8221;3.25&#8243; custom_padding=&#8221;|||&#8221; custom_padding__hover=&#8221;|||&#8221;][et_pb_code _builder_version=&#8221;4.0.2&#8243;]<\/p>\n<div class=\"awards-align\" ><!-- [et_pb_line_break_holder] --><\/p>\n<div style=\"float:left; width:14%; text-align:right;   margin-right: 2%;\"><!-- [et_pb_line_break_holder] --><img decoding=\"async\" src=\"https:\/\/marketingplatform.com\/wp-content\/uploads\/2020\/01\/primotours.png\" width=\"56\" style=\"margin:10px 20px 20px 0px;\"><!-- [et_pb_line_break_holder] --><\/div>\n<p><!-- [et_pb_line_break_holder] --><\/p>\n<div style=\"float:left; width:20%; text-align:center;    margin-right: 4%;\"><!-- [et_pb_line_break_holder] --><img decoding=\"async\" src=\"https:\/\/marketingplatform.com\/wp-content\/uploads\/2019\/11\/med24-gray.png\" width=\"100\" style=\"margin:20px 0px 20px 10px;\"><!-- [et_pb_line_break_holder] --><\/div>\n<p><!-- [et_pb_line_break_holder] --><\/p>\n<div style=\"float:left; width:18%;    margin-right: 1%;\"><!-- [et_pb_line_break_holder] --><img decoding=\"async\" src=\"https:\/\/marketingplatform.com\/wp-content\/uploads\/2019\/08\/cykelpartner-logo.png\" width=\"180\" style=\"margin:29px 20px 20px 0px;\"><!-- [et_pb_line_break_holder] --><\/div>\n<p><!-- [et_pb_line_break_holder] --><\/p>\n<div style=\"float:left; width:20%; text-align:center;     margin-right: 1%;\"><!-- [et_pb_line_break_holder] --><img decoding=\"async\" src=\"https:\/\/marketingplatform.com\/wp-content\/uploads\/2019\/04\/aldi-grey.png\" width=\"50\" style=\"margin:10px 0px 20px 0px;\"><!-- [et_pb_line_break_holder] --><\/div>\n<p><!-- [et_pb_line_break_holder] --><\/p>\n<div style=\"float:left; width:18%;      margin-right: 2%;  text-align: center;\"><!-- [et_pb_line_break_holder] --><img decoding=\"async\" src=\"https:\/\/marketingplatform.com\/wp-content\/uploads\/2019\/02\/verisure-logo.png\" width=\"120\" style=\"margin:18px 0px 20px 0px;\"><!-- [et_pb_line_break_holder] --><\/div>\n<p><!-- [et_pb_line_break_holder] --><\/div>\n<p>[\/et_pb_code][\/et_pb_column][\/et_pb_row][\/et_pb_section]<\/p>\n","protected":false},"excerpt":{"rendered":"<p>Et gratis tilbud til alle non-profit og velg\u00f8rende organisationer Udsendt som pressemeddelelse den 23. januar 2015 Indr\u00f8mmet. Dette er en underlig pressemeddelelse. Vi h\u00e5ber du som velmenende journalist, mediemenneske eller m\u00e5ske et helt almindeligt menneske, vil hj\u00e6lpe os med at sprede budskabet. Vi vil gerne for\u00e6re for i hundredetusinder v\u00e6k til velg\u00f8rende non-profit organisationer. Vi [&hellip;]<\/p>\n","protected":false},"author":50,"featured_media":0,"parent":4520,"menu_order":0,"comment_status":"closed","ping_status":"closed","template":"","meta":{"_et_pb_use_builder":"on","_et_pb_old_content":"<p class=\"p1\"><em>Udsendt som pressemeddelelse den 23. januar 2015<\/em><\/p>\r\n<p class=\"p1\">Indr\u00f8mmet. Dette er en underlig pressemeddelelse. Vi h\u00e5ber du som velmenende journalist, mediemenneske eller m\u00e5ske et helt almindeligt menneske, vil hj\u00e6lpe os med at sprede budskabet.<\/p>\r\n<p class=\"p3\"><span class=\"s1\">Vi vil gerne for\u00e6re for i hundredetusinder v\u00e6k til velg\u00f8rende non-profit organisationer. Vi vil g\u00f8re det ved at stille MarketingPlatform gratis til r\u00e5dighed for velg\u00f8renhed, og investere konsulenttimer i at hj\u00e6lpe organisationerne godt igang. <\/span><\/p>\r\n<p class=\"p3\"><span class=\"s1\">Langt de fleste velg\u00f8rende organisationer sender i dag nyhedsbreve ud, og betaler for det hos vore kollegaer. Penge der kunne v\u00e6re brugt p\u00e5 de fattige, de syge, p\u00e5 forskning eller hvordan den enkelte organisations hj\u00e6lpearbejde udm\u00f8ntes. <\/span><\/p>\r\n<p class=\"p3\"><span class=\"s1\">\"Det ligger dybt i vores dna at hj\u00e6lpe andre\", fort\u00e6ller Kim \u00d8stergaard der er grundl\u00e6gger af MarketingPlatform. Han forklarer at virksomhedens 1-1-1 model allerede i dag giver penge, timer og MarketingPlatform l\u00f8sningen v\u00e6k. <\/span><\/p>\r\n<p class=\"p3\"><span class=\"s1\"><b>Hvad f\u00e5r I ud af det?<\/b><\/span><\/p>\r\n<p class=\"p3\"><span class=\"s1\">Gl\u00e6den ved at give noget til v\u00e6rdigt tr\u00e6ngende. Og forn\u00f8jelsen af at tale med de s\u00f8de mennesker i organisationerne, der g\u00f8r en forskel i deres daglige arbejde. <\/span><\/p>\r\n<p class=\"p3\"><span class=\"s1\">Vi har allerede hjulpet adskillige non-profit organisationer. Og hver gang bliver vi s\u00e5 glade i organisationen, over at kunne hj\u00e6lpe andre. De historier lever rigtigt l\u00e6nge til frokosten, og i samtalerne med kollegaerne i de \u00f8vrige lande.<\/span><\/p>\r\n<p class=\"p3\"><span class=\"s1\">Vi har skrevet en lille historie om m\u00e5den vi hj\u00e6lper p\u00e5. L\u00e6s om hvordan MarketingPlatform giver til velg\u00f8renhed: <a href=\"https:\/\/mailplatform.dk\/non-profit\/\"><span class=\"s2\">https:\/\/mailplatform.dk\/non-profit\/<\/span><\/a>. <\/span><\/p>\r\n<p class=\"p3\"><span class=\"s1\">\"Officielt siger vi, at de st\u00f8rste organisationer f\u00e5r 80% i rabat, men jeg kan ikke mindes vi har sendt en eneste faktura til en velg\u00f8rende organisation for email udsendelser\", konkluderer Kim \u00d8stergaard. Sender en NGO under 50.000 m\u00e5nedlige udsendelser, hvilket n\u00e6sten alle g\u00f8r, vil anvendelsen altid v\u00e6re helt gratis. <\/span><\/p>\r\n<p class=\"p3\"><span class=\"s1\"><b>Hvad er MarketingPlatform <\/b><\/span><\/p>\r\n<p class=\"p3\"><span class=\"s1\">MarketingPlatform er en platform til udsendelse af nyhedsbreve og SMS kampagner. <\/span><\/p>\r\n<p class=\"p3\"><span class=\"s1\">Med MarketingPlatform kan udsendelserne m\u00e5lrettes de enkelte modtagere. Indhold kan hentes automatisk fra andre kilder, integrationer med andre systemer etableres - og en lang r\u00e6kke andre standard funktioner. Funktionerne muligg\u00f8r ogs\u00e5 en personlig dialog med modtagerne. Det kaldes konceptuelt for en dialog platform. <\/span><\/p>\r\n<p class=\"p3\"><span class=\"s1\">Funktionerne i MarketingPlatform er overordnet forklaret her: <a href=\"https:\/\/marketingplatform.com\/da\/email-marketing\/funktioner\/\"><span class=\"s2\">https:\/\/marketingplatform.com\/da\/email-marketing\/funktioner\/<\/span> <\/a><\/span><\/p>\r\n<p class=\"p3\"><span class=\"s1\"><b>Hvem bruger i dag MarketingPlatform <\/b><\/span><\/p>\r\n<p class=\"p3\"><span class=\"s1\">Det g\u00f8r flere end 1.800 danske virksomheder. Det er virksomheder som Applus, Billetlugen, Boconcept, LEGO, Kop & Kande, Kvik, TNS Gallup og mange andre. <\/span><\/p>\r\n<p class=\"p3\"><span class=\"s1\">Vi hj\u00e6lper i dag en r\u00e6kke forskellige NGOer. Blandt dem er Bistad, Dansk Center for Torturofre, DGI, Lions, Rotary og flere andre. <\/span><\/p>\r\n<p class=\"p3\"><span class=\"s1\"><b>Hvordan kommer vi igang som non-profit<\/b><\/span><\/p>\r\n<p class=\"p3\"><span class=\"s1\">I skal bare kontakte os telefonisk p\u00e5 72 44 44 44 eller skrive til <a href=\"mailto:support@mailplatform.dk\"><span class=\"s2\">support@mailplatform.dk<\/span><\/a>. S\u00e5 hj\u00e6lper vi med alt det praktiske, at flytte jeres data, ops\u00e6tte en skabelon og tr\u00e6ning i brugen af vores l\u00f8sning. <\/span><\/p>\r\n<p class=\"p3\"><span class=\"s1\">Vi gl\u00e6der os til at g\u00f8re en lille forskel. <\/span><\/p>\r\n<p class=\"p3\"><span class=\"s1\">Tusind tak fordi du deler denne pressemeddelelse p\u00e5 din Facebook, Twitter eller andet socialt medie. Og tak fordi du giver den lidt spalteplads i dit professionelle medie.<\/span><\/p>\r\n<p class=\"p3\"><span class=\"s1\">Med venlig hilsen<\/span><\/p>\r\n<p class=\"p3\"><span class=\"s1\">Medarbejderne hos MarketingPlatform <\/span><\/p>\r\n<p class=\"p3\"><span class=\"s1\">Se hvem vi er, og find et direkte telefon nummer: <\/span><\/p>\r\n<p class=\"p3\"><span class=\"s3\"><a href=\"https:\/\/mailplatform.dk\/medarbejdere-hos-mailplatform\/\">https:\/\/mailplatform.dk\/medarbejdere-hos-mailplatform\/<\/a><\/span><\/p>","_et_gb_content_width":"","footnotes":""},"categories":[],"tags":[],"yst_prominent_words":[451,477,211,473,2433,2432,446,1690,850,4871,214,206,934,2777,224,2787,2786,4884,1689,1679],"_links":{"self":[{"href":"https:\/\/marketingplatform.com\/da\/wp-json\/wp\/v2\/pages\/4533"}],"collection":[{"href":"https:\/\/marketingplatform.com\/da\/wp-json\/wp\/v2\/pages"}],"about":[{"href":"https:\/\/marketingplatform.com\/da\/wp-json\/wp\/v2\/types\/page"}],"author":[{"embeddable":true,"href":"https:\/\/marketingplatform.com\/da\/wp-json\/wp\/v2\/users\/50"}],"replies":[{"embeddable":true,"href":"https:\/\/marketingplatform.com\/da\/wp-json\/wp\/v2\/comments?post=4533"}],"version-history":[{"count":1,"href":"https:\/\/marketingplatform.com\/da\/wp-json\/wp\/v2\/pages\/4533\/revisions"}],"predecessor-version":[{"id":51823,"href":"https:\/\/marketingplatform.com\/da\/wp-json\/wp\/v2\/pages\/4533\/revisions\/51823"}],"up":[{"embeddable":true,"href":"https:\/\/marketingplatform.com\/da\/wp-json\/wp\/v2\/pages\/4520"}],"wp:attachment":[{"href":"https:\/\/marketingplatform.com\/da\/wp-json\/wp\/v2\/media?parent=4533"}],"wp:term":[{"taxonomy":"category","embeddable":true,"href":"https:\/\/marketingplatform.com\/da\/wp-json\/wp\/v2\/categories?post=4533"},{"taxonomy":"post_tag","embeddable":true,"href":"https:\/\/marketingplatform.com\/da\/wp-json\/wp\/v2\/tags?post=4533"},{"taxonomy":"yst_prominent_words","embeddable":true,"href":"https:\/\/marketingplatform.com\/da\/wp-json\/wp\/v2\/yst_prominent_words?post=4533"}],"curies":[{"name":"wp","href":"https:\/\/api.w.org\/{rel}","templated":true}]}}