{"id":4531,"date":"2017-04-04T10:52:54","date_gmt":"2017-04-04T08:52:54","guid":{"rendered":"https:\/\/marketingplatform.com\/?page_id=4531\/"},"modified":"2020-02-26T09:05:19","modified_gmt":"2020-02-26T08:05:19","slug":"fa-flere-der-abner-dit-nyhedsbrev","status":"publish","type":"page","link":"https:\/\/marketingplatform.com\/da\/artikler-presse\/fa-flere-der-abner-dit-nyhedsbrev\/","title":{"rendered":"F\u00e5 flere der \u00e5bner dit nyhedsbrev"},"content":{"rendered":"<p>[et_pb_section fb_built=&#8221;1&#8243; admin_label=&#8221;section&#8221; _builder_version=&#8221;3.22&#8243; transparent_background=&#8221;off&#8221;][et_pb_row admin_label=&#8221;row&#8221; _builder_version=&#8221;3.25&#8243; background_size=&#8221;initial&#8221; background_position=&#8221;top_left&#8221; background_repeat=&#8221;repeat&#8221;][et_pb_column type=&#8221;4_4&#8243; _builder_version=&#8221;3.25&#8243; custom_padding=&#8221;|||&#8221; custom_padding__hover=&#8221;|||&#8221;][et_pb_text _builder_version=&#8221;3.27.4&#8243; background_size=&#8221;initial&#8221; background_position=&#8221;top_left&#8221; background_repeat=&#8221;repeat&#8221; use_border_color=&#8221;off&#8221;]<\/p>\n<h1>S\u00e5dan f\u00e5r du h\u00f8jere \u00e5bningsrate p\u00e5 dit nyhedsbrev<\/h1>\n<p class=\"p1\"><em>Hvorfor bruge tid p\u00e5 at lave et godt nyhedsbrev, hvis kun et f\u00e5tal i m\u00e5lgruppen \u00e5bner mailen. Er hele form\u00e5let ikke, at flest mulige ser budskabet og reagerer p\u00e5 det? Sp\u00f8rgsm\u00e5let er lettere retorisk, for naturligvis \u00f8nsker alle afsendere at blive h\u00f8rt<\/em>.<\/p>\n<p class=\"p3\"><span class=\"s1\"><img decoding=\"async\" loading=\"lazy\" class=\"alignright size-medium wp-image-11932\" src=\"https:\/\/marketingplatform.com\/wp-content\/uploads\/2018\/05\/opren-rate-2-300x109.png\" alt=\"\" width=\"300\" height=\"109\" srcset=\"https:\/\/marketingplatform.com\/wp-content\/uploads\/2018\/05\/opren-rate-2-300x109.png 300w, https:\/\/marketingplatform.com\/wp-content\/uploads\/2018\/05\/opren-rate-2.png 474w\" sizes=\"(max-width: 300px) 100vw, 300px\" \/>Uanset om form\u00e5let med dit nyhedsbrev er salg, branding, information, oplysning noget helt andet &#8211; eller en sk\u00f8n kombination af det n\u00e6vnte, \u00f8nsker du som afsender at bliver h\u00f8rt. At modtagerne \u00e5bner, l\u00e6ser og forh\u00e5bentligt ogs\u00e5 klikker i nyhedsbrevet. <\/span><\/p>\n<p class=\"p3\"><span class=\"s1\">Der er h\u00e5rd konkurrence om sekunderne i indbakken. Hvilke mails bliver \u00e5bnet, l\u00e6st, reageret p\u00e5 og hvilke bliver blot slettet &#8211; eller endnu v\u00e6rre markeret som SPAM. Sidstn\u00e6vnte tjener en selvst\u00e6ndig artikel, og vil ikke blive behandlet i dette nyhedsbrev. <\/span><\/p>\n<p class=\"p3\"><span class=\"s1\">&#8220;Gennemsnitligt \u00e5bner 4\/10 et nyhedsbrev &#8211; viser de seneste danske statistikker fra MarketingPlatform&#8221;, fort\u00e6ller firmaets grundl\u00e6gger og direkt\u00f8r Kim \u00d8stergaard. Omvendt betyder det at 6\/10 frav\u00e6lger et nyhedsbrev, eller m\u00e5ske skimmer det uden at aktivere billederne. <\/span><\/p>\n<p>[\/et_pb_text][\/et_pb_column][\/et_pb_row][et_pb_row admin_label=&#8221;row&#8221; _builder_version=&#8221;3.25&#8243; background_size=&#8221;initial&#8221; background_position=&#8221;top_left&#8221; background_repeat=&#8221;repeat&#8221; column_structure=&#8221;1_2,1_2&#8243;][et_pb_column type=&#8221;1_2&#8243; _builder_version=&#8221;3.25&#8243; custom_padding=&#8221;|||&#8221; custom_padding__hover=&#8221;|||&#8221;][et_pb_image src=&#8221;https:\/\/marketingplatform.com\/wp-content\/uploads\/2018\/02\/builder-1.png&#8221; align_tablet=&#8221;center&#8221; align_last_edited=&#8221;on|desktop&#8221; _builder_version=&#8221;3.23&#8243; custom_margin=&#8221;||10px|&#8221; custom_css_main_element=&#8221;width:44px;&#8221;]&nbsp;<br \/>\n[\/et_pb_image][et_pb_text _builder_version=&#8221;3.27.4&#8243;]<\/p>\n<h4 class=\"p3\"><span class=\"s1\">Kompositionen af kampagnen &#8211; godt begyndt<\/span><\/h4>\n<p class=\"p3\"><span class=\"s1\">Hvordan kampagnen er opbygget spiller en stor rolle. Selvom flere mailklienter, anf\u00f8rt af Gmail og iPhone, automatisk viser billederne n\u00e5r et nyhedsbrev \u00e5bnes, betyder designet for en visning uden billeder stadig meget. T\u00e6nk derfor rigtige tekster og knapper der ikke er et billede, ind i dit design. <\/span><\/p>\n<p class=\"p3\"><span class=\"s1\">Det er ogs\u00e5 vigtigt, at toppen af mailen klart kommunikerer indholdet i hele mailen. Hovedparten af modtagerne scanner din mail. De starter naturligt med toppen, og vurderer om mailen skal slettes, gemmes til senere &#8211; eller l\u00e6ses med det samme. <\/span><\/p>\n<p class=\"p3\"><span class=\"s1\">En god begyndelse er let overskuelig. T\u00e6nk p\u00e5 at modtagerne skal g\u00f8res nysgerrige p\u00e5 5 sekunder. Og t\u00e6nk b\u00e5de en situation hvor billederne er synlige &#8211; og hvor mailklienten ikke viser dine billeder eller grafik. <\/span><\/p>\n<p class=\"p3\"><span class=\"s1\">Vores erfaring viser at en opdeling i to eller tre spalter er optimal. 2-3 linier tekst i hver spalte, gerne opdelt med ikoner eller bullet points. Det er lynhurtigt at afkode for modtagerne. <\/span><\/p>\n<p class=\"p3\"><span class=\"s1\">Punkopstillingen b\u00f8r efterf\u00f8lges af et billede. Et billede der klart kommunikerer nyheder, er m\u00e5lrettet den enkelte modtager med intelligent indhold, eller p\u00e5 anden m\u00e5de tilpasser sig situationen. Lidt banalt vil paraplyer fungere bedre p\u00e5 en regnvejrsdag &#8211; end p\u00e5 en dag med solskin. <\/span><\/p>\n<p>[\/et_pb_text][\/et_pb_column][et_pb_column type=&#8221;1_2&#8243; _builder_version=&#8221;3.25&#8243; custom_padding=&#8221;|||&#8221; custom_padding__hover=&#8221;|||&#8221;][et_pb_image src=&#8221;https:\/\/marketingplatform.com\/wp-content\/uploads\/2018\/05\/olivers-template.png&#8221; align_tablet=&#8221;center&#8221; align_last_edited=&#8221;on|desktop&#8221; module_class=&#8221;image-border&#8221; _builder_version=&#8221;3.23&#8243; max_width=&#8221;80%&#8221; module_alignment=&#8221;center&#8221;]&nbsp;<br \/>\n[\/et_pb_image][\/et_pb_column][\/et_pb_row][et_pb_row admin_label=&#8221;row&#8221; _builder_version=&#8221;3.25&#8243; background_size=&#8221;initial&#8221; background_position=&#8221;top_left&#8221; background_repeat=&#8221;repeat&#8221;][et_pb_column type=&#8221;4_4&#8243; _builder_version=&#8221;3.25&#8243; custom_padding=&#8221;|||&#8221; custom_padding__hover=&#8221;|||&#8221;][et_pb_image src=&#8221;https:\/\/marketingplatform.com\/wp-content\/uploads\/2018\/05\/target.png&#8221; align_tablet=&#8221;center&#8221; align_last_edited=&#8221;on|desktop&#8221; _builder_version=&#8221;3.23&#8243; custom_margin=&#8221;||10px|&#8221; custom_css_main_element=&#8221;width:44px;&#8221;]&nbsp;<br \/>\n[\/et_pb_image][et_pb_text _builder_version=&#8221;3.27.4&#8243;]<\/p>\n<h4 class=\"p3\"><span class=\"s1\">M\u00e5lretning af indholdet<\/span><\/h4>\n<p class=\"p3\"><span class=\"s1\">M\u00e5lretning \u00f8ger udbyttet med mange hundrede procent. Det er ikke nyt, men desv\u00e6rre sender langt de fleste afsendere samme indhold til alle. &#8220;Vi har gjort v\u00e6rkt\u00f8jer til m\u00e5lretning tilg\u00e6ngelige, i alle vore abonnementer, selv i pakken til 169 kr om m\u00e5neden&#8221;, fort\u00e6ller Kim \u00d8stergaard <\/span><\/p>\n<p class=\"p3\"><span class=\"s1\"><i>Hvordan m\u00e5lretter jeg lettest indholdet i mit nyhedsbrev?<\/i>\u00a0Det sp\u00f8rgsm\u00e5l modtager holdet hos MarketingPlatform dagligt. F\u00f8rst kigger holdet grundigt p\u00e5 dataene hos den enkelte afsender. Hvilke oplysninger er der til r\u00e5dighed. Ved afsenderen mere end blot email adressen, eller skal modtager dataene f\u00f8ret beriges. <\/span><\/p>\n<p class=\"p3\"><span class=\"s1\">Selv oplysninger p\u00e5 modtagerne, der ved f\u00f8rste \u00f8jekast virker banale, kan anvendes til segmentering og dermed m\u00e5lretning. Postnummeret kan nemt anvendes til segmentering. Ofte er der forskel p\u00e5, hvad kunder i de enkelte regioner k\u00f8ber. <\/span><\/p>\n<p class=\"p3\"><span class=\"s1\">Et segment kunne derfor v\u00e6re alle st\u00f8rre byer, hvor modtagerne typisk har en st\u00f8rre k\u00f8bekraft. Dermed kan varegrupper i luksussegmentet fortrinsvis sendes til disse m\u00e5lgrupper. Det er ogs\u00e5 kendt, at kunderne i de st\u00f8rre byer tilv\u00e6lger \u00f8kologi fremfor landdistrikterne. <\/span><\/p>\n<p class=\"p3\"><span class=\"s1\">Indholdet kan i MarketingPlatform m\u00e5lrettes med de intelligente funktioner Dynamic Content, Relevant Content og External Content med anvendelse af variabler. <\/span><\/p>\n<p>[\/et_pb_text][\/et_pb_column][\/et_pb_row][\/et_pb_section][et_pb_section fb_built=&#8221;1&#8243; _builder_version=&#8221;3.22&#8243;][et_pb_row _builder_version=&#8221;3.25&#8243; column_structure=&#8221;1_2,1_2&#8243;][et_pb_column type=&#8221;1_2&#8243; _builder_version=&#8221;3.25&#8243; custom_padding=&#8221;|||&#8221; custom_padding__hover=&#8221;|||&#8221;][et_pb_image src=&#8221;https:\/\/marketingplatform.com\/wp-content\/uploads\/2018\/05\/timing.png&#8221; align_tablet=&#8221;center&#8221; align_last_edited=&#8221;on|desktop&#8221; _builder_version=&#8221;3.23&#8243; custom_margin=&#8221;||10px|&#8221; custom_padding=&#8221;|||&#8221; custom_css_main_element=&#8221;width:44px;&#8221;]&nbsp;<br \/>\n[\/et_pb_image][et_pb_text _builder_version=&#8221;3.27.4&#8243;]<\/p>\n<h4 class=\"p3\"><span class=\"s1\">Timing af udsendelsen<\/span><\/h4>\n<p class=\"p3\"><span class=\"s1\">Der kan v\u00e6re stor forskel p\u00e5, hvorn\u00e5r en kampagne performer bedst muligt. Det afh\u00e6nger meget af m\u00e5lgruppen, og hvad din virksomhed s\u00e6lger eller kommunikerer. <\/span><\/p>\n<p class=\"p3\"><span class=\"s1\">Derfor er det vigtigt at teste, teste og teste igen. <\/span><\/p>\n<p class=\"p3\"><span class=\"s1\">En funktion som split test er optimal til dette form\u00e5l. Ved at skabe 2, 3 eller m\u00e5ske 4 kopier af den samme kampagne, og sende dem til en lige stor andel af modtagerne, men tidsm\u00e6ssigt forskudt, kan effekten af tid testes meget pr\u00e6cist. <\/span><\/p>\n<p class=\"p3\"><span class=\"s1\">I split test er det en simpel operation. V\u00e6lg kampagnerne, s\u00e6t tidspunktet og dagen for udsendelse. Og vent i sp\u00e6nding p\u00e5 resultatet. <\/span><\/p>\n<p>[\/et_pb_text][\/et_pb_column][et_pb_column type=&#8221;1_2&#8243; _builder_version=&#8221;3.25&#8243; custom_padding=&#8221;|||&#8221; custom_padding__hover=&#8221;|||&#8221;][et_pb_image src=&#8221;https:\/\/marketingplatform.com\/wp-content\/uploads\/2018\/03\/how-to.png&#8221; align_tablet=&#8221;center&#8221; align_last_edited=&#8221;on|desktop&#8221; _builder_version=&#8221;3.23&#8243; custom_margin=&#8221;||10px|&#8221; custom_css_main_element=&#8221;width:44px;&#8221;]&nbsp;<br \/>\n[\/et_pb_image][et_pb_text _builder_version=&#8221;3.27.4&#8243;]<\/p>\n<h4 class=\"p3\"><span class=\"s1\">God kommunikation g\u00e5r altid f\u00f8rst<\/span><\/h4>\n<p class=\"p3\"><span class=\"s1\">Alle tekniske hj\u00e6lpemidler, v\u00e6rkt\u00f8jer og muligheder, skal aldrig erstatte god kommunikation. <\/span><\/p>\n<p class=\"p3\"><span class=\"s1\">Det vil altid v\u00e6re din \u00e6rlige kommunikation, der vil b\u00e6re budskaberne succesfuldt til modtagerne. Et gammelt gyldent r\u00e5d, som stod at l\u00e6se p\u00e5 mange amerikanske radiostationer: If you don\u2019t have anything so say &#8211; then shut up. <\/span><\/p>\n<p class=\"p3\"><span class=\"s1\">Det ser ikke p\u00e6nt ud, n\u00e5r det kommer p\u00e5 skrift, men budskabet er ikke til at tage fejl af. Har du ikke noget at sige &#8211; s\u00e5 undlad at forstyrre modtagerne.<\/span><\/p>\n<p class=\"p3\"><span class=\"s1\">God forn\u00f8jelse med udsendelsen af nyhedsbreve. Nyhedsbreve er den absolut mest succesfulde online marketing metode, der giver en ROI p\u00e5 1 til 40, hvis m\u00e5lretningen anvendes korrekt.<\/span><\/p>\n<p>[\/et_pb_text][\/et_pb_column][\/et_pb_row][\/et_pb_section][et_pb_section fb_built=&#8221;1&#8243; custom_padding_last_edited=&#8221;on|phone&#8221; module_class=&#8221;ressourcer-signup&#8221; _builder_version=&#8221;4.0.2&#8243; background_color=&#8221;#dee7f1&#8243; custom_padding=&#8221;7%||&#8221; custom_padding_tablet=&#8221;12%||||false|false&#8221; custom_padding_phone=&#8221;17%||||false|false&#8221; top_divider_style=&#8221;asymmetric2&#8243; top_divider_color=&#8221;#ffffff&#8221; top_divider_height=&#8221;60px&#8221; global_module=&#8221;19033&#8243;][et_pb_row _builder_version=&#8221;3.25&#8243; background_size=&#8221;initial&#8221; background_position=&#8221;top_left&#8221; background_repeat=&#8221;repeat&#8221; custom_margin=&#8221;||10px&#8221; custom_padding=&#8221;||10px&#8221;][et_pb_column type=&#8221;4_4&#8243; _builder_version=&#8221;3.25&#8243; custom_padding=&#8221;|||&#8221; custom_padding__hover=&#8221;|||&#8221;][et_pb_text _builder_version=&#8221;4.0.2&#8243; text_orientation=&#8221;center&#8221;]<\/p>\n<h2 style=\"font-style: normal;\">Pr\u00f8v MarketingPlatform gratis i 14 dage<\/h2>\n<p style=\"font-style: normal;\">Pr\u00f8veperioden er gratis, helt uforpligtende og udl\u00f8ber efter 14 dage, hvis du ikke \u00f8nsker at forts\u00e6tte.<br \/> Ved tilmelding modtager du samtidig vores uddannelsesflow p\u00e5 en serie af mails \u2013 og vores nyhedsbrev.<\/p>\n<p>[\/et_pb_text][\/et_pb_column][\/et_pb_row][et_pb_row _builder_version=&#8221;4.0.2&#8243;][et_pb_column type=&#8221;4_4&#8243; _builder_version=&#8221;4.0.2&#8243;][et_pb_code _builder_version=&#8221;4.0.2&#8243; text_orientation=&#8221;center&#8221;]<a href=\"https:\/\/marketingplatform.com\/da\/gratis-proeveversion\/\" class=\"green-btn2\" style=\"background:#09cd6f; padding:18px 60px; margin-bottom:10px!important;\">Pr\u00f8v os gratis nu<\/a> <a href=\"https:\/\/marketingplatform.com\/da\/book-emailplatform-demo\/\" class=\"green-btn2\" style=\"background:#0daae2; padding:18px 70px;\">Book demo<\/a>[\/et_pb_code][\/et_pb_column][\/et_pb_row][et_pb_row _builder_version=&#8221;4.0.2&#8243; max_width=&#8221;768px&#8221; custom_margin=&#8221;15px||0px||false|false&#8221; custom_padding=&#8221;0px||0px&#8221; use_custom_width=&#8221;on&#8221; custom_width_px=&#8221;768px&#8221;][et_pb_column type=&#8221;4_4&#8243; _builder_version=&#8221;3.25&#8243; custom_padding=&#8221;|||&#8221; custom_padding__hover=&#8221;|||&#8221;][et_pb_code _builder_version=&#8221;4.0.2&#8243;]<\/p>\n<div class=\"awards-align\" ><!-- [et_pb_line_break_holder] --><\/p>\n<div style=\"float:left; width:14%; text-align:right;   margin-right: 2%;\"><!-- [et_pb_line_break_holder] --><img decoding=\"async\" src=\"https:\/\/marketingplatform.com\/wp-content\/uploads\/2020\/01\/primotours.png\" width=\"56\" style=\"margin:10px 20px 20px 0px;\"><!-- [et_pb_line_break_holder] --><\/div>\n<p><!-- [et_pb_line_break_holder] --><\/p>\n<div style=\"float:left; width:20%; text-align:center;    margin-right: 4%;\"><!-- [et_pb_line_break_holder] --><img decoding=\"async\" src=\"https:\/\/marketingplatform.com\/wp-content\/uploads\/2019\/11\/med24-gray.png\" width=\"100\" style=\"margin:20px 0px 20px 10px;\"><!-- [et_pb_line_break_holder] --><\/div>\n<p><!-- [et_pb_line_break_holder] --><\/p>\n<div style=\"float:left; width:18%;    margin-right: 1%;\"><!-- [et_pb_line_break_holder] --><img decoding=\"async\" src=\"https:\/\/marketingplatform.com\/wp-content\/uploads\/2019\/08\/cykelpartner-logo.png\" width=\"180\" style=\"margin:29px 20px 20px 0px;\"><!-- [et_pb_line_break_holder] --><\/div>\n<p><!-- [et_pb_line_break_holder] --><\/p>\n<div style=\"float:left; width:20%; text-align:center;     margin-right: 1%;\"><!-- [et_pb_line_break_holder] --><img decoding=\"async\" src=\"https:\/\/marketingplatform.com\/wp-content\/uploads\/2019\/04\/aldi-grey.png\" width=\"50\" style=\"margin:10px 0px 20px 0px;\"><!-- [et_pb_line_break_holder] --><\/div>\n<p><!-- [et_pb_line_break_holder] --><\/p>\n<div style=\"float:left; width:18%;      margin-right: 2%;  text-align: center;\"><!-- [et_pb_line_break_holder] --><img decoding=\"async\" src=\"https:\/\/marketingplatform.com\/wp-content\/uploads\/2019\/02\/verisure-logo.png\" width=\"120\" style=\"margin:18px 0px 20px 0px;\"><!-- [et_pb_line_break_holder] --><\/div>\n<p><!-- [et_pb_line_break_holder] --><\/div>\n<p>[\/et_pb_code][\/et_pb_column][\/et_pb_row][\/et_pb_section]<\/p>\n","protected":false},"excerpt":{"rendered":"<p>S\u00e5dan f\u00e5r du h\u00f8jere \u00e5bningsrate p\u00e5 dit nyhedsbrev Hvorfor bruge tid p\u00e5 at lave et godt nyhedsbrev, hvis kun et f\u00e5tal i m\u00e5lgruppen \u00e5bner mailen. Er hele form\u00e5let ikke, at flest mulige ser budskabet og reagerer p\u00e5 det? Sp\u00f8rgsm\u00e5let er lettere retorisk, for naturligvis \u00f8nsker alle afsendere at blive h\u00f8rt. Uanset om form\u00e5let med dit [&hellip;]<\/p>\n","protected":false},"author":50,"featured_media":0,"parent":4520,"menu_order":0,"comment_status":"closed","ping_status":"closed","template":"","meta":{"_et_pb_use_builder":"on","_et_pb_old_content":"<p class=\"p1\">Hvorfor bruge tid p\u00e5 at lave et godt nyhedsbrev, hvis kun et f\u00e5tal i m\u00e5lgruppen \u00e5bner mailen. Er hele form\u00e5let ikke, at flest mulige ser budskabet og reagerer p\u00e5 det? Sp\u00f8rgsm\u00e5let er lettere retorisk, for naturligvis \u00f8nsker alle afsendere at blive h\u00f8rt.<\/p>\r\n<p class=\"p3\"><span class=\"s1\">Uanset om form\u00e5let med dit nyhedsbrev er salg, branding, information, oplysning noget helt andet - eller en sk\u00f8n kombination af det n\u00e6vnte, \u00f8nsker du som afsender at bliver h\u00f8rt. At modtagerne \u00e5bner, l\u00e6ser og forh\u00e5bentligt ogs\u00e5 klikker i nyhedsbrevet. <\/span><\/p>\r\n<p class=\"p3\"><span class=\"s1\">Der er h\u00e5rd konkurrence om sekunderne i indbakken. Hvilke mails bliver \u00e5bnet, l\u00e6st, reageret p\u00e5 og hvilke bliver blot slettet - eller endnu v\u00e6rre markeret som SPAM. Sidstn\u00e6vnte tjener en selvst\u00e6ndig artikel, og vil ikke blive behandlet i dette nyhedsbrev. <\/span><\/p>\r\n<p class=\"p3\"><span class=\"s1\">\"Gennemsnitligt \u00e5bner 4\/10 et nyhedsbrev - viser de seneste danske statistikker fra MarketingPlatform\", fort\u00e6ller firmaets grundl\u00e6gger og direkt\u00f8r Kim \u00d8stergaard. Omvendt betyder det at 6\/10 frav\u00e6lger et nyhedsbrev, eller m\u00e5ske skimmer det uden at aktivere billederne. <\/span><\/p>\r\n<p class=\"p3\"><span class=\"s1\"><b>Kompositionen af kampagnen - godt begyndt<\/b><\/span><\/p>\r\n<p class=\"p3\"><span class=\"s1\">Hvordan kampagnen er opbygget spiller en stor rolle. Selvom flere mailklienter, anf\u00f8rt af Gmail og iPhone, automatisk viser billederne n\u00e5r et nyhedsbrev \u00e5bnes, betyder designet for en visning uden billeder stadig meget. T\u00e6nk derfor rigtige tekster og knapper der ikke er et billede, ind i dit design. <\/span><\/p>\r\n<p class=\"p3\"><span class=\"s1\">Det er ogs\u00e5 vigtigt, at toppen af mailen klart kommunikerer indholdet i hele mailen. Hovedparten af modtagerne scanner din mail. De starter naturligt med toppen, og vurderer om mailen skal slettes, gemmes til senere - eller l\u00e6ses med det samme. <\/span><\/p>\r\n<p class=\"p3\"><span class=\"s1\">En god begyndelse er let overskuelig. T\u00e6nk p\u00e5 at modtagerne skal g\u00f8res nysgerrige p\u00e5 5 sekunder. Og t\u00e6nk b\u00e5de en situation hvor billederne er synlige - og hvor mailklienten ikke viser dine billeder eller grafik. <\/span><\/p>\r\n<p class=\"p3\"><span class=\"s1\">Vores erfaring viser at en opdeling i to eller tre spalter er optimal. 2-3 linier tekst i hver spalte, gerne opdelt med ikoner eller bullet points. Det er lynhurtigt at afkode for modtagerne. <\/span><\/p>\r\n<p class=\"p3\"><span class=\"s1\">Punkopstillingen b\u00f8r efterf\u00f8lges af et billede. Et billede der klart kommunikerer nyheder, er m\u00e5lrettet den enkelte modtager med intelligent indhold, eller p\u00e5 anden m\u00e5de tilpasser sig situationen. Lidt banalt vil paraplyer fungere bedre p\u00e5 en regnvejrsdag - end p\u00e5 en dag med solskin. <\/span><\/p>\r\n<p class=\"p3\"><span class=\"s1\"><b>M\u00e5lretning af indholdet<\/b><\/span><\/p>\r\n<p class=\"p3\"><span class=\"s1\">M\u00e5lretning \u00f8ger udbyttet med mange hundrede procent. Det er ikke nyt, men desv\u00e6rre sender langt de fleste afsendere samme indhold til alle. \"Vi har gjort v\u00e6rkt\u00f8jer til m\u00e5lretning tilg\u00e6ngelige, i alle vore abonnementer, selv i pakken til 200 kr om m\u00e5neden\", fort\u00e6ller Kim \u00d8stergaard. <\/span><\/p>\r\n<p class=\"p3\"><span class=\"s1\"><i>Hvordan m\u00e5lretter jeg lettest indholdet i mit nyhedsbrev<\/i>. Det sp\u00f8rgsm\u00e5l modtager holdet hos MarketingPlatform dagligt. F\u00f8rst kigger holdet grundigt p\u00e5 dataene hos den enkelte afsender. Hvilke oplysninger er der til r\u00e5dighed. Ved afsenderen mere end blot email adressen, eller skal modtager dataene f\u00f8ret beriges. <\/span><\/p>\r\n<p class=\"p3\"><span class=\"s1\">Selv oplysninger p\u00e5 modtagerne, der ved f\u00f8rste \u00f8jekast virker banale, kan anvendes til segmentering og dermed m\u00e5lretning. Postnummeret kan nemt anvendes til segmentering. Ofte er der forskel p\u00e5, hvad kunder i de enkelte regioner k\u00f8ber. <\/span><\/p>\r\n<p class=\"p3\"><span class=\"s1\">Et segment kunne derfor v\u00e6re alle st\u00f8rre byer, hvor modtagerne typisk har en st\u00f8rre k\u00f8bekraft. Dermed kan varegrupper i luksussegmentet fortrinsvis sendes til disse m\u00e5lgrupper. Det er ogs\u00e5 kendt, at kunderne i de st\u00f8rre byer tilv\u00e6lger \u00f8kologi fremfor landdistrikterne. <\/span><\/p>\r\n<p class=\"p3\"><span class=\"s1\">Indholdet kan i MarketingPlatform m\u00e5lrettes med de intelligente funktioner Dynamic Content, Relevant Content, IF THEN ELSE og External Content med anvendelse af variabler. <\/span><\/p>\r\n<p class=\"p3\"><span class=\"s1\"><b>Timing af udsendelsen<\/b><\/span><\/p>\r\n<p class=\"p3\"><span class=\"s1\">Der kan v\u00e6re stor forskel p\u00e5, hvorn\u00e5r en kampagne performer bedst muligt. Det afh\u00e6nger meget af m\u00e5lgruppen, og hvad din virksomhed s\u00e6lger eller kommunikerer. <\/span><\/p>\r\n<p class=\"p3\"><span class=\"s1\">Derfor er det vigtigt at teste, teste og teste igen. <\/span><\/p>\r\n<p class=\"p3\"><span class=\"s1\">En funktion som split test er optimal til dette form\u00e5l. Ved at skabe 2, 3 eller m\u00e5ske 4 kopier af den samme kampagne, og sende dem til en lige stor andel af modtagerne, men tidsm\u00e6ssigt forskudt, kan effekten af tid testes meget pr\u00e6cist. <\/span><\/p>\r\n<p class=\"p3\"><span class=\"s1\">I split test er det en simpel operation. V\u00e6lg kampagnerne, s\u00e6t tidspunktet og dagen for udsendelse. Og vent i sp\u00e6nding p\u00e5 resultatet. <\/span><\/p>\r\n<p class=\"p3\"><span class=\"s1\"><b>God kommunikation g\u00e5r altid f\u00f8rst<\/b><\/span><\/p>\r\n<p class=\"p3\"><span class=\"s1\">Alle tekniske hj\u00e6lpemidler, v\u00e6rkt\u00f8jer og muligheder, skal aldrig erstatte god kommunikation. <\/span><\/p>\r\n<p class=\"p3\"><span class=\"s1\">Det vil altid v\u00e6re din \u00e6rlige kommunikation, der vil b\u00e6re budskaberne succesfuldt til modtagerne. Et gammelt gyldent r\u00e5d, som stod at l\u00e6se p\u00e5 mange amerikanske radiostationer: If you don\u2019t have anything so say - then shut up. <\/span><\/p>\r\n<p class=\"p3\"><span class=\"s1\">Det ser ikke p\u00e6nt ud, n\u00e5r det kommer p\u00e5 skrift, men budskabet er ikke til at tage fejl af. Har du ikke noget at sige - s\u00e5 undlad at forstyrre modtagerne.<\/span><\/p>\r\n<p class=\"p3\"><span class=\"s1\">God forn\u00f8jelse med udsendelsen af nyhedsbreve. Nyhedsbreve er den absolut mest succesfulde online marketing metode, der giver en ROI p\u00e5 1 til 40, hvis m\u00e5lretningen anvendes korrekt.<\/span><\/p>\r\n<p class=\"p3\"><span class=\"s1\"><b>Pr\u00f8v MarketingPlatform gratis i 30 dage<\/b><\/span><\/p>\r\n<p class=\"p3\"><span class=\"s1\">Din virksomhed kan pr\u00f8ve MarketingPlatform helt gratis i 30 dage.<\/span><\/p>\r\n<p class=\"p3\"><span class=\"s2\"><a href=\"https:\/\/mailplatform.dk\/mailplatform-gratis-proveadgang\/\">https:\/\/mailplatform.dk\/mailplatform-gratis-proveadgang\/<\/a><\/span><\/p>","_et_gb_content_width":"","footnotes":""},"categories":[],"tags":[],"yst_prominent_words":[4878,82,4905,4883,77,76,81,83,4907,4872,80,4920,79,78,4874,84,890,4871,4873,4881],"_links":{"self":[{"href":"https:\/\/marketingplatform.com\/da\/wp-json\/wp\/v2\/pages\/4531"}],"collection":[{"href":"https:\/\/marketingplatform.com\/da\/wp-json\/wp\/v2\/pages"}],"about":[{"href":"https:\/\/marketingplatform.com\/da\/wp-json\/wp\/v2\/types\/page"}],"author":[{"embeddable":true,"href":"https:\/\/marketingplatform.com\/da\/wp-json\/wp\/v2\/users\/50"}],"replies":[{"embeddable":true,"href":"https:\/\/marketingplatform.com\/da\/wp-json\/wp\/v2\/comments?post=4531"}],"version-history":[{"count":2,"href":"https:\/\/marketingplatform.com\/da\/wp-json\/wp\/v2\/pages\/4531\/revisions"}],"predecessor-version":[{"id":52151,"href":"https:\/\/marketingplatform.com\/da\/wp-json\/wp\/v2\/pages\/4531\/revisions\/52151"}],"up":[{"embeddable":true,"href":"https:\/\/marketingplatform.com\/da\/wp-json\/wp\/v2\/pages\/4520"}],"wp:attachment":[{"href":"https:\/\/marketingplatform.com\/da\/wp-json\/wp\/v2\/media?parent=4531"}],"wp:term":[{"taxonomy":"category","embeddable":true,"href":"https:\/\/marketingplatform.com\/da\/wp-json\/wp\/v2\/categories?post=4531"},{"taxonomy":"post_tag","embeddable":true,"href":"https:\/\/marketingplatform.com\/da\/wp-json\/wp\/v2\/tags?post=4531"},{"taxonomy":"yst_prominent_words","embeddable":true,"href":"https:\/\/marketingplatform.com\/da\/wp-json\/wp\/v2\/yst_prominent_words?post=4531"}],"curies":[{"name":"wp","href":"https:\/\/api.w.org\/{rel}","templated":true}]}}