{"id":4529,"date":"2017-04-04T10:46:46","date_gmt":"2017-04-04T08:46:46","guid":{"rendered":"https:\/\/marketingplatform.com\/?page_id=4529\/"},"modified":"2021-02-22T13:35:30","modified_gmt":"2021-02-22T12:35:30","slug":"fa-mere-ud-af-facebook-med-nyhedsbreve","status":"publish","type":"page","link":"https:\/\/marketingplatform.com\/da\/artikler-presse\/fa-mere-ud-af-facebook-med-nyhedsbreve\/","title":{"rendered":"F\u00e5 mere ud af Facebook med nyhedsbreve"},"content":{"rendered":"<p>[et_pb_section fb_built=&#8221;1&#8243; admin_label=&#8221;section&#8221; _builder_version=&#8221;3.22&#8243; transparent_background=&#8221;off&#8221;][et_pb_row admin_label=&#8221;row&#8221; _builder_version=&#8221;3.25&#8243; background_size=&#8221;initial&#8221; background_position=&#8221;top_left&#8221; background_repeat=&#8221;repeat&#8221;][et_pb_column type=&#8221;4_4&#8243; _builder_version=&#8221;3.25&#8243; custom_padding=&#8221;|||&#8221; custom_padding__hover=&#8221;|||&#8221;][et_pb_text admin_label=&#8221;Text&#8221; _builder_version=&#8221;4.5.3&#8243; background_size=&#8221;initial&#8221; background_position=&#8221;top_left&#8221; background_repeat=&#8221;repeat&#8221; hover_enabled=&#8221;0&#8243; use_border_color=&#8221;off&#8221; border_color=&#8221;#ffffff&#8221; border_style=&#8221;solid&#8221;]<\/p>\n<h1>F\u00e5 mere ud af Facebook med nyhedsbreve<\/h1>\n<p class=\"p1\"><span class=\"s1\">Indr\u00f8mmet. Vi er ikke Facebook eksperter hos MarketingPlatform. Men vi kender mange, der er partnere hos os, som er dygtige til Facebook. Deres viden har vi sammenfattet med vores l\u00f8sning til udsendelse af nyhedsbreve. <\/span><\/p>\n<p class=\"p1\"><span class=\"s1\">&#8220;Flere eksperter, vi har talt med, fort\u00e6ller at Facebook opslag fra en kommerciel side, klarer sig markant d\u00e5rligere i dag end tidligere&#8221;, fort\u00e6ller Kim \u00d8stergaard der er grundl\u00e6gger af MarketingPlatform. Organiske opslag er opslag, hvor der ikke betales til det sociale medie. <\/span><\/p>\n<p>&nbsp;<\/p>\n<h4 class=\"p1\"><span class=\"s1\">F\u00e5 medvind p\u00e5 cykelstien<\/span><\/h4>\n<p class=\"p1\"><span class=\"s1\">Derfor har opslag p\u00e5 Facebook brug for lidt medvind p\u00e5 cykelstien. De sociale eksperter fort\u00e6ller, at den organiske r\u00e6kkevidde er falder 6-10 gange i forhold til tidligere. Dermed er v\u00e6rdien af mange f\u00f8lgere ligeledes faldet. Med andre ord kan din virksomhed ikke l\u00e6ngere regne med en h\u00f8j r\u00e6kkevidde, for organiske opslag p\u00e5 Facebook. <\/span><\/p>\n<p class=\"p1\"><span class=\"s1\">Der er 2 m\u00e5der for at opn\u00e5 medvind. Din virksomhed kan betale for det. Det hedder at booste et opslag. Men det d\u00f8r ud, lige s\u00e5 hurtigt midlerne p\u00e5 kreditkortet stopper. Den anden mulighed er, at f\u00e5 noget mere organisk trafik p\u00e5 Facebook til dine opslag. Det er her email marketing kommer ind i billedet. <\/span><\/p>\n<p class=\"p1\"><span class=\"s1\">Flere unders\u00f8gelser peger p\u00e5, at Facebook l\u00e6rer af den tidligere adf\u00e6rd. Det betyder dermed ogs\u00e5, at fremtidige organiske opslag vil klare sig bedre. Hvis trafikken og interessen tidligere har v\u00e6ret markant. <\/span><\/p>\n<p>&nbsp;<\/p>\n<h4 class=\"p1\"><span class=\"s1\">Facebook opslag kan udsendes automatisk<\/span><\/h4>\n<p class=\"p1\"><span class=\"s1\">Med <a title=\"External Content fra feeds\" href=\"https:\/\/marketingplatform.com\/da\/externalcontent\/\">External Content i MarketingPlatform<\/a> kan Facebook opslag inds\u00e6ttes automatisk i nyhedsbreve og andre kampagner. Det betyder at nyhedsbrevet leder organisk trafik ind til opslaget. Dermed ser Facebook opslaget som mere v\u00e6rd. Det betyder opslaget bliver det promoveret aktivt overfor din sides fans. Og m\u00e5ske endnu l\u00e6ngere ud i cirklerne. <\/span><\/p>\n<p class=\"p1\"><span class=\"s1\">Det er ganske nemt at s\u00e6tte op. Kopier linket til din virksomheds Facebook side. Inds\u00e6t linket som stien i External Content. Byg et design der matcher dit \u00f8nske. Og indholdet fra Facebook, feks de seneste tre opslag, vil automatisk blive indsat der, hvor det \u00f8nskes i fremtidige nyhedsbreve. <\/span><\/p>\n<p class=\"p1\"><span class=\"s1\">Fordi opslagene hentes direkte hos Facebook, vil indholdet altid v\u00e6re aktuelt. Og bliver f\u00f8rst hentet p\u00e5 det tidspunkt, hvor nyhedsbrevet bliver sendt ud. <\/span><\/p>\n<p class=\"p1\"><span class=\"s1\">MarketingPlatform kan ogs\u00e5 &#8220;lytte&#8221; p\u00e5 str\u00f8mmen af opslag, p\u00e5 din virksomheds Facebook side. N\u00e5r antallet af opslag er som du \u00f8nsker, kan et nyhedsbrev automatisk sendes til modtagerne. Nyhedsbrevet kan s\u00e5gar underg\u00e5 en automatisk m\u00e5lretning. <\/span><\/p>\n<p>&nbsp;<\/p>\n<h4 class=\"p1\"><span class=\"s1\">Bes\u00f8gende p\u00e5 Facebook deler mere p\u00e5 mediet<\/span><\/h4>\n<p class=\"p1\"><span class=\"s1\">Et andet faktum er, at bes\u00f8gende p\u00e5 Facebook deler og liker indhold mere, n\u00e5r de bev\u00e6ger sig rundt inde p\u00e5 Facebook. Langt mere end hvis de l\u00e6ser samme indhold p\u00e5 en webside, hvor der i bunden er knapper for like og deling. <\/span><\/p>\n<p class=\"p1\"><span class=\"s1\">Alene derfor giver det rigtig god mening, at sende trafikken direkte ind til de seneste opslag. <\/span><\/p>\n<p class=\"p1\"><span class=\"s1\">Flere eksperter peger desuden p\u00e5, at l\u00e6ngden p\u00e5 Facebook opslag, ogs\u00e5 har stor betydning for r\u00e6kkevidden. Det b\u00f8r tages med i betragtningen om det korrekte mediemiks. <\/span><\/p>\n<p>&nbsp;<\/p>\n<h4 class=\"p1\"><span class=\"s1\">Automatiske opslag &#8211; fra nyhedsbrev til Facebook<\/span><\/h4>\n<p class=\"p1\"><span class=\"s1\">For at im\u00f8dekomme de l\u00e6ngere opslag, kan nyhedsbreve automatisk publiceres til Facebook. Og teksten kan styres, som en del af kampagnen og designet i MarketingPlatform. Det er ogs\u00e5 muligt at uploade et specielt billede til de sociale medier &#8211; eller v\u00e6lge et fra nyhedsbrevet. <\/span><\/p>\n<p class=\"p1\"><span class=\"s1\">Popul\u00e6rt sagt overstyrer MarketingPlatform med den sociale preheader det automatiske valg af tekst og billede, som Twitter eller Facebook foretager ved opslag af eksternt indhold. P\u00e5 den m\u00e5de kan din virksomhed automatisk lave lange opslag. Og sikre at opslaget indeholder call-to-action. Alts\u00e5 en opfordring til at interagere med opslaget. <\/span><\/p>\n<p class=\"p1\"><span class=\"s1\">Ved at kombinere Facebook med MarketingPlatform, vil din virksomhed opn\u00e5 det bedste fra de mest popul\u00e6re og effektive online marketing kanaler. De sociale medier og m\u00e5lrettede intelligente nyhedsbreve.<\/span><\/p>\n<p>[\/et_pb_text][\/et_pb_column][\/et_pb_row][\/et_pb_section][et_pb_section fb_built=&#8221;1&#8243; custom_padding_last_edited=&#8221;on|phone&#8221; module_class=&#8221;ressourcer-signup&#8221; _builder_version=&#8221;4.5.3&#8243; background_color=&#8221;#dee7f1&#8243; custom_padding=&#8221;7%||4%||false|false&#8221; custom_padding_tablet=&#8221;12%||||false|false&#8221; custom_padding_phone=&#8221;17%||||false|false&#8221; top_divider_style=&#8221;asymmetric2&#8243; top_divider_color=&#8221;#ffffff&#8221; top_divider_height=&#8221;60px&#8221; global_module=&#8221;19033&#8243;][et_pb_row _builder_version=&#8221;3.25&#8243; background_size=&#8221;initial&#8221; background_position=&#8221;top_left&#8221; background_repeat=&#8221;repeat&#8221; custom_margin=&#8221;||10px&#8221; custom_padding=&#8221;||10px&#8221;][et_pb_column type=&#8221;4_4&#8243; _builder_version=&#8221;3.25&#8243; custom_padding=&#8221;|||&#8221; custom_padding__hover=&#8221;|||&#8221;][et_pb_text _builder_version=&#8221;4.5.3&#8243; text_orientation=&#8221;center&#8221;]<\/p>\n<h2 style=\"font-style: normal;\">Pr\u00f8v MarketingPlatform gratis i 14 dage<\/h2>\n<p style=\"font-style: normal;\">Pr\u00f8veperioden er gratis, helt uforpligtende og udl\u00f8ber efter 14 dage, hvis du ikke \u00f8nsker at forts\u00e6tte.<br \/> Ved tilmelding modtager du samtidig vores uddannelsesflow p\u00e5 en serie af mails \u2013 og vores nyhedsbrev.<\/p>\n<p>[\/et_pb_text][\/et_pb_column][\/et_pb_row][et_pb_row _builder_version=&#8221;4.4.0&#8243;][et_pb_column type=&#8221;4_4&#8243; _builder_version=&#8221;4.0.2&#8243;][et_pb_code _builder_version=&#8221;4.5.3&#8243; max_width=&#8221;50%&#8221; max_width_tablet=&#8221;100%&#8221; max_width_phone=&#8221;&#8221; max_width_last_edited=&#8221;on|phone&#8221; module_alignment=&#8221;center&#8221;]<a href=\"https:\/\/marketingplatform.com\/da\/book-emailplatform-demo\/\"><\/p>\n<div class=\"bookdemobtn\">Book demo<\/div>\n<p><\/a><!-- [et_pb_line_break_holder] --><a href=\"https:\/\/marketingplatform.com\/da\/gratis-proeveversion\/\"><\/p>\n<div class=\"signupbtn\" style=\"background: #fd9a1b;\">Pr\u00f8v os gratis<\/div>\n<p><\/a><!-- [et_pb_line_break_holder] --><\/p>\n<div class=\"clearfix\"><\/div>\n<p>[\/et_pb_code][\/et_pb_column][\/et_pb_row][et_pb_row _builder_version=&#8221;4.0.2&#8243; max_width=&#8221;768px&#8221; custom_margin=&#8221;15px||0px||false|false&#8221; custom_padding=&#8221;0px||0px&#8221; use_custom_width=&#8221;on&#8221; custom_width_px=&#8221;768px&#8221;][et_pb_column type=&#8221;4_4&#8243; _builder_version=&#8221;3.25&#8243; custom_padding=&#8221;|||&#8221; custom_padding__hover=&#8221;|||&#8221;][et_pb_code _builder_version=&#8221;4.5.3&#8243;]<\/p>\n<div class=\"awards-align\" ><!-- [et_pb_line_break_holder] --><\/p>\n<div style=\"float:left; width:14%; text-align:right;   margin-right: 2%;\"><!-- [et_pb_line_break_holder] --><img decoding=\"async\" src=\"https:\/\/marketingplatform.com\/wp-content\/uploads\/2020\/01\/primotours.png\" width=\"56\" style=\"margin:10px 20px 20px 0px;\"><!-- [et_pb_line_break_holder] --><\/div>\n<p><!-- [et_pb_line_break_holder] --><\/p>\n<div style=\"float:left; width:20%; text-align:center;    margin-right: 4%;\"><!-- [et_pb_line_break_holder] --><img decoding=\"async\" src=\"https:\/\/marketingplatform.com\/wp-content\/uploads\/2019\/11\/med24-gray.png\" width=\"100\" style=\"margin:20px 0px 20px 10px;\"><!-- [et_pb_line_break_holder] --><\/div>\n<p><!-- [et_pb_line_break_holder] --><\/p>\n<div style=\"float:left; width:8%;    margin-right: 1%;\"><!-- [et_pb_line_break_holder] --><img decoding=\"async\" src=\"https:\/\/marketingplatform.com\/wp-content\/uploads\/2021\/02\/dao-logo.png\" width=\"180\" style=\"margin:20px 20px 20px 0px;\"><!-- [et_pb_line_break_holder] --><\/div>\n<p><!-- [et_pb_line_break_holder] --><\/p>\n<div style=\"float:left; width:20%; text-align:center;     margin-right: 1%;\"><!-- [et_pb_line_break_holder] --><img decoding=\"async\" src=\"https:\/\/marketingplatform.com\/wp-content\/uploads\/2019\/04\/aldi-grey.png\" width=\"50\" style=\"margin:10px 0px 20px 0px;\"><!-- [et_pb_line_break_holder] --><\/div>\n<p><!-- [et_pb_line_break_holder] --><\/p>\n<div style=\"float:left; width:18%;      margin-right: 2%;  text-align: center;\"><!-- [et_pb_line_break_holder] --><img decoding=\"async\" src=\"https:\/\/marketingplatform.com\/wp-content\/uploads\/2019\/02\/verisure-logo.png\" width=\"120\" style=\"margin:18px 0px 20px 0px;\"><!-- [et_pb_line_break_holder] --><\/div>\n<p><!-- [et_pb_line_break_holder] --><\/div>\n<p>[\/et_pb_code][\/et_pb_column][\/et_pb_row][\/et_pb_section]<\/p>\n","protected":false},"excerpt":{"rendered":"<p>F\u00e5 mere ud af Facebook med nyhedsbreve Indr\u00f8mmet. Vi er ikke Facebook eksperter hos MarketingPlatform. Men vi kender mange, der er partnere hos os, som er dygtige til Facebook. Deres viden har vi sammenfattet med vores l\u00f8sning til udsendelse af nyhedsbreve. &#8220;Flere eksperter, vi har talt med, fort\u00e6ller at Facebook opslag fra en kommerciel side, [&hellip;]<\/p>\n","protected":false},"author":50,"featured_media":0,"parent":4520,"menu_order":0,"comment_status":"closed","ping_status":"closed","template":"","meta":{"_et_pb_use_builder":"on","_et_pb_old_content":"<p class=\"p1\"><span class=\"s1\">Indr\u00f8mmet. Vi er ikke Facebook eksperter hos MarketingPlatform. Men vi kender mange, der er partnere hos os, som er dygtige til Facebook. Deres viden har vi sammenfattet med vores l\u00f8sning til udsendelse af nyhedsbreve. <\/span><\/p>\r\n<p class=\"p1\"><span class=\"s1\">\"Flere eksperter, vi har talt med, fort\u00e6ller at Facebook opslag fra en kommerciel side, klarer sig markant d\u00e5rligere i dag end tidligere\", fort\u00e6ller Kim \u00d8stergaard der er grundl\u00e6gger af MarketingPlatform. Organiske opslag er opslag, hvor der ikke betales til det sociale medie. <\/span><\/p>\r\n\r\n<h3 class=\"p1\"><span class=\"s1\"><b>F\u00e5 medvind p\u00e5 cykelstien<\/b><\/span><\/h3>\r\n<p class=\"p1\"><span class=\"s1\">Derfor har opslag p\u00e5 Facebook brug for lidt medvind p\u00e5 cykelstien. De sociale eksperter fort\u00e6ller, at den organiske r\u00e6kkevidde er falder 6-10 gange i forhold til tidligere. Dermed er v\u00e6rdien af mange f\u00f8lgere ligeledes faldet. Med andre ord kan din virksomhed ikke l\u00e6ngere regne med en h\u00f8j r\u00e6kkevidde, for organiske opslag p\u00e5 Facebook. <\/span><\/p>\r\n<p class=\"p1\"><span class=\"s1\">Der er 2 m\u00e5der for at opn\u00e5 medvind. Din virksomhed kan betale for det. Det hedder at booste et opslag. Men det d\u00f8r ud, lige s\u00e5 hurtigt midlerne p\u00e5 kreditkortet stopper. Den anden mulighed er, at f\u00e5 noget mere organisk trafik p\u00e5 Facebook til dine opslag. Det er her email marketing kommer ind i billedet. <\/span><\/p>\r\n<p class=\"p1\"><span class=\"s1\">Flere unders\u00f8gelser peger p\u00e5, at Facebook l\u00e6rer af den tidligere adf\u00e6rd. Det betyder dermed ogs\u00e5, at fremtidige organiske opslag vil klare sig bedre. Hvis trafikken og interessen tidligere har v\u00e6ret markant. <\/span><\/p>\r\n\r\n<h3 class=\"p1\"><span class=\"s1\"><b>Facebook opslag kan udsendes automatisk<\/b><\/span><\/h3>\r\n<p class=\"p1\"><span class=\"s1\">Med <a title=\"External Content fra feeds\" href=\"https:\/\/mailplatform.dk\/externalcontent\/\">External Content i MarketingPlatform<\/a> kan Facebook opslag inds\u00e6ttes automatisk i nyhedsbreve og andre kampagner. Det betyder at nyhedsbrevet leder organisk trafik ind til opslaget. Dermed ser Facebook opslaget som mere v\u00e6rd. Det betyder opslaget bliver det promoveret aktivt overfor din sides fans. Og m\u00e5ske endnu l\u00e6ngere ud i cirklerne. <\/span><\/p>\r\n<p class=\"p1\"><span class=\"s1\">Det er ganske nemt at s\u00e6tte op. Kopier linket til din virksomheds Facebook side. Inds\u00e6t linket som stien i External Content. Byg et design der matcher dit \u00f8nske. Og indholdet fra Facebook, feks de seneste tre opslag, vil automatisk blive indsat der, hvor det \u00f8nskes i fremtidige nyhedsbreve. <\/span><\/p>\r\n<p class=\"p1\"><span class=\"s1\">Fordi opslagene hentes direkte hos Facebook, vil indholdet altid v\u00e6re aktuelt. Og bliver f\u00f8rst hentet p\u00e5 det tidspunkt, hvor nyhedsbrevet bliver sendt ud. <\/span><\/p>\r\n<p class=\"p1\"><span class=\"s1\">MarketingPlatform kan ogs\u00e5 \"lytte\" p\u00e5 str\u00f8mmen af opslag, p\u00e5 din virksomheds Facebook side. N\u00e5r antallet af opslag er som du \u00f8nsker, kan et nyhedsbrev automatisk sendes til modtagerne. Nyhedsbrevet kan s\u00e5gar underg\u00e5 en automatisk m\u00e5lretning. <\/span><\/p>\r\n\r\n<h3 class=\"p1\"><span class=\"s1\"><b>Bes\u00f8gende p\u00e5 Facebook deler mere p\u00e5 mediet<\/b><\/span><\/h3>\r\n<p class=\"p1\"><span class=\"s1\">Et andet faktum er, at bes\u00f8gende p\u00e5 Facebook deler og liker indhold mere, n\u00e5r de bev\u00e6ger sig rundt inde p\u00e5 Facebook. Langt mere end hvis de l\u00e6ser samme indhold p\u00e5 en webside, hvor der i bunden er knapper for like og deling. <\/span><\/p>\r\n<p class=\"p1\"><span class=\"s1\">Alene derfor giver det rigtig god mening, at sende trafikken direkte ind til de seneste opslag. <\/span><\/p>\r\n<p class=\"p1\"><span class=\"s1\">Flere eksperter peger desuden p\u00e5, at l\u00e6ngden p\u00e5 Facebook opslag, ogs\u00e5 har stor betydning for r\u00e6kkevidden. Det b\u00f8r tages med i betragtningen om det korrekte mediemiks. <\/span><\/p>\r\n\r\n<h3 class=\"p1\"><span class=\"s1\"><b>Automatiske opslag - fra nyhedsbrev til Facebook<\/b><\/span><\/h3>\r\n<p class=\"p1\"><span class=\"s1\">For at im\u00f8dekomme de l\u00e6ngere opslag, kan <a title=\"Social deling\" href=\"https:\/\/mailplatform.dk\/socialdeling\/\">nyhedsbreve automatisk publiceres til Facebook<\/a>. Og teksten kan styres, som en del af kampagnen og designet i MarketingPlatform. Det er ogs\u00e5 muligt at uploade et specielt billede til de sociale medier - eller v\u00e6lge et fra nyhedsbrevet. <\/span><\/p>\r\n<p class=\"p1\"><span class=\"s1\">Popul\u00e6rt sagt overstyrer MarketingPlatform med den sociale preheader det automatiske valg af tekst og billede, som Twitter eller Facebook foretager ved opslag af eksternt indhold. P\u00e5 den m\u00e5de kan din virksomhed automatisk lave lange opslag. Og sikre at opslaget indeholder call-to-action. Alts\u00e5 en opfordring til at interagere med opslaget. <\/span><\/p>\r\n<p class=\"p1\"><span class=\"s1\">Ved at kombinere Facebook med MarketingPlatform, vil din virksomhed opn\u00e5 det bedste fra de mest popul\u00e6re og effektive online marketing kanaler. De sociale medier og m\u00e5lrettede intelligente nyhedsbreve.<\/span><\/p>","_et_gb_content_width":"","footnotes":""},"categories":[],"tags":[],"yst_prominent_words":[2766,2764,1109,4883,81,2768,2765,4872,2772,1013,2771,4871,5899,2770,4873,989,2769,4881,224,2767],"_links":{"self":[{"href":"https:\/\/marketingplatform.com\/da\/wp-json\/wp\/v2\/pages\/4529"}],"collection":[{"href":"https:\/\/marketingplatform.com\/da\/wp-json\/wp\/v2\/pages"}],"about":[{"href":"https:\/\/marketingplatform.com\/da\/wp-json\/wp\/v2\/types\/page"}],"author":[{"embeddable":true,"href":"https:\/\/marketingplatform.com\/da\/wp-json\/wp\/v2\/users\/50"}],"replies":[{"embeddable":true,"href":"https:\/\/marketingplatform.com\/da\/wp-json\/wp\/v2\/comments?post=4529"}],"version-history":[{"count":1,"href":"https:\/\/marketingplatform.com\/da\/wp-json\/wp\/v2\/pages\/4529\/revisions"}],"predecessor-version":[{"id":65531,"href":"https:\/\/marketingplatform.com\/da\/wp-json\/wp\/v2\/pages\/4529\/revisions\/65531"}],"up":[{"embeddable":true,"href":"https:\/\/marketingplatform.com\/da\/wp-json\/wp\/v2\/pages\/4520"}],"wp:attachment":[{"href":"https:\/\/marketingplatform.com\/da\/wp-json\/wp\/v2\/media?parent=4529"}],"wp:term":[{"taxonomy":"category","embeddable":true,"href":"https:\/\/marketingplatform.com\/da\/wp-json\/wp\/v2\/categories?post=4529"},{"taxonomy":"post_tag","embeddable":true,"href":"https:\/\/marketingplatform.com\/da\/wp-json\/wp\/v2\/tags?post=4529"},{"taxonomy":"yst_prominent_words","embeddable":true,"href":"https:\/\/marketingplatform.com\/da\/wp-json\/wp\/v2\/yst_prominent_words?post=4529"}],"curies":[{"name":"wp","href":"https:\/\/api.w.org\/{rel}","templated":true}]}}