{"id":419,"date":"2017-02-09T07:48:46","date_gmt":"2017-02-09T06:48:46","guid":{"rendered":"https:\/\/marketingplatform.com\/?page_id=419\/"},"modified":"2021-04-13T13:43:27","modified_gmt":"2021-04-13T11:43:27","slug":"sms-marketing-marketingplatform","status":"publish","type":"page","link":"https:\/\/marketingplatform.com\/da\/sms-marketing-marketingplatform\/","title":{"rendered":"SMS Marketing"},"content":{"rendered":"\n[et_pb_section fb_built=&#8221;1&#8243; _builder_version=&#8221;4.4.0&#8243; background_color=&#8221;#eff5fc&#8221; custom_margin=&#8221;||0px&#8221; custom_padding=&#8221;||0px&#8221; box_shadow_style=&#8221;preset7&#8243; box_shadow_horizontal=&#8221;0px&#8221; box_shadow_vertical=&#8221;-190px&#8221; box_shadow_color=&#8221;#ffffff&#8221; box_shadow_vertical_tablet=&#8221;-110px&#8221; box_shadow_vertical_phone=&#8221;-90px&#8221; box_shadow_vertical_last_edited=&#8221;on|phone&#8221;][et_pb_row _builder_version=&#8221;3.25&#8243; custom_margin=&#8221;||5px&#8221; custom_padding=&#8221;||5px&#8221;][et_pb_column type=&#8221;4_4&#8243; _builder_version=&#8221;3.25&#8243; custom_padding=&#8221;|||&#8221; custom_padding__hover=&#8221;|||&#8221;][et_pb_text _builder_version=&#8221;4.5.3&#8243; text_font=&#8221;||||||||&#8221; text_orientation=&#8221;center&#8221; hover_enabled=&#8221;0&#8243; header_font=&#8221;|800|||||||&#8221; header_font_size=&#8221;38px&#8221; width=&#8221;90%&#8221;]<h1>SMS Marketing<\/h1>\nHos MarketingPlatform har du mulighed for at pushe beskeder ud til dine kunder og via vores SMS editor kan du personligg\u00f8re indholdet i SMS beskederne, s\u00e5 du opn\u00e5r den bedst mulige respons.[\/et_pb_text][\/et_pb_column][\/et_pb_row][et_pb_row _builder_version=&#8221;3.25&#8243; custom_margin=&#8221;5px||&#8221; custom_padding=&#8221;5px||&#8221;][et_pb_column type=&#8221;4_4&#8243; _builder_version=&#8221;3.25&#8243; custom_padding=&#8221;|||&#8221; custom_padding__hover=&#8221;|||&#8221;][et_pb_image src=&#8221;https:\/\/marketingplatform.com\/wp-content\/uploads\/2018\/12\/sms-editor.png&#8221; align_tablet=&#8221;center&#8221; align_phone=&#8221;&#8221; align_last_edited=&#8221;on|desktop&#8221; _builder_version=&#8221;3.23&#8243; max_width=&#8221;80%&#8221; module_alignment=&#8221;center&#8221;][\/et_pb_image][\/et_pb_column][\/et_pb_row][\/et_pb_section][et_pb_section fb_built=&#8221;1&#8243; _builder_version=&#8221;3.22&#8243; transparent_background=&#8221;off&#8221;][et_pb_row _builder_version=&#8221;3.25&#8243; background_size=&#8221;initial&#8221; background_position=&#8221;top_left&#8221; background_repeat=&#8221;repeat&#8221; custom_padding=&#8221;0px|||&#8221;][et_pb_column type=&#8221;4_4&#8243; _builder_version=&#8221;3.25&#8243; custom_padding=&#8221;|||&#8221; custom_padding__hover=&#8221;|||&#8221;][et_pb_text _builder_version=&#8221;3.27.4&#8243; text_font=&#8221;||||||||&#8221; background_size=&#8221;initial&#8221; background_position=&#8221;top_left&#8221; background_repeat=&#8221;repeat&#8221; module_alignment=&#8221;center&#8221; use_border_color=&#8221;off&#8221;]Selv om mange i dag t\u00e6nker p\u00e5 SMS marketing som et outdated produkt eller en outdated markedsf\u00f8ringskanal, viser unders\u00f8gelser faktisk det modsatte.\nHele 95% af modtagere af SMS marketing \u00e5bner SMS&#8217;en inden for 5 minutter. \n\nS\u00e5ledes er det en meget effektiv kanal, hvis man har behov for at pushe en besked eller kampagne ud her og nu. Endvidere er SMS marketing en vigtig del af en omnichannel kommunikationsstrategi i samspil med blandt andet ogs\u00e5 Email Marketing.\n\nHos MarketingPlatform har du mulighed for at pushe beskeder ud til dine kunder og via vores SMS editor kan du personligg\u00f8re indholdet i SMS beskederne, s\u00e5 du opn\u00e5r den bedst mulige respons.[\/et_pb_text][\/et_pb_column][\/et_pb_row][et_pb_row column_structure=&#8221;1_2,1_2&#8243; _builder_version=&#8221;3.25&#8243; background_size=&#8221;initial&#8221; background_position=&#8221;top_left&#8221; background_repeat=&#8221;repeat&#8221;][et_pb_column type=&#8221;1_2&#8243; _builder_version=&#8221;3.25&#8243; custom_padding=&#8221;|||&#8221; custom_padding__hover=&#8221;|||&#8221;][et_pb_image src=&#8221;https:\/\/marketingplatform.com\/wp-content\/uploads\/2018\/11\/phone-sms.png&#8221; _builder_version=&#8221;3.23&#8243; custom_margin=&#8221;||10px|&#8221; custom_css_main_element=&#8221;width:44px;&#8221; use_border_color=&#8221;off&#8221; border_color=&#8221;#ffffff&#8221; border_width=&#8221;1px&#8221; border_style=&#8221;solid&#8221; animation=&#8221;off&#8221; sticky=&#8221;off&#8221; always_center_on_mobile=&#8221;off&#8221;]&nbsp;\r[\/et_pb_image][et_pb_text _builder_version=&#8221;4.5.3&#8243; background_size=&#8221;initial&#8221; background_position=&#8221;top_left&#8221; background_repeat=&#8221;repeat&#8221; hover_enabled=&#8221;0&#8243; use_border_color=&#8221;off&#8221; header_3_font=&#8221;|800|||||||&#8221;]<h3>SMS Editor<\/h3>\r\n<span style=\"font-weight: 400;\">G\u00f8r din kommunikation personlig ved at tilf\u00f8je data eller et hvilket som helst kontaktfelt du \u00f8nsker. Dette indflettes dynamisk i din SMS for at skabe den personlige kontakt.<\/span>\r\n\r\n<span style=\"font-weight: 400;\">Du beh\u00f8ver ikke at bekymre dig om at sende lange SMS beskeder. Disse sendes uden problemer til dine modtagere.<\/span>\r\n\r\n<span style=\"font-weight: 400;\">Da vi bruger danske teleselskaber, kan vi sikre dig 100% levering af dine SMS\u2019er.<\/span>\r\n\r\n<a href=\"https:\/\/marketingplatform.com\/da\/sms-markedsfoering\/\">L\u00e6s mere om MarketingPlatform og SMS Markedsf\u00f8ring<\/a>\r[\/et_pb_text][\/et_pb_column][et_pb_column type=&#8221;1_2&#8243; _builder_version=&#8221;3.25&#8243; custom_padding=&#8221;|||&#8221; custom_padding__hover=&#8221;|||&#8221;][et_pb_image src=&#8221;https:\/\/marketingplatform.com\/wp-content\/uploads\/2018\/11\/mail-settings.png&#8221; _builder_version=&#8221;3.23&#8243; custom_margin=&#8221;||10px|&#8221; custom_css_main_element=&#8221;width:52px;&#8221; use_border_color=&#8221;off&#8221; border_color=&#8221;#ffffff&#8221; border_width=&#8221;1px&#8221; border_style=&#8221;solid&#8221; animation=&#8221;off&#8221; sticky=&#8221;off&#8221; always_center_on_mobile=&#8221;off&#8221;]&nbsp;\r[\/et_pb_image][et_pb_text _builder_version=&#8221;4.5.3&#8243; background_size=&#8221;initial&#8221; background_position=&#8221;top_left&#8221; background_repeat=&#8221;repeat&#8221; hover_enabled=&#8221;0&#8243; use_border_color=&#8221;off&#8221; header_font=&#8221;|800|||||||&#8221; header_3_font=&#8221;|800|||||||&#8221;]<h3>Integration med e-mail og omnichannel<\/h3>\r\n<p style=\"color: #777d89; text-align: left;\"><span style=\"font-weight: 400;\">SMS marketing er en del af en integreret omnichannel kommunikationsproces. <\/span><\/p>\r\n<p style=\"color: #777d89; text-align: left;\"><span style=\"font-weight: 400;\">Brugen af intelligent segmentering og adf\u00e6rdsdata sikrer, at din SMS kan enten reageres p\u00e5 eller besvares ud fra kundens handling.<\/span><\/p>\r\n<a href=\"https:\/\/marketingplatform.com\/da\/sms-markedsfoering\/\">L\u00e6s mere om mulighederne med SMS beskeder<\/a>\r[\/et_pb_text][\/et_pb_column][\/et_pb_row][\/et_pb_section][et_pb_section fb_built=&#8221;1&#8243; admin_label=&#8221;section&#8221; _builder_version=&#8221;3.22&#8243; background_image=&#8221;https:\/\/marketingplatform.com\/wp-content\/uploads\/2018\/05\/sms-marketing-bg.jpg&#8221; parallax=&#8221;on&#8221; custom_padding=&#8221;120px||120px|&#8221;][et_pb_row admin_label=&#8221;row&#8221; _builder_version=&#8221;3.25&#8243; background_color=&#8221;rgba(0,123,218,0.85)&#8221; background_size=&#8221;initial&#8221; background_position=&#8221;top_left&#8221; background_repeat=&#8221;repeat&#8221; width=&#8221;60%&#8221; max_width=&#8221;60%&#8221; custom_padding=&#8221;20px|20px|20px|20px&#8221; use_custom_width=&#8221;on&#8221; width_unit=&#8221;off&#8221; custom_width_percent=&#8221;60%&#8221;][et_pb_column type=&#8221;4_4&#8243; _builder_version=&#8221;3.25&#8243; custom_padding=&#8221;0px | 0px | 0px |0px&#8221; custom_padding__hover=&#8221;|||&#8221;][et_pb_text _builder_version=&#8221;3.27.4&#8243; text_text_color=&#8221;#fff&#8221; background_size=&#8221;initial&#8221; background_position=&#8221;top_left&#8221; background_repeat=&#8221;repeat&#8221; custom_padding=&#8221;|||&#8221; use_border_color=&#8221;off&#8221; border_style=&#8221;solid&#8221;]<span style=\"color: #ffffff; font-style: italic;\">Selv om mange i dag t\u00e6nker p\u00e5 SMS marketing som et outdated produkt eller en outdated markedsf\u00f8ringskanal, viser unders\u00f8gelser faktisk det modsatte.<\/span>\n\n<span style=\"color: #ffffff; font-style: italic;\">Hele 95% af modtagere af SMS marketing der \u00e5bner SMS&#8217;en inden for 5 minutt<\/span><span style=\"color: #ffffff;\">er. <\/span>\n\n<span style=\"color: #ffffff; font-style: italic;\">S\u00e5ledes er det en meget effektiv kanal, hvis man har behov for at pushe en besked eller kampagne ud her og nu. <\/span>[\/et_pb_text][\/et_pb_column][\/et_pb_row][\/et_pb_section][et_pb_section fb_built=&#8221;1&#8243; _builder_version=&#8221;3.22&#8243;][et_pb_row _builder_version=&#8221;3.25&#8243; background_size=&#8221;initial&#8221; background_position=&#8221;top_left&#8221; background_repeat=&#8221;repeat&#8221;][et_pb_column type=&#8221;4_4&#8243; _builder_version=&#8221;3.25&#8243; custom_padding=&#8221;|||&#8221; custom_padding__hover=&#8221;|||&#8221;][et_pb_text _builder_version=&#8221;4.5.3&#8243; hover_enabled=&#8221;0&#8243; header_2_font=&#8221;|800|||||||&#8221;]<h2>Muligheder med SMS marketing<\/h2>\r\nAt sende kampagner via SMS kan virke begr\u00e6nset, eftersom man kun kan bruge tekst og links i de beskeder, man pusher ud. En SMS vil derfor aldrig komme til at se lige s\u00e5 elegant ud, som n\u00e5r du benytter Email Marketing.\r\n\r\nMen det interessante ved at SMS marketing er, at folk opfatter en SMS som noget, der er vigtigt &#8211; Og under alle omst\u00e6ndigheder noget, der er mere vigtigt end at l\u00e6se en email. Derfor er der s\u00e5 mange, der \u00e5bner en SMS inden for de f\u00f8rste 5 minutter efter modtagelsen.\r\n\r\nOg er samme grund er det ogs\u00e5 vigtigt at benytte SMS marketing med omtanke. For udsender man for mange SMS&#8217;er p\u00e5 denne m\u00e5de med for kort mellemrum, kan det i stedet komme til at virke useri\u00f8st og som et irritationsmoment for modtageren. Man l\u00e5ner tiden hos modtageren af SMS&#8217;en, som skal bruge tiden p\u00e5 et tjekke beskeden, og man skal derfor n\u00f8je overveje dels frekvensen af udsendelserne, dels indholdet af beskeden, som skal v\u00e6re s\u00e5 m\u00e5lrettet og s\u00e5 relevant som muligt.\r\n\r\nFor fysiske butikker rummer SMS marketing ogs\u00e5 mange sp\u00e6ndende muligheder. F.eks. kan man bruge SMS beskeder til at pushe information ud om lokale butikkers specielle events. Man kan sende adf\u00e6rdsbestemte SMS&#8217;er som underst\u00f8tter udsendte email kampagner. Hvis vi f.eks. antager, at man har udsendt et nyhedsbrev torsdag omkring en fysisk butiks tilbud, kan man dagen efter f\u00f8lge op med en SMS, som kan v\u00e6re tilpasset den adf\u00e6rd man har udvist ved at klikke i nyhedsbrevet dagen forinden.\r[\/et_pb_text][\/et_pb_column][\/et_pb_row][\/et_pb_section]\n","protected":false},"excerpt":{"rendered":"<p>SMS Marketing Hos MarketingPlatform har du mulighed for at pushe beskeder ud til dine kunder og via vores SMS editor kan du personligg\u00f8re indholdet i SMS beskederne, s\u00e5 du opn\u00e5r den bedst mulige respons.Selv om mange i dag t\u00e6nker p\u00e5 SMS marketing som et outdated produkt eller en outdated markedsf\u00f8ringskanal, viser unders\u00f8gelser faktisk det modsatte. [&hellip;]<\/p>\n","protected":false},"author":50,"featured_media":0,"parent":0,"menu_order":0,"comment_status":"closed","ping_status":"closed","template":"","meta":{"_et_pb_use_builder":"on","_et_pb_old_content":"","_et_gb_content_width":"","footnotes":""},"categories":[],"tags":[],"yst_prominent_words":[1438],"_links":{"self":[{"href":"https:\/\/marketingplatform.com\/da\/wp-json\/wp\/v2\/pages\/419"}],"collection":[{"href":"https:\/\/marketingplatform.com\/da\/wp-json\/wp\/v2\/pages"}],"about":[{"href":"https:\/\/marketingplatform.com\/da\/wp-json\/wp\/v2\/types\/page"}],"author":[{"embeddable":true,"href":"https:\/\/marketingplatform.com\/da\/wp-json\/wp\/v2\/users\/50"}],"replies":[{"embeddable":true,"href":"https:\/\/marketingplatform.com\/da\/wp-json\/wp\/v2\/comments?post=419"}],"version-history":[{"count":3,"href":"https:\/\/marketingplatform.com\/da\/wp-json\/wp\/v2\/pages\/419\/revisions"}],"predecessor-version":[{"id":67953,"href":"https:\/\/marketingplatform.com\/da\/wp-json\/wp\/v2\/pages\/419\/revisions\/67953"}],"wp:attachment":[{"href":"https:\/\/marketingplatform.com\/da\/wp-json\/wp\/v2\/media?parent=419"}],"wp:term":[{"taxonomy":"category","embeddable":true,"href":"https:\/\/marketingplatform.com\/da\/wp-json\/wp\/v2\/categories?post=419"},{"taxonomy":"post_tag","embeddable":true,"href":"https:\/\/marketingplatform.com\/da\/wp-json\/wp\/v2\/tags?post=419"},{"taxonomy":"yst_prominent_words","embeddable":true,"href":"https:\/\/marketingplatform.com\/da\/wp-json\/wp\/v2\/yst_prominent_words?post=419"}],"curies":[{"name":"wp","href":"https:\/\/api.w.org\/{rel}","templated":true}]}}