{"id":40965,"date":"2019-08-26T14:43:16","date_gmt":"2019-08-26T12:43:16","guid":{"rendered":"https:\/\/marketingplatform.com\/?page_id=40965"},"modified":"2024-05-22T08:06:21","modified_gmt":"2024-05-22T06:06:21","slug":"integrer-shopify-med-marketingplatform","status":"publish","type":"page","link":"https:\/\/marketingplatform.com\/da\/integrer-shopify-med-marketingplatform\/","title":{"rendered":"Integr\u00e9r Shopify med MarketingPlatform"},"content":{"rendered":"<p>[et_pb_section fb_built=&#8221;1&#8243; _builder_version=&#8221;4.16&#8243; global_colors_info=&#8221;{}&#8221;][et_pb_row _builder_version=&#8221;4.16&#8243; custom_padding=&#8221;||2px|||&#8221; global_colors_info=&#8221;{}&#8221;][et_pb_column type=&#8221;4_4&#8243; _builder_version=&#8221;4.16&#8243; custom_padding=&#8221;|||&#8221; global_colors_info=&#8221;{}&#8221; custom_padding__hover=&#8221;|||&#8221;][et_pb_text _builder_version=&#8221;4.16&#8243; global_colors_info=&#8221;{}&#8221;]<\/p>\n<h1><span style=\"font-weight: 400;\">Integr\u00e9r Shopify med MarketingPlatform\u00a0<\/span><\/h1>\n<p><b>Shopify med hoveds\u00e6de i Canada har siden 2004 udviklet s\u00e5vel software til webshops s\u00e5vel som point-of-sale systemer til detailhandlen. Med over 400.000 brugere er Shopify i dag at t\u00e6lle blandt verdens st\u00f8rste e-commerce platforme.\u00a0<\/b><\/p>\n<p><span style=\"font-weight: 400;\"><\/span><\/p>\n<p>[\/et_pb_text][\/et_pb_column][\/et_pb_row][et_pb_row column_structure=&#8221;2_3,1_3&#8243; _builder_version=&#8221;4.16&#8243; global_colors_info=&#8221;{}&#8221;][et_pb_column type=&#8221;2_3&#8243; _builder_version=&#8221;4.16&#8243; custom_padding=&#8221;|||&#8221; global_colors_info=&#8221;{}&#8221; custom_padding__hover=&#8221;|||&#8221;][et_pb_text _builder_version=&#8221;4.16&#8243; global_colors_info=&#8221;{}&#8221;]<\/p>\n<p><span>En god, stabil dataudveksling mellem din email marketing platform og din webshop er n\u00f8dvendig for at kunne vedligeholde eksempelvis kundeinformationer og ordredata.<\/span><\/p>\n<p><span>Heldigvis er det nemt at integrere dine data mellem Shopify og MarketingPlatform via vores Connector. P\u00e5 kun 10 minutter kan integrationen ops\u00e6ttes og v\u00e6re klar, s\u00e5\u00a0<\/span><span>den n\u00f8dvendige data kan sendes frem og tilbage. Og det kan klares helt uden brug af dyre konsulenter.\u00a0<\/span><\/p>\n<p><span>Hvis en kunde tilmelder sig dit nyhedsbrev eksempelvis via dit check-out flow, s\u00f8rger Connectoren for at kontaktdetaljer bliver synkroniseret mellem din Shopify installation og MarketingPlatform. <\/span><\/p>\n<p><span>Brug ogs\u00e5 Connectoren i samspil med vores One-to-Many til at skubbe ordredata fra Shopify til MarketingPlatform. Brug herefter dataen til at sende m\u00e5lrettede og meget effektive email marketing kampagner til dine kunder.\u00a0<\/span><\/p>\n<p>[\/et_pb_text][\/et_pb_column][et_pb_column type=&#8221;1_3&#8243; _builder_version=&#8221;4.16&#8243; custom_padding=&#8221;|||&#8221; global_colors_info=&#8221;{}&#8221; custom_padding__hover=&#8221;|||&#8221;][et_pb_image src=&#8221;https:\/\/marketingplatform.com\/wp-content\/uploads\/2019\/08\/462274-shopify-logo.png&#8221; alt=&#8221;Shopify logo&#8221; _builder_version=&#8221;4.19.5&#8243; global_colors_info=&#8221;{}&#8221;][\/et_pb_image][\/et_pb_column][\/et_pb_row][et_pb_row _builder_version=&#8221;4.16&#8243; global_colors_info=&#8221;{}&#8221;][et_pb_column type=&#8221;4_4&#8243; _builder_version=&#8221;4.16&#8243; custom_padding=&#8221;|||&#8221; global_colors_info=&#8221;{}&#8221; custom_padding__hover=&#8221;|||&#8221;][et_pb_text _builder_version=&#8221;4.19.5&#8243; global_colors_info=&#8221;{}&#8221;]<\/p>\n<p><span>Brug vores FlowBuilder til at bygge avancerede flows eller benytte vores prebuild flows, s\u00e5 du lynhurtigt kan ops\u00e6tte velkomstflow, win-back, tabt kurv, VIP worksflows,\u00a0\u00a0<\/span><\/p>\n<p><span>MarketingPlatform Connector er naturligvis gratis som en integreret del af alle vore abonnementer.<\/span><\/p>\n<p><span>Fordele ved integration mellem Shopify og MarketingPlatform:<\/span><\/p>\n<ul>\n<li><span>Integration tager kun omkring 10 minutter<\/span><\/li>\n<li><span>Integrationen kan ops\u00e6ttes uden hj\u00e6lp fra dyre, eksterne konsulenter<\/span><\/li>\n<li><span>Synkronis\u00e9r eksempelvis kontaktdata og ordredata<\/span><\/li>\n<li><span>Giver st\u00e6rkere grundlag for effektive email marketing kampagner<\/span><\/li>\n<\/ul>\n<p><span><a href=\"https:\/\/marketingplatform.com\/da\/integrationer\/\">L\u00e6s mere<\/a> om vores integrationer.<\/span><\/p>\n<p><span><a href=\"https:\/\/marketingplatform.com\/da\/priser\/\">L\u00e6s mere<\/a> om vores abonnementer.<\/span><\/p>\n<p><span><a href=\"mailto:support@linkmobility.dk\">Kontakt os<\/a> for at h\u00f8re n\u00e6rmere om muligheder.<\/span><\/p>\n<div id=\"gtx-trans\" style=\"position: absolute; left: 2px; top: 302.243px;\">\n<div class=\"gtx-trans-icon\"><\/div>\n<\/div>\n<p>[\/et_pb_text][\/et_pb_column][\/et_pb_row][\/et_pb_section]<\/p>\n","protected":false},"excerpt":{"rendered":"<p>Integr\u00e9r Shopify med MarketingPlatform\u00a0 Shopify med hoveds\u00e6de i Canada har siden 2004 udviklet s\u00e5vel software til webshops s\u00e5vel som point-of-sale systemer til detailhandlen. Med over 400.000 brugere er Shopify i dag at t\u00e6lle blandt verdens st\u00f8rste e-commerce platforme.\u00a0 En god, stabil dataudveksling mellem din email marketing platform og din webshop er n\u00f8dvendig for at kunne [&hellip;]<\/p>\n","protected":false},"author":50,"featured_media":0,"parent":0,"menu_order":0,"comment_status":"closed","ping_status":"closed","template":"","meta":{"_et_pb_use_builder":"on","_et_pb_old_content":"","_et_gb_content_width":"","footnotes":""},"categories":[],"tags":[],"yst_prominent_words":[13474,987,13475,13468,13464,175,7046,261,13465,7569,13470,13472,13466,15166,3339,15066,13471,13469,13473,15167],"_links":{"self":[{"href":"https:\/\/marketingplatform.com\/da\/wp-json\/wp\/v2\/pages\/40965"}],"collection":[{"href":"https:\/\/marketingplatform.com\/da\/wp-json\/wp\/v2\/pages"}],"about":[{"href":"https:\/\/marketingplatform.com\/da\/wp-json\/wp\/v2\/types\/page"}],"author":[{"embeddable":true,"href":"https:\/\/marketingplatform.com\/da\/wp-json\/wp\/v2\/users\/50"}],"replies":[{"embeddable":true,"href":"https:\/\/marketingplatform.com\/da\/wp-json\/wp\/v2\/comments?post=40965"}],"version-history":[{"count":3,"href":"https:\/\/marketingplatform.com\/da\/wp-json\/wp\/v2\/pages\/40965\/revisions"}],"predecessor-version":[{"id":237861,"href":"https:\/\/marketingplatform.com\/da\/wp-json\/wp\/v2\/pages\/40965\/revisions\/237861"}],"wp:attachment":[{"href":"https:\/\/marketingplatform.com\/da\/wp-json\/wp\/v2\/media?parent=40965"}],"wp:term":[{"taxonomy":"category","embeddable":true,"href":"https:\/\/marketingplatform.com\/da\/wp-json\/wp\/v2\/categories?post=40965"},{"taxonomy":"post_tag","embeddable":true,"href":"https:\/\/marketingplatform.com\/da\/wp-json\/wp\/v2\/tags?post=40965"},{"taxonomy":"yst_prominent_words","embeddable":true,"href":"https:\/\/marketingplatform.com\/da\/wp-json\/wp\/v2\/yst_prominent_words?post=40965"}],"curies":[{"name":"wp","href":"https:\/\/api.w.org\/{rel}","templated":true}]}}