{"id":409,"date":"2017-02-09T07:34:56","date_gmt":"2017-02-09T06:34:56","guid":{"rendered":"https:\/\/marketingplatform.com\/?page_id=409\/"},"modified":"2021-03-17T19:29:29","modified_gmt":"2021-03-17T18:29:29","slug":"marketing-automation","status":"publish","type":"page","link":"https:\/\/marketingplatform.com\/da\/marketing-automation\/","title":{"rendered":"Marketing Automation &#038; Omnichannel Publishing"},"content":{"rendered":"<p>[et_pb_section fb_built=&#8221;1&#8243; _builder_version=&#8221;4.5.3&#8243; background_color=&#8221;#eff5fc&#8221; custom_margin=&#8221;||0px&#8221; custom_padding=&#8221;||0px&#8221; box_shadow_style=&#8221;preset7&#8243; box_shadow_horizontal=&#8221;0px&#8221; box_shadow_vertical=&#8221;-140px&#8221; box_shadow_color=&#8221;#ffffff&#8221; box_shadow_vertical_tablet=&#8221;&#8221; box_shadow_vertical_phone=&#8221;&#8221; box_shadow_vertical_last_edited=&#8221;on|phone&#8221;][et_pb_row custom_padding_last_edited=&#8221;on|desktop&#8221; _builder_version=&#8221;3.25&#8243; custom_padding=&#8221;50px||&#8221; custom_padding_tablet=&#8221;50px||&#8221; custom_padding_phone=&#8221;&#8221;][et_pb_column type=&#8221;4_4&#8243; _builder_version=&#8221;3.25&#8243; custom_padding=&#8221;|||&#8221; custom_padding_tablet=&#8221;&#8221; custom_padding_phone=&#8221;&#8221; custom_padding_last_edited=&#8221;on|tablet&#8221; custom_padding__hover=&#8221;|||&#8221;][et_pb_text _builder_version=&#8221;4.5.3&#8243; text_font=&#8221;||||||||&#8221; text_orientation=&#8221;center&#8221; hover_enabled=&#8221;0&#8243; header_font=&#8221;|800|||||||&#8221; header_font_size=&#8221;38px&#8221;]<\/p>\n<h1>Marketing Automation<\/h1>\n<p>Brug MarketingPlatform til at styrke din forretning med Marketing Automation.[\/et_pb_text][et_pb_image src=&#8221;https:\/\/marketingplatform.com\/wp-content\/uploads\/2018\/12\/flowbuilder.png&#8221; align=&#8221;center&#8221; align_tablet=&#8221;center&#8221; align_phone=&#8221;&#8221; align_last_edited=&#8221;on|desktop&#8221; _builder_version=&#8221;4.5.3&#8243; max_width=&#8221;70%&#8221; module_alignment=&#8221;center&#8221; animation_style=&#8221;zoom&#8221; hover_enabled=&#8221;0&#8243;][\/et_pb_image][\/et_pb_column][\/et_pb_row][\/et_pb_section][et_pb_section fb_built=&#8221;1&#8243; admin_label=&#8221;section&#8221; module_id=&#8221;industries-tablet&#8221; _builder_version=&#8221;3.23.3&#8243; background_size=&#8221;contain&#8221; background_position=&#8221;top_center&#8221; transparent_background=&#8221;off&#8221; collapsed=&#8221;on&#8221;][et_pb_row _builder_version=&#8221;3.25&#8243; background_size=&#8221;initial&#8221; background_position=&#8221;top_left&#8221; background_repeat=&#8221;repeat&#8221; custom_padding=&#8221;0px||50px|&#8221;][et_pb_column type=&#8221;4_4&#8243; _builder_version=&#8221;3.25&#8243; custom_padding=&#8221;|||&#8221; custom_padding__hover=&#8221;|||&#8221;][et_pb_text _builder_version=&#8221;3.27.4&#8243; background_size=&#8221;initial&#8221; background_position=&#8221;top_left&#8221; background_repeat=&#8221;repeat&#8221; module_alignment=&#8221;center&#8221;]Brug MarketingPlatform til at styrke din forretning med Marketing Automation. Marketing Automation er en velsmurt maskine, der s\u00f8rger for dine kunder forbliver loyale. Og et centralt omdrejningspunkt i enhver kundeklub. Med Marketing Automation kan du ramme kunderne p\u00e5 de tidspunkter, der giver mest mening for b\u00e5de kunderne men ogs\u00e5 din oms\u00e6tning skabt via din email marketing.<\/p>\n<p>MarketingPlatform har v\u00e6rkt\u00f8jerne til Marketing Automation, der automatiserer kampagner p\u00e5 tv\u00e6rs af medier.<\/p>\n<p>Du kan reagere intelligent p\u00e5 enhver handling, p\u00e5 tv\u00e6rs af email, SMS og web.<\/p>\n<p>Vi hj\u00e6lper din virksomhed med at opn\u00e5 en endnu bedre bundlinje. Marketing Automation v\u00e6rkt\u00f8jerne er inkluderet i alle abonnementer, s\u00e5 du ikke skal betale ekstra for denne tjeneste. Vi kalder funktionerne for Automated Flows og Intelligent Content.<br \/>\n[\/et_pb_text][\/et_pb_column][\/et_pb_row][et_pb_row _builder_version=&#8221;3.25&#8243; background_size=&#8221;initial&#8221; background_position=&#8221;top_left&#8221; background_repeat=&#8221;repeat&#8221;][et_pb_column type=&#8221;4_4&#8243; _builder_version=&#8221;3.25&#8243; custom_padding=&#8221;|||&#8221; custom_padding__hover=&#8221;|||&#8221;][et_pb_text _builder_version=&#8221;4.5.3&#8243; hover_enabled=&#8221;0&#8243; header_3_font=&#8221;|800|||||||&#8221;]<\/p>\n<h3>Hvordan virker Marketing Automation?<\/h3>\n<p>Med Marketing Automation ops\u00e6tter du flows, hvor du automatisk udsender email marketing til de tilmeldte p\u00e5 din emailliste. Og selv om det kan lyde kompliceret, s\u00e5 er det i virkeligheden ret ligetil at g\u00e5 til, og noget der i den grad kan bidrage positivt til din forretning.<\/p>\n<p>Tidligere var det almindelige fokus med email marketing at udsende nyhedsbreve p\u00e5 udvalgte tidspunkter, fordi der ikke fandtes andre v\u00e6rkt\u00f8jer. Med Marketing Automation har du idag muligheder der m\u00e5lretter dine kunder meget bedre &#8211; samtidig med at de kan give dig mere fritid til at fokusere p\u00e5 andre vigtige opgaver i din virksomheder. Typisk ser man meget h\u00f8je konverteringsrater med Marketing Automation end ved s\u00e6dvanlige email kampagner.<\/p>\n<p>Uanset om din virksomhed er B2C eller B2B vil Marketing Automation v\u00e6re meget relevant at f\u00e5 taget i brug.<\/p>\n<p>Overordnet set kan man sige, at der er tale om 3 helt grundl\u00e6ggende komponenter i Marketing Automation processen. 1. Der skal indsamles noget data, s\u00e5 man p\u00e5 baggrund af denne kan ops\u00e6tte s\u00e5kaldte, der kan udl\u00f8se emailen. 2. Dern\u00e6st ops\u00e6ttes reglen om hvordan du gerne vil ramme personen. 3. Endelig skal selve indholdet udarbejdes.<\/p>\n<p>F\u00e5 lavet en strategi omkring hvordan du gerne vil ramme dine kunder med din email marketing og p\u00e5 hvilke tidspunkter. Et helt basalt eksempel p\u00e5 Marketing Automation er at ops\u00e6tte et velkomstflow, n\u00e5r er person tilmelder sig dit nyhedsbrev. Her er person i et mindset til at handle, og du ved at de har vist interesse for din virksomhed.<\/p>\n<p>Et par yderligere eksempler p\u00e5 Marketing Automation flows:<br \/> 1. En person tilmelder sig til nyhedsbrevet og k\u00f8ber efterf\u00f8lgende i webshoppen<br \/> 2. Har kunden k\u00f8bt for under 1.000 kr. modtager kunden en email med produkter af type 1. Har kunden k\u00f8bt for mere end 1.000 kr. modtager kunden en email med produkter af type 2.<\/p>\n<p>1. Kunden har f\u00f8dselsdag den 25. januar<br \/> 2. P\u00e5 dagen udsendes automatisk en email med rabatkode til en gratis gave eller 20% rabat<\/p>\n<p>1. Personen har tilmeldt sig nyhedsbrevet men har endnu ikke k\u00f8bt p\u00e5 webshoppen<br \/> 2. Gennem en r\u00e6kke af automatiserede mails sender du information til personen, der opbygger et &#8216;trust&#8217; forhold, der til sidst overbeviser kunden om at k\u00f8be i din webshop. Efter k\u00f8bet glider kunden over i et andet Marketing Automation flow for personer, der har handlet p\u00e5 webshoppen.<\/p>\n<p>[\/et_pb_text][\/et_pb_column][\/et_pb_row][et_pb_row admin_label=&#8221;row&#8221; _builder_version=&#8221;3.25&#8243; background_size=&#8221;initial&#8221; background_position=&#8221;top_left&#8221; background_repeat=&#8221;repeat&#8221; custom_margin=&#8221;||&#8221; custom_padding=&#8221;||0px&#8221;][et_pb_column type=&#8221;4_4&#8243; _builder_version=&#8221;3.25&#8243; custom_padding=&#8221;|||&#8221; custom_padding__hover=&#8221;|||&#8221;][et_pb_text _builder_version=&#8221;4.5.3&#8243; background_size=&#8221;initial&#8221; background_position=&#8221;top_left&#8221; background_repeat=&#8221;repeat&#8221; hover_enabled=&#8221;0&#8243; use_border_color=&#8221;off&#8221; header_3_font=&#8221;|800|||||||&#8221;]<\/p>\n<h3>Omnichannel Publishing med Marketing Automation<\/h3>\n<p><span style=\"font-weight: 400;\">MarketingPlatform er en fleksibel og skalerbar marketing automation l\u00f8sning, en enkel integration med din omnichannel<\/span> <span style=\"font-weight: 400;\">marketing strategi. <\/span><\/p>\n<p><span style=\"font-weight: 400;\">Vi ser oplevelsen som en helhed fra kundens perspektiv. Vi ser derfor vores rolle som medhj\u00e6lpere til at s\u00f8rge for, at helhedsoplevelsen af jeres kommunikation opfattes som \u00e5ben, ensartet og tydelig. \u00a0<\/span><\/p>\n<p><span style=\"font-weight: 400;\">Vi forst\u00e5r at en kundes rejse kan starte i en kanal, bev\u00e6ge sig gennem en anden for at slutte i en tredje. <\/span><\/p>\n<p><span style=\"font-weight: 400;\">MarketingPlatform er det perfekt v\u00e6rkt\u00f8j til at arbejde p\u00e5 tv\u00e6rs af kanalerne.<\/span><\/p>\n<p>&nbsp;<\/p>\n<p>[\/et_pb_text][\/et_pb_column][\/et_pb_row][et_pb_row column_structure=&#8221;2_5,3_5&#8243; custom_padding_last_edited=&#8221;on|tablet&#8221; module_class=&#8221;custom_row&#8221; _builder_version=&#8221;4.5.3&#8243; background_size=&#8221;initial&#8221; background_position=&#8221;top_left&#8221; background_repeat=&#8221;repeat&#8221; custom_margin=&#8221;||&#8221; custom_margin_tablet=&#8221;0px||0px&#8221; custom_margin_phone=&#8221;||0px&#8221; custom_margin_last_edited=&#8221;on|desktop&#8221; custom_padding_tablet=&#8221;0px||0px&#8221; custom_padding_phone=&#8221;0px||0px&#8221;][et_pb_column type=&#8221;2_5&#8243; module_class=&#8221;second-on-mobile&#8221; _builder_version=&#8221;4.5.3&#8243; custom_padding=&#8221;80px|||&#8221; custom_padding_tablet=&#8221;0px||0px&#8221; custom_padding_phone=&#8221;0px||0px&#8221; custom_padding_last_edited=&#8221;on|phone&#8221; custom_padding__hover=&#8221;|||&#8221;][et_pb_text _builder_version=&#8221;4.5.3&#8243; background_size=&#8221;initial&#8221; background_position=&#8221;top_left&#8221; background_repeat=&#8221;repeat&#8221; hover_enabled=&#8221;0&#8243; use_border_color=&#8221;off&#8221; border_style=&#8221;solid&#8221; header_3_font=&#8221;|800|||||||&#8221;]<\/p>\n<h3>FlowBuilder<\/h3>\n<p><span style=\"font-weight: 400;\">MarketingPlatforms FlowBuilder l\u00f8fter planl\u00e6gning og udf\u00f8relse af din kommunikation op p\u00e5 et nyt niveau. Ulig alt andet tilg\u00e6ngeligt i dag, har vi kigget l\u00e6nge p\u00e5, hvordan vi kan g\u00f8re den tid du bruger p\u00e5 at v\u00e6re kreativ, sjovere og mere produktiv.<\/span><\/p>\n<p><span style=\"font-weight: 400;\">Med vores FlowBuilder er du i stand til at skr\u00e6ddersy dine kampagner fuldst\u00e6ndigt inden for din omnichannel marketing plan. \u00a0Den hj\u00e6lper dig til at l\u00f8fte dine opgaver fra det strategiske niveau til det taktiske.<\/span><\/p>\n<p><span style=\"font-weight: 400;\">Vi er meget begejstrede for FlowBuilder, og det tror vi ogs\u00e5 du bliver.<\/span><br \/>\n[\/et_pb_text][\/et_pb_column][et_pb_column type=&#8221;3_5&#8243; module_class=&#8221;first-on-mobile&#8221; _builder_version=&#8221;4.5.3&#8243; custom_padding=&#8221;|||&#8221; custom_padding_tablet=&#8221;0px||0px&#8221; custom_padding_phone=&#8221;||&#8221; custom_padding_last_edited=&#8221;on|desktop&#8221; custom_padding__hover=&#8221;|||&#8221;][et_pb_image src=&#8221;https:\/\/marketingplatform.com\/wp-content\/uploads\/2018\/10\/automation-function.png&#8221; align_tablet=&#8221;center&#8221; align_phone=&#8221;&#8221; align_last_edited=&#8221;on|desktop&#8221; _builder_version=&#8221;3.23&#8243;][\/et_pb_image][\/et_pb_column][\/et_pb_row][et_pb_row column_structure=&#8221;1_2,1_2&#8243; custom_padding_last_edited=&#8221;on|phone&#8221; module_class=&#8221;custom_row&#8221; _builder_version=&#8221;3.25&#8243; background_size=&#8221;initial&#8221; background_position=&#8221;top_left&#8221; background_repeat=&#8221;repeat&#8221; custom_padding=&#8221;||&#8221; custom_padding_tablet=&#8221;0px||0px&#8221; custom_padding_phone=&#8221;0px||&#8221;][et_pb_column type=&#8221;1_2&#8243; _builder_version=&#8221;3.25&#8243; custom_padding=&#8221;40px|||&#8221; custom_padding_tablet=&#8221;0px||0px&#8221; custom_padding_phone=&#8221;0px||&#8221; custom_padding_last_edited=&#8221;on|tablet&#8221; custom_padding__hover=&#8221;|||&#8221;][et_pb_image src=&#8221;https:\/\/marketingplatform.com\/wp-content\/uploads\/2018\/11\/tracking-mr-dk.png&#8221; align_tablet=&#8221;center&#8221; align_phone=&#8221;&#8221; align_last_edited=&#8221;on|desktop&#8221; _builder_version=&#8221;3.23&#8243;][\/et_pb_image][\/et_pb_column][et_pb_column type=&#8221;1_2&#8243; _builder_version=&#8221;3.25&#8243; custom_padding=&#8221;||0px|&#8221; custom_padding__hover=&#8221;|||&#8221;][et_pb_text _builder_version=&#8221;4.5.3&#8243; background_size=&#8221;initial&#8221; background_position=&#8221;top_left&#8221; background_repeat=&#8221;repeat&#8221; hover_enabled=&#8221;0&#8243; use_border_color=&#8221;off&#8221; border_style=&#8221;solid&#8221; header_3_font=&#8221;|800|||||||&#8221;]<\/p>\n<h3>Weblinks (integreret site-tracking)<\/h3>\n<p><span style=\"font-weight: 400;\">MarketingPlatform registrerer alle dine kontakters handlinger. <\/span><\/p>\n<p><span style=\"font-weight: 400;\">Vi registrerer hvor mange der \u00e5bner din kampagne, hvad de klikker p\u00e5, hvem der afmelder og hvilke emailadresser der ikke l\u00e6ngere er gyldige. <\/span><\/p>\n<p><span style=\"font-weight: 400;\">Afmeldinger og d\u00e5rlige adresser bliver automatisk fjernet fra din liste. <\/span><\/p>\n<p><span style=\"font-weight: 400;\">Du kan ogs\u00e5 f\u00e5 et overblik over om dine modtagere \u00e5bner p\u00e5 en computer, tablet eller mobiltelefon. <\/span><\/p>\n<p><span style=\"font-weight: 400;\">Vigtigst af alt s\u00e5 har vi gjort det nemt for dig at f\u00e5 et overblik over, hvordan dine kampagner klarer sig\/pr\u00e6sterer. Hurtigt og nemt kan du se hvor mange der har \u00e5bent og klikket, hvem de er og hvorn\u00e5r handlingen er sket. \u00a0\u00a0<\/span><\/p>\n<p><span style=\"font-weight: 400;\">Yderligere kan du ogs\u00e5 skabe dine egne filtre og datas\u00e6t for at sikre den information du f\u00e5r er relevant. <\/span><br \/>\n[\/et_pb_text][\/et_pb_column][\/et_pb_row][et_pb_row _builder_version=&#8221;3.25&#8243; background_size=&#8221;initial&#8221; background_position=&#8221;top_left&#8221; background_repeat=&#8221;repeat&#8221; custom_padding=&#8221;40px||50px|&#8221;][et_pb_column type=&#8221;4_4&#8243; _builder_version=&#8221;3.25&#8243; custom_padding=&#8221;|||&#8221; custom_padding__hover=&#8221;|||&#8221;][et_pb_text _builder_version=&#8221;4.5.3&#8243; background_size=&#8221;initial&#8221; background_position=&#8221;top_left&#8221; background_repeat=&#8221;repeat&#8221; module_alignment=&#8221;center&#8221; hover_enabled=&#8221;0&#8243; header_3_font=&#8221;|800|||||||&#8221;]<a name=\"marketingautomation\"><\/a><\/p>\n<h3>Webtracking<\/h3>\n<p>Tracking funktionen i MarketingPlatform forbinder web, app og andre kanaler med MarketingPlatform.<\/p>\n<p><span>Funktionen h\u00e5ndterer tabt indk\u00f8bskurv (abandoned basket), produkter tilf\u00f8jet og fjernet fra indk\u00f8bskurven, trin i k\u00f8bsflowet (checkout steps), \u00f8vrige flows, visninger af produkter, mapning af produkter og kategorier og hvis du \u00f8nsker det, kan funktionen endvidere h\u00e5ndtere tracking af trafikken p\u00e5 \u00f8vrige sider, samt registrering af events som klik, play og download.<\/span><\/p>\n<p><span>Alle opsamlede handlinger kan anvendes til at skabe mulige segmenter og automatiske flows. Vi har med andre ord \u2013 gjort det nemt at kommunikere intelligent p\u00e5 baggrund af data.<\/span><\/p>\n<p><a href=\"https:\/\/marketingplatform.com\/da\/tracking-webtracking-med-emailplatform\/\"><span>L\u00e6s mere om webtracking her.<\/span><\/a><\/p>\n<p>&nbsp;<\/p>\n<h3>Intelligent indhold med udgangspunkt i modtageren<\/h3>\n<p>De fleste virksomheder sender desv\u00e6rre ikke intelligente nyhedsbreve. Og tager dermed ikke udgangspunkt i modtagerens interesser eller \u00f8nsker til indhold.<\/p>\n<p>Nyhedsbreve der automatiseres eller s\u00e6ttes i flows, kaldes ofte for Marketing Automation. Marketing Automation beh\u00f8ver ikke v\u00e6re s\u00e6rlig intelligent, dog har afsenderen ofte t\u00e6nkt over timingen og r\u00e6kkef\u00f8lgen p\u00e5 budskaberne.<\/p>\n<p>Intelligent indhold med MarketingPlatform kan have mange ansigter.<\/p>\n<p>Det kan komme direkte fra en ekstern kilde, f.eks. en webshop og v\u00e6re produkter.<\/p>\n<p>Produkterne kan v\u00e6re udvalgt til den enkelte, ud fra tidligere adf\u00e6rd p\u00e5 websitet, k\u00f8b eller blot adf\u00e6rd i nyhedsbrevet.<\/p>\n<p>Funktionerne i MarketingPlatform kaldes <a href=\"..\/externalcontent\/\">External Content<\/a>, <a href=\"..\/dynamisk-indhold\/\">Dynamic Content<\/a> og <a href=\"..\/relevantcontent\/\">Relevant Content<\/a>.<\/p>\n<p>&nbsp;<br \/>\n[\/et_pb_text][et_pb_text _builder_version=&#8221;4.5.3&#8243; text_font=&#8221;||||||||&#8221; background_size=&#8221;initial&#8221; background_position=&#8221;top_left&#8221; background_repeat=&#8221;repeat&#8221; module_alignment=&#8221;center&#8221; hover_enabled=&#8221;0&#8243; header_3_font=&#8221;|800|||||||&#8221;]<\/p>\n<h3>Lyt, l\u00e6r og reager derefter med Marketing Automation<\/h3>\n<p>At skabe individuelle kunderelationer var nemt i gamle dage. Den lokale slagter kendte sine kunder, han kunne m\u00e5lrette sit talte budskab til Fru Jensen.<\/p>\n<p>I dag er udsalgsstederne blevet st\u00f8rre, slagteren er mange steder rykket ind i supermarkedet, i storcentret eller i de k\u00e6mpe centre. Det betyder en lind str\u00f8m af kunder, hvor det personlige kendskab er gjort faktisk umuligt. Byttehandlen er et st\u00f8rre kundegrundlag.<\/p>\n<p>P\u00e5 nettet er ansigterne &#8220;tilsl\u00f8rede&#8221; p\u00e5 kunderne. De gemmer sig bag ved sk\u00e6rme af forskellig karakter. Det kalder p\u00e5 tracking og systemer til m\u00e5lretning af budskaberne.<\/p>\n<p>MarketingPlatform er et s\u00e5dant system, hvor du som afsender kan l\u00e6re af modtagernes adf\u00e6rd. Vi kalder det for Contact Update. MarketingPlatform l\u00e6rer af modtagernes klik i et nyhedsbreve eller en SMS besked. Og modtager adf\u00e6rdsdata fra webshoppen, websitet, \u00f8konomisystemet, CRM l\u00f8sningen eller en helt femte kilde.<\/p>\n<p>Den opsamlede adf\u00e6rd kan direkte oms\u00e6ttes til intelligente flows af kampagner, der distribueres p\u00e5 email eller SMS. Eller dataene kan anvendes p\u00e5 andre kanaler &#8211; en variant af rigtig omnichannel marketing.<\/p>\n<p>&nbsp;<\/p>\n<h3>Marketing Automation med velkomstflows, kampagneflows og \u00f8vrige flows<\/h3>\n<p>Der er ikke noget som at blive budt hjerteligt velkommen. Det virker i den fysiske verden &#8211; og det virker i den digitale verden.<\/p>\n<p>Byd en ny kontaktperson, en kommende kunde eller m\u00e5ske en kunde der lige har k\u00f8bt eller bes\u00f8gt din service, velkommen med en m\u00e5lrettet mail eller SMS besked. L\u00e6r af hvor de har tilmeldt sig, hvad de har k\u00f8bt eller hvor de kommer fra.<\/p>\n<p>Den handling de foretager sig i den f\u00f8rste besked fra MarketingPlatform, skal du som afsender samle op og berige deres profil med. Samtidigt er det nemt at bygge segmenter, for de forskellige interesser.<\/p>\n<p>S\u00e6lger du t\u00f8j, og sp\u00e6nder bredt indenfor f.eks. herre, dame og b\u00f8rn &#8211; vil det v\u00e6re relevant at m\u00e5lrette budskaberne til modtagerens behov. Fort\u00e6l MarketingPlatform at du s\u00e6lger varer indenfor disse kategorier, og ops\u00e6t flows der reagerer p\u00e5 modtagernes adf\u00e6rd. Klikker en modtager p\u00e5 herre kategorien. kan det aff\u00f8de et nyt flow, alene fordi der foretages et skift af kategori. Er modtageren allerede i kategorien, kan der foretages en dybere m\u00e5lretning p\u00e5 f.eks. varekategori.<\/p>\n<p>Se ogs\u00e5 vores artikel om <a href=\"https:\/\/marketingplatform.com\/da\/ressourcer\/marketing-automation-eksempler\/\">marketing automation eksempler<\/a> for yderligere inspiration.<\/p>\n<p>[\/et_pb_text][\/et_pb_column][\/et_pb_row][\/et_pb_section][et_pb_section fb_built=&#8221;1&#8243; custom_padding_last_edited=&#8221;on|phone&#8221; module_class=&#8221;ressourcer-signup&#8221; _builder_version=&#8221;4.5.3&#8243; background_color=&#8221;#dee7f1&#8243; background_enable_color=&#8221;off&#8221; custom_padding=&#8221;||||false|false&#8221; custom_padding_tablet=&#8221;||||false|false&#8221; custom_padding_phone=&#8221;||||false|false&#8221; top_divider_style=&#8221;asymmetric2&#8243; top_divider_color=&#8221;#ffffff&#8221; top_divider_height=&#8221;60px&#8221; global_module=&#8221;19033&#8243;][et_pb_row custom_padding_last_edited=&#8221;on|phone&#8221; _builder_version=&#8221;4.5.3&#8243; background_color=&#8221;#152872&#8243; background_size=&#8221;initial&#8221; background_position=&#8221;top_left&#8221; background_repeat=&#8221;repeat&#8221; custom_margin=&#8221;||||false|false&#8221; custom_padding=&#8221;100px||100px||false|false&#8221; custom_padding_tablet=&#8221;50px|20px|50px|20px|false|false&#8221; custom_padding_phone=&#8221;40px||||false|false&#8221; border_radii=&#8221;on|22px|22px|22px|22px&#8221;][et_pb_column type=&#8221;4_4&#8243; _builder_version=&#8221;3.25&#8243; custom_padding=&#8221;|||&#8221; custom_padding__hover=&#8221;|||&#8221;][et_pb_text _builder_version=&#8221;4.5.3&#8243; text_text_color=&#8221;#ffffff&#8221; header_2_font=&#8221;|800|||||||&#8221; header_2_text_color=&#8221;#ffffff&#8221; text_orientation=&#8221;center&#8221;]<\/p>\n<h2>Pr\u00f8v MarketingPlatform gratis i 14 dage<\/h2>\n<p><span style=\"color:#fff;\">Pr\u00f8veperioden er gratis, helt uforpligtende og udl\u00f8ber efter 14 dage, hvis du ikke \u00f8nsker at forts\u00e6tte.<br \/>\nVed tilmelding modtager du samtidig vores uddannelsesflow p\u00e5 en serie af mails \u2013 og vores nyhedsbrev.<\/span>[\/et_pb_text][et_pb_code _builder_version=&#8221;4.5.3&#8243; _module_preset=&#8221;default&#8221; width=&#8221;40%&#8221; width_tablet=&#8221;100%&#8221; width_phone=&#8221;95%&#8221; width_last_edited=&#8221;on|tablet&#8221; module_alignment=&#8221;center&#8221;]<a href=\"https:\/\/marketingplatform.com\/da\/book-emailplatform-demo\/\"><\/p>\n<div class=\"bookdemobtn\">Book demo<\/div>\n<p><\/a><!-- [et_pb_line_break_holder] --><a href=\"https:\/\/marketingplatform.com\/da\/gratis-proeveversion\/\"><\/p>\n<div class=\"signupbtn\">Pr\u00f8v os gratis<\/div>\n<p><\/a><!-- [et_pb_line_break_holder] --><\/p>\n<div class=\"clearfix\"><\/div>\n<p>[\/et_pb_code][\/et_pb_column][\/et_pb_row][\/et_pb_section]<\/p>\n","protected":false},"excerpt":{"rendered":"<p>Marketing Automation Brug MarketingPlatform til at styrke din forretning med Marketing Automation.Brug MarketingPlatform til at styrke din forretning med Marketing Automation. Marketing Automation er en velsmurt maskine, der s\u00f8rger for dine kunder forbliver loyale. Og et centralt omdrejningspunkt i enhver kundeklub. Med Marketing Automation kan du ramme kunderne p\u00e5 de tidspunkter, der giver mest mening [&hellip;]<\/p>\n","protected":false},"author":50,"featured_media":0,"parent":0,"menu_order":0,"comment_status":"closed","ping_status":"closed","template":"","meta":{"_et_pb_use_builder":"on","_et_pb_old_content":"","_et_gb_content_width":"","footnotes":""},"categories":[],"tags":[],"yst_prominent_words":[9698,9702,9697,8967,9699,4907,8963,8966,8968,8964,552,678,8962,6782,8965,4871,4873,9701,9696,9700],"_links":{"self":[{"href":"https:\/\/marketingplatform.com\/da\/wp-json\/wp\/v2\/pages\/409"}],"collection":[{"href":"https:\/\/marketingplatform.com\/da\/wp-json\/wp\/v2\/pages"}],"about":[{"href":"https:\/\/marketingplatform.com\/da\/wp-json\/wp\/v2\/types\/page"}],"author":[{"embeddable":true,"href":"https:\/\/marketingplatform.com\/da\/wp-json\/wp\/v2\/users\/50"}],"replies":[{"embeddable":true,"href":"https:\/\/marketingplatform.com\/da\/wp-json\/wp\/v2\/comments?post=409"}],"version-history":[{"count":2,"href":"https:\/\/marketingplatform.com\/da\/wp-json\/wp\/v2\/pages\/409\/revisions"}],"predecessor-version":[{"id":66719,"href":"https:\/\/marketingplatform.com\/da\/wp-json\/wp\/v2\/pages\/409\/revisions\/66719"}],"wp:attachment":[{"href":"https:\/\/marketingplatform.com\/da\/wp-json\/wp\/v2\/media?parent=409"}],"wp:term":[{"taxonomy":"category","embeddable":true,"href":"https:\/\/marketingplatform.com\/da\/wp-json\/wp\/v2\/categories?post=409"},{"taxonomy":"post_tag","embeddable":true,"href":"https:\/\/marketingplatform.com\/da\/wp-json\/wp\/v2\/tags?post=409"},{"taxonomy":"yst_prominent_words","embeddable":true,"href":"https:\/\/marketingplatform.com\/da\/wp-json\/wp\/v2\/yst_prominent_words?post=409"}],"curies":[{"name":"wp","href":"https:\/\/api.w.org\/{rel}","templated":true}]}}