{"id":400,"date":"2017-02-09T07:11:38","date_gmt":"2017-02-09T06:11:38","guid":{"rendered":"https:\/\/marketingplatform.com\/?page_id=400\/"},"modified":"2019-11-28T14:17:36","modified_gmt":"2019-11-28T13:17:36","slug":"gratis-support","status":"publish","type":"page","link":"https:\/\/marketingplatform.com\/da\/email-marketing-marketingplatform\/gratis-support\/","title":{"rendered":"Gratis Support"},"content":{"rendered":"<p>[et_pb_section fb_built=&#8221;1&#8243; admin_label=&#8221;section&#8221; _builder_version=&#8221;3.22&#8243; background_color=&#8221;#ffffff&#8221; custom_margin=&#8221;||0px|&#8221; custom_padding=&#8221;||0px|&#8221; transparent_background=&#8221;off&#8221;][et_pb_row admin_label=&#8221;row&#8221; _builder_version=&#8221;3.25&#8243; background_size=&#8221;initial&#8221; background_position=&#8221;top_left&#8221; background_repeat=&#8221;repeat&#8221; custom_padding=&#8221;||0px|&#8221; column_structure=&#8221;2_3,1_3&#8243;][et_pb_column type=&#8221;2_3&#8243; _builder_version=&#8221;3.25&#8243; custom_padding=&#8221;|||&#8221; custom_padding__hover=&#8221;|||&#8221;][et_pb_text _builder_version=&#8221;3.27.4&#8243; background_size=&#8221;initial&#8221; background_position=&#8221;top_left&#8221; background_repeat=&#8221;repeat&#8221; use_border_color=&#8221;off&#8221;]<\/p>\n<h1>Pr\u00f8v email marketing gratis med dansk support<\/h1>\n<p><span style=\"font-weight: 400;\">MarketingPlatform er stolte af at kunne tilbyde 14 dages test af vores <a href=\"https:\/\/marketingplatform.com\/da\/\">email marketing system<\/a> gratis. Ydermere f\u00e5r du support i verdensklasse. Helt fra starten vil du blive m\u00f8dt af vores dedikerede team, som vil s\u00f8rge for, at dit m\u00f8de med MarketingPlatform er s\u00e5 nemt, rart og effektivt som muligt.<\/span><\/p>\n<p>De vil hj\u00e6lpe med at f\u00e5 dig godt i gang: Guide dig gennem systemet og r\u00e5dgive dig i alle processens trin.<\/p>\n<p style=\"text-align: left;\">Har du nogle s\u00e6rlig \u00f8nsker, vil vi hj\u00e6lpe med at tilpasse bedst muligt s\u00e5 hurtigt som muligt. Er din foresp\u00f8rgsel mere kompleks, vil det blive delt og diskuteret med vores udviklingsafdeling og derefter tilf\u00f8jet til vores interne udviklingsprocesser.<\/p>\n<p style=\"text-align: left;\"><span style=\"font-weight: 400;\">Uanset hvad du har af behov, vil vi g\u00f8re vores allerbedste for at hj\u00e6lpe dig. Pr\u00f8v email marketing gratis og <a href=\"https:\/\/marketingplatform.com\/da\/gratis-proeveversion\/\">tilmeld dig her<\/a>.<\/span><\/p>\n<p style=\"text-align: left;\"><span style=\"font-weight: 400;\"><\/span><\/p>\n<p>[\/et_pb_text][\/et_pb_column][et_pb_column type=&#8221;1_3&#8243; _builder_version=&#8221;3.25&#8243; custom_padding=&#8221;|||&#8221; custom_padding__hover=&#8221;|||&#8221;][et_pb_image src=&#8221;https:\/\/marketingplatform.com\/wp-content\/uploads\/2018\/02\/dennis.png&#8221; alt=&#8221;Gratis Email marketing system og dansk support&#8221; align=&#8221;center&#8221; align_tablet=&#8221;center&#8221; align_last_edited=&#8221;on|desktop&#8221; _builder_version=&#8221;3.23&#8243; animation_style=&#8221;slide&#8221; animation_direction=&#8221;right&#8221; animation_duration=&#8221;500ms&#8221; animation_intensity_slide=&#8221;10%&#8221; use_border_color=&#8221;off&#8221;][\/et_pb_image][\/et_pb_column][\/et_pb_row][\/et_pb_section][et_pb_section fb_built=&#8221;1&#8243; prev_background_color=&#8221;#ffffff&#8221; module_class=&#8221;ressourcer-signup&#8221; _builder_version=&#8221;3.23.3&#8243; background_color=&#8221;#dee7f1&#8243; custom_padding=&#8221;7%||&#8221; top_divider_style=&#8221;asymmetric2&#8243; top_divider_height=&#8221;40px&#8221; global_module=&#8221;19033&#8243;][et_pb_row _builder_version=&#8221;3.25&#8243; background_size=&#8221;initial&#8221; background_position=&#8221;top_left&#8221; background_repeat=&#8221;repeat&#8221; custom_margin=&#8221;||10px&#8221; custom_padding=&#8221;||10px&#8221;][et_pb_column type=&#8221;4_4&#8243; _builder_version=&#8221;3.25&#8243; custom_padding=&#8221;|||&#8221; custom_padding__hover=&#8221;|||&#8221;][et_pb_text _builder_version=&#8221;3.27.4&#8243; text_orientation=&#8221;center&#8221;]<\/p>\n<h2 style=\"font-style: normal;\">Pr\u00f8v MarketingPlatform gratis i 14 dage<\/h2>\n<p style=\"font-style: normal;\">Pr\u00f8veperioden er gratis, helt uforpligtende og udl\u00f8ber efter 14 dage, hvis du ikke \u00f8nsker at forts\u00e6tte.<br \/>Ved tilmelding modtager du samtidig vores uddannelsesflow p\u00e5 en serie af mails \u2013 og vores nyhedsbrev.<\/p>\n<p>[\/et_pb_text][et_pb_code _builder_version=&#8221;3.23.3&#8243; text_orientation=&#8221;center&#8221; max_width=&#8221;98%&#8221; module_alignment=&#8221;center&#8221;]<script src=\"https:\/\/ajax.googleapis.com\/ajax\/libs\/jquery\/1.11.3\/jquery.min.js\"><\/script><!-- [et_pb_line_break_holder] --><script src=\"https:\/\/marketingplatform.com\/js\/sign-up-dk-home-top.js\"><\/script><!-- [et_pb_line_break_holder] --><!-- [et_pb_line_break_holder] --><\/p>\n<div class=\"myForm\"><!-- [et_pb_line_break_holder] --> <\/p>\n<div class=\"sign_up\"><!-- [et_pb_line_break_holder] --> <\/p>\n<div class=\"step1 text-box step_fir\"><!-- [et_pb_line_break_holder] --> <\/p>\n<div class=\"displayblock\"><input type=\"text\" name=\"email\" class=\"emailvalue\" placeholder=\"Indtast din e-mailadresse\" style=\"margin-right:5px; border-radius:2px; border:none!important;\"><\/div>\n<p><!-- [et_pb_line_break_holder] --> <\/p>\n<div class=\"displayblock\"><input type=\"button\" id=\"SignUp-ressourcer\" value=\"Ja tak - lad mig pr\u00f8ve!\" class=\"button trial-btn-blue step1btn\" style=\"background:#09cd6f!important; border:none!important; border-radius:2px;\"><\/div>\n<p><!-- [et_pb_line_break_holder] --> <\/div>\n<p><!-- [et_pb_line_break_holder] --> <\/p>\n<div class=\"step2 text-box\" style=\"display: none;\"><\/div>\n<p><!-- [et_pb_line_break_holder] --> <\/p>\n<div class=\"step2 text-box \" style=\"display: none;\"><!-- [et_pb_line_break_holder] --> <\/p>\n<div class=\"displayblock\" style=\"width: 400px;\"><input type=\"text\" name=\"CustomFields[496]\" class=\"CustomFields_496_51\" value=\"\" size=\"50\" placeholder=\"Firmanavn\" style=\"margin-right:5px; border-radius:2px; border:none!important;\"><\/div>\n<p><!-- [et_pb_line_break_holder] --> <\/p>\n<div class=\"displayblock\" style=\"width: 400px;\"><input type=\"text\" name=\"CustomFields[2]\" class=\"CustomFields_2_51\" value=\"\" size=\"50\" placeholder=\"Dit Navn\" style=\"margin-right:5px; border-radius:2px; border:none!important;\"><\/div>\n<p><!-- [et_pb_line_break_holder] --> <\/p>\n<div class=\"displayblock\" style=\"width: 400px;\"><input type=\"text\" name=\"CustomFields[497]\" class=\"CustomFields_497_51\" value=\"\" size=\"50\" placeholder=\"Mobil Nummer\" style=\"margin-right:5px; border-radius:2px; border:none!important;\"><\/div>\n<p><!-- [et_pb_line_break_holder] --> <\/p>\n<div class=\"displayblock sec_step_but\"><input id=\"step2\" type=\"button\" value=\"Ja tak - lad mig pr\u00f8ve!\" class=\"button trial-btn-blue step1btn\" style=\"background:#09cd6f!important; border:none!important; border-radius:2px;\"><\/div>\n<p><!-- [et_pb_line_break_holder] --> <\/p>\n<div><!-- [et_pb_line_break_holder] --> <\/p>\n<div style=\"display: none;\" id=\"alertSpan\"><!-- [et_pb_line_break_holder] --> <span style=\"color: red;\">Du skal udfylde alle felter<\/span><!-- [et_pb_line_break_holder] --> <\/div>\n<p><!-- [et_pb_line_break_holder] --> <\/div>\n<p><!-- [et_pb_line_break_holder] --> <\/p>\n<div><!-- [et_pb_line_break_holder] --> <\/p>\n<div style=\"display: none;\" id=\"alertEmailSpan\"><!-- [et_pb_line_break_holder] --> <span style=\"color: red;\">Indtast din e-mailadresse<\/span><!-- [et_pb_line_break_holder] --> <\/div>\n<p><!-- [et_pb_line_break_holder] --> <\/div>\n<p><!-- [et_pb_line_break_holder] --> <\/div>\n<p><!-- [et_pb_line_break_holder] --> <\/div>\n<p><!-- [et_pb_line_break_holder] --><\/div>\n<p>[\/et_pb_code][\/et_pb_column][\/et_pb_row][et_pb_row _builder_version=&#8221;3.25&#8243; max_width=&#8221;768px&#8221; custom_margin=&#8221;0px||0px&#8221; custom_padding=&#8221;0px||0px&#8221; use_custom_width=&#8221;on&#8221; custom_width_px=&#8221;768px&#8221;][et_pb_column type=&#8221;4_4&#8243; _builder_version=&#8221;3.25&#8243; custom_padding=&#8221;|||&#8221; custom_padding__hover=&#8221;|||&#8221;][et_pb_code _builder_version=&#8221;4.0.2&#8243; hover_enabled=&#8221;0&#8243;]<\/p>\n<div class=\"awards-align\"><!-- [et_pb_line_break_holder] --><\/p>\n<div style=\"float:left; width:18%; text-align:center;   margin-right: 2%;\"><!-- [et_pb_line_break_holder] --><img decoding=\"async\" src=\"https:\/\/marketingplatform.com\/wp-content\/uploads\/2019\/04\/saxo-grey.png\" width=\"120\" style=\"margin:20px 20px 20px 0px;\"><!-- [et_pb_line_break_holder] --><\/div>\n<p><!-- [et_pb_line_break_holder] --><\/p>\n<div style=\"float:left; width:18%; text-align:center;    margin-right: 4%;\"><!-- [et_pb_line_break_holder] --><img decoding=\"async\" src=\"https:\/\/marketingplatform.com\/wp-content\/uploads\/2019\/11\/med24-gray.png\" width=\"120\" style=\"margin:20px 0px 20px 10px;\"><!-- [et_pb_line_break_holder] --><\/div>\n<p><!-- [et_pb_line_break_holder] --><\/p>\n<div style=\"float:left; width:18%;    margin-right: 1%;\"><!-- [et_pb_line_break_holder] --><img decoding=\"async\" src=\"https:\/\/marketingplatform.com\/wp-content\/uploads\/2019\/08\/cykelpartner-logo.png\" width=\"180\" style=\"margin:27px 20px 20px 0px;\"><!-- [et_pb_line_break_holder] --><\/div>\n<p><!-- [et_pb_line_break_holder] --><\/p>\n<div style=\"float:left; width:18%; text-align:center;     margin-right: 1%;\"><!-- [et_pb_line_break_holder] --><img decoding=\"async\" src=\"https:\/\/marketingplatform.com\/wp-content\/uploads\/2019\/04\/aldi-grey.png\" width=\"50\" style=\"margin:10px 0px 20px 0px;\"><!-- [et_pb_line_break_holder] --><\/div>\n<p><!-- [et_pb_line_break_holder] --><\/p>\n<div style=\"float:left; width:18%;      margin-right: 2%;  text-align: center;\"><!-- [et_pb_line_break_holder] --><img decoding=\"async\" src=\"https:\/\/marketingplatform.com\/wp-content\/uploads\/2019\/02\/verisure-logo.png\" width=\"100\" style=\"margin:16px 0px 20px 0px;\"><!-- [et_pb_line_break_holder] --><\/div>\n<p><!-- [et_pb_line_break_holder] --><\/div>\n<p>[\/et_pb_code][\/et_pb_column][\/et_pb_row][\/et_pb_section]<\/p>\n","protected":false},"excerpt":{"rendered":"<p>Pr\u00f8v email marketing gratis med dansk support MarketingPlatform er stolte af at kunne tilbyde 14 dages test af vores email marketing system gratis. Ydermere f\u00e5r du support i verdensklasse. Helt fra starten vil du blive m\u00f8dt af vores dedikerede team, som vil s\u00f8rge for, at dit m\u00f8de med MarketingPlatform er s\u00e5 nemt, rart og effektivt [&hellip;]<\/p>\n","protected":false},"author":50,"featured_media":0,"parent":397,"menu_order":0,"comment_status":"closed","ping_status":"closed","template":"","meta":{"_et_pb_use_builder":"on","_et_pb_old_content":"","_et_gb_content_width":"","footnotes":""},"categories":[],"tags":[],"yst_prominent_words":[4878,859,4896,4875,175,6616,446,457,4898,2246,6618,4874,4871,6617,6615,6614,2245,4895,2247,4889],"_links":{"self":[{"href":"https:\/\/marketingplatform.com\/da\/wp-json\/wp\/v2\/pages\/400"}],"collection":[{"href":"https:\/\/marketingplatform.com\/da\/wp-json\/wp\/v2\/pages"}],"about":[{"href":"https:\/\/marketingplatform.com\/da\/wp-json\/wp\/v2\/types\/page"}],"author":[{"embeddable":true,"href":"https:\/\/marketingplatform.com\/da\/wp-json\/wp\/v2\/users\/50"}],"replies":[{"embeddable":true,"href":"https:\/\/marketingplatform.com\/da\/wp-json\/wp\/v2\/comments?post=400"}],"version-history":[{"count":1,"href":"https:\/\/marketingplatform.com\/da\/wp-json\/wp\/v2\/pages\/400\/revisions"}],"predecessor-version":[{"id":46822,"href":"https:\/\/marketingplatform.com\/da\/wp-json\/wp\/v2\/pages\/400\/revisions\/46822"}],"up":[{"embeddable":true,"href":"https:\/\/marketingplatform.com\/da\/wp-json\/wp\/v2\/pages\/397"}],"wp:attachment":[{"href":"https:\/\/marketingplatform.com\/da\/wp-json\/wp\/v2\/media?parent=400"}],"wp:term":[{"taxonomy":"category","embeddable":true,"href":"https:\/\/marketingplatform.com\/da\/wp-json\/wp\/v2\/categories?post=400"},{"taxonomy":"post_tag","embeddable":true,"href":"https:\/\/marketingplatform.com\/da\/wp-json\/wp\/v2\/tags?post=400"},{"taxonomy":"yst_prominent_words","embeddable":true,"href":"https:\/\/marketingplatform.com\/da\/wp-json\/wp\/v2\/yst_prominent_words?post=400"}],"curies":[{"name":"wp","href":"https:\/\/api.w.org\/{rel}","templated":true}]}}