{"id":377,"date":"2017-02-08T13:56:30","date_gmt":"2017-02-08T12:56:30","guid":{"rendered":"https:\/\/marketingplatform.com\/?page_id=377\/"},"modified":"2024-05-16T12:22:54","modified_gmt":"2024-05-16T10:22:54","slug":"vores-forretningsetik","status":"publish","type":"page","link":"https:\/\/marketingplatform.com\/da\/om-os\/vores-forretningsetik\/","title":{"rendered":"Vores forretningsetik"},"content":{"rendered":"<p>[et_pb_section fb_built=&#8221;1&#8243; admin_label=&#8221;section&#8221; _builder_version=&#8221;4.16&#8243; custom_padding=&#8221;0px|0px|10px|0px&#8221; transparent_background=&#8221;off&#8221; global_colors_info=&#8221;{}&#8221;][et_pb_row _builder_version=&#8221;4.16&#8243; background_size=&#8221;initial&#8221; background_position=&#8221;top_left&#8221; background_repeat=&#8221;repeat&#8221; custom_padding=&#8221;50px||50px|&#8221; global_colors_info=&#8221;{}&#8221;][et_pb_column type=&#8221;4_4&#8243; _builder_version=&#8221;4.16&#8243; custom_padding=&#8221;|||&#8221; global_colors_info=&#8221;{}&#8221; custom_padding__hover=&#8221;|||&#8221;][et_pb_text _builder_version=&#8221;4.16&#8243; header_font=&#8221;|800|||||||&#8221; header_font_size=&#8221;38px&#8221; background_size=&#8221;initial&#8221; background_position=&#8221;top_left&#8221; background_repeat=&#8221;repeat&#8221; text_orientation=&#8221;center&#8221; module_alignment=&#8221;center&#8221; global_colors_info=&#8221;{}&#8221;]<\/p>\n<h1>Vores forretningsetik<\/h1>\n<p>Dit gode omd\u00f8mme er vores ry[\/et_pb_text][\/et_pb_column][\/et_pb_row][et_pb_row admin_label=&#8221;row&#8221; _builder_version=&#8221;4.16&#8243; background_size=&#8221;initial&#8221; background_position=&#8221;top_left&#8221; background_repeat=&#8221;repeat&#8221; custom_padding=&#8221;23px|0px|27px|0px&#8221; global_colors_info=&#8221;{}&#8221;][et_pb_column type=&#8221;4_4&#8243; _builder_version=&#8221;4.16&#8243; custom_padding=&#8221;|||&#8221; global_colors_info=&#8221;{}&#8221; custom_padding__hover=&#8221;|||&#8221;][et_pb_text admin_label=&#8221;Text&#8221; _builder_version=&#8221;4.16&#8243; background_size=&#8221;initial&#8221; background_position=&#8221;top_left&#8221; background_repeat=&#8221;repeat&#8221; use_border_color=&#8221;off&#8221; border_style=&#8221;solid&#8221; global_colors_info=&#8221;{}&#8221;]<\/p>\n<p><span style=\"font-weight: 400;\">Vores forretningsetik hos MarketingPlatform omfavner vores ansvar overfor alle mennesker p\u00e5 alle niveauer &#8211; uanset om det er vores kunder, vores leverand\u00f8rer, vores holdmedlemmer eller vores familier. Vi ser det ikke som en byrde, men som en m\u00e5de at opn\u00e5 gl\u00e6de og succes for b\u00e5de personer, kunder og virksomheder. <\/span><\/p>\n<p><span style=\"font-weight: 400;\">Som en af de st\u00f8rste i Norden indenfor marketing automation, er vi sunde og uafh\u00e6ngige af alle undtagen vores kunder, vores samvittighed, vores begejstring for innovation og et \u00e6rligt \u00f8nske, om at g\u00f8re en forskel.<\/span><\/p>\n<p><span style=\"font-weight: 400;\">Den mest synlige m\u00e5de det viser sig p\u00e5, er vores tilbud om, at non profit og velg\u00f8renhedsorganisationer over hele verden, kan bruge vores system gratis. \u00a0Men det er kun toppen af isbjerget. Du kan l\u00e6se mere om vores non profit initiativer <a href=\"https:\/\/marketingplatform.com\/da\/non-profit\/\">her<\/a>.<\/span><\/p>\n<p>L\u00e6s vores <b>Vilk\u00e5r<\/b> <a href=\"https:\/\/marketingplatform.com\/da\/vilkaar\/\">her<\/a>.<\/p>\n<p>L\u00e6s vores <b>Databehandleraftale<\/b> <a href=\"https:\/\/marketingplatform.com\/da\/databehandleraftale\/\">her<\/a>.<\/p>\n<p>[\/et_pb_text][\/et_pb_column][\/et_pb_row][\/et_pb_section][et_pb_section fb_built=&#8221;1&#8243; admin_label=&#8221;Section&#8221; _builder_version=&#8221;4.16&#8243; background_color=&#8221;#e9f0f8&#8243; transparent_background=&#8221;off&#8221; global_colors_info=&#8221;{}&#8221;][et_pb_row admin_label=&#8221;Row&#8221; _builder_version=&#8221;4.16&#8243; background_size=&#8221;initial&#8221; background_position=&#8221;top_left&#8221; background_repeat=&#8221;repeat&#8221; global_colors_info=&#8221;{}&#8221;][et_pb_column type=&#8221;4_4&#8243; _builder_version=&#8221;4.16&#8243; custom_padding=&#8221;|||&#8221; global_colors_info=&#8221;{}&#8221; custom_padding__hover=&#8221;|||&#8221;][et_pb_text admin_label=&#8221;Text&#8221; _builder_version=&#8221;4.16&#8243; header_2_font=&#8221;|800|||||||&#8221; background_size=&#8221;initial&#8221; background_position=&#8221;top_left&#8221; background_repeat=&#8221;repeat&#8221; use_border_color=&#8221;off&#8221; border_style=&#8221;solid&#8221; global_colors_info=&#8221;{}&#8221;]<\/p>\n<h2>Alle Er Velkomme<\/h2>\n<p><span style=\"font-weight: 400;\">Den tillid vores kunder har til os, g\u00f8r os ydmyge og vi anser os selv som heldige, at vi f\u00e5r lov at samarbejde med nogle af de mest kendte, nordiske og internationale brands. Men for at v\u00e6re \u00e6rlige, s\u00e5 er ingen kunde for lille eller for stor. Vi supporterer kunder der sender fra sm\u00e5 hundrede mails om m\u00e5neden, til de der sender over 50 millioner nyhedsbreve og millioner af SMS.<\/span><\/p>\n<p>[\/et_pb_text][\/et_pb_column][\/et_pb_row][\/et_pb_section][et_pb_section fb_built=&#8221;1&#8243; admin_label=&#8221;Section&#8221; _builder_version=&#8221;4.16&#8243; transparent_background=&#8221;off&#8221; global_colors_info=&#8221;{}&#8221;][et_pb_row admin_label=&#8221;Row&#8221; _builder_version=&#8221;4.16&#8243; background_size=&#8221;initial&#8221; background_position=&#8221;top_left&#8221; background_repeat=&#8221;repeat&#8221; global_colors_info=&#8221;{}&#8221;][et_pb_column type=&#8221;4_4&#8243; _builder_version=&#8221;4.16&#8243; custom_padding=&#8221;|||&#8221; global_colors_info=&#8221;{}&#8221; custom_padding__hover=&#8221;|||&#8221;][et_pb_text admin_label=&#8221;Text&#8221; _builder_version=&#8221;4.16&#8243; header_2_font=&#8221;|800|||||||&#8221; background_size=&#8221;initial&#8221; background_position=&#8221;top_left&#8221; background_repeat=&#8221;repeat&#8221; use_border_color=&#8221;off&#8221; border_style=&#8221;solid&#8221; global_colors_info=&#8221;{}&#8221;]<\/p>\n<h2>International R\u00e6kkevidde<\/h2>\n<p><span style=\"font-weight: 400;\">I 2017 udvider vi globalt i samarbejde med ledende lokale eksperter inden for email marketing og marketing automation. P\u00e5 nuv\u00e6rende tidspunkt har vi selskaber i Norge, Canada, Polen, Mauritius, Zimbabwe og Sydafrika. Af planlagte lanceringer er Benelux landene, Frankrig, Iran, Spanien, Sverige, Tyskland og USA. Med det sagt, er du meget velkommen til at <a href=\"https:\/\/marketingplatform.com\/da\/om-os\/kontakt-os\/\">kontakte os<\/a>, hvis du f\u00f8ler du har samme gejst og gerne vil v\u00e6re MarketingPlatform landepartner.<\/span><\/p>\n<p>[\/et_pb_text][\/et_pb_column][\/et_pb_row][\/et_pb_section][et_pb_section fb_built=&#8221;1&#8243; admin_label=&#8221;Section&#8221; _builder_version=&#8221;4.16&#8243; background_color=&#8221;#e9f0f8&#8243; transparent_background=&#8221;off&#8221; global_colors_info=&#8221;{}&#8221;][et_pb_row admin_label=&#8221;Row&#8221; _builder_version=&#8221;4.16&#8243; background_size=&#8221;initial&#8221; background_position=&#8221;top_left&#8221; background_repeat=&#8221;repeat&#8221; global_colors_info=&#8221;{}&#8221;][et_pb_column type=&#8221;4_4&#8243; _builder_version=&#8221;4.16&#8243; custom_padding=&#8221;|||&#8221; global_colors_info=&#8221;{}&#8221; custom_padding__hover=&#8221;|||&#8221;][et_pb_text admin_label=&#8221;Text&#8221; _builder_version=&#8221;4.16&#8243; header_2_font=&#8221;|800|||||||&#8221; background_size=&#8221;initial&#8221; background_position=&#8221;top_left&#8221; background_repeat=&#8221;repeat&#8221; use_border_color=&#8221;off&#8221; border_style=&#8221;solid&#8221; global_colors_info=&#8221;{}&#8221;]<\/p>\n<h2>Spammere &#8211; Nej Tak<\/h2>\n<p><span style=\"font-weight: 400;\">Vi samarbejder kun med virksomheder, vi opfatter som v\u00e6rende seri\u00f8se og engagerede. En seri\u00f8s afsender er for os, en der sender nyhedsbreve og SMS for at f\u00f8re dialoger med deres egne kunder og lovm\u00e6ssigt, korrekt indhentede modtagere. Enhver spammer vi m\u00f8der bliver m\u00f8dt med et venligt, men bestemt \u201cellers tak\u201d. Fordi vi skylder det til vores forretningsetik og lige s\u00e5 vigtig, til vores eksisterende kunder. P\u00e5 et operationelt niveau, holder vi spammere ude af vores systemer for at sikre, at vi altid kan levere dit nyhedsbrev direkte i dine modtageres indbakke.<\/span><\/p>\n<p><span style=\"font-weight: 400;\">Som en <a href=\"https:\/\/marketingplatform.com\/da\/?page_id=391#MarketingPlatformIndustrikvalifikationer\">certificeret serviceudbyder<\/a>, er vi underlagt s\u00e6rdeles strenge krav (hvilke vi langt overg\u00e5r). De s\u00f8rger for, at vi leverer langt flere emails fra din virksomhed og andre seri\u00f8se afsendere, direkte til indbakken.<\/span><\/p>\n<p>[\/et_pb_text][\/et_pb_column][\/et_pb_row][\/et_pb_section][et_pb_section fb_built=&#8221;1&#8243; admin_label=&#8221;Section&#8221; _builder_version=&#8221;4.16&#8243; transparent_background=&#8221;off&#8221; global_colors_info=&#8221;{}&#8221;][et_pb_row admin_label=&#8221;Row&#8221; _builder_version=&#8221;4.16&#8243; background_size=&#8221;initial&#8221; background_position=&#8221;top_left&#8221; background_repeat=&#8221;repeat&#8221; custom_margin=&#8221;||&#8221; custom_padding=&#8221;||0px&#8221; global_colors_info=&#8221;{}&#8221;][et_pb_column type=&#8221;4_4&#8243; _builder_version=&#8221;4.16&#8243; custom_padding=&#8221;|||&#8221; global_colors_info=&#8221;{}&#8221; custom_padding__hover=&#8221;|||&#8221;][et_pb_text admin_label=&#8221;Text&#8221; _builder_version=&#8221;4.16&#8243; header_font=&#8221;|800|||||||&#8221; header_2_font=&#8221;|800|||||||&#8221; background_size=&#8221;initial&#8221; background_position=&#8221;top_left&#8221; background_repeat=&#8221;repeat&#8221; use_border_color=&#8221;off&#8221; border_style=&#8221;solid&#8221; global_colors_info=&#8221;{}&#8221;]<\/p>\n<h2 class=\"text-gray-800 leading-tight undefined\"><span>MarketingPlatform med lokal og markedsrelevant support<br \/><\/span><\/h2>\n<p class=\"text-gray-800\">Vi ser lokal og markedsrelevant supports som vores vigtigste opgave! Med din MarketingPlatform l\u00f8sning er fremragende kundeservice og proaktiv support en del af din l\u00f8sning! Vi ser support som afg\u00f8rende for at sikre, at du som kunde er tilfreds med vores tjenester, og at dine behov og forventninger til vores platform bliver opfyldt.<\/p>\n<p class=\"text-gray-800\">Vi har et lokalt dansk team af eksperter, der b\u00e5de teknisk og kommercielt forst\u00e5r dine behov og taler dit sprog!<\/p>\n<p>[\/et_pb_text][\/et_pb_column][\/et_pb_row][\/et_pb_section][et_pb_section fb_built=&#8221;1&#8243; custom_padding_last_edited=&#8221;on|phone&#8221; prev_background_color=&#8221;#ffffff&#8221; admin_label=&#8221;Section&#8221; _builder_version=&#8221;4.16&#8243; background_color=&#8221;#e9f0f8&#8243; background_image=&#8221;https:\/\/marketingplatform.com\/wp-content\/uploads\/2019\/03\/insurance-023.png&#8221; background_size=&#8221;contain&#8221; background_position=&#8221;top_right&#8221; custom_padding=&#8221;6%||&#8221; custom_padding_tablet=&#8221;12%||&#8221; custom_padding_phone=&#8221;18%||&#8221; top_divider_style=&#8221;asymmetric2&#8243; transparent_background=&#8221;off&#8221; global_colors_info=&#8221;{}&#8221;][et_pb_row admin_label=&#8221;Row&#8221; _builder_version=&#8221;4.16&#8243; background_size=&#8221;initial&#8221; background_position=&#8221;top_left&#8221; background_repeat=&#8221;repeat&#8221; custom_padding=&#8221;28.7969px|0px|28px|0px|false|false&#8221; global_colors_info=&#8221;{}&#8221;][et_pb_column type=&#8221;4_4&#8243; _builder_version=&#8221;4.16&#8243; custom_padding=&#8221;|||&#8221; global_colors_info=&#8221;{}&#8221; custom_padding__hover=&#8221;|||&#8221;][et_pb_text admin_label=&#8221;Text&#8221; _builder_version=&#8221;4.16&#8243; header_2_font=&#8221;|800|||||||&#8221; background_size=&#8221;initial&#8221; background_position=&#8221;top_left&#8221; background_repeat=&#8221;repeat&#8221; use_border_color=&#8221;off&#8221; border_style=&#8221;solid&#8221; global_colors_info=&#8221;{}&#8221;]<\/p>\n<h2><span>Fra vores h\u00e5ndbog til medarbejdere\u2026<\/span><\/h2>\n<p>[\/et_pb_text][\/et_pb_column][\/et_pb_row][et_pb_row _builder_version=&#8221;4.16&#8243; global_colors_info=&#8221;{}&#8221;][et_pb_column type=&#8221;4_4&#8243; _builder_version=&#8221;4.16&#8243; custom_padding=&#8221;|||&#8221; global_colors_info=&#8221;{}&#8221; custom_padding__hover=&#8221;|||&#8221;][et_pb_text _builder_version=&#8221;4.16&#8243; text_font=&#8221;||on||||||&#8221; global_colors_info=&#8221;{}&#8221;]<\/p>\n<p><span><strong>Welcome to MarketingPlatform \u2013 together we aim higher<\/strong><\/span><\/p>\n<p><span>We\u2019re glad to have you with our Company. We set customer service higher than selling to new customers. Our number one goal is to provide customer service excellence.<\/span><\/p>\n<p><span>Set both your personal and professional goals high. We have great confidence in your ability to achieve them. Use professional passion and best judgment in all situations.<\/span><\/p>\n<p><span>Giving our customers time to be creative is what we do \u2013 common focus will guide us in building the best in class marketing automation and omnichannel marketing\u00a0company.<\/span><\/p>\n<p><span>MarketingPlatform is an innovative company. We constantly improve, simplify and develop our solution.<\/span><\/p>\n<p><span>Life is about achieving goals. Only when our goals are shared we will be successful.<\/span><\/p>\n<p>[\/et_pb_text][\/et_pb_column][\/et_pb_row][\/et_pb_section]<\/p>\n","protected":false},"excerpt":{"rendered":"<p>Vores forretningsetik Dit gode omd\u00f8mme er vores ryVores forretningsetik hos MarketingPlatform omfavner vores ansvar overfor alle mennesker p\u00e5 alle niveauer &#8211; uanset om det er vores kunder, vores leverand\u00f8rer, vores holdmedlemmer eller vores familier. Vi ser det ikke som en byrde, men som en m\u00e5de at opn\u00e5 gl\u00e6de og succes for b\u00e5de personer, kunder og [&hellip;]<\/p>\n","protected":false},"author":50,"featured_media":0,"parent":352,"menu_order":0,"comment_status":"closed","ping_status":"closed","template":"","meta":{"_et_pb_use_builder":"on","_et_pb_old_content":"","_et_gb_content_width":"","footnotes":""},"categories":[],"tags":[],"yst_prominent_words":[4878,853,77,4872,854,14418,14959,14958,261,678,263,3339,4873,852,113,14960,4881,1502,368,851],"_links":{"self":[{"href":"https:\/\/marketingplatform.com\/da\/wp-json\/wp\/v2\/pages\/377"}],"collection":[{"href":"https:\/\/marketingplatform.com\/da\/wp-json\/wp\/v2\/pages"}],"about":[{"href":"https:\/\/marketingplatform.com\/da\/wp-json\/wp\/v2\/types\/page"}],"author":[{"embeddable":true,"href":"https:\/\/marketingplatform.com\/da\/wp-json\/wp\/v2\/users\/50"}],"replies":[{"embeddable":true,"href":"https:\/\/marketingplatform.com\/da\/wp-json\/wp\/v2\/comments?post=377"}],"version-history":[{"count":3,"href":"https:\/\/marketingplatform.com\/da\/wp-json\/wp\/v2\/pages\/377\/revisions"}],"predecessor-version":[{"id":237789,"href":"https:\/\/marketingplatform.com\/da\/wp-json\/wp\/v2\/pages\/377\/revisions\/237789"}],"up":[{"embeddable":true,"href":"https:\/\/marketingplatform.com\/da\/wp-json\/wp\/v2\/pages\/352"}],"wp:attachment":[{"href":"https:\/\/marketingplatform.com\/da\/wp-json\/wp\/v2\/media?parent=377"}],"wp:term":[{"taxonomy":"category","embeddable":true,"href":"https:\/\/marketingplatform.com\/da\/wp-json\/wp\/v2\/categories?post=377"},{"taxonomy":"post_tag","embeddable":true,"href":"https:\/\/marketingplatform.com\/da\/wp-json\/wp\/v2\/tags?post=377"},{"taxonomy":"yst_prominent_words","embeddable":true,"href":"https:\/\/marketingplatform.com\/da\/wp-json\/wp\/v2\/yst_prominent_words?post=377"}],"curies":[{"name":"wp","href":"https:\/\/api.w.org\/{rel}","templated":true}]}}