{"id":36620,"date":"2019-06-18T10:50:14","date_gmt":"2019-06-18T08:50:14","guid":{"rendered":"https:\/\/marketingplatform.com\/?page_id=36620"},"modified":"2021-02-16T12:08:30","modified_gmt":"2021-02-16T11:08:30","slug":"ftz-bruger-marketingplatform","status":"publish","type":"page","link":"https:\/\/marketingplatform.com\/da\/ftz-bruger-marketingplatform\/","title":{"rendered":"FTZ bruger MarketingPlatform"},"content":{"rendered":"\n\n[et_pb_section fb_built=&#8221;1&#8243; _builder_version=&#8221;3.23.3&#8243;][et_pb_row _builder_version=&#8221;3.23.3&#8243;][et_pb_column type=&#8221;4_4&#8243; _builder_version=&#8221;3.23.3&#8243;][et_pb_image src=&#8221;https:\/\/marketingplatform.com\/wp-content\/uploads\/2019\/06\/FTZLogo_UdenPayoff_2016.png&#8221; align=&#8221;center&#8221; _builder_version=&#8221;3.23.3&#8243; width=&#8221;18%&#8221; custom_padding=&#8221;||&#8221;][\/et_pb_image][et_pb_text _builder_version=&#8221;3.23.3&#8243; module_alignment=&#8221;center&#8221;]<h1><\/h1>\n<h1><\/h1>\n<h1>FTZ bruger MarketingPlatform<\/h1>\n<p><em>FTZ Autodele &amp; V\u00e6rkt\u00f8j A\/S er Danmarks st\u00f8rste og st\u00e6rkeste grossistvirksomhed inden for autodele og v\u00e6rkt\u00f8j med 51 afdelinger i Danmark og p\u00e5 F\u00e6r\u00f8erne, mere end 1.100 engagerede medarbejdere og en oms\u00e6tning p\u00e5 over 2,3 milliarder kroner.<\/em><\/p>\n<p>Email Marketing er en vigtig del af FTZ&#8217;s salgsapparat. Flere gange ugentlig sender FTZ nyhedsbreve ud til deres kunder, hvor der blandt andet bliver sendt faste ugetilbud, foruden oplysninger om arrangementer og invitationer til forskellige events til kunder.<\/p>\n<p>&#8220;Det er vigtigt for os med en stabil email marketing platform, s\u00e5 vi er garanteret levering af de ugentlige mails, som vores kunder trofast sidder og venter p\u00e5&#8221;, forklarer Sandra Amtsbiller, marketingassistent hos FTZ. &#8220;Det er blevet en vane for vores kunder rundt omkring i landet, at der ugentligt tikker et nyhedsbrev ind med gode tilbud. Derfor er det vigtigt, at nyhedsbrevet n\u00e5r frem til tiden &#8211; og at det bliver leveret til indbakken og ikke bliver fanget i et spamfilter&#8221;, forts\u00e6tter Sandra. Af den grund ops\u00e6tte MarketingPlatform i samarbejde med FTZ et subdom\u00e6ne s\u00e5 <a href=\"https:\/\/marketingplatform.com\/da\/sadan-anvendes-spf-og-dkim\/\">SPF og DKIM records<\/a> kunne ops\u00e6ttes helt korrekt, og dermed sikre langt h\u00f8jere stabilitet og levering til kunderne.<\/p>\n[\/et_pb_text][\/et_pb_column][\/et_pb_row][\/et_pb_section][et_pb_section fb_built=&#8221;1&#8243; prev_background_color=&#8221;#ffffff&#8221; next_background_color=&#8221;#ffffff&#8221; _builder_version=&#8221;3.23.3&#8243; background_color=&#8221;#dee7f1&#8243; custom_padding=&#8221;50px||50px&#8221; top_divider_style=&#8221;asymmetric2&#8243; top_divider_height=&#8221;61px&#8221; bottom_divider_style=&#8221;asymmetric2&#8243; bottom_divider_height=&#8221;57px&#8221; bottom_divider_flip=&#8221;vertical|horizontal&#8221;][et_pb_row use_custom_gutter=&#8221;on&#8221; make_equal=&#8221;on&#8221; _builder_version=&#8221;3.23.3&#8243; background_color=&#8221;rgba(0,0,0,0)&#8221;][et_pb_column type=&#8221;4_4&#8243; _builder_version=&#8221;3.23.3&#8243;][et_pb_image src=&#8221;https:\/\/marketingplatform.com\/wp-content\/uploads\/2019\/06\/sandra-amtsbiller.png&#8221; _builder_version=&#8221;3.23.3&#8243; width=&#8221;9%&#8221; max_width=&#8221;100%&#8221; module_alignment=&#8221;center&#8221; custom_margin=&#8221;||10px&#8221; custom_padding=&#8221;||0px&#8221;][\/et_pb_image][et_pb_text _builder_version=&#8221;3.23.3&#8243; text_font=&#8221;||||||||&#8221; text_text_align=&#8221;center&#8221; text_font_size=&#8221;18px&#8221; header_font=&#8221;||||||||&#8221; header_text_align=&#8221;center&#8221; width=&#8221;70%&#8221; module_alignment=&#8221;center&#8221; custom_padding=&#8221;0px|33px|33px|33px&#8221;]<h4>Sandra Amtsbiller, marketingassistent, FTZ<\/h4>\n<p>&#8220;Det er vigtigt for os med en stabil email marketing platform, s\u00e5 vi er garanteret levering af de ugentlige mails, som vores kunder trofast sidder og venter p\u00e5&#8221;.<\/p>[\/et_pb_text][\/et_pb_column][\/et_pb_row][\/et_pb_section][et_pb_section fb_built=&#8221;1&#8243; _builder_version=&#8221;3.23.3&#8243;][et_pb_row custom_padding=&#8221;||0px|||&#8221; _builder_version=&#8221;3.23.3&#8243;][et_pb_column type=&#8221;4_4&#8243; _builder_version=&#8221;3.23.3&#8243;][et_pb_text _builder_version=&#8221;3.23.3&#8243; module_alignment=&#8221;center&#8221;]<p>For FTZ er GDPR, som hos langt de fleste andre virksomheder, noget som bliver taget meget alvorligt. Dette var noget, der blev taget med i overvejelserne, da valget faldt p\u00e5 MarketingPlatform frem for en anden email marketing platform. &#8220;Det er enormt vigtigt for os, at vi ved, vi overholder de g\u00e6ldende regler og vores data er trygt opbevaret p\u00e5 servere inden for EU&#8217;s gr\u00e6nser&#8221;<em>,<\/em> forts\u00e6tter Sandra.<\/p>[\/et_pb_text][\/et_pb_column][\/et_pb_row][et_pb_row _builder_version=&#8221;3.23.3&#8243;][et_pb_column type=&#8221;1_2&#8243; _builder_version=&#8221;3.23.3&#8243;][et_pb_text _builder_version=&#8221;3.23.3&#8243; module_alignment=&#8221;right&#8221;]<p>Noget andet som Sandra s\u00e6tter stor pris p\u00e5 er brugervenligheden og den danske support. &#8220;Det er super nemt og hurtigt for mig at ops\u00e6tte de mange kampagner, som vi sender afsted. Jeg bruger preview funktionen i platformen flittigt, s\u00e5 det er hurtigt og effektivt at sende kampagner til godkendelse hos mine kollegaer. Og det er enormt rart at den danske support kun sidder et telefonopkald v\u00e6k. Jeg ved, jeg altid kan ringe, hvis jeg f.eks. har sp\u00f8rgsm\u00e5l om brugen af systemet.&#8221;.<\/p>\n<p>I skrivende stund arbejdes der p\u00e5 en stor integration mellem FTZ og MarketingPlatform, s\u00e5 data automatisk kan synkroniseres frem og tilbage s\u00e5ledes, at f.eks. kundestatus automatisk bliver opdateret.<\/p>\n<p>&#8220;Det kommer til at lette mit arbejde enormt meget, s\u00e5 jeg er virkelig glad for, at det er muligt at skabe denne integration&#8221;, siger Sandra.<\/p>\n<blockquote>\n<p>Jeg ved, jeg altid kan ringe, hvis jeg f.eks. har sp\u00f8rgsm\u00e5l om brugen af systemet.<\/p>\n<\/blockquote>\n<p>FTZ havde et team forbi MarketingPlatform kontoret i Vejen i forbindelse med opstarten af projektet, s\u00e5 de kunne f\u00e5 en grundig indl\u00e6ring i at udnytte systemet bedst muligt. Her l\u00e6rte de blandt andet at oprette lister, kontakter og opbygge kampagner. &#8220;Det var en rigtig god l\u00e6ring for os, og det var vigtigt for os, at f\u00e5 s\u00e5 mange opl\u00e6rt som muligt, s\u00e5 vi kan holde vores email marketing indsats konstant k\u00f8rende, f.eks. n\u00e5r der er ferie&#8221; slutter Sandra Amtsbiller.<\/p>\n<p>&nbsp;<\/p>[\/et_pb_text][\/et_pb_column][et_pb_column type=&#8221;1_2&#8243; _builder_version=&#8221;3.23.3&#8243;][et_pb_image src=&#8221;https:\/\/marketingplatform.com\/wp-content\/uploads\/2019\/07\/fzk-template-mobile.png&#8221; _builder_version=&#8221;3.23.3&#8243; width=&#8221;57%&#8221; module_alignment=&#8221;center&#8221;][\/et_pb_image][\/et_pb_column][\/et_pb_row][\/et_pb_section][et_pb_section fb_built=&#8221;1&#8243; prev_background_color=&#8221;#ffffff&#8221; module_class=&#8221;ressourcer-signup&#8221; _builder_version=&#8221;3.23.3&#8243; background_color=&#8221;#dee7f1&#8243; custom_padding=&#8221;7%||&#8221; top_divider_style=&#8221;asymmetric2&#8243; top_divider_height=&#8221;40px&#8221; global_module=&#8221;19033&#8243;][et_pb_row custom_padding=&#8221;||10px&#8221; custom_margin=&#8221;||10px&#8221; _builder_version=&#8221;3.22.3&#8243; background_size=&#8221;initial&#8221; background_position=&#8221;top_left&#8221; background_repeat=&#8221;repeat&#8221;][et_pb_column type=&#8221;4_4&#8243; _builder_version=&#8221;3.0.47&#8243;][et_pb_text _builder_version=&#8221;3.23.3&#8243; text_orientation=&#8221;center&#8221;]<h2 style=\"font-style: normal;\">Pr\u00f8v MarketingPlatform gratis i 14 dage<\/h2>\n<p style=\"font-style: normal;\">Pr\u00f8veperioden er gratis, helt uforpligtende og udl\u00f8ber efter 14 dage, hvis du ikke \u00f8nsker at forts\u00e6tte.<br \/>Ved tilmelding modtager du samtidig vores uddannelsesflow p\u00e5 en serie af mails \u2013 og vores nyhedsbrev.<\/p>[\/et_pb_text][et_pb_code _builder_version=&#8221;3.19.9&#8243; text_orientation=&#8221;center&#8221; max_width=&#8221;98%&#8221; module_alignment=&#8221;center&#8221;]<!-- [et_pb_line_break_holder] --><div class=\"myForm\"><!-- [et_pb_line_break_holder] --> <div class=\"sign_up\"><!-- [et_pb_line_break_holder] --> <div class=\"step1 text-box step_fir\"><!-- [et_pb_line_break_holder] --> <div class=\"displayblock\"><input type=\"text\" name=\"email\" class=\"emailvalue\" placeholder=\"Indtast din e-mailadresse\" style=\"margin-right:5px; border-radius:2px; border:none!important;\"><\/div><!-- [et_pb_line_break_holder] --> <div class=\"displayblock\"><input type=\"button\" value=\"Ja tak - lad mig pr\u00f8ve!\" class=\"button trial-btn-blue step1btn\" style=\"background:#09cd6f!important; border:none!important; border-radius:2px;\"><\/div><!-- [et_pb_line_break_holder] --> <\/div><!-- [et_pb_line_break_holder] --> <div class=\"step2 text-box\" style=\"display: none;\"><\/div><!-- [et_pb_line_break_holder] --> <div class=\"step2 text-box \" style=\"display: none;\"><!-- [et_pb_line_break_holder] --> <div class=\"displayblock\" style=\"width: 400px;\"><input type=\"text\" name=\"CustomFields[496]\" class=\"CustomFields_496_51\" value=\"\" size=\"50\" placeholder=\"Firmanavn\" style=\"margin-right:5px; border-radius:2px; border:none!important;\"><\/div><!-- [et_pb_line_break_holder] --> <div class=\"displayblock\" style=\"width: 400px;\"><input type=\"text\" name=\"CustomFields[2]\" class=\"CustomFields_2_51\" value=\"\" size=\"50\" placeholder=\"Dit Navn\" style=\"margin-right:5px; border-radius:2px; border:none!important;\"><\/div><!-- [et_pb_line_break_holder] --> <div class=\"displayblock\" style=\"width: 400px;\"><input type=\"text\" name=\"CustomFields[497]\" class=\"CustomFields_497_51\" value=\"\" size=\"50\" placeholder=\"Mobil Nummer\" style=\"margin-right:5px; border-radius:2px; border:none!important;\"><\/div><!-- [et_pb_line_break_holder] --> <div class=\"displayblock sec_step_but\"><input id=\"step2\" type=\"button\" value=\"Ja tak - lad mig pr\u00f8ve!\" class=\"button trial-btn-blue step1btn\" style=\"background:#09cd6f!important; border:none!important; border-radius:2px;\"><\/div><!-- [et_pb_line_break_holder] --> <div><!-- [et_pb_line_break_holder] --> <div style=\"display: none;\" id=\"alertSpan\"><!-- [et_pb_line_break_holder] --> <span style=\"color: red;\">Du skal udfylde alle felter<\/span><!-- [et_pb_line_break_holder] --> <\/div><!-- [et_pb_line_break_holder] --> <\/div><!-- [et_pb_line_break_holder] --> <div><!-- [et_pb_line_break_holder] --> <div style=\"display: none;\" id=\"alertEmailSpan\"><!-- [et_pb_line_break_holder] --> <span style=\"color: red;\">Indtast din e-mailadresse<\/span><!-- [et_pb_line_break_holder] --> <\/div><!-- [et_pb_line_break_holder] --> <\/div><!-- [et_pb_line_break_holder] --> <\/div><!-- [et_pb_line_break_holder] --> <\/div><!-- [et_pb_line_break_holder] --><\/div>[\/et_pb_code][\/et_pb_column][\/et_pb_row][et_pb_row custom_padding=&#8221;0px||0px&#8221; custom_margin=&#8221;0px||0px&#8221; _builder_version=&#8221;3.22.3&#8243; max_width=&#8221;768px&#8221; use_custom_width=&#8221;on&#8221; custom_width_px=&#8221;768px&#8221;][et_pb_column type=&#8221;4_4&#8243; _builder_version=&#8221;3.19.9&#8243;][et_pb_code _builder_version=&#8221;3.23.3&#8243;]<div class=\"awards-align\"><!-- [et_pb_line_break_holder] --><div style=\"float:left; width:18%; text-align:center;   margin-right: 2%;\"><!-- [et_pb_line_break_holder] --><img decoding=\"async\" src=\"https:\/\/marketingplatform.com\/wp-content\/uploads\/2019\/02\/bauhaus-logo.png\" width=\"120\" style=\"margin:20px 0px 20px 0px;\"><!-- [et_pb_line_break_holder] --><\/div><!-- [et_pb_line_break_holder] --><div style=\"float:left; width:18%; text-align:center;    margin-right: 2%;\"><!-- [et_pb_line_break_holder] --><img decoding=\"async\" src=\"https:\/\/marketingplatform.com\/wp-content\/uploads\/2019\/02\/boconcept-logo.png\" width=\"120\" style=\"margin:25px 0px 20px 0px;\"><!-- [et_pb_line_break_holder] --><\/div><!-- [et_pb_line_break_holder] --><div style=\"float:left; width:18%;    margin-right: 2%;\"><!-- [et_pb_line_break_holder] --><img decoding=\"async\" src=\"https:\/\/marketingplatform.com\/wp-content\/uploads\/2019\/04\/saxo-grey.png\" width=\"130\" style=\"margin:20px 0px 20px 0px;\"><!-- [et_pb_line_break_holder] --><\/div><!-- [et_pb_line_break_holder] --><div style=\"float:left; width:18%; text-align:center;     margin-right: 1%;\"><!-- [et_pb_line_break_holder] --><img decoding=\"async\" src=\"https:\/\/marketingplatform.com\/wp-content\/uploads\/2019\/04\/aldi-grey.png\" width=\"50\" style=\"margin:10px 0px 20px 0px;\"><!-- [et_pb_line_break_holder] --><\/div><!-- [et_pb_line_break_holder] --><div style=\"float:left; width:18%;      margin-right: 2%;  text-align: center;\"><!-- [et_pb_line_break_holder] --><img decoding=\"async\" src=\"https:\/\/marketingplatform.com\/wp-content\/uploads\/2019\/02\/verisure-logo.png\" width=\"100\" style=\"margin:16px 0px 20px 0px;\"><!-- [et_pb_line_break_holder] --><\/div><!-- [et_pb_line_break_holder] --><\/div>[\/et_pb_code][\/et_pb_column][\/et_pb_row][\/et_pb_section]\n\n","protected":false},"excerpt":{"rendered":"<p>FTZ bruger MarketingPlatform FTZ Autodele &amp; V\u00e6rkt\u00f8j A\/S er Danmarks st\u00f8rste og st\u00e6rkeste grossistvirksomhed inden for autodele og v\u00e6rkt\u00f8j med 51 afdelinger i Danmark og p\u00e5 F\u00e6r\u00f8erne, mere end 1.100 engagerede medarbejdere og en oms\u00e6tning p\u00e5 over 2,3 milliarder kroner. Email Marketing er en vigtig del af FTZ&#8217;s salgsapparat. Flere gange ugentlig sender FTZ nyhedsbreve [&hellip;]<\/p>\n","protected":false},"author":50,"featured_media":0,"parent":0,"menu_order":0,"comment_status":"closed","ping_status":"closed","template":"","meta":{"_et_pb_use_builder":"on","_et_pb_old_content":"","_et_gb_content_width":"","footnotes":""},"categories":[],"tags":[],"yst_prominent_words":[12459,12460,12451,12449,12456,12457,12465,12458,12462,12452,12448,12447,12453,12454,12463,12450,12466,12461,12455,12464],"_links":{"self":[{"href":"https:\/\/marketingplatform.com\/da\/wp-json\/wp\/v2\/pages\/36620"}],"collection":[{"href":"https:\/\/marketingplatform.com\/da\/wp-json\/wp\/v2\/pages"}],"about":[{"href":"https:\/\/marketingplatform.com\/da\/wp-json\/wp\/v2\/types\/page"}],"author":[{"embeddable":true,"href":"https:\/\/marketingplatform.com\/da\/wp-json\/wp\/v2\/users\/50"}],"replies":[{"embeddable":true,"href":"https:\/\/marketingplatform.com\/da\/wp-json\/wp\/v2\/comments?post=36620"}],"version-history":[{"count":1,"href":"https:\/\/marketingplatform.com\/da\/wp-json\/wp\/v2\/pages\/36620\/revisions"}],"predecessor-version":[{"id":52680,"href":"https:\/\/marketingplatform.com\/da\/wp-json\/wp\/v2\/pages\/36620\/revisions\/52680"}],"wp:attachment":[{"href":"https:\/\/marketingplatform.com\/da\/wp-json\/wp\/v2\/media?parent=36620"}],"wp:term":[{"taxonomy":"category","embeddable":true,"href":"https:\/\/marketingplatform.com\/da\/wp-json\/wp\/v2\/categories?post=36620"},{"taxonomy":"post_tag","embeddable":true,"href":"https:\/\/marketingplatform.com\/da\/wp-json\/wp\/v2\/tags?post=36620"},{"taxonomy":"yst_prominent_words","embeddable":true,"href":"https:\/\/marketingplatform.com\/da\/wp-json\/wp\/v2\/yst_prominent_words?post=36620"}],"curies":[{"name":"wp","href":"https:\/\/api.w.org\/{rel}","templated":true}]}}