{"id":36481,"date":"2019-06-12T14:46:50","date_gmt":"2019-06-12T12:46:50","guid":{"rendered":"https:\/\/marketingplatform.com\/?page_id=36481"},"modified":"2023-06-14T16:05:03","modified_gmt":"2023-06-14T14:05:03","slug":"saadan-integreres-episerver-med-marketingplatform","status":"publish","type":"page","link":"https:\/\/marketingplatform.com\/da\/saadan-integreres-episerver-med-marketingplatform\/","title":{"rendered":"S\u00e5dan integreres Episerver med MarketingPlatform"},"content":{"rendered":"<p>[et_pb_section fb_built=&#8221;1&#8243; _builder_version=&#8221;4.16&#8243; global_colors_info=&#8221;{}&#8221;][et_pb_row _builder_version=&#8221;4.16&#8243; global_colors_info=&#8221;{}&#8221;][et_pb_column type=&#8221;4_4&#8243; _builder_version=&#8221;4.16&#8243; custom_padding=&#8221;|||&#8221; global_colors_info=&#8221;{}&#8221; custom_padding__hover=&#8221;|||&#8221;][et_pb_text _builder_version=&#8221;4.16&#8243; custom_padding=&#8221;||0px|||&#8221; global_colors_info=&#8221;{}&#8221;]<\/p>\n<h1>S\u00e5dan integreres Episerver med MarketingPlatform<\/h1>\n<p>&nbsp;<\/p>\n<h3>I MarketingPlatform<\/h3>\n<p>1. Du skal bruge et ID p\u00e5 en kontaktliste i MarketingPlatform. Start med at oprette en kontaktliste i MarketingPlatform for at f\u00e5 et ID, eller not\u00e9r ID&#8217;er p\u00e5 en allerede oprettet kontaktliste.<\/p>\n<p>2. Opret herefter en kampagne i MarketingPlatform eller not\u00e9r ID&#8217;et p\u00e5 en allerede oprettet kampagne.<\/p>\n<p>&nbsp;<\/p>\n<h3>Hos Episerver<\/h3>\n<p>G\u00e5 til Personlization Portal i Episerver.<\/p>\n<p>1. Ops\u00e6t f\u00f8rst en Episerver Trigger kaldet &#8216;ESP connection&#8217; der skal lave selve forbindelsen. Indtast ESP username og ESP API key som du har modtaget af MarketingPlatform.<\/p>\n<p>[\/et_pb_text][et_pb_image src=&#8221;https:\/\/mk0emailplatforhkej9.kinstacdn.com\/wp-content\/uploads\/2019\/06\/eMailPlatform_TriggerConnection-3.png&#8221; _builder_version=&#8221;4.19.5&#8243; width=&#8221;80%&#8221; hover_enabled=&#8221;0&#8243; global_colors_info=&#8221;{}&#8221; alt=&#8221;A screenshot from the interface of Episerver, picturing the instructions to integrate Episerver with MarketingPlatform.&#8221; sticky_enabled=&#8221;0&#8243;][\/et_pb_image][et_pb_text _builder_version=&#8221;4.16&#8243; global_colors_info=&#8221;{}&#8221;]<\/p>\n<p>&nbsp;<\/p>\n<p>2. Ops\u00e6t dern\u00e6st en Episerver Trigger kaldet &#8216;ESP action&#8217;. Denne v\u00e6lger hvilken liste og hvilken kampagne i MarketingPlatform, du vil lave broen til. Dette er de 2 ID&#8217;er, som er omtalt \u00f8verst i dokumentet.<\/p>\n<p>[\/et_pb_text][et_pb_image src=&#8221;https:\/\/mk0emailplatforhkej9.kinstacdn.com\/wp-content\/uploads\/2019\/06\/eMailPlatform_TriggerAction-1.png&#8221; _builder_version=&#8221;4.19.5&#8243; width=&#8221;80%&#8221; hover_enabled=&#8221;0&#8243; global_colors_info=&#8221;{}&#8221; alt=&#8221;A screenshot from the interface of Episerver, picturing the instructions to integrate Episerver with MarketingPlatform.&#8221; sticky_enabled=&#8221;0&#8243;][\/et_pb_image][et_pb_text _builder_version=&#8221;4.16&#8243; global_colors_info=&#8221;{}&#8221;]<\/p>\n<p>&nbsp;<\/p>\n<p>3. Ops\u00e6t en Episerver kampagne som skal trigges. F.eks. en abandoned basket kampagne.<\/p>\n<p>[\/et_pb_text][et_pb_image src=&#8221;https:\/\/mk0emailplatforhkej9.kinstacdn.com\/wp-content\/uploads\/2019\/06\/eMailPlatform_TriggerCampaign.png&#8221; _builder_version=&#8221;4.19.5&#8243; width=&#8221;80%&#8221; hover_enabled=&#8221;0&#8243; global_colors_info=&#8221;{}&#8221; alt=&#8221;A screenshot from the interface of Episerver, picturing the instructions to integrate Episerver with MarketingPlatform.&#8221; sticky_enabled=&#8221;0&#8243;][\/et_pb_image][et_pb_text _builder_version=&#8221;4.16&#8243; global_colors_info=&#8221;{}&#8221;]<\/p>\n<p>&nbsp;<\/p>\n<p>4. Kopier den HTML kode som findes i fanen &#8216;HTML and preview&#8217; og s\u00e6t den nu ind i MarketingPlatform i kampagnens template. HTML koden indeholder placeholders som vi hos MarketingPlatform efterf\u00f8lgende udskifter med den rigtige v\u00e6rdi fra hver email.<\/p>\n<p>[\/et_pb_text][et_pb_image src=&#8221;https:\/\/mk0emailplatforhkej9.kinstacdn.com\/wp-content\/uploads\/2019\/06\/eMailPlatform_MailCampaign.png&#8221; _builder_version=&#8221;4.19.5&#8243; width=&#8221;80%&#8221; hover_enabled=&#8221;0&#8243; global_colors_info=&#8221;{}&#8221; alt=&#8221;A screenshot from the interface of Episerver, picturing the instructions to integrate Episerver with MarketingPlatform.&#8221; sticky_enabled=&#8221;0&#8243;][\/et_pb_image][et_pb_text _builder_version=&#8221;4.19.5&#8243; global_colors_info=&#8221;{}&#8221; hover_enabled=&#8221;0&#8243; sticky_enabled=&#8221;0&#8243;]<\/p>\n<p>I tvivl om noget? Du er altid velkommen til at kontakte vores kundeservice p\u00e5 <a href=\"mailto:support@linkmobility.dk\">support@linkmobility.dk<\/a> eller ringe til os p\u00e5 +45 70 26 12 72.<\/p>\n<p>&nbsp;<\/p>\n<p>[\/et_pb_text][\/et_pb_column][\/et_pb_row][\/et_pb_section]<\/p>\n","protected":false},"excerpt":{"rendered":"<p>S\u00e5dan integreres Episerver med MarketingPlatform &nbsp; I MarketingPlatform 1. Du skal bruge et ID p\u00e5 en kontaktliste i MarketingPlatform. Start med at oprette en kontaktliste i MarketingPlatform for at f\u00e5 et ID, eller not\u00e9r ID&#8217;er p\u00e5 en allerede oprettet kontaktliste. 2. Opret herefter en kampagne i MarketingPlatform eller not\u00e9r ID&#8217;et p\u00e5 en allerede oprettet kampagne. [&hellip;]<\/p>\n","protected":false},"author":50,"featured_media":0,"parent":0,"menu_order":0,"comment_status":"closed","ping_status":"closed","template":"","meta":{"_et_pb_use_builder":"on","_et_pb_old_content":"","_et_gb_content_width":"","footnotes":""},"categories":[],"tags":[],"yst_prominent_words":[18033,18031,4907,18032,15128,15132,15129,15125,15123,1063,18034,15130,15126,18030,13988,93,15127,15124,18035,15131],"_links":{"self":[{"href":"https:\/\/marketingplatform.com\/da\/wp-json\/wp\/v2\/pages\/36481"}],"collection":[{"href":"https:\/\/marketingplatform.com\/da\/wp-json\/wp\/v2\/pages"}],"about":[{"href":"https:\/\/marketingplatform.com\/da\/wp-json\/wp\/v2\/types\/page"}],"author":[{"embeddable":true,"href":"https:\/\/marketingplatform.com\/da\/wp-json\/wp\/v2\/users\/50"}],"replies":[{"embeddable":true,"href":"https:\/\/marketingplatform.com\/da\/wp-json\/wp\/v2\/comments?post=36481"}],"version-history":[{"count":5,"href":"https:\/\/marketingplatform.com\/da\/wp-json\/wp\/v2\/pages\/36481\/revisions"}],"predecessor-version":[{"id":236371,"href":"https:\/\/marketingplatform.com\/da\/wp-json\/wp\/v2\/pages\/36481\/revisions\/236371"}],"wp:attachment":[{"href":"https:\/\/marketingplatform.com\/da\/wp-json\/wp\/v2\/media?parent=36481"}],"wp:term":[{"taxonomy":"category","embeddable":true,"href":"https:\/\/marketingplatform.com\/da\/wp-json\/wp\/v2\/categories?post=36481"},{"taxonomy":"post_tag","embeddable":true,"href":"https:\/\/marketingplatform.com\/da\/wp-json\/wp\/v2\/tags?post=36481"},{"taxonomy":"yst_prominent_words","embeddable":true,"href":"https:\/\/marketingplatform.com\/da\/wp-json\/wp\/v2\/yst_prominent_words?post=36481"}],"curies":[{"name":"wp","href":"https:\/\/api.w.org\/{rel}","templated":true}]}}