{"id":34525,"date":"2019-05-21T14:13:55","date_gmt":"2019-05-21T12:13:55","guid":{"rendered":"https:\/\/marketingplatform.com\/?page_id=34525"},"modified":"2023-06-14T15:55:00","modified_gmt":"2023-06-14T13:55:00","slug":"saadan-integreres-clerk-io-med-marketingplatform","status":"publish","type":"page","link":"https:\/\/marketingplatform.com\/da\/saadan-integreres-clerk-io-med-marketingplatform\/","title":{"rendered":"S\u00e5dan integreres Clerk.io med MarketingPlatform"},"content":{"rendered":"<p>[et_pb_section fb_built=&#8221;1&#8243; _builder_version=&#8221;4.16&#8243; global_colors_info=&#8221;{}&#8221;][et_pb_row _builder_version=&#8221;4.16&#8243; global_colors_info=&#8221;{}&#8221;][et_pb_column type=&#8221;4_4&#8243; _builder_version=&#8221;4.16&#8243; custom_padding=&#8221;|||&#8221; global_colors_info=&#8221;{}&#8221; custom_padding__hover=&#8221;|||&#8221;][et_pb_text _builder_version=&#8221;4.16&#8243; global_colors_info=&#8221;{}&#8221;]<\/p>\n<h1>S\u00e5dan integreres clerk.io med MarketingPlatform<\/h1>\n<p>Det er simpelt at lave integration mellem clerk.io og MarketingPlatform. Nedenfor er de forskellige trin forklaret. Du skal til en start have opsat integrationen mellem din webshop og clerk.io, s\u00e5 den forn\u00f8dne ordredata synkroniseres frem og tilbage.<\/p>\n<p>1. Start med at oprette et design i clerk.io til email blokken, som skal bruges i MarketingPlatform. Der kan ops\u00e6ttes flere forskellige blokke og designs. G\u00e5 til punktet &#8216;Designs&#8217; i clerk.io og klik p\u00e5 &#8216;New design&#8217; og navngiv dit design.<span style=\"font-size: 16px;\">\u00a0<\/span><\/p>\n<p>[\/et_pb_text][et_pb_image src=&#8221;https:\/\/marketingplatform.com\/wp-content\/uploads\/2019\/05\/clerk1.png&#8221; align_tablet=&#8221;center&#8221; align_phone=&#8221;&#8221; align_last_edited=&#8221;on|desktop&#8221; _builder_version=&#8221;4.19.5&#8243; max_width=&#8221;73%&#8221; hover_enabled=&#8221;0&#8243; global_colors_info=&#8221;{}&#8221; alt=&#8221;A screenshot from the interface of clerk.io, picturing the instructions to integrate clerk.io with MarketingPlatform.&#8221; sticky_enabled=&#8221;0&#8243;][\/et_pb_image][et_pb_text _builder_version=&#8221;4.16&#8243; global_colors_info=&#8221;{}&#8221;]<\/p>\n<p>&nbsp;<\/p>\n<p>2. V\u00e6lg derefter &#8216;Create design&#8217; og v\u00e6lg et design fra listen med &#8216;Prepared designs&#8217;.<\/p>\n<p>[\/et_pb_text][et_pb_image src=&#8221;https:\/\/marketingplatform.com\/wp-content\/uploads\/2019\/05\/clerk2.png&#8221; align_tablet=&#8221;center&#8221; align_phone=&#8221;&#8221; align_last_edited=&#8221;on|desktop&#8221; _builder_version=&#8221;4.19.5&#8243; max_width=&#8221;73%&#8221; hover_enabled=&#8221;0&#8243; global_colors_info=&#8221;{}&#8221; alt=&#8221;A screenshot from the interface of clerk.io, picturing the instructions to integrate clerk.io with MarketingPlatform.&#8221; sticky_enabled=&#8221;0&#8243;][\/et_pb_image][et_pb_text _builder_version=&#8221;4.16&#8243; global_colors_info=&#8221;{}&#8221;]<\/p>\n<p>&nbsp;<\/p>\n<p>3. Hvis du vil lave et mere custom design, er det muligt at tilf\u00f8je HTML og CSS kode i email designet. Klik derefter &#8216;Update design&#8217;.<span style=\"font-size: 16px;\">\u00a0<\/span><\/p>\n<p>[\/et_pb_text][et_pb_image src=&#8221;https:\/\/marketingplatform.com\/wp-content\/uploads\/2019\/05\/clerk3.png&#8221; align_tablet=&#8221;center&#8221; align_phone=&#8221;&#8221; align_last_edited=&#8221;on|desktop&#8221; _builder_version=&#8221;4.19.5&#8243; max_width=&#8221;73%&#8221; hover_enabled=&#8221;0&#8243; global_colors_info=&#8221;{}&#8221; alt=&#8221;A screenshot from the interface of clerk.io, picturing the instructions to integrate clerk.io with MarketingPlatform.&#8221; sticky_enabled=&#8221;0&#8243;][\/et_pb_image][et_pb_text _builder_version=&#8221;4.16&#8243; global_colors_info=&#8221;{}&#8221;]<\/p>\n<p>&nbsp;<\/p>\n<p>4. Lav indholdet til emailen. Hver type af email produkt rekommanderinger skal have sin egen content block i clerk.io. Disse blokke styrer hvor mange produkter, der skal vises, hvilken logik de skal bruge, om der skal tilknytttes filtre osv. osv. G\u00e5 til &#8216;Email Content&#8217; og dern\u00e6st klik p\u00e5 &#8216;New Content&#8217; og navngiv indholdet.<span style=\"font-size: 16px;\">\u00a0<\/span><\/p>\n<p>[\/et_pb_text][et_pb_image src=&#8221;https:\/\/marketingplatform.com\/wp-content\/uploads\/2019\/05\/clerk4.png&#8221; align_tablet=&#8221;center&#8221; align_phone=&#8221;&#8221; align_last_edited=&#8221;on|desktop&#8221; _builder_version=&#8221;4.19.5&#8243; max_width=&#8221;73%&#8221; hover_enabled=&#8221;0&#8243; global_colors_info=&#8221;{}&#8221; alt=&#8221;A screenshot from the interface of clerk.io, picturing the instructions to integrate clerk.io with MarketingPlatform.&#8221; sticky_enabled=&#8221;0&#8243;][\/et_pb_image][et_pb_text _builder_version=&#8221;4.16&#8243; global_colors_info=&#8221;{}&#8221;]<\/p>\n<p>&nbsp;<\/p>\n<p>5. Angiv den produkt logik som skal bruges i email blokken. F.eks. om produkterne i blokken skal vise best sellers, hot products, visitor recommendations eller andet.\u00a0<span style=\"font-size: 16px;\">\u00a0<\/span><\/p>\n<p>[\/et_pb_text][et_pb_image src=&#8221;https:\/\/marketingplatform.com\/wp-content\/uploads\/2019\/05\/clerk5.png&#8221; align_tablet=&#8221;center&#8221; align_phone=&#8221;&#8221; align_last_edited=&#8221;on|desktop&#8221; _builder_version=&#8221;4.19.5&#8243; max_width=&#8221;73%&#8221; hover_enabled=&#8221;0&#8243; global_colors_info=&#8221;{}&#8221; alt=&#8221;A screenshot from the interface of clerk.io, picturing the instructions to integrate clerk.io with MarketingPlatform.&#8221; sticky_enabled=&#8221;0&#8243;][\/et_pb_image][et_pb_text _builder_version=&#8221;4.16&#8243; global_colors_info=&#8221;{}&#8221;]<\/p>\n<p>&nbsp;<\/p>\n<p>6. V\u00e6lg hvor mange produkter som skal vises i email blokken og v\u00e6lg et af de designs som du har skabt.<span style=\"font-size: 16px;\">\u00a0<\/span><\/p>\n<p>[\/et_pb_text][et_pb_image src=&#8221;https:\/\/marketingplatform.com\/wp-content\/uploads\/2019\/05\/clerk6.png&#8221; align_tablet=&#8221;center&#8221; align_phone=&#8221;&#8221; align_last_edited=&#8221;on|desktop&#8221; _builder_version=&#8221;4.19.5&#8243; max_width=&#8221;73%&#8221; hover_enabled=&#8221;0&#8243; global_colors_info=&#8221;{}&#8221; alt=&#8221;A screenshot from the interface of clerk.io, picturing the instructions to integrate clerk.io with MarketingPlatform.&#8221; sticky_enabled=&#8221;0&#8243;][\/et_pb_image][et_pb_text _builder_version=&#8221;4.16&#8243; global_colors_info=&#8221;{}&#8221;]<\/p>\n<p>&nbsp;<\/p>\n<p>7. Klik herefter p\u00e5 &#8216;Update Content&#8217; for at se \u00e6ndringerne.<\/p>\n<p>8. Du skal nu hente den kode, som danner grundlaget for email blokken. G\u00e5 til punktet &#8216;Insert into email&#8217; og v\u00e6lg &#8216;Marketing Platform&#8217; som email platform. Det er muligt at der skal tilf\u00f8jes ekstra data som keyword og category UD alt afh\u00e6ngig af den logik (omtalt l\u00e6ngere oppe i dokumentet) som er valgt.<\/p>\n<p>9. Klik p\u00e5 &#8216;Copy Embed Code To Clipboard&#8217; p\u00e5 Content siden.<\/p>\n<p>[\/et_pb_text][et_pb_image src=&#8221;https:\/\/marketingplatform.com\/wp-content\/uploads\/2019\/05\/clerk7.png&#8221; align_tablet=&#8221;center&#8221; align_phone=&#8221;&#8221; align_last_edited=&#8221;on|desktop&#8221; _builder_version=&#8221;4.19.5&#8243; max_width=&#8221;73%&#8221; hover_enabled=&#8221;0&#8243; global_colors_info=&#8221;{}&#8221; alt=&#8221;A screenshot from the interface of clerk.io, picturing the instructions to integrate clerk.io with MarketingPlatform.&#8221; sticky_enabled=&#8221;0&#8243;][\/et_pb_image][et_pb_text _builder_version=&#8221;4.16&#8243; global_colors_info=&#8221;{}&#8221;]<\/p>\n<p>&nbsp;<\/p>\n<p>10. Du skal nu have indsat koden i MarketingPlatform. Log p\u00e5 MarketingPlatform og g\u00e5 til Email Campaigns -&gt; View Campaigns. V\u00e6lg herefter den email kampagne, som koden skal inds\u00e6ttes i.<\/p>\n<p>[\/et_pb_text][et_pb_image src=&#8221;https:\/\/marketingplatform.com\/wp-content\/uploads\/2019\/05\/clerk8.png&#8221; align_tablet=&#8221;center&#8221; align_phone=&#8221;&#8221; align_last_edited=&#8221;on|desktop&#8221; _builder_version=&#8221;4.19.5&#8243; max_width=&#8221;73%&#8221; hover_enabled=&#8221;0&#8243; global_colors_info=&#8221;{}&#8221; alt=&#8221;A screenshot from the interface of MarketingPlatform, picturing the instructions to integrate clerk.io with MarketingPlatform.&#8221; sticky_enabled=&#8221;0&#8243;][\/et_pb_image][et_pb_text _builder_version=&#8221;4.16&#8243; global_colors_info=&#8221;{}&#8221;]<\/p>\n<p>&nbsp;<\/p>\n<p>11. Drag en HTML blok ind i din email kampagne, hvor du vil placere clerk.io blokken og inds\u00e6t den kopierede kode.<span style=\"font-size: 16px;\">\u00a0<\/span><\/p>\n<p>[\/et_pb_text][et_pb_image src=&#8221;https:\/\/marketingplatform.com\/wp-content\/uploads\/2019\/05\/clerk9.png&#8221; align_tablet=&#8221;center&#8221; align_phone=&#8221;&#8221; align_last_edited=&#8221;on|desktop&#8221; _builder_version=&#8221;4.19.5&#8243; max_width=&#8221;73%&#8221; hover_enabled=&#8221;0&#8243; global_colors_info=&#8221;{}&#8221; alt=&#8221;A screenshot from the interface of MarketingPlatform, picturing the instructions to integrate clerk.io with MarketingPlatform.&#8221; sticky_enabled=&#8221;0&#8243;][\/et_pb_image][et_pb_text _builder_version=&#8221;4.16&#8243; global_colors_info=&#8221;{}&#8221;]<\/p>\n<p>&nbsp;<\/p>\n<p>Du har nu opsat integration mellem clerk.io og MarketingPlatform.<\/p>\n<p>&nbsp;<\/p>\n<p>[\/et_pb_text][\/et_pb_column][\/et_pb_row][\/et_pb_section][et_pb_section fb_built=&#8221;1&#8243; custom_padding_last_edited=&#8221;on|phone&#8221; module_class=&#8221;ressourcer-signup&#8221; _builder_version=&#8221;4.11.2&#8243; background_color=&#8221;#dee7f1&#8243; background_enable_color=&#8221;off&#8221; custom_margin=&#8221;0px||0px||false|false&#8221; custom_padding=&#8221;0px||0px||false|false&#8221; custom_padding_tablet=&#8221;||||false|false&#8221; custom_padding_phone=&#8221;||||false|false&#8221; top_divider_style=&#8221;asymmetric2&#8243; top_divider_color=&#8221;#ffffff&#8221; top_divider_height=&#8221;60px&#8221; global_module=&#8221;19033&#8243; saved_tabs=&#8221;all&#8221; global_colors_info=&#8221;{}&#8221;][et_pb_row custom_padding_last_edited=&#8221;on|phone&#8221; _builder_version=&#8221;4.16&#8243; background_color=&#8221;#152872&#8243; background_size=&#8221;initial&#8221; background_position=&#8221;top_left&#8221; background_repeat=&#8221;repeat&#8221; custom_margin=&#8221;||||false|false&#8221; custom_padding=&#8221;100px||100px||false|false&#8221; custom_padding_tablet=&#8221;50px|20px|50px|20px|false|false&#8221; custom_padding_phone=&#8221;40px||||false|false&#8221; border_radii=&#8221;on|22px|22px|22px|22px&#8221; global_colors_info=&#8221;{}&#8221;][et_pb_column type=&#8221;4_4&#8243; _builder_version=&#8221;4.16&#8243; custom_padding=&#8221;|||&#8221; global_colors_info=&#8221;{}&#8221; custom_padding__hover=&#8221;|||&#8221;][et_pb_text _builder_version=&#8221;4.16&#8243; text_text_color=&#8221;#ffffff&#8221; header_2_font=&#8221;|800|||||||&#8221; header_2_text_color=&#8221;#ffffff&#8221; text_orientation=&#8221;center&#8221; global_colors_info=&#8221;{}&#8221;]<\/p>\n<h2>Pr\u00f8v MarketingPlatform gratis i 14 dage<\/h2>\n<p><span style=\"color:#fff;\">Pr\u00f8veperioden er gratis, helt uforpligtende og udl\u00f8ber efter 14 dage, hvis du ikke \u00f8nsker at forts\u00e6tte.<br \/>\nVed tilmelding modtager du samtidig vores uddannelsesflow p\u00e5 en serie af mails \u2013 og vores nyhedsbrev.<\/span><\/p>\n<p>[\/et_pb_text][et_pb_code _builder_version=&#8221;4.16&#8243; _module_preset=&#8221;default&#8221; width=&#8221;40%&#8221; width_tablet=&#8221;100%&#8221; width_phone=&#8221;95%&#8221; width_last_edited=&#8221;on|tablet&#8221; module_alignment=&#8221;center&#8221; global_colors_info=&#8221;{}&#8221;]<a href=\"https:\/\/marketingplatform.com\/da\/book-emailplatform-demo\/\"><\/p>\n<div class=\"bookdemobtn\" id=\"bookdemodkbox\">Book demo<\/div>\n<p><\/a><!-- [et_pb_line_break_holder] --><a href=\"https:\/\/marketingplatform.com\/da\/gratis-proeveversion\/\"><\/p>\n<div class=\"signupbtn\" id=\"tryusdkbox\">Pr\u00f8v os gratis<\/div>\n<p><\/a><!-- [et_pb_line_break_holder] --><\/p>\n<div class=\"clearfix\"><\/div>\n<p>[\/et_pb_code][\/et_pb_column][\/et_pb_row][\/et_pb_section]<\/p>\n","protected":false},"excerpt":{"rendered":"<p>S\u00e5dan integreres clerk.io med MarketingPlatform Det er simpelt at lave integration mellem clerk.io og MarketingPlatform. Nedenfor er de forskellige trin forklaret. Du skal til en start have opsat integrationen mellem din webshop og clerk.io, s\u00e5 den forn\u00f8dne ordredata synkroniseres frem og tilbage. 1. Start med at oprette et design i clerk.io til email blokken, som [&hellip;]<\/p>\n","protected":false},"author":50,"featured_media":0,"parent":0,"menu_order":0,"comment_status":"closed","ping_status":"closed","template":"","meta":{"_et_pb_use_builder":"on","_et_pb_old_content":"","_et_gb_content_width":"","footnotes":""},"categories":[],"tags":[],"yst_prominent_words":[12093,15122,926,12090,12091,12092,12089,12086,12088,15120,15118,15117,485,15121,15119,12094,12087,6181,12085,8642],"_links":{"self":[{"href":"https:\/\/marketingplatform.com\/da\/wp-json\/wp\/v2\/pages\/34525"}],"collection":[{"href":"https:\/\/marketingplatform.com\/da\/wp-json\/wp\/v2\/pages"}],"about":[{"href":"https:\/\/marketingplatform.com\/da\/wp-json\/wp\/v2\/types\/page"}],"author":[{"embeddable":true,"href":"https:\/\/marketingplatform.com\/da\/wp-json\/wp\/v2\/users\/50"}],"replies":[{"embeddable":true,"href":"https:\/\/marketingplatform.com\/da\/wp-json\/wp\/v2\/comments?post=34525"}],"version-history":[{"count":3,"href":"https:\/\/marketingplatform.com\/da\/wp-json\/wp\/v2\/pages\/34525\/revisions"}],"predecessor-version":[{"id":236367,"href":"https:\/\/marketingplatform.com\/da\/wp-json\/wp\/v2\/pages\/34525\/revisions\/236367"}],"wp:attachment":[{"href":"https:\/\/marketingplatform.com\/da\/wp-json\/wp\/v2\/media?parent=34525"}],"wp:term":[{"taxonomy":"category","embeddable":true,"href":"https:\/\/marketingplatform.com\/da\/wp-json\/wp\/v2\/categories?post=34525"},{"taxonomy":"post_tag","embeddable":true,"href":"https:\/\/marketingplatform.com\/da\/wp-json\/wp\/v2\/tags?post=34525"},{"taxonomy":"yst_prominent_words","embeddable":true,"href":"https:\/\/marketingplatform.com\/da\/wp-json\/wp\/v2\/yst_prominent_words?post=34525"}],"curies":[{"name":"wp","href":"https:\/\/api.w.org\/{rel}","templated":true}]}}