{"id":3318,"date":"2017-03-22T11:55:29","date_gmt":"2017-03-22T10:55:29","guid":{"rendered":"https:\/\/marketingplatform.com\/?page_id=3318\/"},"modified":"2023-09-11T16:32:49","modified_gmt":"2023-09-11T14:32:49","slug":"trial-confirmation","status":"publish","type":"page","link":"https:\/\/marketingplatform.com\/da\/trial-confirmation\/","title":{"rendered":"Tak Foerste Maaned Gratis"},"content":{"rendered":"<p>[et_pb_section fb_built=&#8221;1&#8243; admin_label=&#8221;section&#8221; _builder_version=&#8221;4.16&#8243; custom_padding=&#8221;30px|||&#8221; transparent_background=&#8221;off&#8221; global_colors_info=&#8221;{}&#8221;][et_pb_row column_structure=&#8221;1_2,1_2&#8243; admin_label=&#8221;row&#8221; _builder_version=&#8221;4.16&#8243; background_size=&#8221;initial&#8221; background_position=&#8221;top_left&#8221; background_repeat=&#8221;repeat&#8221; global_colors_info=&#8221;{}&#8221;][et_pb_column type=&#8221;1_2&#8243; _builder_version=&#8221;4.16&#8243; custom_padding=&#8221;|||&#8221; global_colors_info=&#8221;{}&#8221; custom_padding__hover=&#8221;|||&#8221;][et_pb_text _builder_version=&#8221;4.22.1&#8243; header_3_font=&#8221;|800|||||||&#8221; header_4_font=&#8221;|800|||||||&#8221; background_size=&#8221;initial&#8221; background_position=&#8221;top_left&#8221; background_repeat=&#8221;repeat&#8221; hover_enabled=&#8221;0&#8243; use_border_color=&#8221;off&#8221; border_color=&#8221;#ffffff&#8221; border_style=&#8221;solid&#8221; global_colors_info=&#8221;{}&#8221; custom_margin=&#8221;80px||||false|false&#8221; custom_padding=&#8221;80px||||false|false&#8221; sticky_enabled=&#8221;0&#8243;]<\/p>\n<h1>Foresp\u00f8rgsel om en gratis pr\u00f8veversion af MarketingPlatform<\/h1>\n<p>&nbsp;<\/p>\n<p>Tak, fordi du \u00f8nsker at afpr\u00f8ve MarketingPlatform! Vi gennemg\u00e5r din foresp\u00f8rgsel og kontakter dig snarest.<\/p>\n<p>Tak fordi du valgte MarketingPlatform!<\/p>\n<p><a href=\"mailto:kim@marketingplatform.com\"><\/a><\/p>\n<p>[\/et_pb_text][\/et_pb_column][et_pb_column type=&#8221;1_2&#8243; _builder_version=&#8221;4.22.1&#8243; _module_preset=&#8221;default&#8221; global_colors_info=&#8221;{}&#8221;][et_pb_image src=&#8221;https:\/\/marketingplatform.com\/wp-content\/uploads\/2023\/09\/MicrosoftTeams-image-14.png&#8221; alt=&#8221;The logo of MarketingPlatform surrounded by graphic elements that represent emails and customer profiles.&#8221; title_text=&#8221;MicrosoftTeams-image (14)&#8221; _builder_version=&#8221;4.22.1&#8243; _module_preset=&#8221;default&#8221; hover_enabled=&#8221;0&#8243; global_colors_info=&#8221;{}&#8221; custom_margin=&#8221;0px||0px||false|false&#8221; custom_padding=&#8221;0px||0px||false|false&#8221; sticky_enabled=&#8221;0&#8243;][\/et_pb_image][\/et_pb_column][\/et_pb_row][\/et_pb_section]<\/p>\n","protected":false},"excerpt":{"rendered":"<p>Foresp\u00f8rgsel om en gratis pr\u00f8veversion af MarketingPlatform &nbsp; Tak, fordi du \u00f8nsker at afpr\u00f8ve MarketingPlatform! Vi gennemg\u00e5r din foresp\u00f8rgsel og kontakter dig snarest. Tak fordi du valgte MarketingPlatform!<\/p>\n","protected":false},"author":50,"featured_media":0,"parent":0,"menu_order":0,"comment_status":"closed","ping_status":"closed","template":"","meta":{"_et_pb_use_builder":"on","_et_pb_old_content":"","_et_gb_content_width":"","footnotes":""},"categories":[],"tags":[],"yst_prominent_words":[81,4875,691,123,3319,4957,3312,3309,3313,3308,3310,3306,3318,939,3320,2247,3317,3311,3307,3305],"_links":{"self":[{"href":"https:\/\/marketingplatform.com\/da\/wp-json\/wp\/v2\/pages\/3318"}],"collection":[{"href":"https:\/\/marketingplatform.com\/da\/wp-json\/wp\/v2\/pages"}],"about":[{"href":"https:\/\/marketingplatform.com\/da\/wp-json\/wp\/v2\/types\/page"}],"author":[{"embeddable":true,"href":"https:\/\/marketingplatform.com\/da\/wp-json\/wp\/v2\/users\/50"}],"replies":[{"embeddable":true,"href":"https:\/\/marketingplatform.com\/da\/wp-json\/wp\/v2\/comments?post=3318"}],"version-history":[{"count":5,"href":"https:\/\/marketingplatform.com\/da\/wp-json\/wp\/v2\/pages\/3318\/revisions"}],"predecessor-version":[{"id":236823,"href":"https:\/\/marketingplatform.com\/da\/wp-json\/wp\/v2\/pages\/3318\/revisions\/236823"}],"wp:attachment":[{"href":"https:\/\/marketingplatform.com\/da\/wp-json\/wp\/v2\/media?parent=3318"}],"wp:term":[{"taxonomy":"category","embeddable":true,"href":"https:\/\/marketingplatform.com\/da\/wp-json\/wp\/v2\/categories?post=3318"},{"taxonomy":"post_tag","embeddable":true,"href":"https:\/\/marketingplatform.com\/da\/wp-json\/wp\/v2\/tags?post=3318"},{"taxonomy":"yst_prominent_words","embeddable":true,"href":"https:\/\/marketingplatform.com\/da\/wp-json\/wp\/v2\/yst_prominent_words?post=3318"}],"curies":[{"name":"wp","href":"https:\/\/api.w.org\/{rel}","templated":true}]}}