{"id":25622,"date":"2019-02-14T10:30:28","date_gmt":"2019-02-14T09:30:28","guid":{"rendered":"https:\/\/marketingplatform.com\/?page_id=25622"},"modified":"2019-02-14T10:30:31","modified_gmt":"2019-02-14T09:30:31","slug":"nyhedsmail","status":"publish","type":"page","link":"https:\/\/marketingplatform.com\/da\/nyhedsmail\/","title":{"rendered":"Nyhedsmail"},"content":{"rendered":"\n[et_pb_section fb_built=&#8221;1&#8243; _builder_version=&#8221;3.19.9&#8243;][et_pb_row _builder_version=&#8221;3.19.9&#8243;][et_pb_column type=&#8221;4_4&#8243; _builder_version=&#8221;3.19.9&#8243; parallax=&#8221;off&#8221; parallax_method=&#8221;on&#8221;][et_pb_text _builder_version=&#8221;3.19.9&#8243;]<h1>Nyhedsmail &#8211; 4 grunde til at du b\u00f8r sende nyhedsmails<\/h1>\n<p><strong><\/strong><\/p>[\/et_pb_text][\/et_pb_column][\/et_pb_row][et_pb_row _builder_version=&#8221;3.19.9&#8243;][et_pb_column type=&#8221;4_4&#8243; _builder_version=&#8221;3.19.9&#8243; parallax=&#8221;off&#8221; parallax_method=&#8221;on&#8221;][et_pb_image src=&#8221;https:\/\/marketingplatform.com\/wp-content\/uploads\/2019\/02\/business-communication-computer-2617062.jpg&#8221; _builder_version=&#8221;3.19.9&#8243; alt=&#8221;4 grunde til at du skal sende nyhedsmail&#8221;][\/et_pb_image][\/et_pb_column][\/et_pb_row][et_pb_row _builder_version=&#8221;3.19.9&#8243;][et_pb_column type=&#8221;4_4&#8243; _builder_version=&#8221;3.19.9&#8243; parallax=&#8221;off&#8221; parallax_method=&#8221;on&#8221;][et_pb_text _builder_version=&#8221;3.19.9&#8243;]<p>Marketing fokus kan l\u00e6gge p\u00e5 mange forskellige kanaler, hvor muligheder i dag er mange. Der er betale kanaler som Google Ads, Facebook Ads og LinkedIn Ads, der er gratis trafik fra Google skabt via content marketing og s\u00f8gemaskineoptimering, der er sociale medier som Facebook og Instagram.<\/p>\n<p>Men den m\u00e5ske effektive kommunikation med ens m\u00e5lgruppe er gennem nyhedsmail. Det kan v\u00e6re i form af en helt simpel nyhedsmail med nyeste produkter af relevance for modtageren, det kan v\u00e6re branchenyt, det kan v\u00e6re en velkomst som kunde i forretningen. Mulighederne er utallige.<\/p>\n<p>F\u00e6lles for de fleste af disse nyhedsmails er, at de typisk er uhyre effektive. Af forskellige unders\u00f8gelser fremg\u00e5r, at det ikke er unormalt at f\u00e5 pengene op til 40 gange igen ved brug af nyhedsmails.<\/p>\n<p>&nbsp;<\/p>\n<p><strong>1. Nyhedsmails stiger ikke i pris<\/strong><\/p>\n<p>En af de helt store forcer ved at sende nyhedsmail er, at det er en gratis markedsf\u00f8ringskanal &#8211; vel at m\u00e6rke hvis man set bort fra udgifter til den email marketing platform, man bruger. Hos nogle udbydere af email marketing platforme betaler man per sendte mails, men hos en del, herunder hos MarketingPlatform, betaler man per kontakt, og man kan dermed sende et ubegr\u00e6nset antal emails til samme pris.<\/p>\n<p>Alle annonc\u00f8rer oplever stigende priser til betalt markedsf\u00f8ring som Google Ads og Facebook Ads, hvor klikpriser \u00e5r efter \u00e5r i samspil med stigende konkurrence bliver dyrere og dyrere. Det bliver s\u00e5ledes tiltagende sv\u00e6rt at fastholde et godt ROI (Return on Investment).\u00a0<\/p>\n<p>Med nyhedsmail er billedet anderledes og en direkte fordel, idet man ikke vil opleve disse stigende priser. Her er det specielt omkring h\u00f8jtiderne en k\u00e6mpe fordel at benytte sig af email marketing, idet man p\u00e5 specielt Facebook Ads ser markant h\u00f8jere priser for annoncering i h\u00f8jtiderne som Black Friday, julen, Valentines Day m.v.\u00a0<\/p>\n<p>&nbsp;<\/p>\n<p><strong>2. En nyhedsmail kan skabe loyalitet<\/strong><\/p>\n<p>Med email marketing har man dog ogs\u00e5 en helt element\u00e6r egenskab: Muligheden for at fastholde loyalitet fra eksisterende kunder. Der er ikke nogen meget bedre m\u00e5de at holde en god kontakt og dialog med kunderne end via emails. Jo mere information du har om de tilmeldte p\u00e5 dine email lister, desto st\u00f8rre er chance for at lave personligt indhold til modtageren, der sikrer en god dialog samt fastholdelse i kunden.<\/p>\n<p>Ved for upr\u00e6cise emails, sendt for ofte eller for lidt, sendt p\u00e5 de forkerte tidspunkter, oplever kunden en negativ fornemmelse, og det er derfor vigtigt at bruge al indsamlet data p\u00e5 den mest intelligente m\u00e5de, s\u00e5ledes at kundeforholdet varer s\u00e5 l\u00e6nge som muligt.<\/p>\n<p>Idet du har kundens email adresse har du en helt unik mulighed for at ramme personen privat og med pr\u00e6cis de ting, som kunden \u00f8nsker at se. Kunden har en travl hverdag, og du kan ikke regne med at de automatisk kigger forbi din side fra tid til anden. Din nyhedsmail er med til at skabe fokus og minde kunden om, at du (fortsat) eksisterer.<\/p>\n<p>&nbsp;<\/p>\n<p><strong>3. En nyhedsmail kan skabe meroms\u00e6tning i din virksomhed<\/strong><\/p>\n<p>Der findes mange muligheder for at v\u00e6kste oms\u00e6tningen i virksomheden via emails. Det v\u00e6re sig alt fra de helt simple nyhedsbreve med oplysninger om nye produkter, udsalg med videre over til meget <a href=\"https:\/\/marketingplatform.com\/da\/ressourcer\/marketing-automation-eksempler\/\">effektive marketing automations flows<\/a>, hvor man automatisk afsender emails baseret p\u00e5 en bestemt h\u00e6ndelse eller adf\u00e6rd. Er du i tvivl om hvad marketing automation er, kan du l\u00e6se vores artikel <a href=\"https:\/\/marketingplatform.com\/da\/artikler-presse\/hvad-er-marketing-automation\/\">her<\/a>.<\/p>\n<p>Som eksempler p\u00e5 effektive flows der kan skabe meroms\u00e6tning og samtidig fasteholde og\/eller v\u00e6kke sovende kunder til live er:<\/p>\n<ul>\n<li>Velkomstmails &#8211; De har netop tilmeldt sig din liste og du ved at de derfor er varme nu. Send dem en rabatkode med 10% introrabat.<\/li>\n<li>Bel\u00f8nning af loyale kunder med specifikke tilbud m\u00e5lrettet de loyale kunde<\/li>\n<li>Opf\u00f8lgning p\u00e5 salg. Kunden har k\u00f8bt en barberskraber. Efter 3 dage eftersendes automatisk en email med de 5 mest popul\u00e6re barberskum og barbersprit<\/li>\n<li>Forladt varekurv. Send mail med indholdet af kurven og g\u00f8r opm\u00e6rksom p\u00e5, at varerne er gemt. Hvis kunden ikke reagerer, eftersend automatisk mail med rabatkode til disse varer.<\/li>\n<\/ul>\n<p>Se vores artikel <a href=\"https:\/\/marketingplatform.com\/da\/ressourcer\/marketing-automation-eksempler\/\">her<\/a> med mange flere id\u00e9er til b\u00e5de B2C og B2B virksomheder, og l\u00e6s vores artikel med <a href=\"https:\/\/marketingplatform.com\/da\/ressourcer\/marketing-automation-best-practices\/\">best practices her<\/a>.<\/p>\n<p>&nbsp;<\/p>\n<p><strong>4. En nyhedsmail kan skabe trov\u00e6rdighed og tryghed<\/strong><\/p>\n<p>Folk vil gerne k\u00f8be fra virksomheden, som de stoler. Ved at lave nyhedsmails med indhold, som er hj\u00e6lpsomt, informativt og trov\u00e6rdigt, giver man en tryghed til kunden &#8211; uden n\u00f8dvendigvis at virke som om man pusher et salg ned over hovedet p\u00e5 dem. De fleste nyhedsmails man modtager er meget salgsmindede, og derfor kan det virke positivt med en mindre aggressiv tilgang.\u00a0<\/p>\n<p>Eksempel: En virksomhed s\u00e6lger yogaudstyr, og der bliver derfor sendt en nyhedsmail der beskriver en unders\u00f8gelse omkring de mange fordele ved at ud\u00f8ve yoga samt nogle opskrifter p\u00e5 sund, kost, som man antager at m\u00e5lgruppen er meget interesseret i. En nyhedsmail som dette vil ikke v\u00e6re en decideret salgsmail, men den vil underst\u00f8tte dit form\u00e5l: At g\u00f8re folk opm\u00e6rksomme p\u00e5, at de b\u00f8r k\u00f8be dine produkter, da det er godt for krop og sj\u00e6l.<\/p>[\/et_pb_text][\/et_pb_column][\/et_pb_row][\/et_pb_section][et_pb_section fb_built=&#8221;1&#8243; module_class=&#8221;ressourcer-signup&#8221; _builder_version=&#8221;3.19.9&#8243; background_color=&#8221;#dee7f1&#8243; global_module=&#8221;19033&#8243;][et_pb_row custom_padding=&#8221;||10px&#8221; custom_margin=&#8221;||10px&#8221; _builder_version=&#8221;3.19.9&#8243; background_size=&#8221;initial&#8221; background_position=&#8221;top_left&#8221; background_repeat=&#8221;repeat&#8221;][et_pb_column type=&#8221;4_4&#8243; _builder_version=&#8221;3.0.47&#8243; parallax=&#8221;off&#8221; parallax_method=&#8221;on&#8221;][et_pb_text _builder_version=&#8221;3.19.9&#8243; text_orientation=&#8221;center&#8221;]<h2>Pr\u00f8v MarketingPlatform gratis i 14 dage<\/h2>\n<p>Pr\u00f8veperioden er gratis, helt uforpligtende og udl\u00f8ber efter 14 dage, hvis du ikke \u00f8nsker at forts\u00e6tte.<br \/>Ved tilmelding modtager du samtidig vores uddannelsesflow p\u00e5 en serie af mails \u2013 og vores nyhedsbrev.<\/p>[\/et_pb_text][et_pb_code _builder_version=&#8221;3.19.9&#8243; text_orientation=&#8221;center&#8221; max_width=&#8221;98%&#8221; module_alignment=&#8221;center&#8221;]<!-- [et_pb_line_break_holder] --><div class=\"myForm\"><!-- [et_pb_line_break_holder] --> <div class=\"sign_up\"><!-- [et_pb_line_break_holder] --> <div class=\"step1 text-box step_fir\"><!-- [et_pb_line_break_holder] --> <div class=\"displayblock\"><input type=\"text\" name=\"email\" class=\"emailvalue\" placeholder=\"Indtast din e-mailadresse\" style=\"margin-right:5px; border-radius:2px; border:none!important;\"><\/div><!-- [et_pb_line_break_holder] --> <div class=\"displayblock\"><input type=\"button\" value=\"Ja tak - lad mig pr\u00f8ve!\" class=\"button trial-btn-blue step1btn\" style=\"background:#09cd6f!important; border:none!important; border-radius:2px;\"><\/div><!-- [et_pb_line_break_holder] --> <\/div><!-- [et_pb_line_break_holder] --> <div class=\"step2 text-box\" style=\"display: none;\"><\/div><!-- [et_pb_line_break_holder] --> <div class=\"step2 text-box \" style=\"display: none;\"><!-- [et_pb_line_break_holder] --> <div class=\"displayblock\" style=\"width: 400px;\"><input type=\"text\" name=\"CustomFields[496]\" class=\"CustomFields_496_51\" value=\"\" size=\"50\" placeholder=\"Firmanavn\" style=\"margin-right:5px; border-radius:2px; border:none!important;\"><\/div><!-- [et_pb_line_break_holder] --> <div class=\"displayblock\" style=\"width: 400px;\"><input type=\"text\" name=\"CustomFields[2]\" class=\"CustomFields_2_51\" value=\"\" size=\"50\" placeholder=\"Dit Navn\" style=\"margin-right:5px; border-radius:2px; border:none!important;\"><\/div><!-- [et_pb_line_break_holder] --> <div class=\"displayblock\" style=\"width: 400px;\"><input type=\"text\" name=\"CustomFields[497]\" class=\"CustomFields_497_51\" value=\"\" size=\"50\" placeholder=\"Mobil Nummer\" style=\"margin-right:5px; border-radius:2px; border:none!important;\"><\/div><!-- [et_pb_line_break_holder] --> <div class=\"displayblock sec_step_but\"><input id=\"step2\" type=\"button\" value=\"Ja tak - lad mig pr\u00f8ve!\" class=\"button trial-btn-blue step1btn\" style=\"background:#09cd6f!important; border:none!important; border-radius:2px;\"><\/div><!-- [et_pb_line_break_holder] --> <div><!-- [et_pb_line_break_holder] --> <div style=\"display: none;\" id=\"alertSpan\"><!-- [et_pb_line_break_holder] --> <span style=\"color: red;\">Du skal udfylde alle felter<\/span><!-- [et_pb_line_break_holder] --> <\/div><!-- [et_pb_line_break_holder] --> <\/div><!-- [et_pb_line_break_holder] --> <div><!-- [et_pb_line_break_holder] --> <div style=\"display: none;\" id=\"alertEmailSpan\"><!-- [et_pb_line_break_holder] --> <span style=\"color: red;\">Indtast din e-mailadresse<\/span><!-- [et_pb_line_break_holder] --> <\/div><!-- [et_pb_line_break_holder] --> <\/div><!-- [et_pb_line_break_holder] --> <\/div><!-- [et_pb_line_break_holder] --> <\/div><!-- [et_pb_line_break_holder] --><\/div>[\/et_pb_code][\/et_pb_column][\/et_pb_row][et_pb_row use_custom_width=&#8221;on&#8221; custom_width_px=&#8221;768px&#8221; custom_padding=&#8221;0px||0px&#8221; custom_margin=&#8221;0px||0px&#8221; _builder_version=&#8221;3.19.9&#8243;][et_pb_column type=&#8221;4_4&#8243; _builder_version=&#8221;3.19.9&#8243; parallax=&#8221;off&#8221; parallax_method=&#8221;on&#8221;][et_pb_code _builder_version=&#8221;3.19.9&#8243;]<div class=\"awards-align\"><!-- [et_pb_line_break_holder] --><div style=\"float:left; width:18%; text-align:center;   margin-right: 2%;\"><!-- [et_pb_line_break_holder] --><img decoding=\"async\" src=\"https:\/\/marketingplatform.com\/wp-content\/uploads\/2019\/02\/bauhaus-logo.png\" width=\"120\" style=\"margin:20px 0px 20px 0px;\"><!-- [et_pb_line_break_holder] --><\/div><!-- [et_pb_line_break_holder] --><div style=\"float:left; width:18%; text-align:center;    margin-right: 2%;\"><!-- [et_pb_line_break_holder] --><img decoding=\"async\" src=\"https:\/\/marketingplatform.com\/wp-content\/uploads\/2019\/02\/boconcept-logo.png\" width=\"120\" style=\"margin:25px 0px 20px 0px;\"><!-- [et_pb_line_break_holder] --><\/div><!-- [et_pb_line_break_holder] --><div style=\"float:left; width:18%;    margin-right: 2%;\"><!-- [et_pb_line_break_holder] --><img decoding=\"async\" src=\"https:\/\/marketingplatform.com\/wp-content\/uploads\/2019\/02\/avcables-logo.png\" width=\"130\" style=\"margin:26px 0px 20px 0px;\"><!-- [et_pb_line_break_holder] --><\/div><!-- [et_pb_line_break_holder] --><div style=\"float:left; width:18%; text-align:center;     margin-right: 1%;\"><!-- [et_pb_line_break_holder] --><img decoding=\"async\" src=\"https:\/\/marketingplatform.com\/wp-content\/uploads\/2019\/02\/kop-kande-logo.png\" width=\"120\" style=\"margin:24px 0px 20px 0px;\"><!-- [et_pb_line_break_holder] --><\/div><!-- [et_pb_line_break_holder] --><div style=\"float:left; width:18%;      margin-right: 2%;  text-align: center;\"><!-- [et_pb_line_break_holder] --><img decoding=\"async\" src=\"https:\/\/marketingplatform.com\/wp-content\/uploads\/2019\/02\/verisure-logo.png\" width=\"100\" style=\"margin:16px 0px 20px 0px;\"><!-- [et_pb_line_break_holder] --><\/div><!-- [et_pb_line_break_holder] --><\/div>[\/et_pb_code][\/et_pb_column][\/et_pb_row][\/et_pb_section][et_pb_section fb_built=&#8221;1&#8243; _builder_version=&#8221;3.19.9&#8243;][\/et_pb_section]\n","protected":false},"excerpt":{"rendered":"<p>Nyhedsmail &#8211; 4 grunde til at du b\u00f8r sende nyhedsmails Marketing fokus kan l\u00e6gge p\u00e5 mange forskellige kanaler, hvor muligheder i dag er mange. Der er betale kanaler som Google Ads, Facebook Ads og LinkedIn Ads, der er gratis trafik fra Google skabt via content marketing og s\u00f8gemaskineoptimering, der er sociale medier som Facebook og [&hellip;]<\/p>\n","protected":false},"author":50,"featured_media":0,"parent":0,"menu_order":0,"comment_status":"closed","ping_status":"closed","template":"","meta":{"_et_pb_use_builder":"on","_et_pb_old_content":"","_et_gb_content_width":"","footnotes":""},"categories":[],"tags":[],"yst_prominent_words":[2540,4910,174,1100,6651,175,10396,10394,10393,10399,10398,1012,6180,4874,10395,4871,4873,4897,10397,4881],"_links":{"self":[{"href":"https:\/\/marketingplatform.com\/da\/wp-json\/wp\/v2\/pages\/25622"}],"collection":[{"href":"https:\/\/marketingplatform.com\/da\/wp-json\/wp\/v2\/pages"}],"about":[{"href":"https:\/\/marketingplatform.com\/da\/wp-json\/wp\/v2\/types\/page"}],"author":[{"embeddable":true,"href":"https:\/\/marketingplatform.com\/da\/wp-json\/wp\/v2\/users\/50"}],"replies":[{"embeddable":true,"href":"https:\/\/marketingplatform.com\/da\/wp-json\/wp\/v2\/comments?post=25622"}],"version-history":[{"count":0,"href":"https:\/\/marketingplatform.com\/da\/wp-json\/wp\/v2\/pages\/25622\/revisions"}],"wp:attachment":[{"href":"https:\/\/marketingplatform.com\/da\/wp-json\/wp\/v2\/media?parent=25622"}],"wp:term":[{"taxonomy":"category","embeddable":true,"href":"https:\/\/marketingplatform.com\/da\/wp-json\/wp\/v2\/categories?post=25622"},{"taxonomy":"post_tag","embeddable":true,"href":"https:\/\/marketingplatform.com\/da\/wp-json\/wp\/v2\/tags?post=25622"},{"taxonomy":"yst_prominent_words","embeddable":true,"href":"https:\/\/marketingplatform.com\/da\/wp-json\/wp\/v2\/yst_prominent_words?post=25622"}],"curies":[{"name":"wp","href":"https:\/\/api.w.org\/{rel}","templated":true}]}}