{"id":23667,"date":"2019-01-18T15:32:25","date_gmt":"2019-01-18T14:32:25","guid":{"rendered":"https:\/\/marketingplatform.com\/?page_id=23667"},"modified":"2019-01-18T15:32:27","modified_gmt":"2019-01-18T14:32:27","slug":"alternativ-til-activecampaign","status":"publish","type":"page","link":"https:\/\/marketingplatform.com\/da\/alternativ-til-activecampaign\/","title":{"rendered":"Alternativ til ActiveCampaign"},"content":{"rendered":"\n[et_pb_section fb_built=&#8221;1&#8243; _builder_version=&#8221;3.19&#8243;][et_pb_row _builder_version=&#8221;3.19&#8243;][et_pb_column type=&#8221;4_4&#8243; _builder_version=&#8221;3.19&#8243; parallax=&#8221;off&#8221; parallax_method=&#8221;on&#8221;][et_pb_text _builder_version=&#8221;3.19&#8243;]<h1>Alternativ til ActiveCampaign\u00a0<\/h1>\n<p>Blandt de meget brugte email marketing systemer idag er amerikanske ActiveCampaign.\u00a0\u00a0ActiveCampaign et system der i de senere \u00e5r har vundet stor indpas ogs\u00e5 i Danmark. Her kan man til en overkommelig pris erhverve sig en email marketing platform, som indeholde de mest basale funktioner, som man forventer sig af sit email marketing tool idag &#8211; inkl. en r\u00e6kke lidt mere avancerede funktioner som abandoned card (forladt indk\u00f8bskurv) med flere.\u00a0<\/p>\n<p>Alligevel kan det v\u00e6re v\u00e6rd at unders\u00f8ge om det kan v\u00e6re v\u00e6rd at skifte til et alternativ til ActiveCampaign som har samme muligheder men hvor prisen og funktionerne i h\u00f8jere grad spiller sammen.<\/p>\n<p>Et godt alternativ til ActiveCampaign er danske MarketingPlatform. Her f\u00e5r du et email marketing system som tilbyder forskellige prisgrupper og funktioner, og hvor priserne er bundet op p\u00e5 det antal kontakter, som du har p\u00e5 dine lister. Da MarketingPlatform er et dansk system er alle data opbevaret inden for EU, og systemet er naturligvis 100% GDPR-compliant.\u00a0<\/p>[\/et_pb_text][\/et_pb_column][\/et_pb_row][et_pb_row _builder_version=&#8221;3.19&#8243;][et_pb_column type=&#8221;4_4&#8243; _builder_version=&#8221;3.19&#8243; parallax=&#8221;off&#8221; parallax_method=&#8221;on&#8221;][et_pb_text _builder_version=&#8221;3.19&#8243;]<h2>ActiveCampaign vs. MarketingPlatform<\/h2>\n<p>Nedenfor kan ses en direkte sammenligning mellem ActiveCampaign og MarketingPlatform p\u00e5 nogle af de vigtigste email marketing features:<\/p>\n<p>&nbsp;<\/p>\n<table style=\"width: 80%;\">\n<tbody>\n<tr>\n<td><\/td>\n<td><strong>ActiveCampaign<\/strong><\/td>\n<td><strong>MarketingPlatform<\/strong><\/td>\n<\/tr>\n<tr style=\"background: #fafafa;\">\n<td><span data-sheets-value=\"{&quot;1&quot;:2,&quot;2&quot;:&quot;Visual email design tool&quot;}\" data-sheets-userformat=\"{&quot;2&quot;:513,&quot;3&quot;:{&quot;1&quot;:0},&quot;12&quot;:0}\">Visuel email design tool<\/span><\/td>\n<td>x<\/td>\n<td>x<\/td>\n<\/tr>\n<tr>\n<td><span data-sheets-value=\"{&quot;1&quot;:2,&quot;2&quot;:&quot;Send nyhedsbreve&quot;}\" data-sheets-userformat=\"{&quot;2&quot;:513,&quot;3&quot;:{&quot;1&quot;:0},&quot;12&quot;:0}\">Send nyhedsbreve<\/span><\/td>\n<td>x<\/td>\n<td>x<\/td>\n<\/tr>\n<tr style=\"background: #fafafa;\">\n<td><span data-sheets-value=\"{&quot;1&quot;:2,&quot;2&quot;:&quot;Send SMS beskeder&quot;}\" data-sheets-userformat=\"{&quot;2&quot;:513,&quot;3&quot;:{&quot;1&quot;:0},&quot;12&quot;:0}\">Send SMS beskeder<\/span><\/td>\n<td>x<\/td>\n<td>x<\/td>\n<\/tr>\n<tr>\n<td><span data-sheets-value=\"{&quot;1&quot;:2,&quot;2&quot;:&quot;Marketing Automation&quot;}\" data-sheets-userformat=\"{&quot;2&quot;:513,&quot;3&quot;:{&quot;1&quot;:0},&quot;12&quot;:0}\">Marketing Automation<\/span><\/td>\n<td>x<\/td>\n<td>x<\/td>\n<\/tr>\n<tr style=\"background: #fafafa;\">\n<td><span data-sheets-value=\"{&quot;1&quot;:2,&quot;2&quot;:&quot;Lead Scoring&quot;}\" data-sheets-userformat=\"{&quot;2&quot;:513,&quot;3&quot;:{&quot;1&quot;:0},&quot;12&quot;:0}\">Lead Scoring<\/span><\/td>\n<td>x<\/td>\n<td>x<\/td>\n<\/tr>\n<tr>\n<td><span data-sheets-value=\"{&quot;1&quot;:2,&quot;2&quot;:&quot;Statistikker&quot;}\" data-sheets-userformat=\"{&quot;2&quot;:513,&quot;3&quot;:{&quot;1&quot;:0},&quot;12&quot;:0}\">Statistikker<\/span><\/td>\n<td>x<\/td>\n<td>x<\/td>\n<\/tr>\n<tr style=\"background: #fafafa;\">\n<td><span data-sheets-value=\"{&quot;1&quot;:2,&quot;2&quot;:&quot;Import\/eksport af kontakter&quot;}\" data-sheets-userformat=\"{&quot;2&quot;:513,&quot;3&quot;:{&quot;1&quot;:0},&quot;12&quot;:0}\">Import\/eksport af kontakter<\/span><\/td>\n<td>x<\/td>\n<td>x<\/td>\n<\/tr>\n<tr>\n<td><span data-sheets-value=\"{&quot;1&quot;:2,&quot;2&quot;:&quot;Segmenter&quot;}\" data-sheets-userformat=\"{&quot;2&quot;:513,&quot;3&quot;:{&quot;1&quot;:0},&quot;12&quot;:0}\">Segmenter<\/span><\/td>\n<td>x<\/td>\n<td>x<\/td>\n<\/tr>\n<tr style=\"background: #fafafa;\">\n<td><span data-sheets-value=\"{&quot;1&quot;:2,&quot;2&quot;:&quot;Avancerede segmenter&quot;}\" data-sheets-userformat=\"{&quot;2&quot;:513,&quot;3&quot;:{&quot;1&quot;:0},&quot;12&quot;:0}\">Avancerede segmenter<\/span><\/td>\n<td>x<\/td>\n<td>x<\/td>\n<\/tr>\n<tr>\n<td><span data-sheets-value=\"{&quot;1&quot;:2,&quot;2&quot;:&quot;Dynamisk (personliggjort) indhold&quot;}\" data-sheets-userformat=\"{&quot;2&quot;:513,&quot;3&quot;:{&quot;1&quot;:0},&quot;12&quot;:0}\">Dynamisk (personliggjort) indhold<\/span><\/td>\n<td>&#8211;<\/td>\n<td>x<\/td>\n<\/tr>\n<tr style=\"background: #fafafa;\">\n<td><span data-sheets-value=\"{&quot;1&quot;:2,&quot;2&quot;:&quot;Omnichannel kommunikation&quot;}\" data-sheets-userformat=\"{&quot;2&quot;:513,&quot;3&quot;:{&quot;1&quot;:0},&quot;12&quot;:0}\">Omnichannel kommunikation<\/span><\/td>\n<td>x<\/td>\n<td>x<\/td>\n<\/tr>\n<tr>\n<td><span data-sheets-value=\"{&quot;1&quot;:2,&quot;2&quot;:&quot;Deling p\u00e5 sociale netv\u00e6rk&quot;}\" data-sheets-userformat=\"{&quot;2&quot;:513,&quot;3&quot;:{&quot;1&quot;:0},&quot;12&quot;:0}\">Deling p\u00e5 sociale netv\u00e6rk<\/span><\/td>\n<td>x<\/td>\n<td>x<\/td>\n<\/tr>\n<tr style=\"background: #fafafa;\">\n<td><span data-sheets-value=\"{&quot;1&quot;:2,&quot;2&quot;:&quot;Forladt varekurv&quot;}\" data-sheets-userformat=\"{&quot;2&quot;:513,&quot;3&quot;:{&quot;1&quot;:0},&quot;12&quot;:0}\">Gratis billedbank<\/span><\/td>\n<td>&#8211;<\/td>\n<td>x<\/td>\n<\/tr>\n<tr>\n<td><span data-sheets-value=\"{&quot;1&quot;:2,&quot;2&quot;:&quot;Forladt varekurv&quot;}\" data-sheets-userformat=\"{&quot;2&quot;:513,&quot;3&quot;:{&quot;1&quot;:0},&quot;12&quot;:0}\">Forladt varekurv<\/span><\/td>\n<td>x<\/td>\n<td>x<\/td>\n<\/tr>\n<tr style=\"background: #fafafa;\">\n<td><span data-sheets-value=\"{&quot;1&quot;:2,&quot;2&quot;:&quot;Event Tracking&quot;}\" data-sheets-userformat=\"{&quot;2&quot;:513,&quot;3&quot;:{&quot;1&quot;:0},&quot;12&quot;:0}\">Event Tracking<\/span><\/td>\n<td>x<\/td>\n<td>x<\/td>\n<\/tr>\n<tr>\n<td><span data-sheets-value=\"{&quot;1&quot;:2,&quot;2&quot;:&quot;Dybe data&quot;}\" data-sheets-userformat=\"{&quot;2&quot;:513,&quot;3&quot;:{&quot;1&quot;:0},&quot;12&quot;:0}\">Dybe data<\/span><\/td>\n<td>x<\/td>\n<td>x<\/td>\n<\/tr>\n<tr style=\"background: #fafafa;\">\n<td><span data-sheets-value=\"{&quot;1&quot;:2,&quot;2&quot;:&quot;Custom User Permissions&quot;}\" data-sheets-userformat=\"{&quot;2&quot;:513,&quot;3&quot;:{&quot;1&quot;:0},&quot;12&quot;:0}\">Custom User Permissions<\/span><\/td>\n<td>&#8211;<\/td>\n<td>x<\/td>\n<\/tr>\n<tr>\n<td><span data-sheets-value=\"{&quot;1&quot;:2,&quot;2&quot;:&quot;SMTP&quot;}\" data-sheets-userformat=\"{&quot;2&quot;:513,&quot;3&quot;:{&quot;1&quot;:0},&quot;12&quot;:0}\">SMTP service<\/span><\/td>\n<td>&#8211;<\/td>\n<td>x<\/td>\n<\/tr>\n<tr style=\"background: #fafafa;\">\n<td><span data-sheets-value=\"{&quot;1&quot;:2,&quot;2&quot;:&quot;API adgang&quot;}\" data-sheets-userformat=\"{&quot;2&quot;:513,&quot;3&quot;:{&quot;1&quot;:0},&quot;12&quot;:0}\">API adgang<\/span><\/td>\n<td>x<\/td>\n<td>x<\/td>\n<\/tr>\n<tr>\n<td><span data-sheets-value=\"{&quot;1&quot;:2,&quot;2&quot;:&quot;Chat support&quot;}\" data-sheets-userformat=\"{&quot;2&quot;:513,&quot;3&quot;:{&quot;1&quot;:0},&quot;12&quot;:0}\">Chat support<\/span><\/td>\n<td>x<\/td>\n<td>x<\/td>\n<\/tr>\n<tr style=\"background: #fafafa;\">\n<td><span data-sheets-value=\"{&quot;1&quot;:2,&quot;2&quot;:&quot;Email support&quot;}\" data-sheets-userformat=\"{&quot;2&quot;:513,&quot;3&quot;:{&quot;1&quot;:0},&quot;12&quot;:0}\">Email support<\/span><\/td>\n<td>x<\/td>\n<td>x<\/td>\n<\/tr>\n<tr>\n<td><span data-sheets-value=\"{&quot;1&quot;:2,&quot;2&quot;:&quot;Telefon Support&quot;}\" data-sheets-userformat=\"{&quot;2&quot;:513,&quot;3&quot;:{&quot;1&quot;:0},&quot;12&quot;:0}\">Dansk telefon support<\/span><\/td>\n<td>&#8211;<\/td>\n<td>x<\/td>\n<\/tr>\n<tr style=\"background: #fafafa;\">\n<td><span data-sheets-value=\"{&quot;1&quot;:2,&quot;2&quot;:&quot;One-on-One tr\u00e6ning&quot;}\" data-sheets-userformat=\"{&quot;2&quot;:513,&quot;3&quot;:{&quot;1&quot;:0},&quot;12&quot;:0}\">One-on-One tr\u00e6ning<\/span><\/td>\n<td>ja<\/td>\n<td>x<\/td>\n<\/tr>\n<tr>\n<td><span data-sheets-value=\"{&quot;1&quot;:2,&quot;2&quot;:&quot;Dataopbevaring i EU&quot;}\" data-sheets-userformat=\"{&quot;2&quot;:513,&quot;3&quot;:{&quot;1&quot;:0},&quot;12&quot;:0}\">Dataopbevaring i EU<\/span><\/td>\n<td>&#8211;<\/td>\n<td>x<\/td>\n<\/tr>\n<\/tbody>\n<\/table>\n<p>&nbsp;<\/p>\n<p><span>Tag fat p\u00e5 os i dag ved at ringe p\u00e5 72 44 44 44 eller\u00a0<\/span><a href=\"mailto:support@marketingplatform.com\">support@marketingplatform.com<\/a><span>\u00a0hvis du overvejer et godt, dansk alternativ til ActiveCampaign eller tilmeld dig via tilmeldingsformularen nedenfor og f\u00e5 lynhurtigt adgang til en 14-dages gratis pr\u00f8ve at platformen.<\/span><\/p>\n[\/et_pb_text][\/et_pb_column][\/et_pb_row][\/et_pb_section][et_pb_section fb_built=&#8221;1&#8243; _builder_version=&#8221;3.16.1&#8243; background_color=&#8221;#dee7f1&#8243; global_module=&#8221;19033&#8243;][et_pb_row _builder_version=&#8221;3.0.48&#8243; background_size=&#8221;initial&#8221; background_position=&#8221;top_left&#8221; background_repeat=&#8221;repeat&#8221;][et_pb_column type=&#8221;4_4&#8243; _builder_version=&#8221;3.0.47&#8243; parallax=&#8221;off&#8221; parallax_method=&#8221;on&#8221;][et_pb_text _builder_version=&#8221;3.16.1&#8243; text_orientation=&#8221;center&#8221;]<h2>Pr\u00f8v MarketingPlatform gratis i 14 dage<\/h2>\n<p>Pr\u00f8veperioden er gratis, helt uforpligtende og udl\u00f8ber efter 14 dage, hvis du ikke \u00f8nsker at forts\u00e6tte.<br \/>Ved tilmelding modtager du samtidig vores uddannelsesflow p\u00e5 en serie af mails \u2013 og vores nyhedsbrev.<\/p>[\/et_pb_text][et_pb_code _builder_version=&#8221;3.19&#8243;]<script src=\"https:\/\/ajax.googleapis.com\/ajax\/libs\/jquery\/1.11.3\/jquery.min.js\"><\/script><!-- [et_pb_line_break_holder] --><!-- [et_pb_line_break_holder] --><!-- [et_pb_line_break_holder] --><\/pee><!-- [et_pb_line_break_holder] --><div class=\"myForm\"><!-- [et_pb_line_break_holder] --> <\/pee><!-- [et_pb_line_break_holder] --><div class=\"sign_up\"><!-- [et_pb_line_break_holder] --> <\/pee><!-- [et_pb_line_break_holder] --><div class=\"step1 text-box step_fir\"><!-- [et_pb_line_break_holder] --> <\/pee><!-- [et_pb_line_break_holder] --><div class=\"displayblock\"><!-- [et_pb_line_break_holder] --> <input type=\"text\" name=\"email\" class=\"emailvalue\" placeholder=\"Indtast din e-mailadresse\" style=\"margin-right:5px; border-radius:2px; border:none!important;\"><!-- [et_pb_line_break_holder] --> <\/div><!-- [et_pb_line_break_holder] --><pee><!-- [et_pb_line_break_holder] --> <\/pee><!-- [et_pb_line_break_holder] --><div class=\"displayblock\"><!-- [et_pb_line_break_holder] --> <input type=\"button\" value=\"Ja tak - lad mig pr\u00f8ve!\" class=\"button trial-btn-blue step1btn\" style=\"background:#09cd6f!important; border:none!important; border-radius:2px; \"><!-- [et_pb_line_break_holder] --> <\/div><!-- [et_pb_line_break_holder] --><pee><!-- [et_pb_line_break_holder] --> <\/div><!-- [et_pb_line_break_holder] --><pee><!-- [et_pb_line_break_holder] --> <\/pee><!-- [et_pb_line_break_holder] --><div class=\"step2 text-box\" style=\"display: none;\"><\/div><!-- [et_pb_line_break_holder] --><pee><!-- [et_pb_line_break_holder] --> <\/pee><!-- [et_pb_line_break_holder] --><div class=\"step2 text-box \" style=\"display: none;\"><!-- [et_pb_line_break_holder] --> <\/pee><!-- [et_pb_line_break_holder] --><div class=\"displayblock\" style=\"width: 400px;\"><!-- [et_pb_line_break_holder] --> <input type=\"text\" name=\"CustomFields[496]\" class=\"CustomFields_496_51\" value=\"\" size=\"50\" placeholder=\"Firmanavn\"><!-- [et_pb_line_break_holder] --> <\/div><!-- [et_pb_line_break_holder] --><pee><!-- [et_pb_line_break_holder] --> <\/pee><!-- [et_pb_line_break_holder] --><div class=\"displayblock\" style=\"width: 400px;\"><!-- [et_pb_line_break_holder] --> <input type=\"text\" name=\"CustomFields[2]\" class=\"CustomFields_2_51\" value=\"\" size=\"50\" placeholder=\"Dit Navn\"><!-- [et_pb_line_break_holder] --> <\/div><!-- [et_pb_line_break_holder] --><pee><!-- [et_pb_line_break_holder] --> <\/pee><!-- [et_pb_line_break_holder] --><div class=\"displayblock\" style=\"width: 400px;\"><!-- [et_pb_line_break_holder] --> <input type=\"text\" name=\"CustomFields[497]\" class=\"CustomFields_497_51\" value=\"\" size=\"50\" placeholder=\"Mobil Nummer\"><!-- [et_pb_line_break_holder] --> <\/div><!-- [et_pb_line_break_holder] --><pee><!-- [et_pb_line_break_holder] --> <\/pee><!-- [et_pb_line_break_holder] --><div class=\"displayblock sec_step_but\"><!-- [et_pb_line_break_holder] --> <input id=\"step2\" type=\"button\" value=\"Ja tak - lad mig pr\u00f8ve!\" class=\"button1 \" style=\"background:#09cd6f!important;\"><!-- [et_pb_line_break_holder] --> <\/div><!-- [et_pb_line_break_holder] --><pee><!-- [et_pb_line_break_holder] --> <\/pee><!-- [et_pb_line_break_holder] --><div><!-- [et_pb_line_break_holder] --> <\/pee><!-- [et_pb_line_break_holder] --><div style=\"display: none;\" id=\"alertSpan\"><!-- [et_pb_line_break_holder] --> <span style=\"color: red;\">Du skal udfylde alle felter<\/span><!-- [et_pb_line_break_holder] --> <\/div><!-- [et_pb_line_break_holder] --><pee><!-- [et_pb_line_break_holder] --> <\/div><!-- [et_pb_line_break_holder] --><pee><!-- [et_pb_line_break_holder] --> <\/pee><!-- [et_pb_line_break_holder] --><div><!-- [et_pb_line_break_holder] --> <\/pee><!-- [et_pb_line_break_holder] --><div style=\"display: none;\" id=\"alertEmailSpan\"><!-- [et_pb_line_break_holder] --> <span style=\"color: red;\">Indtast din e-mailadresse<\/span><!-- [et_pb_line_break_holder] --> <\/div><!-- [et_pb_line_break_holder] --><pee><!-- [et_pb_line_break_holder] --> <\/div><!-- [et_pb_line_break_holder] --><pee><!-- [et_pb_line_break_holder] --> <\/div><!-- [et_pb_line_break_holder] --><pee><!-- [et_pb_line_break_holder] --> <\/div><!-- [et_pb_line_break_holder] --><pee><!-- [et_pb_line_break_holder] --><\/div>[\/et_pb_code][\/et_pb_column][\/et_pb_row][\/et_pb_section]\n","protected":false},"excerpt":{"rendered":"<p>Alternativ til ActiveCampaign\u00a0 Blandt de meget brugte email marketing systemer idag er amerikanske ActiveCampaign.\u00a0\u00a0ActiveCampaign et system der i de senere \u00e5r har vundet stor indpas ogs\u00e5 i Danmark. Her kan man til en overkommelig pris erhverve sig en email marketing platform, som indeholde de mest basale funktioner, som man forventer sig af sit email marketing [&hellip;]<\/p>\n","protected":false},"author":50,"featured_media":0,"parent":0,"menu_order":0,"comment_status":"closed","ping_status":"closed","template":"","meta":{"_et_pb_use_builder":"on","_et_pb_old_content":"","_et_gb_content_width":"","footnotes":""},"categories":[],"tags":[],"yst_prominent_words":[8959,451,9943,9941,9940,899,175,4907,4872,4920,2144,9944,2377,552,4871,4873,4881,9942,198,9945],"_links":{"self":[{"href":"https:\/\/marketingplatform.com\/da\/wp-json\/wp\/v2\/pages\/23667"}],"collection":[{"href":"https:\/\/marketingplatform.com\/da\/wp-json\/wp\/v2\/pages"}],"about":[{"href":"https:\/\/marketingplatform.com\/da\/wp-json\/wp\/v2\/types\/page"}],"author":[{"embeddable":true,"href":"https:\/\/marketingplatform.com\/da\/wp-json\/wp\/v2\/users\/50"}],"replies":[{"embeddable":true,"href":"https:\/\/marketingplatform.com\/da\/wp-json\/wp\/v2\/comments?post=23667"}],"version-history":[{"count":0,"href":"https:\/\/marketingplatform.com\/da\/wp-json\/wp\/v2\/pages\/23667\/revisions"}],"wp:attachment":[{"href":"https:\/\/marketingplatform.com\/da\/wp-json\/wp\/v2\/media?parent=23667"}],"wp:term":[{"taxonomy":"category","embeddable":true,"href":"https:\/\/marketingplatform.com\/da\/wp-json\/wp\/v2\/categories?post=23667"},{"taxonomy":"post_tag","embeddable":true,"href":"https:\/\/marketingplatform.com\/da\/wp-json\/wp\/v2\/tags?post=23667"},{"taxonomy":"yst_prominent_words","embeddable":true,"href":"https:\/\/marketingplatform.com\/da\/wp-json\/wp\/v2\/yst_prominent_words?post=23667"}],"curies":[{"name":"wp","href":"https:\/\/api.w.org\/{rel}","templated":true}]}}