{"id":23441,"date":"2019-01-11T11:24:28","date_gmt":"2019-01-11T10:24:28","guid":{"rendered":"https:\/\/marketingplatform.com\/?page_id=23441"},"modified":"2025-06-12T11:32:40","modified_gmt":"2025-06-12T09:32:40","slug":"integrationer","status":"publish","type":"page","link":"https:\/\/marketingplatform.com\/da\/integrationer\/","title":{"rendered":"Integrationer"},"content":{"rendered":"<p>[et_pb_section fb_built=&#8221;1&#8243; module_id=&#8221;industries-tablet&#8221; _builder_version=&#8221;4.16&#8243; background_image=&#8221;https:\/\/marketingplatform.com\/wp-content\/uploads\/2021\/02\/gradient-circle-right.png&#8221; background_size=&#8221;contain&#8221; background_position=&#8221;center_right&#8221; custom_margin=&#8221;||0px||false|false&#8221; custom_padding=&#8221;||0px||false|false&#8221; global_colors_info=&#8221;{}&#8221;][et_pb_row column_structure=&#8221;1_2,1_2&#8243; module_class=&#8221;custom_row&#8221; _builder_version=&#8221;4.16&#8243; global_colors_info=&#8221;{}&#8221;][et_pb_column type=&#8221;1_2&#8243; module_class=&#8221;second-on-mobile&#8221; _builder_version=&#8221;4.16&#8243; custom_padding=&#8221;80px||||false|false&#8221; custom_padding_tablet=&#8221;20px||||false|false&#8221; custom_padding_phone=&#8221;&#8221; custom_padding_last_edited=&#8221;on|tablet&#8221; global_colors_info=&#8221;{}&#8221; custom_padding__hover=&#8221;|||&#8221;][et_pb_text _builder_version=&#8221;4.16&#8243; header_font=&#8221;|800|||||||&#8221; header_font_size=&#8221;38px&#8221; global_colors_info=&#8221;{}&#8221;]<\/p>\n<h1>Integrationer<\/h1>\n<p><span style=\"font-weight: 400;\">Hos MarketingPlatform har vi gjort det nemt og simpelt at integrere med et v\u00e6ld af webshopsystemer, ERP-systemer, 3. party leadgeneringsv\u00e6rkt\u00f8jer, sociale medier og meget mere, som g\u00f8r det muligt for dig at f\u00e5 sendt dine data frem og tilbage mellem MarketingPlatform, og den eller de systemer du benytter. <\/span><\/p>\n<p><span style=\"font-weight: 400;\">Send f.eks. data fra Magento og synkronis\u00e9r kontakt- og dybe data i form af k\u00f8bsdata ind i din MarketingPlatform konto. <\/span><\/p>\n<p><span style=\"font-weight: 400;\">Vi har standardintegrationer til langt de fleste webshop- og CMS platforme. Brug vores Connector og forbind med et API, skriv kode mod vores REST API, SDK eller anvend Zapier som integrationshub. <\/span><\/p>\n<p><span style=\"font-weight: 400;\">Mulighederne er mange og fleksibiliteten stor, hvilket praktisk talt giver uendelige muligheder. <\/span><\/p>\n<p>[\/et_pb_text][\/et_pb_column][et_pb_column type=&#8221;1_2&#8243; module_class=&#8221;first-on-mobile&#8221; _builder_version=&#8221;4.16&#8243; custom_padding=&#8221;|||&#8221; global_colors_info=&#8221;{}&#8221; custom_padding__hover=&#8221;|||&#8221;][et_pb_image src=&#8221;https:\/\/marketingplatform.com\/wp-content\/uploads\/2023\/05\/inew-ntegrations-marketingplatform.png&#8221; alt=&#8221;MarketingPlatform integrationer&#8221; title_text=&#8221;MarketingPlatform integrationer&#8221; align_tablet=&#8221;center&#8221; align_phone=&#8221;&#8221; align_last_edited=&#8221;on|desktop&#8221; _builder_version=&#8221;4.19.5&#8243; custom_margin=&#8221;40px||&#8221; global_colors_info=&#8221;{}&#8221;][\/et_pb_image][\/et_pb_column][\/et_pb_row][\/et_pb_section][et_pb_section fb_built=&#8221;1&#8243; module_id=&#8221;industries-tablet&#8221; _builder_version=&#8221;4.16&#8243; custom_margin=&#8221;0px||||false|false&#8221; custom_padding=&#8221;0px||||false|false&#8221; global_colors_info=&#8221;{}&#8221;][et_pb_row module_class=&#8221;custom_row&#8221; _builder_version=&#8221;4.16&#8243; global_colors_info=&#8221;{}&#8221;][et_pb_column type=&#8221;4_4&#8243; _builder_version=&#8221;4.16&#8243; custom_padding=&#8221;|||&#8221; global_colors_info=&#8221;{}&#8221; custom_padding__hover=&#8221;|||&#8221;][et_pb_text _builder_version=&#8221;4.16&#8243; header_font=&#8221;|800|||||||&#8221; header_font_size=&#8221;38px&#8221; global_colors_info=&#8221;{}&#8221;]<\/p>\n<p><span style=\"font-weight: 400;\">Vi tilbyder 4 forskellige former for integrationer: <\/span><\/p>\n<ul>\n<li style=\"font-weight: 400;\"><b>Integration via moduler<\/b><span style=\"font-weight: 400;\"> som f.eks. vores Magento modul der laver automatisk sammenkobling<\/span><\/li>\n<li style=\"font-weight: 400;\"><b>Integration via vores Connector<\/b><span style=\"font-weight: 400;\"> s\u00e5 kontakter kan synkroniseres fra f.eks. Navision og over i MarketingPlatform<\/span><\/li>\n<li style=\"font-weight: 400;\"><b>Integration via API og 3. parts programmer<\/b><span style=\"font-weight: 400;\"> som f.eks. Zapier som skubber data fra \u00e9n applikation og over i en anden (som f.eks. fra Facebook Lead Ads via Zapier og over i MarketingPlatform)<\/span><\/li>\n<li style=\"font-weight: 400;\"><b>Integrationer fra 3. parts programmer<\/b><span style=\"font-weight: 400;\"> som f.eks. Sleeknote og Leadfamly. Her skal vores API benyttes.<\/span><\/li>\n<\/ul>\n<p><span style=\"font-weight: 400;\">Som eksempler p\u00e5 mulige integrationer og systemer kan n\u00e6vnes <a href=\"https:\/\/marketingplatform.com\/da\/udvalgte-funktioner\/integration-magento\/\">Magento<\/a>, <a href=\"https:\/\/marketingplatform.com\/da\/integrer-shopify-med-marketingplatform\/\">Shopify<\/a>, <a href=\"https:\/\/marketingplatform.com\/da\/integrer-prestashop-med-marketingplatform\/\">Prestashop<\/a>, <a href=\"https:\/\/marketingplatform.com\/da\/integrer-woocommerce-med-marketingplatform\/\">WooCommerce<\/a>, OpenCart, Zen Cart, OS Commerce, <a href=\"https:\/\/marketingplatform.com\/da\/integrer-bigcommerce-med-marketingplatform\/\">BigCommerce<\/a>, <a href=\"https:\/\/marketingplatform.com\/da\/udvalgte-funktioner\/integration-wordpress\/\">WordPress<\/a>, <a href=\"https:\/\/marketingplatform.com\/da\/saadan-integrerer-du-dandomain-med-marketingplatform\/\">DanDomain<\/a>, Scannet, <a href=\"https:\/\/marketingplatform.com\/da\/integrer-smartweb-med-marketingplatform\/\">SmartWeb<\/a>, Navision, <a href=\"https:\/\/marketingplatform.com\/da\/marketingplatform-partnere\/e-conomic-integration\/\">e-conomic<\/a>, <a href=\"https:\/\/marketingplatform.com\/da\/saadan-integreres-sleeknote-med-marketingplatform\/\">Sleeknote<\/a>, <a href=\"https:\/\/marketingplatform.com\/da\/saadan-integrerer-du-leadfamly-med-marketingplatform\/\">Leadfamly<\/a>, <a href=\"https:\/\/marketingplatform.com\/da\/saadan-integreres-clerk-io-med-marketingplatform\/\">clerk.io<\/a>, <a href=\"https:\/\/marketingplatform.com\/da\/integrate-scratcher-io-with-your-marketingplatform-to-use-gamification-data-in-automated-flows\/\">Scratcher.io,<\/a> Raptor, <a href=\"https:\/\/marketingplatform.com\/da\/saadan-integrerer-du-webcrm-med-marketingplatform\/\">webCRM<\/a>, Rich Relevance, AddWish\/Hello Retail,\u00a0<a href=\"https:\/\/marketingplatform.com\/da\/saadan-integreres-episerver-med-marketingplatform\/\">Episerver<\/a>,\u00a0<a href=\"https:\/\/marketingplatform.com\/da\/zapier\/\">Zapier<\/a> med mange flere.<\/span><\/p>\n<blockquote><\/blockquote>\n<p>Ved at kontakte det <a href=\"https:\/\/marketingplatform.com\/da\/om-os\/lokal-support\/\">lokale support team<\/a> er det muligt at f\u00e5 s\u00e5vel eksempelfiler som dokumentation for API&#8217;et &#8211; du kan ogs\u00e5 finde svar<span><span class=\"ui-provider gs b c d e f g h i j k l m n o p q r s t u v w x y z ab ac ae af ag ah ai aj ak\" dir=\"ltr\">\u00a0under ressourcer i vores footer<\/span><\/span>. Med vores webservice\/API er det muligt at lave egne integrationer over imod MarketingPlatform. Her kan egne felter og kontaktlister tilf\u00f8jes, slettes, vedligeholdes og foresp\u00f8rges p\u00e5.<span style=\"font-weight: 400;\"><\/span><\/p>\n<blockquote><\/blockquote>\n<p><span style=\"font-weight: 400;\"><\/span><\/p>\n<p>[\/et_pb_text][\/et_pb_column][\/et_pb_row][\/et_pb_section][et_pb_section fb_built=&#8221;1&#8243; custom_padding_last_edited=&#8221;on|phone&#8221; module_class=&#8221;ressourcer-signup&#8221; _builder_version=&#8221;4.11.2&#8243; background_color=&#8221;#dee7f1&#8243; background_enable_color=&#8221;off&#8221; custom_margin=&#8221;0px||0px||false|false&#8221; custom_padding=&#8221;0px||0px||false|false&#8221; custom_padding_tablet=&#8221;||||false|false&#8221; custom_padding_phone=&#8221;||||false|false&#8221; top_divider_style=&#8221;asymmetric2&#8243; top_divider_color=&#8221;#ffffff&#8221; top_divider_height=&#8221;60px&#8221; global_module=&#8221;19033&#8243; saved_tabs=&#8221;all&#8221; global_colors_info=&#8221;{}&#8221;][et_pb_row custom_padding_last_edited=&#8221;on|phone&#8221; _builder_version=&#8221;4.22.1&#8243; background_color=&#8221;#152872&#8243; background_size=&#8221;initial&#8221; background_position=&#8221;top_left&#8221; background_repeat=&#8221;repeat&#8221; custom_margin=&#8221;||||false|false&#8221; custom_padding=&#8221;100px||100px||false|false&#8221; custom_padding_tablet=&#8221;50px|20px|50px|20px|false|false&#8221; custom_padding_phone=&#8221;40px||||false|false&#8221; border_radii=&#8221;on|22px|22px|22px|22px&#8221; global_colors_info=&#8221;{}&#8221;][et_pb_column type=&#8221;4_4&#8243; _builder_version=&#8221;4.16&#8243; custom_padding=&#8221;|||&#8221; global_colors_info=&#8221;{}&#8221; custom_padding__hover=&#8221;|||&#8221;][et_pb_text _builder_version=&#8221;4.16&#8243; text_text_color=&#8221;#ffffff&#8221; header_2_font=&#8221;|800|||||||&#8221; header_2_text_color=&#8221;#ffffff&#8221; text_orientation=&#8221;center&#8221; global_colors_info=&#8221;{}&#8221;]<\/p>\n<h2>Pr\u00f8v MarketingPlatform gratis i 14 dage<\/h2>\n<p><span style=\"color:#fff;\">Pr\u00f8veperioden er gratis, helt uforpligtende og udl\u00f8ber efter 14 dage, hvis du ikke \u00f8nsker at forts\u00e6tte.<br \/>\nVed tilmelding modtager du samtidig vores uddannelsesflow p\u00e5 en serie af mails \u2013 og vores nyhedsbrev.<\/span><\/p>\n<p>[\/et_pb_text][et_pb_code _builder_version=&#8221;4.16&#8243; _module_preset=&#8221;default&#8221; width=&#8221;40%&#8221; width_tablet=&#8221;100%&#8221; width_phone=&#8221;95%&#8221; width_last_edited=&#8221;on|tablet&#8221; module_alignment=&#8221;center&#8221; global_colors_info=&#8221;{}&#8221;]<a href=\"https:\/\/marketingplatform.com\/da\/book-emailplatform-demo\/\"><\/p>\n<div class=\"bookdemobtn\" id=\"bookdemodkbox\">Book demo<\/div>\n<p><\/a><!-- [et_pb_line_break_holder] --><a href=\"https:\/\/marketingplatform.com\/da\/gratis-proeveversion\/\"><\/p>\n<div class=\"signupbtn\" id=\"tryusdkbox\">Pr\u00f8v os gratis<\/div>\n<p><\/a><!-- [et_pb_line_break_holder] --><\/p>\n<div class=\"clearfix\"><\/div>\n<p>[\/et_pb_code][\/et_pb_column][\/et_pb_row][\/et_pb_section]<\/p>\n","protected":false},"excerpt":{"rendered":"<p>Integrationer Hos MarketingPlatform har vi gjort det nemt og simpelt at integrere med et v\u00e6ld af webshopsystemer, ERP-systemer, 3. party leadgeneringsv\u00e6rkt\u00f8jer, sociale medier og meget mere, som g\u00f8r det muligt for dig at f\u00e5 sendt dine data frem og tilbage mellem MarketingPlatform, og den eller de systemer du benytter. Send f.eks. data fra Magento og [&hellip;]<\/p>\n","protected":false},"author":50,"featured_media":0,"parent":0,"menu_order":0,"comment_status":"closed","ping_status":"closed","template":"","meta":{"_et_pb_use_builder":"on","_et_pb_old_content":"","_et_gb_content_width":"","footnotes":""},"categories":[],"tags":[],"yst_prominent_words":[3371,1449,9888,4883,3453,180,177,9894,9892,4877,3279,4874,913,9891,9886,9887,4889,9889,9893,9890],"_links":{"self":[{"href":"https:\/\/marketingplatform.com\/da\/wp-json\/wp\/v2\/pages\/23441"}],"collection":[{"href":"https:\/\/marketingplatform.com\/da\/wp-json\/wp\/v2\/pages"}],"about":[{"href":"https:\/\/marketingplatform.com\/da\/wp-json\/wp\/v2\/types\/page"}],"author":[{"embeddable":true,"href":"https:\/\/marketingplatform.com\/da\/wp-json\/wp\/v2\/users\/50"}],"replies":[{"embeddable":true,"href":"https:\/\/marketingplatform.com\/da\/wp-json\/wp\/v2\/comments?post=23441"}],"version-history":[{"count":17,"href":"https:\/\/marketingplatform.com\/da\/wp-json\/wp\/v2\/pages\/23441\/revisions"}],"predecessor-version":[{"id":238355,"href":"https:\/\/marketingplatform.com\/da\/wp-json\/wp\/v2\/pages\/23441\/revisions\/238355"}],"wp:attachment":[{"href":"https:\/\/marketingplatform.com\/da\/wp-json\/wp\/v2\/media?parent=23441"}],"wp:term":[{"taxonomy":"category","embeddable":true,"href":"https:\/\/marketingplatform.com\/da\/wp-json\/wp\/v2\/categories?post=23441"},{"taxonomy":"post_tag","embeddable":true,"href":"https:\/\/marketingplatform.com\/da\/wp-json\/wp\/v2\/tags?post=23441"},{"taxonomy":"yst_prominent_words","embeddable":true,"href":"https:\/\/marketingplatform.com\/da\/wp-json\/wp\/v2\/yst_prominent_words?post=23441"}],"curies":[{"name":"wp","href":"https:\/\/api.w.org\/{rel}","templated":true}]}}