{"id":21320,"date":"2018-11-22T13:50:48","date_gmt":"2018-11-22T12:50:48","guid":{"rendered":"https:\/\/marketingplatform.com\/?page_id=21320"},"modified":"2021-06-03T13:38:55","modified_gmt":"2021-06-03T11:38:55","slug":"book-demo-confirmation","status":"publish","type":"page","link":"https:\/\/marketingplatform.com\/da\/book-demo-confirmation\/","title":{"rendered":"Book demo confirmation"},"content":{"rendered":"<p>[et_pb_section fb_built=&#8221;1&#8243; _builder_version=&#8221;3.22&#8243;][et_pb_row _builder_version=&#8221;3.25&#8243; background_size=&#8221;initial&#8221; background_position=&#8221;top_left&#8221; background_repeat=&#8221;repeat&#8221;][et_pb_column type=&#8221;4_4&#8243; _builder_version=&#8221;3.25&#8243; custom_padding=&#8221;|||&#8221; custom_padding__hover=&#8221;|||&#8221;][et_pb_text _builder_version=&#8221;4.9.3&#8243; hover_enabled=&#8221;0&#8243; sticky_enabled=&#8221;0&#8243;]<\/p>\n<h1>Bekr\u00e6ftelse af demo<\/h1>\n<p>&nbsp;<\/p>\n<p>Mange tak for din booking af tid til demonstration af MarketingPlatform. Du har f\u00e5et tilsendt en mail med detaljer om m\u00f8det samt dato for demonstrationen. Vi gl\u00e6der os til at tale med dig.<\/p>\n<\/p>\n<h3>Vil du blive klogere p\u00e5 Email Marketing?<\/h3>\n<p><a href=\"https:\/\/marketingplatform.com\/da\/tilmelding-nyhedsbrev\/\">Tilmeld dig vores nyhedsbrev<\/a> og f\u00e5 l\u00f8bende tilsendt tips, trick og id\u00e9er til din email markedsf\u00f8ring.<\/p>\n<p>&nbsp;<\/p>\n<p>&nbsp;<\/p>\n<p>[\/et_pb_text][\/et_pb_column][\/et_pb_row][\/et_pb_section]<\/p>\n","protected":false},"excerpt":{"rendered":"<p>Bekr\u00e6ftelse af demo &nbsp; Mange tak for din booking af tid til demonstration af MarketingPlatform. Du har f\u00e5et tilsendt en mail med detaljer om m\u00f8det samt dato for demonstrationen. Vi gl\u00e6der os til at tale med dig. Vil du blive klogere p\u00e5 Email Marketing? Tilmeld dig vores nyhedsbrev og f\u00e5 l\u00f8bende tilsendt tips, trick og [&hellip;]<\/p>\n","protected":false},"author":50,"featured_media":0,"parent":0,"menu_order":0,"comment_status":"closed","ping_status":"closed","template":"","meta":{"_et_pb_use_builder":"on","_et_pb_old_content":"","_et_gb_content_width":"","footnotes":""},"categories":[],"tags":[],"yst_prominent_words":[4878,4896,4879,4875,899,4874,4871,4881,9506],"_links":{"self":[{"href":"https:\/\/marketingplatform.com\/da\/wp-json\/wp\/v2\/pages\/21320"}],"collection":[{"href":"https:\/\/marketingplatform.com\/da\/wp-json\/wp\/v2\/pages"}],"about":[{"href":"https:\/\/marketingplatform.com\/da\/wp-json\/wp\/v2\/types\/page"}],"author":[{"embeddable":true,"href":"https:\/\/marketingplatform.com\/da\/wp-json\/wp\/v2\/users\/50"}],"replies":[{"embeddable":true,"href":"https:\/\/marketingplatform.com\/da\/wp-json\/wp\/v2\/comments?post=21320"}],"version-history":[{"count":2,"href":"https:\/\/marketingplatform.com\/da\/wp-json\/wp\/v2\/pages\/21320\/revisions"}],"predecessor-version":[{"id":68773,"href":"https:\/\/marketingplatform.com\/da\/wp-json\/wp\/v2\/pages\/21320\/revisions\/68773"}],"wp:attachment":[{"href":"https:\/\/marketingplatform.com\/da\/wp-json\/wp\/v2\/media?parent=21320"}],"wp:term":[{"taxonomy":"category","embeddable":true,"href":"https:\/\/marketingplatform.com\/da\/wp-json\/wp\/v2\/categories?post=21320"},{"taxonomy":"post_tag","embeddable":true,"href":"https:\/\/marketingplatform.com\/da\/wp-json\/wp\/v2\/tags?post=21320"},{"taxonomy":"yst_prominent_words","embeddable":true,"href":"https:\/\/marketingplatform.com\/da\/wp-json\/wp\/v2\/yst_prominent_words?post=21320"}],"curies":[{"name":"wp","href":"https:\/\/api.w.org\/{rel}","templated":true}]}}