{"id":21166,"date":"2018-11-20T11:00:09","date_gmt":"2018-11-20T10:00:09","guid":{"rendered":"https:\/\/marketingplatform.com\/?page_id=21166"},"modified":"2021-02-16T12:09:25","modified_gmt":"2021-02-16T11:09:25","slug":"kino-dk-bruger-marketingplatform","status":"publish","type":"page","link":"https:\/\/marketingplatform.com\/da\/kino-dk-bruger-marketingplatform\/","title":{"rendered":"Kino.dk bruger MarketingPlatform"},"content":{"rendered":"\n\n[et_pb_section fb_built=&#8221;1&#8243; _builder_version=&#8221;3.22.3&#8243;][et_pb_row _builder_version=&#8221;3.25&#8243;][et_pb_column type=&#8221;4_4&#8243; _builder_version=&#8221;3.25&#8243; custom_padding=&#8221;|||&#8221; custom_padding__hover=&#8221;|||&#8221;][et_pb_image src=&#8221;https:\/\/marketingplatform.com\/wp-content\/uploads\/2018\/02\/kinodk.png&#8221; align_tablet=&#8221;center&#8221; align_phone=&#8221;&#8221; align_last_edited=&#8221;on|desktop&#8221; _builder_version=&#8221;3.23.3&#8243; max_width=&#8221;25%&#8221; max_width_tablet=&#8221;60%&#8221; max_width_phone=&#8221;70%&#8221; max_width_last_edited=&#8221;on|tablet&#8221; module_alignment=&#8221;center&#8221;]&nbsp;\r[\/et_pb_image][\/et_pb_column][\/et_pb_row][et_pb_row _builder_version=&#8221;3.25&#8243; background_size=&#8221;initial&#8221; background_position=&#8221;top_left&#8221; background_repeat=&#8221;repeat&#8221; max_width=&#8221;1025px&#8221; use_custom_width=&#8221;on&#8221; custom_width_px=&#8221;1025px&#8221;][et_pb_column type=&#8221;4_4&#8243; _builder_version=&#8221;3.25&#8243; custom_padding=&#8221;|||&#8221; custom_padding__hover=&#8221;|||&#8221;][et_pb_text _builder_version=&#8221;3.27.4&#8243;]<h1>kino.dk&#8217;s vigtigste marketingredskab er Email Marketing<\/h1>\r\n<p style=\"text-align: justify;\"><em>kino.dk er grundlagt i 2008 og er i dag Danmarks st\u00f8rste filmwebsite. Websitet er ejet af Nordisk Film og CinemaxX i f\u00e6llesskab. Hos kino.dk kan man finde billetter til godt 50 biografer i Danmark ud fra samme koncept som rejseportalen Momondo, som samler priserne fra en lang r\u00e6kke rejseselskaber. Man kan s\u00f8ge efter film, hvorefter en oversigt viser hvilke byer og biografer filmen kan ses. Foruden dette er der masser af nyheder fra filmverdenen, debat, blog og podcast.<\/em><\/p>\r[\/et_pb_text][\/et_pb_column][\/et_pb_row][\/et_pb_section][et_pb_section fb_built=&#8221;1&#8243; _builder_version=&#8221;3.22.3&#8243; background_color=&#8221;#dee7f1&#8243;][et_pb_row column_structure=&#8221;1_2,1_2&#8243; _builder_version=&#8221;3.25&#8243; background_size=&#8221;initial&#8221; background_position=&#8221;top_left&#8221; background_repeat=&#8221;repeat&#8221; max_width=&#8221;1025px&#8221; use_custom_width=&#8221;on&#8221; custom_width_px=&#8221;1025px&#8221;][et_pb_column type=&#8221;1_2&#8243; _builder_version=&#8221;3.25&#8243; custom_padding=&#8221;|||&#8221; custom_padding__hover=&#8221;|||&#8221;][et_pb_text _builder_version=&#8221;4.0.2&#8243; hover_enabled=&#8221;0&#8243;]<p style=\"text-align: justify;\">Det vigtigste kommunikations- og marketingredskab for kino.dk er Email Marketing, hvor de har en k\u00e6mpe database med mange nyhedsbrevs-l\u00e6sere. kino.dk bruger ikke marketingkroner p\u00e5 Facebook, Google Ads eller andet, og derfor er det vigtigt at have en st\u00e6rk liste med nyhedsbrevsmodtagere og en tilh\u00f8rende st\u00e6rk og effektiv Email Marketing platform.<\/p>\n<p style=\"text-align: justify;\">Hos kino.dk er 1-til-1 kommunikation meget vigtig, hvorfor email marketing er helt oplagt. Her arbejdes med automatisk udsendelse af mails til deres brugere med p\u00e5mindelse om reservationer af biografbilletter eller opf\u00f8lgende mails med sp\u00f8rgsm\u00e5l omkring biografoplevelsen, ligesom brugerne 2 gange om ugen f\u00e5r tilsendt relevante filmnyheder.<\/p>\n<p style=\"text-align: justify;\">Kino.dk har valgt MarketingPlatform som Email Marketing platform af flere forskellige \u00e5rsager. Chefredakt\u00f8r\/Head of Content Daniel Bentien forklarer: \u201cVi har valgt MarketingPlatform, fordi vi havde brug for et brugervenligt, intuitivt system, som sikrede os, at vi p\u00e5 ganske f\u00e5 minutter kunne opbygge et flot nyhedsbrev og sende til vores store database af tilmeldte. Vi arbejder med en r\u00e6kke pr\u00e6-definerede templates, hvor vi hurtigt kan kan dragge og droppe content, skifte billeder og arbejde med indholdet, s\u00e5 vi p\u00e5 f\u00e5 minutter har det n\u00e6ste nyhedsbrev klar\u201d.<\/p>\n[\/et_pb_text][\/et_pb_column][et_pb_column type=&#8221;1_2&#8243; _builder_version=&#8221;3.25&#8243; custom_padding=&#8221;|||&#8221; custom_padding__hover=&#8221;|||&#8221;][et_pb_image src=&#8221;https:\/\/marketingplatform.com\/wp-content\/uploads\/2018\/11\/kido-dk-mobile.png&#8221; align_tablet=&#8221;center&#8221; align_phone=&#8221;&#8221; align_last_edited=&#8221;on|desktop&#8221; _builder_version=&#8221;3.23.3&#8243; width_tablet=&#8221;100%&#8221; width_phone=&#8221;&#8221; width_last_edited=&#8221;on|desktop&#8221; max_width=&#8221;69%&#8221; max_width_tablet=&#8221;99%&#8221; max_width_phone=&#8221;&#8221; max_width_last_edited=&#8221;on|tablet&#8221; module_alignment=&#8221;center&#8221; animation_style=&#8221;slide&#8221;]&nbsp;\r[\/et_pb_image][\/et_pb_column][\/et_pb_row][\/et_pb_section][et_pb_section fb_built=&#8221;1&#8243; _builder_version=&#8221;3.22.3&#8243;][et_pb_row _builder_version=&#8221;3.25&#8243; background_size=&#8221;initial&#8221; background_position=&#8221;top_left&#8221; background_repeat=&#8221;repeat&#8221; max_width=&#8221;1025px&#8221; use_custom_width=&#8221;on&#8221; custom_width_px=&#8221;1025px&#8221;][et_pb_column type=&#8221;4_4&#8243; _builder_version=&#8221;3.25&#8243; custom_padding=&#8221;|||&#8221; custom_padding__hover=&#8221;|||&#8221;][et_pb_text _builder_version=&#8221;4.0.2&#8243; hover_enabled=&#8221;0&#8243;]<blockquote>\n<p>&#8220;Vi har valgt MarketingPlatform p\u00e5 grund af den intuitive platform, de gode priser samt den hurtige, danske support. Endvidere giver GDPR-l\u00f8sningen i platformen os den forn\u00f8dne tryghed i forhold til at beskytte vores brugeres data, som loven kr\u00e6ver.&#8221; &#8211; Daniel Bentien, kino.dk<\/p>\n<\/blockquote>\n<p style=\"text-align: justify;\">Ogs\u00e5 priserne hos MarketingPlatform bliver fremh\u00e6vet af Daniel Bentien: \u201cPriserne hos MarketingPlatform er markant billigere end vores tidligere Email Marketing platform l\u00f8sning\u201d.<\/p>\n<p style=\"text-align: justify;\">Daniel Bentien n\u00e6vner ogs\u00e5 kundesupporten som en meget vigtig funktion: \u201cVi har en god og nem dialog med kundesupporten, og samtidig er supporten meget hurtig\u201d.<\/p>\n<p style=\"text-align: justify;\">Charli Bregnballe, ansvarlig for drift og udvikling, tilf\u00f8jer \u201cKommunikationsvejen med MarketingPlatform fungerer rigtigt godt. Vi taler med en dansk support, som arbejder s\u00e5 t\u00e6t med os, at de forst\u00e5r vores l\u00f8sning rigtigt godt\u201d.<\/p>\n<p style=\"text-align: justify;\">Foruden den s\u00e6dvanlige ops\u00e6tning har MarketingPlatform ogs\u00e5 bist\u00e5et i processen med dataintegration samt en proces med datavask s\u00e5ledes, at ineffektive modtagere blev sorteret fra. \u201cVi oplevede herefter markant h\u00f8jere leveringsrate og opening rate\u201d, fort\u00e6ller Charli Bregnballe.<\/p>\n<p style=\"text-align: justify;\">Charli Bregnballe fremh\u00e6ver desuden GDPR-funktionerne hos MarketingPlatform som en god og vigtig feature. \u201cL\u00f8sningen er implementeret p\u00e5 en elegant og brugervenlig m\u00e5de. MarketingPlatform har givet sig god tid til at forklare os hvordan GDPR-l\u00f8sningen fungerer. Det er meget vigtigt for os i tilf\u00e6lde af at Datatilsynet en dag kommer og banker p\u00e5 d\u00f8ren. Vi er kl\u00e6dt p\u00e5 til pr\u00e6cist at kunne forklare, hvad der foreg\u00e5r for at beskytte vores brugeres data, som loven kr\u00e6ver\u201d.<\/p>\n<blockquote>\n<p>&#8220;L\u00f8sningen er implementeret p\u00e5 en elegant og brugervenlig m\u00e5de. MarketingPlatform har givet sig god tid til at forklare os hvordan GDPR-l\u00f8sningen fungerer.&#8221; &#8211;\u00a0Charli Bregnballe, kino.dk<\/p>\n<\/blockquote>\n<p style=\"text-align: justify;\">N\u00e6ste step i brugen af email marketing for kino.dk er at arbejde med den avancerede segmentering i MarketingPlatform, hvor de f.eks. begynder at sende mails til deres nyhedsbrevsmodtagere baseret p\u00e5 filmgenrer, som nyhedsbrevsmodtagerne typisk har udvist interesse for. MarketingPlatforms One-To-Many funktion skal integreres s\u00e5ledes at platformen kan arbejde med dybe data, og herunder at kigge p\u00e5 historikken af k\u00f8bte billetter p\u00e5 de enkelte brugere for p\u00e5 bedst mulig vis at kunne tilpasse emails til den enkelte bruger og g\u00f8re disse emails s\u00e5 relevante som muligt.<\/p>\n<p style=\"text-align: justify;\">Kontakt os p\u00e5 tlf. 72 44 44 44, hvis du ligesom kino.dk vil v\u00e6re kunde hos MarketingPlatform.<\/p>\n<p style=\"text-align: justify;\">Vil du gerne tale med grundl\u00e6gger og adm. direkt\u00f8r Kim \u00d8stergaard, kan du ringe p\u00e5 72 44 44 44 eller skriv p\u00e5 <a href=\"mailto:kim@marketingplatform.com\">kim@marketingplatform.com<\/a><\/p>\n[\/et_pb_text][\/et_pb_column][\/et_pb_row][\/et_pb_section][et_pb_section fb_built=&#8221;1&#8243; custom_padding_last_edited=&#8221;on|phone&#8221; module_class=&#8221;ressourcer-signup&#8221; _builder_version=&#8221;4.0.2&#8243; background_color=&#8221;#dee7f1&#8243; custom_padding=&#8221;7%||&#8221; custom_padding_tablet=&#8221;12%||||false|false&#8221; custom_padding_phone=&#8221;17%||||false|false&#8221; top_divider_style=&#8221;asymmetric2&#8243; top_divider_color=&#8221;#ffffff&#8221; top_divider_height=&#8221;60px&#8221; global_module=&#8221;19033&#8243;][et_pb_row _builder_version=&#8221;3.25&#8243; background_size=&#8221;initial&#8221; background_position=&#8221;top_left&#8221; background_repeat=&#8221;repeat&#8221; custom_margin=&#8221;||10px&#8221; custom_padding=&#8221;||10px&#8221;][et_pb_column type=&#8221;4_4&#8243; _builder_version=&#8221;3.25&#8243; custom_padding=&#8221;|||&#8221; custom_padding__hover=&#8221;|||&#8221;][et_pb_text _builder_version=&#8221;4.0.2&#8243; text_orientation=&#8221;center&#8221;]<h2 style=\"font-style: normal;\">Pr\u00f8v MarketingPlatform gratis i 14 dage<\/h2>\n<p style=\"font-style: normal;\">Pr\u00f8veperioden er gratis, helt uforpligtende og udl\u00f8ber efter 14 dage, hvis du ikke \u00f8nsker at forts\u00e6tte.<br \/> Ved tilmelding modtager du samtidig vores uddannelsesflow p\u00e5 en serie af mails \u2013 og vores nyhedsbrev.<\/p>[\/et_pb_text][\/et_pb_column][\/et_pb_row][et_pb_row _builder_version=&#8221;4.0.2&#8243;][et_pb_column type=&#8221;4_4&#8243; _builder_version=&#8221;4.0.2&#8243;][et_pb_code _builder_version=&#8221;4.0.2&#8243; text_orientation=&#8221;center&#8221;]<a href=\"https:\/\/marketingplatform.com\/da\/gratis-proeveversion\/\" class=\"green-btn2\" style=\"background:#09cd6f; padding:18px 60px; margin-bottom:10px!important;\">Pr\u00f8v os gratis nu<\/a> <a href=\"https:\/\/marketingplatform.com\/da\/book-emailplatform-demo\/\" class=\"green-btn2\" style=\"background:#0daae2; padding:18px 70px;\">Book demo<\/a>[\/et_pb_code][\/et_pb_column][\/et_pb_row][et_pb_row _builder_version=&#8221;4.0.2&#8243; max_width=&#8221;768px&#8221; custom_margin=&#8221;15px||0px||false|false&#8221; custom_padding=&#8221;0px||0px&#8221; use_custom_width=&#8221;on&#8221; custom_width_px=&#8221;768px&#8221;][et_pb_column type=&#8221;4_4&#8243; _builder_version=&#8221;3.25&#8243; custom_padding=&#8221;|||&#8221; custom_padding__hover=&#8221;|||&#8221;][et_pb_code _builder_version=&#8221;4.0.2&#8243;]<div class=\"awards-align\" ><!-- [et_pb_line_break_holder] --><div style=\"float:left; width:14%; text-align:right;   margin-right: 2%;\"><!-- [et_pb_line_break_holder] --><img decoding=\"async\" src=\"https:\/\/marketingplatform.com\/wp-content\/uploads\/2020\/01\/primotours.png\" width=\"56\" style=\"margin:10px 20px 20px 0px;\"><!-- [et_pb_line_break_holder] --><\/div><!-- [et_pb_line_break_holder] --><div style=\"float:left; width:20%; text-align:center;    margin-right: 4%;\"><!-- [et_pb_line_break_holder] --><img decoding=\"async\" src=\"https:\/\/marketingplatform.com\/wp-content\/uploads\/2019\/11\/med24-gray.png\" width=\"100\" style=\"margin:20px 0px 20px 10px;\"><!-- [et_pb_line_break_holder] --><\/div><!-- [et_pb_line_break_holder] --><div style=\"float:left; width:18%;    margin-right: 1%;\"><!-- [et_pb_line_break_holder] --><img decoding=\"async\" src=\"https:\/\/marketingplatform.com\/wp-content\/uploads\/2019\/08\/cykelpartner-logo.png\" width=\"180\" style=\"margin:29px 20px 20px 0px;\"><!-- [et_pb_line_break_holder] --><\/div><!-- [et_pb_line_break_holder] --><div style=\"float:left; width:20%; text-align:center;     margin-right: 1%;\"><!-- [et_pb_line_break_holder] --><img decoding=\"async\" src=\"https:\/\/marketingplatform.com\/wp-content\/uploads\/2019\/04\/aldi-grey.png\" width=\"50\" style=\"margin:10px 0px 20px 0px;\"><!-- [et_pb_line_break_holder] --><\/div><!-- [et_pb_line_break_holder] --><div style=\"float:left; width:18%;      margin-right: 2%;  text-align: center;\"><!-- [et_pb_line_break_holder] --><img decoding=\"async\" src=\"https:\/\/marketingplatform.com\/wp-content\/uploads\/2019\/02\/verisure-logo.png\" width=\"120\" style=\"margin:18px 0px 20px 0px;\"><!-- [et_pb_line_break_holder] --><\/div><!-- [et_pb_line_break_holder] --><\/div>[\/et_pb_code][\/et_pb_column][\/et_pb_row][\/et_pb_section]\n\n","protected":false},"excerpt":{"rendered":"<p>&nbsp; kino.dk&#8217;s vigtigste marketingredskab er Email Marketing kino.dk er grundlagt i 2008 og er i dag Danmarks st\u00f8rste filmwebsite. Websitet er ejet af Nordisk Film og CinemaxX i f\u00e6llesskab. Hos kino.dk kan man finde billetter til godt 50 biografer i Danmark ud fra samme koncept som rejseportalen Momondo, som samler priserne fra en lang r\u00e6kke [&hellip;]<\/p>\n","protected":false},"author":50,"featured_media":0,"parent":0,"menu_order":0,"comment_status":"closed","ping_status":"closed","template":"","meta":{"_et_pb_use_builder":"on","_et_pb_old_content":"","_et_gb_content_width":"","footnotes":""},"categories":[],"tags":[],"yst_prominent_words":[9533,9529,9535,9531,9536,175,9579,9582,9573,9580,15148,9574,9581,9572,15146,15150,9575,15147,9534,9530],"_links":{"self":[{"href":"https:\/\/marketingplatform.com\/da\/wp-json\/wp\/v2\/pages\/21166"}],"collection":[{"href":"https:\/\/marketingplatform.com\/da\/wp-json\/wp\/v2\/pages"}],"about":[{"href":"https:\/\/marketingplatform.com\/da\/wp-json\/wp\/v2\/types\/page"}],"author":[{"embeddable":true,"href":"https:\/\/marketingplatform.com\/da\/wp-json\/wp\/v2\/users\/50"}],"replies":[{"embeddable":true,"href":"https:\/\/marketingplatform.com\/da\/wp-json\/wp\/v2\/comments?post=21166"}],"version-history":[{"count":3,"href":"https:\/\/marketingplatform.com\/da\/wp-json\/wp\/v2\/pages\/21166\/revisions"}],"predecessor-version":[{"id":52671,"href":"https:\/\/marketingplatform.com\/da\/wp-json\/wp\/v2\/pages\/21166\/revisions\/52671"}],"wp:attachment":[{"href":"https:\/\/marketingplatform.com\/da\/wp-json\/wp\/v2\/media?parent=21166"}],"wp:term":[{"taxonomy":"category","embeddable":true,"href":"https:\/\/marketingplatform.com\/da\/wp-json\/wp\/v2\/categories?post=21166"},{"taxonomy":"post_tag","embeddable":true,"href":"https:\/\/marketingplatform.com\/da\/wp-json\/wp\/v2\/tags?post=21166"},{"taxonomy":"yst_prominent_words","embeddable":true,"href":"https:\/\/marketingplatform.com\/da\/wp-json\/wp\/v2\/yst_prominent_words?post=21166"}],"curies":[{"name":"wp","href":"https:\/\/api.w.org\/{rel}","templated":true}]}}