{"id":20821,"date":"2018-11-08T14:45:23","date_gmt":"2018-11-08T13:45:23","guid":{"rendered":"https:\/\/marketingplatform.com\/?page_id=20821"},"modified":"2023-06-14T15:28:00","modified_gmt":"2023-06-14T13:28:00","slug":"saadan-integreres-sleeknote-med-marketingplatform","status":"publish","type":"page","link":"https:\/\/marketingplatform.com\/da\/saadan-integreres-sleeknote-med-marketingplatform\/","title":{"rendered":"S\u00e5dan integreres Sleeknote med MarketingPlatform"},"content":{"rendered":"<p>[et_pb_section fb_built=&#8221;1&#8243; _builder_version=&#8221;4.16&#8243; global_colors_info=&#8221;{}&#8221;][et_pb_row _builder_version=&#8221;4.16&#8243; background_size=&#8221;initial&#8221; background_position=&#8221;top_left&#8221; background_repeat=&#8221;repeat&#8221; global_colors_info=&#8221;{}&#8221;][et_pb_column type=&#8221;4_4&#8243; _builder_version=&#8221;4.16&#8243; custom_padding=&#8221;|||&#8221; global_colors_info=&#8221;{}&#8221; custom_padding__hover=&#8221;|||&#8221;][et_pb_text _builder_version=&#8221;4.19.5&#8243; hover_enabled=&#8221;0&#8243; global_colors_info=&#8221;{}&#8221; sticky_enabled=&#8221;0&#8243;]<\/p>\n<h1>S\u00e5dan integreres Sleeknote med MarketingPlatform<\/h1>\n<p>&nbsp;<\/p>\n<p>Det er simpelt at lave en integration mellem Sleeknote og MarketingPlatform s\u00e5ledes at data fra en af dine Sleeknotes automatisk sendes fra Sleeknote og over i MarketingPlatform. <strong>Start med at kontakte MarketingPlatforms kundeservice<\/strong> p\u00e5 <a href=\"mailto:support@linkmobility.dk\">support@linkmobility.dk<\/a>\u00a0eller +45 70 26 12 72 for at f\u00e5 unikke data tilsendt, som skal bruges til nedenst\u00e5ende integration. Herefter kan du g\u00e5 igang med selve ops\u00e6tningen af integrationen i Sleeknotes interface.<\/p>\n<p>1. Efter oprettelse af din Sleeknote skal du g\u00e5 til Settings afsnittet og punktet med &#8216;Integrate with your favorite email software&#8217;. Tryk herefter p\u00e5 &#8216;Set Up Integration&#8217;:<\/p>\n<div id=\"gtx-trans\" style=\"position: absolute; left: 178px; top: 129.066px;\">\n<div class=\"gtx-trans-icon\"><\/div>\n<\/div>\n<p>[\/et_pb_text][et_pb_image src=&#8221;https:\/\/marketingplatform.com\/wp-content\/uploads\/2018\/11\/sleeknote1.png&#8221; alt=&#8221;A screenshot from the interface of Sleeknote, picturing the instructions to Integrate Sleeknote with MarketingPlatform.&#8221; align_tablet=&#8221;center&#8221; align_phone=&#8221;&#8221; align_last_edited=&#8221;on|desktop&#8221; _builder_version=&#8221;4.19.5&#8243; max_width=&#8221;80%&#8221; global_colors_info=&#8221;{}&#8221;][\/et_pb_image][et_pb_text _builder_version=&#8221;4.16&#8243; global_colors_info=&#8221;{}&#8221;]&nbsp;<\/p>\n<p>2. V\u00e6lg MarketingPlatform logoet under &#8220;Choose Integration&#8221; punktet:<br \/>\n[\/et_pb_text][et_pb_image src=&#8221;https:\/\/marketingplatform.com\/wp-content\/uploads\/2020\/12\/Udklip2.png&#8221; alt=&#8221;A screenshot from the interface of Sleeknote, picturing the instructions to Integrate Sleeknote with MarketingPlatform.&#8221; title_text=&#8221;Sleeknote&#8221; align_tablet=&#8221;center&#8221; align_phone=&#8221;&#8221; align_last_edited=&#8221;on|desktop&#8221; _builder_version=&#8221;4.19.5&#8243; max_width=&#8221;80%&#8221; global_colors_info=&#8221;{}&#8221;][\/et_pb_image][et_pb_text _builder_version=&#8221;4.16&#8243; global_colors_info=&#8221;{}&#8221;]&nbsp;<\/p>\n<p>3. Inds\u00e6t nu den data du har f\u00e5et tilsendt fra MarketingPlatforms kundeservice. XML path dataen er altid https:\/\/api.mailmailmail.net mens dit Username og Token altid vil v\u00e6re unikke. Tryk herefter &#8216;Load Integration&#8217;:<br \/>\n[\/et_pb_text][et_pb_image src=&#8221;https:\/\/marketingplatform.com\/wp-content\/uploads\/2020\/12\/Udklip3.png&#8221; alt=&#8221;A screenshot from the interface of Sleeknote, picturing the instructions to Integrate Sleeknote with MarketingPlatform.&#8221; title_text=&#8221;MarketingPlatform XML&#8221; align_tablet=&#8221;center&#8221; align_phone=&#8221;&#8221; align_last_edited=&#8221;on|desktop&#8221; _builder_version=&#8221;4.19.5&#8243; max_width=&#8221;80%&#8221; global_colors_info=&#8221;{}&#8221;][\/et_pb_image][et_pb_text _builder_version=&#8221;4.16&#8243; global_colors_info=&#8221;{}&#8221;]&nbsp;<\/p>\n<p>4. V\u00e6lg herefter hvilken MarketingPlatform kontaktliste, som du vil pushe dataen fra Sleeknote over i.<br \/>\n[\/et_pb_text][et_pb_image src=&#8221;https:\/\/marketingplatform.com\/wp-content\/uploads\/2020\/12\/Udklip5.png&#8221; alt=&#8221;A screenshot from the interface of Sleeknote, picturing the instructions to Integrate Sleeknote with MarketingPlatform.&#8221; title_text=&#8221;Udklip5&#8243; align_tablet=&#8221;center&#8221; align_phone=&#8221;&#8221; align_last_edited=&#8221;on|desktop&#8221; _builder_version=&#8221;4.19.5&#8243; max_width=&#8221;80%&#8221; global_colors_info=&#8221;{}&#8221;][\/et_pb_image][et_pb_text _builder_version=&#8221;4.16&#8243; global_colors_info=&#8221;{}&#8221;]&nbsp;<\/p>\n<p>5. Der skal nu mappes felter mellem Sleeknote og MarketingPlatform. Nogle af felterne er automatisk udfyldte, mens nogle skal v\u00e6lges manuelt. Det er forholdsvist straightforward hvilke felter der manuelt skal v\u00e6lges ift. den data du vil sende fra Sleeknote og over i MarketingPlatform<br \/>\n[\/et_pb_text][et_pb_image src=&#8221;https:\/\/marketingplatform.com\/wp-content\/uploads\/2020\/12\/Udklip6.png&#8221; alt=&#8221;A screenshot from the interface of Sleeknote, picturing the instructions to Integrate Sleeknote with MarketingPlatform.&#8221; title_text=&#8221;Udklip6&#8243; align_tablet=&#8221;center&#8221; align_phone=&#8221;&#8221; align_last_edited=&#8221;on|desktop&#8221; _builder_version=&#8221;4.19.5&#8243; max_width=&#8221;80%&#8221; global_colors_info=&#8221;{}&#8221;][\/et_pb_image][et_pb_text _builder_version=&#8221;4.16&#8243; global_colors_info=&#8221;{}&#8221;]&nbsp;<\/p>\n<p>6. &#8216;Activate Double Opt-In&#8217; er som standard tilvalgt i Sleeknote. Det anbefales at lade den st\u00e5 tilvalgt (med mindre du ikke \u00f8nsker Double Opt-In) ogs\u00e5 selv om du i MarketingPlatform allerede har opsat Double Opt-In. Tryk &#8216;Save Integration&#8217;.<br \/>\n[\/et_pb_text][et_pb_image src=&#8221;https:\/\/marketingplatform.com\/wp-content\/uploads\/2020\/12\/Udklip7.png&#8221; alt=&#8221;A screenshot from the interface of Sleeknote, picturing the instructions to Integrate Sleeknote with MarketingPlatform.&#8221; title_text=&#8221;Udklip7&#8243; align_tablet=&#8221;center&#8221; align_phone=&#8221;&#8221; align_last_edited=&#8221;on|desktop&#8221; _builder_version=&#8221;4.19.5&#8243; max_width=&#8221;80%&#8221; global_colors_info=&#8221;{}&#8221;][\/et_pb_image][et_pb_text _builder_version=&#8221;4.16&#8243; global_colors_info=&#8221;{}&#8221;]7. Integrationen er nu fuldf\u00f8rt og dine data er klar til automatisk at blive sendt fra Sleeknote og over i MarketingPlatform.<br \/>\n[\/et_pb_text][et_pb_image src=&#8221;https:\/\/marketingplatform.com\/wp-content\/uploads\/2018\/11\/sleeknote8.png&#8221; alt=&#8221;A screenshot from the interface of Sleeknote, picturing the instructions to Integrate Sleeknote with MarketingPlatform.&#8221; align_tablet=&#8221;center&#8221; align_phone=&#8221;&#8221; align_last_edited=&#8221;on|desktop&#8221; _builder_version=&#8221;4.19.5&#8243; max_width=&#8221;80%&#8221; global_colors_info=&#8221;{}&#8221;][\/et_pb_image][\/et_pb_column][\/et_pb_row][\/et_pb_section]<\/p>\n","protected":false},"excerpt":{"rendered":"<p>S\u00e5dan integreres Sleeknote med MarketingPlatform &nbsp; Det er simpelt at lave en integration mellem Sleeknote og MarketingPlatform s\u00e5ledes at data fra en af dine Sleeknotes automatisk sendes fra Sleeknote og over i MarketingPlatform. Start med at kontakte MarketingPlatforms kundeservice p\u00e5 support@linkmobility.dk\u00a0eller +45 70 26 12 72 for at f\u00e5 unikke data tilsendt, som skal bruges [&hellip;]<\/p>\n","protected":false},"author":50,"featured_media":0,"parent":0,"menu_order":0,"comment_status":"closed","ping_status":"closed","template":"","meta":{"_et_pb_use_builder":"on","_et_pb_old_content":"","_et_gb_content_width":"","footnotes":""},"categories":[],"tags":[],"yst_prominent_words":[451,7480,9514,9511,77,7237,9516,9489,9502,4872,9513,9510,9512,9508,9507,262,9515,9501,9509,9517],"_links":{"self":[{"href":"https:\/\/marketingplatform.com\/da\/wp-json\/wp\/v2\/pages\/20821"}],"collection":[{"href":"https:\/\/marketingplatform.com\/da\/wp-json\/wp\/v2\/pages"}],"about":[{"href":"https:\/\/marketingplatform.com\/da\/wp-json\/wp\/v2\/types\/page"}],"author":[{"embeddable":true,"href":"https:\/\/marketingplatform.com\/da\/wp-json\/wp\/v2\/users\/50"}],"replies":[{"embeddable":true,"href":"https:\/\/marketingplatform.com\/da\/wp-json\/wp\/v2\/comments?post=20821"}],"version-history":[{"count":5,"href":"https:\/\/marketingplatform.com\/da\/wp-json\/wp\/v2\/pages\/20821\/revisions"}],"predecessor-version":[{"id":236353,"href":"https:\/\/marketingplatform.com\/da\/wp-json\/wp\/v2\/pages\/20821\/revisions\/236353"}],"wp:attachment":[{"href":"https:\/\/marketingplatform.com\/da\/wp-json\/wp\/v2\/media?parent=20821"}],"wp:term":[{"taxonomy":"category","embeddable":true,"href":"https:\/\/marketingplatform.com\/da\/wp-json\/wp\/v2\/categories?post=20821"},{"taxonomy":"post_tag","embeddable":true,"href":"https:\/\/marketingplatform.com\/da\/wp-json\/wp\/v2\/tags?post=20821"},{"taxonomy":"yst_prominent_words","embeddable":true,"href":"https:\/\/marketingplatform.com\/da\/wp-json\/wp\/v2\/yst_prominent_words?post=20821"}],"curies":[{"name":"wp","href":"https:\/\/api.w.org\/{rel}","templated":true}]}}