{"id":20748,"date":"2018-11-08T13:30:47","date_gmt":"2018-11-08T12:30:47","guid":{"rendered":"https:\/\/marketingplatform.com\/?page_id=20748"},"modified":"2018-11-08T13:44:49","modified_gmt":"2018-11-08T12:44:49","slug":"saadan-mapper-du-kontaktfelter","status":"publish","type":"page","link":"https:\/\/marketingplatform.com\/da\/saadan-mapper-du-kontaktfelter\/","title":{"rendered":"S\u00e5dan mapper du kontaktfelter"},"content":{"rendered":"<p>[et_pb_section bb_built=&#8221;1&#8243;][et_pb_row][et_pb_column type=&#8221;4_4&#8243;][et_pb_text _builder_version=&#8221;3.16.1&#8243;]<\/p>\n<h1>S\u00e5dan mapper du kontaktfelter<\/h1>\n<p>&nbsp;<\/p>\n<p>1. V\u00e6lg f\u00f8rst n\u00f8glefelt i MarketingPlatform som du vil sende din data til. Det kan v\u00e6re email eller mobile.<\/p>\n<p>[\/et_pb_text][et_pb_image _builder_version=&#8221;3.16.1&#8243; src=&#8221;https:\/\/marketingplatform.com\/wp-content\/uploads\/2018\/11\/mappe1.png&#8221; max_width=&#8221;80%&#8221; \/][et_pb_text _builder_version=&#8221;3.16.1&#8243;]<\/p>\n<p>&nbsp;<\/p>\n<p>2. V\u00e6lg dern\u00e6st det tilsvarende felt i det system fra hvilke du vil eksportere data ind i MarketingPlatform. I tilf\u00e6ldet nedenfor henter vi emailfeltet ud af WebCRM, og denne er navngivet p_email<\/p>\n<p>[\/et_pb_text][et_pb_image _builder_version=&#8221;3.16.1&#8243; src=&#8221;https:\/\/marketingplatform.com\/wp-content\/uploads\/2018\/11\/mappe2.png&#8221; max_width=&#8221;80%&#8221; \/][et_pb_text _builder_version=&#8221;3.16.1&#8243;]<\/p>\n<p>&nbsp;<\/p>\n<p>3. V\u00e6lg \u00f8vrige felter som du \u00f8nsker at eksportere over i MarketingPlatform. Det kan f.eks. v\u00e6re efternavn som i tilf\u00e6ldet nedenfor:<\/p>\n<p>[\/et_pb_text][et_pb_image _builder_version=&#8221;3.16.1&#8243; src=&#8221;https:\/\/marketingplatform.com\/wp-content\/uploads\/2018\/11\/mappe3.png&#8221; max_width=&#8221;80%&#8221; \/][et_pb_text _builder_version=&#8221;3.16.1&#8243;]<\/p>\n<p>&nbsp;<\/p>\n<p>4. Tilf\u00f8j s\u00e5 mange felter som du har behov for ved at bruge +Add Contact Field<\/p>\n<p>[\/et_pb_text][et_pb_image _builder_version=&#8221;3.16.1&#8243; src=&#8221;https:\/\/marketingplatform.com\/wp-content\/uploads\/2018\/11\/mappe4.png&#8221; max_width=&#8221;80%&#8221; \/][et_pb_text _builder_version=&#8221;3.16.1&#8243;]<\/p>\n<p>&nbsp;<\/p>\n<p>5. V\u00e6lg herefter om dine kontakter et Confirmed eller Unconfirmed, om dataen skal overskrive <em>eller<\/em> opdatere eksisterende data samt om kontakterne skal tilf\u00f8jes Autoresponders i MarketingPlatform.<\/p>\n<p>[\/et_pb_text][et_pb_image _builder_version=&#8221;3.16.1&#8243; src=&#8221;https:\/\/marketingplatform.com\/wp-content\/uploads\/2018\/11\/mappe6.png&#8221; max_width=&#8221;80%&#8221; \/][et_pb_text _builder_version=&#8221;3.16.1&#8243;]<\/p>\n<p>&nbsp;<\/p>\n<p>6. Her har du muligheden for at filtrere i din data hvis n\u00f8dvendigt. Det er f.eks. muligt at filtrere de kunder fra, som ikke har den valgte v\u00e6rdi. AND selectoren betyder at alle regler skal g\u00e6lde mens OR betyder at en af reglerne g\u00e6lde. + tegnet bruges til at tilf\u00f8je flere regler.<\/p>\n<p>[\/et_pb_text][et_pb_image _builder_version=&#8221;3.16.1&#8243; src=&#8221;https:\/\/marketingplatform.com\/wp-content\/uploads\/2018\/11\/mappe7.png&#8221; max_width=&#8221;80%&#8221; \/][et_pb_text _builder_version=&#8221;3.16.1&#8243;]<\/p>\n<p>&nbsp;<\/p>\n<p>7. Slut af med at gemme i toppen af siden<\/p>\n<p>[\/et_pb_text][et_pb_image _builder_version=&#8221;3.16.1&#8243; src=&#8221;https:\/\/marketingplatform.com\/wp-content\/uploads\/2018\/11\/mappe8.png&#8221; max_width=&#8221;80%&#8221; \/][\/et_pb_column][\/et_pb_row][\/et_pb_section]<\/p>\n","protected":false},"excerpt":{"rendered":"<p><div class=\"et_pb_row et_pb_row_0 et_pb_row_empty\">\n\t\t\t\t\n\t\t\t\t\n\t\t\t\t\n\t\t\t\t\n\t\t\t\t\n\t\t\t<\/div> S\u00e5dan mapper du kontaktfelter &nbsp; 1. V\u00e6lg f\u00f8rst n\u00f8glefelt i MarketingPlatform som du vil sende din data til. Det kan v\u00e6re email eller mobile. &nbsp; 2. V\u00e6lg dern\u00e6st det tilsvarende felt i det system fra hvilke du vil eksportere data ind i MarketingPlatform. I tilf\u00e6ldet nedenfor henter vi emailfeltet ud af WebCRM, og denne [&hellip;]<\/p>\n","protected":false},"author":50,"featured_media":0,"parent":0,"menu_order":0,"comment_status":"closed","ping_status":"closed","template":"","meta":{"_et_pb_use_builder":"on","_et_pb_old_content":"","_et_gb_content_width":"","footnotes":""},"categories":[],"tags":[],"yst_prominent_words":[4878,1449,4883,1100,4879,3420,4875,9489,83,180,9495,9494,4899,4890,6747,4897,7190,9490,8690,4895],"_links":{"self":[{"href":"https:\/\/marketingplatform.com\/da\/wp-json\/wp\/v2\/pages\/20748"}],"collection":[{"href":"https:\/\/marketingplatform.com\/da\/wp-json\/wp\/v2\/pages"}],"about":[{"href":"https:\/\/marketingplatform.com\/da\/wp-json\/wp\/v2\/types\/page"}],"author":[{"embeddable":true,"href":"https:\/\/marketingplatform.com\/da\/wp-json\/wp\/v2\/users\/50"}],"replies":[{"embeddable":true,"href":"https:\/\/marketingplatform.com\/da\/wp-json\/wp\/v2\/comments?post=20748"}],"version-history":[{"count":0,"href":"https:\/\/marketingplatform.com\/da\/wp-json\/wp\/v2\/pages\/20748\/revisions"}],"wp:attachment":[{"href":"https:\/\/marketingplatform.com\/da\/wp-json\/wp\/v2\/media?parent=20748"}],"wp:term":[{"taxonomy":"category","embeddable":true,"href":"https:\/\/marketingplatform.com\/da\/wp-json\/wp\/v2\/categories?post=20748"},{"taxonomy":"post_tag","embeddable":true,"href":"https:\/\/marketingplatform.com\/da\/wp-json\/wp\/v2\/tags?post=20748"},{"taxonomy":"yst_prominent_words","embeddable":true,"href":"https:\/\/marketingplatform.com\/da\/wp-json\/wp\/v2\/yst_prominent_words?post=20748"}],"curies":[{"name":"wp","href":"https:\/\/api.w.org\/{rel}","templated":true}]}}