{"id":20565,"date":"2018-11-06T11:15:15","date_gmt":"2018-11-06T10:15:15","guid":{"rendered":"https:\/\/marketingplatform.com\/?page_id=20565"},"modified":"2020-02-28T11:57:00","modified_gmt":"2020-02-28T10:57:00","slug":"saadan-integrerer-du-dandomain-med-marketingplatform","status":"publish","type":"page","link":"https:\/\/marketingplatform.com\/da\/saadan-integrerer-du-dandomain-med-marketingplatform\/","title":{"rendered":"S\u00e5dan integrerer du DanDomain med MarketingPlatform"},"content":{"rendered":"\n[et_pb_section fb_built=&#8221;1&#8243; _builder_version=&#8221;3.22&#8243;][et_pb_row _builder_version=&#8221;3.25&#8243; background_size=&#8221;initial&#8221; background_position=&#8221;top_left&#8221; background_repeat=&#8221;repeat&#8221;][et_pb_column type=&#8221;4_4&#8243; _builder_version=&#8221;3.25&#8243; custom_padding=&#8221;|||&#8221; custom_padding__hover=&#8221;|||&#8221;][et_pb_text _builder_version=&#8221;4.0.2&#8243; hover_enabled=&#8221;0&#8243;]<h1 class=\"KRQuhe\">S\u00e5dan integrerer du DanDomain med MarketingPlatform<\/h1>\n<div>\n<p>Du kan nemt synkronisere dine kontakter mellem DanDomain og MarketingPlatform.<\/p>\n<p><span>DanDomain har ikke en almindelig \u201cTilmeld nyhedsbrev\u201d funktion, som vi kan bruge. Derfor skal vi have aktiveret reserverede felter p\u00e5 kunderne, og lavet vores eget Tilmeld Nyhedsbrev\u2019s felt.<\/span><\/p>\n<p><span>Dette g\u00f8res ved at g\u00e5 ind under \u201cIndstillinger -&gt; Shopindstillinger -&gt; Ordrer\u201d og trykke \u201cGem reserverede felter p\u00e5 kunder\u201d af.<\/span><\/p>\n<p><span>Hern\u00e6st skal du g\u00e5 under \u201cDesign -&gt; Ordrefelter\u201d. Her vil du finde de nye reserverede felter.\u00a0<\/span><\/p>\n<p><span>Hvis du g\u00e5r ind og redigerer et af de reserverede felter, skal du f\u00f8rst klikke \u201cVis i betalings-detaljer\u201d af, og v\u00e6lge felt-type = Dropdown.<\/span><br \/> <span>Dern\u00e6st skal du i Felt v\u00e6rdier&lt;br&gt; s\u00e6tte f\u00f8lgende v\u00e6rdi ind:\u00a0<\/span><span>Nej;Ja<\/span><\/p>\n<p><span>N\u00e5r dette er gjort, b\u00f8r du se det nye oprettede felt i dit betalingsvindue i forbindelse med Checkout.<\/span><\/p>\n<p><span>Hvis du \u00f8nsker at sortere p\u00e5 at det kun er disse kontakter som kommer ind til MarketingPlatform, kan dette g\u00f8res i forbindelse med ops\u00e6tningen af connectoren.<\/span><\/p>\n<p><span><\/span><\/p>\n<p><span><\/span><\/p>\n<p><strong>S\u00e5dan ops\u00e6tter du den generelle integration mellem DanDomain og MarketingPlatform:<\/strong><\/p>\n<p>Til integrationen skal bruges URL (domainn\u00e6vn) p\u00e5 din webshop samt en API n\u00f8gle.<\/p>\n<p><strong>1. Opret\/find API n\u00f8gle i DanDomain shoppen<\/strong><br \/> Start med at logge ind i DanDomain og find omr\u00e5det med Indstillinger -&gt; Integration<\/p>\n<\/div>\n[\/et_pb_text][et_pb_image src=&#8221;https:\/\/marketingplatform.com\/wp-content\/uploads\/2018\/11\/dandomain1.png&#8221; align_tablet=&#8221;center&#8221; align_last_edited=&#8221;on|desktop&#8221; _builder_version=&#8221;3.23&#8243; max_width=&#8221;80%&#8221;][\/et_pb_image][et_pb_text _builder_version=&#8221;3.27.4&#8243;]&nbsp;\r\n\r\n1b. Klik p\u00e5 Integration og dern\u00e6st klik p\u00e5 blyant ikoner ud for Import\/Eksport\r[\/et_pb_text][et_pb_image src=&#8221;https:\/\/marketingplatform.com\/wp-content\/uploads\/2018\/11\/dandomain2b.png&#8221; align_tablet=&#8221;center&#8221; align_last_edited=&#8221;on|desktop&#8221; _builder_version=&#8221;3.23&#8243; max_width=&#8221;50%&#8221;][\/et_pb_image][et_pb_text _builder_version=&#8221;3.27.4&#8243;]&nbsp;\r\n\r\n1c. Navngiv din integration (eller lad navnet st\u00e5), skrev evt. notat til eget brug og tryk herefter &#8216;Opret ny API-n\u00f8gle&#8217;\r[\/et_pb_text][et_pb_image src=&#8221;https:\/\/marketingplatform.com\/wp-content\/uploads\/2018\/11\/dandomain3.png&#8221; align_tablet=&#8221;center&#8221; align_last_edited=&#8221;on|desktop&#8221; _builder_version=&#8221;3.23&#8243; max_width=&#8221;50%&#8221;][\/et_pb_image][et_pb_text _builder_version=&#8221;3.27.4&#8243;]&nbsp;\r\n\r\n1d. Der skal nu oprettes en Connector som kan forbinde MarketingPlatform med dine data i DanDomain. Log ind i MarketingPlatform og g\u00e5 ned under punktet Integration og Connector\r[\/et_pb_text][et_pb_image src=&#8221;https:\/\/marketingplatform.com\/wp-content\/uploads\/2018\/11\/emp1.png&#8221; align_tablet=&#8221;center&#8221; align_last_edited=&#8221;on|desktop&#8221; _builder_version=&#8221;3.23&#8243; max_width=&#8221;50%&#8221;][\/et_pb_image][et_pb_text _builder_version=&#8221;3.27.4&#8243;]&nbsp;\r\n\r\n1e. Navngiv din Connector og v\u00e6lg &#8216;DanDomain&#8217; i punktet under Connect System. Indtast din webshops URL (dom\u00e6nenavn), den API n\u00f8gle, som du netop har oprettet i din DanDomain webshop samt en dato. Afslut med at teste integrationsforbindelse ved at bruge &#8220;&#8216;Test Connection&#8217; knappen\r[\/et_pb_text][et_pb_image src=&#8221;https:\/\/marketingplatform.com\/wp-content\/uploads\/2018\/11\/emp2.png&#8221; align_tablet=&#8221;center&#8221; align_last_edited=&#8221;on|desktop&#8221; _builder_version=&#8221;3.23&#8243; max_width=&#8221;80%&#8221;][\/et_pb_image][et_pb_text _builder_version=&#8221;3.27.4&#8243;]&nbsp;\r\n\r\n1f. Tryk &#8216;Save&#8217; i bunden og forts\u00e6t med at mappe felterne. <a href=\"https:\/\/marketingplatform.com\/da\/saadan-mapper-du-kontaktfelter\/\">L\u00e6s vores guide til hvordan man mapper felter her<\/a>.\r\n\r\n&nbsp;\r\n\r\nHar du problemer sidder vores kundeservice altid klar til at hj\u00e6lpe dig p\u00e5 72 44 44 44.\r[\/et_pb_text][\/et_pb_column][\/et_pb_row][\/et_pb_section]\n","protected":false},"excerpt":{"rendered":"<p>S\u00e5dan integrerer du DanDomain med MarketingPlatform Du kan nemt synkronisere dine kontakter mellem DanDomain og MarketingPlatform. DanDomain har ikke en almindelig \u201cTilmeld nyhedsbrev\u201d funktion, som vi kan bruge. Derfor skal vi have aktiveret reserverede felter p\u00e5 kunderne, og lavet vores eget Tilmeld Nyhedsbrev\u2019s felt. Dette g\u00f8res ved at g\u00e5 ind under \u201cIndstillinger -&gt; Shopindstillinger -&gt; [&hellip;]<\/p>\n","protected":false},"author":50,"featured_media":0,"parent":0,"menu_order":0,"comment_status":"closed","ping_status":"closed","template":"","meta":{"_et_pb_use_builder":"on","_et_pb_old_content":"","_et_gb_content_width":"","footnotes":""},"categories":[],"tags":[],"yst_prominent_words":[],"_links":{"self":[{"href":"https:\/\/marketingplatform.com\/da\/wp-json\/wp\/v2\/pages\/20565"}],"collection":[{"href":"https:\/\/marketingplatform.com\/da\/wp-json\/wp\/v2\/pages"}],"about":[{"href":"https:\/\/marketingplatform.com\/da\/wp-json\/wp\/v2\/types\/page"}],"author":[{"embeddable":true,"href":"https:\/\/marketingplatform.com\/da\/wp-json\/wp\/v2\/users\/50"}],"replies":[{"embeddable":true,"href":"https:\/\/marketingplatform.com\/da\/wp-json\/wp\/v2\/comments?post=20565"}],"version-history":[{"count":2,"href":"https:\/\/marketingplatform.com\/da\/wp-json\/wp\/v2\/pages\/20565\/revisions"}],"predecessor-version":[{"id":52653,"href":"https:\/\/marketingplatform.com\/da\/wp-json\/wp\/v2\/pages\/20565\/revisions\/52653"}],"wp:attachment":[{"href":"https:\/\/marketingplatform.com\/da\/wp-json\/wp\/v2\/media?parent=20565"}],"wp:term":[{"taxonomy":"category","embeddable":true,"href":"https:\/\/marketingplatform.com\/da\/wp-json\/wp\/v2\/categories?post=20565"},{"taxonomy":"post_tag","embeddable":true,"href":"https:\/\/marketingplatform.com\/da\/wp-json\/wp\/v2\/tags?post=20565"},{"taxonomy":"yst_prominent_words","embeddable":true,"href":"https:\/\/marketingplatform.com\/da\/wp-json\/wp\/v2\/yst_prominent_words?post=20565"}],"curies":[{"name":"wp","href":"https:\/\/api.w.org\/{rel}","templated":true}]}}