{"id":20345,"date":"2018-11-05T14:36:07","date_gmt":"2018-11-05T13:36:07","guid":{"rendered":"https:\/\/marketingplatform.com\/?page_id=20345"},"modified":"2023-06-14T16:01:20","modified_gmt":"2023-06-14T14:01:20","slug":"saadan-integrerer-du-webcrm-med-marketingplatform","status":"publish","type":"page","link":"https:\/\/marketingplatform.com\/da\/saadan-integrerer-du-webcrm-med-marketingplatform\/","title":{"rendered":"S\u00e5dan integrerer du WebCRM med MarketingPlatform"},"content":{"rendered":"<p>[et_pb_section fb_built=&#8221;1&#8243; _builder_version=&#8221;4.16&#8243; global_colors_info=&#8221;{}&#8221;][et_pb_row _builder_version=&#8221;4.16&#8243; background_size=&#8221;initial&#8221; background_position=&#8221;top_left&#8221; background_repeat=&#8221;repeat&#8221; global_colors_info=&#8221;{}&#8221;][et_pb_column type=&#8221;4_4&#8243; _builder_version=&#8221;4.16&#8243; custom_padding=&#8221;|||&#8221; global_colors_info=&#8221;{}&#8221; custom_padding__hover=&#8221;|||&#8221;][et_pb_text _builder_version=&#8221;4.16&#8243; global_colors_info=&#8221;{}&#8221;]<\/p>\n<h1>Hvad er webCRM?<\/h1>\n<p>webCRM er et enkelt og fleksibelt CRM system med over 20.000 brugere i 20 lande.<\/p>\n<p>Ved at integrere MarketingPlatform med webCRM kan du<\/p>\n<ul>\n<li>Samle data et sted<\/li>\n<li>Hente dine m\u00e5lgrupper direkte fra webCRM<\/li>\n<li>Opdatere kontaktpersoner og aktiviteter med resultater \/ informationer<\/li>\n<li>Og meget mere<\/li>\n<\/ul>\n<p><a href=\"https:\/\/webcrm.com\/dk\/free-trial\/\" target=\"_blank\" rel=\"noopener noreferrer\">Pr\u00f8v webCRM Gratis i 14 dage<\/a><\/p>\n<p style=\"font-weight: 400;\"><span>Videopr\u00e6sentation:\u00a0<\/span><a href=\"https:\/\/www.youtube.com\/watch?v=2oFeRRzYX50\" data-saferedirecturl=\"https:\/\/www.google.com\/url?q=https:\/\/www.youtube.com\/watch?v%3D2oFeRRzYX50&amp;source=gmail&amp;ust=1564038989542000&amp;usg=AFQjCNE8KG7lDaa-O7VogdApVXj1HZ-2jQ\"><span>https:\/\/www.youtube.com\/watch?v=2oFeRRzYX50<\/span><\/a><\/p>\n<h2 class=\"KRQuhe\">S\u00e5dan integrerer du webCRM med MarketingPlatform<\/h2>\n<div>\n<p>Du kan nemt synkronisere dine kontakter mellem webCRM og MarketingPlatform.<\/p>\n<p><strong>1. Find dbn kode<\/strong><br \/> I webCRM skal du finde din dbn-kode samt user name og password. Det finder du her:<\/p>\n<p>&nbsp;<\/p>\n<\/div>\n<p>1a. Klik p\u00e5 Konfiguration i toppen af sitet<\/p>\n<p>[\/et_pb_text][et_pb_image src=&#8221;https:\/\/marketingplatform.com\/wp-content\/uploads\/2018\/11\/webcrm1.png&#8221; url_new_window=&#8221;on&#8221; align=&#8221;center&#8221; align_tablet=&#8221;center&#8221; align_phone=&#8221;&#8221; align_last_edited=&#8221;on|desktop&#8221; _builder_version=&#8221;4.19.5&#8243; max_width=&#8221;80%&#8221; module_alignment=&#8221;center&#8221; hover_enabled=&#8221;0&#8243; global_colors_info=&#8221;{}&#8221; alt=&#8221;A screenshot from the interface of webCRM, picturing the instructions to integrate webCRM with MarketingPlatform.&#8221; sticky_enabled=&#8221;0&#8243;][\/et_pb_image][et_pb_text _builder_version=&#8221;4.16&#8243; global_colors_info=&#8221;{}&#8221;]&nbsp;<\/p>\n<p>1b. Klik p\u00e5 Integration<br \/>\n[\/et_pb_text][et_pb_image src=&#8221;https:\/\/marketingplatform.com\/wp-content\/uploads\/2018\/11\/webcrm2.png&#8221; url_new_window=&#8221;on&#8221; align=&#8221;center&#8221; align_tablet=&#8221;center&#8221; align_phone=&#8221;&#8221; align_last_edited=&#8221;on|desktop&#8221; _builder_version=&#8221;4.19.5&#8243; max_width=&#8221;80%&#8221; module_alignment=&#8221;center&#8221; hover_enabled=&#8221;0&#8243; global_colors_info=&#8221;{}&#8221; alt=&#8221;A screenshot from the interface of webCRM, picturing the instructions to integrate webCRM with MarketingPlatform.&#8221; sticky_enabled=&#8221;0&#8243;][\/et_pb_image][et_pb_text _builder_version=&#8221;4.16&#8243; global_colors_info=&#8221;{}&#8221;]&nbsp;<\/p>\n<p>1c. Klik p\u00e5 API og SOAP<br \/>\n[\/et_pb_text][et_pb_image src=&#8221;https:\/\/marketingplatform.com\/wp-content\/uploads\/2018\/11\/webcrm3.png&#8221; url_new_window=&#8221;on&#8221; align=&#8221;center&#8221; align_tablet=&#8221;center&#8221; align_phone=&#8221;&#8221; align_last_edited=&#8221;on|desktop&#8221; _builder_version=&#8221;4.19.5&#8243; max_width=&#8221;80%&#8221; module_alignment=&#8221;center&#8221; hover_enabled=&#8221;0&#8243; global_colors_info=&#8221;{}&#8221; alt=&#8221;A screenshot from the interface of webCRM, picturing the instructions to integrate webCRM with MarketingPlatform.&#8221; sticky_enabled=&#8221;0&#8243;][\/et_pb_image][et_pb_text _builder_version=&#8221;4.16&#8243; global_colors_info=&#8221;{}&#8221;]&nbsp;<\/p>\n<p>1d. Find dbn kode, Bruger-ID og kodeord<br \/>\n[\/et_pb_text][et_pb_image src=&#8221;https:\/\/marketingplatform.com\/wp-content\/uploads\/2018\/11\/webcrm4b.png&#8221; url_new_window=&#8221;on&#8221; align=&#8221;center&#8221; align_tablet=&#8221;center&#8221; align_phone=&#8221;&#8221; align_last_edited=&#8221;on|desktop&#8221; _builder_version=&#8221;4.19.5&#8243; max_width=&#8221;80%&#8221; module_alignment=&#8221;center&#8221; hover_enabled=&#8221;0&#8243; global_colors_info=&#8221;{}&#8221; alt=&#8221;A screenshot from the interface of webCRM, picturing the instructions to integrate webCRM with MarketingPlatform.&#8221; sticky_enabled=&#8221;0&#8243;][\/et_pb_image][et_pb_text _builder_version=&#8221;4.16&#8243; hover_enabled=&#8221;0&#8243; global_colors_info=&#8221;{}&#8221; sticky_enabled=&#8221;0&#8243;]<\/p>\n<div>\n<p>&nbsp;<\/p>\n<p><strong>2. Ops\u00e6t Connector i MarketingPlatform<\/strong><br \/>I MarketingPlatform v\u00e6lger du at ops\u00e6tte en Connector, og her finder du WebCRM i listen over standardsystemer. Indtast dbn-code, username og password.<\/p>\n<p><img decoding=\"async\" class=\"aligncenter size-large wp-image-20379\" src=\"https:\/\/marketingplatform.com\/wp-content\/uploads\/2020\/03\/webcrm-Connector.png\" alt=\"\" \/><\/p>\n<p>&nbsp;<\/p>\n<p><strong>3. Map felter<\/strong><br \/>Nu skal felterne fra WebCRM mappes med kontaktfelterne i MarketingPlatform. <a href=\"https:\/\/marketingplatform.com\/da\/saadan-mapper-du-kontaktfelter\/\">Se vores guide her<\/a>.<\/p>\n<p>&nbsp;<\/p>\n<p><strong>4. Gem<\/strong><br \/>Til slut trykker vi Gem, og nu vil der hver time synkroniseres kontakter fra din WebCRM til MarketingPlatform.<\/p>\n<\/div>\n<p>&nbsp;<\/p>\n<p>Har du sp\u00f8rgsm\u00e5l til integrationen, sidder vi altid klar til at hj\u00e6lpe ved telefonerne p\u00e5 +45 70 26 12 72.<\/p>\n<div><\/div>\n<p>[\/et_pb_text][\/et_pb_column][\/et_pb_row][\/et_pb_section]<\/p>\n","protected":false},"excerpt":{"rendered":"<p>Hvad er webCRM? webCRM er et enkelt og fleksibelt CRM system med over 20.000 brugere i 20 lande. Ved at integrere MarketingPlatform med webCRM kan du Samle data et sted Hente dine m\u00e5lgrupper direkte fra webCRM Opdatere kontaktpersoner og aktiviteter med resultater \/ informationer Og meget mere Pr\u00f8v webCRM Gratis i 14 dage Videopr\u00e6sentation:\u00a0https:\/\/www.youtube.com\/watch?v=2oFeRRzYX50 S\u00e5dan [&hellip;]<\/p>\n","protected":false},"author":50,"featured_media":0,"parent":0,"menu_order":0,"comment_status":"closed","ping_status":"closed","template":"","meta":{"_et_pb_use_builder":"on","_et_pb_old_content":"","_et_gb_content_width":"","footnotes":""},"categories":[],"tags":[],"yst_prominent_words":[4916,451,9413,4903,9381,4872,4920,9412,9411,9384,4877,15178,4882,9410,485,4874,9383,4873,4881,5081],"_links":{"self":[{"href":"https:\/\/marketingplatform.com\/da\/wp-json\/wp\/v2\/pages\/20345"}],"collection":[{"href":"https:\/\/marketingplatform.com\/da\/wp-json\/wp\/v2\/pages"}],"about":[{"href":"https:\/\/marketingplatform.com\/da\/wp-json\/wp\/v2\/types\/page"}],"author":[{"embeddable":true,"href":"https:\/\/marketingplatform.com\/da\/wp-json\/wp\/v2\/users\/50"}],"replies":[{"embeddable":true,"href":"https:\/\/marketingplatform.com\/da\/wp-json\/wp\/v2\/comments?post=20345"}],"version-history":[{"count":6,"href":"https:\/\/marketingplatform.com\/da\/wp-json\/wp\/v2\/pages\/20345\/revisions"}],"predecessor-version":[{"id":236369,"href":"https:\/\/marketingplatform.com\/da\/wp-json\/wp\/v2\/pages\/20345\/revisions\/236369"}],"wp:attachment":[{"href":"https:\/\/marketingplatform.com\/da\/wp-json\/wp\/v2\/media?parent=20345"}],"wp:term":[{"taxonomy":"category","embeddable":true,"href":"https:\/\/marketingplatform.com\/da\/wp-json\/wp\/v2\/categories?post=20345"},{"taxonomy":"post_tag","embeddable":true,"href":"https:\/\/marketingplatform.com\/da\/wp-json\/wp\/v2\/tags?post=20345"},{"taxonomy":"yst_prominent_words","embeddable":true,"href":"https:\/\/marketingplatform.com\/da\/wp-json\/wp\/v2\/yst_prominent_words?post=20345"}],"curies":[{"name":"wp","href":"https:\/\/api.w.org\/{rel}","templated":true}]}}