{"id":20068,"date":"2018-10-31T09:36:08","date_gmt":"2018-10-31T08:36:08","guid":{"rendered":"https:\/\/marketingplatform.com\/?page_id=20068"},"modified":"2020-04-24T15:07:26","modified_gmt":"2020-04-24T13:07:26","slug":"leadscoring-er-nu-integreret-i-marketingplatform","status":"publish","type":"page","link":"https:\/\/marketingplatform.com\/da\/artikler-presse\/leadscoring-er-nu-integreret-i-marketingplatform\/","title":{"rendered":"LeadScoring er nu integreret i MarketingPlatform"},"content":{"rendered":"<p>[et_pb_section fb_built=&#8221;1&#8243; _builder_version=&#8221;3.22.3&#8243;][et_pb_row _builder_version=&#8221;3.25&#8243; background_size=&#8221;initial&#8221; background_position=&#8221;top_left&#8221; background_repeat=&#8221;repeat&#8221;][et_pb_column type=&#8221;4_4&#8243; _builder_version=&#8221;3.25&#8243; custom_padding=&#8221;|||&#8221; custom_padding__hover=&#8221;|||&#8221;][et_pb_text _builder_version=&#8221;3.27.4&#8243;]<\/p>\n<h1>LeadScoring er integreret i MarketingPlatform<\/h1>\n<p><strong>Hvorn\u00e5r er dine kunder klar til at k\u00f8be? Det giver LeadScoring svaret p\u00e5 ved at f\u00f8lge dine kunders rejse fra uidentificeret bes\u00f8gende til navngiven person. Vi har indbygget LeadScoring i MarketingPlatform &#8211; som en del af Tracking funktionaliteten.<\/strong><\/p>\n<p>M\u00e5ske s\u00e6lger din virksomhed biler. I s\u00e5 fald vil du kunne nikke genkendende til en ofte lang salgs- og beslutningsproces. S\u00e6lger din virksomhed derimod blyanter &#8211; vil de fleste kunders beslutningsproces v\u00e6re ultra kort. Det er naturligvis to yderpunkter, men ikke desto mindre virkelighed for danske MarketingPlatform, der har kunder fra alle brancher i mange lande.<\/p>\n<blockquote>\n<p><em>\u201cVi har arbejdet h\u00e5rdt for at udvikle en LeadScoring funktionalitet, der nemt kan tilpasses alle brancher, hvor leadv\u00e6rdien kan justeres, for point der bliver tildelt fra klik i nyhedsbrev, til visning af produktlister, produkter og steps i k\u00f8bsflowet. Alle point kan individuelt justeres og flere flow kan ops\u00e6ttes\u201d, fort\u00e6ller grundl\u00e6gger af MarketingPlatform, Kim \u00d8stergaard.<\/em><\/p>\n<\/blockquote>\n<p>Marketing kampagner der rammer rigtigt, der er m\u00e5lrettet den enkelte modtager, performer mindst 10x bedre end en-til-mange udsendelser. Det dokumenterer talrige b\u00e5de amerikanske og europ\u00e6iske unders\u00f8gelser.<\/p>\n<p>[\/et_pb_text][\/et_pb_column][\/et_pb_row][et_pb_row _builder_version=&#8221;3.25&#8243; column_structure=&#8221;1_2,1_2&#8243;][et_pb_column type=&#8221;1_2&#8243; _builder_version=&#8221;3.25&#8243; custom_padding=&#8221;|||&#8221; custom_padding__hover=&#8221;|||&#8221;][et_pb_text _builder_version=&#8221;3.27.4&#8243;]<\/p>\n<h3>Tracking af alt fra klik, downloads og k\u00f8b af produkter<\/h3>\n<p>T\u00e6nk hvis du kunne f\u00f8lge en kunde fra f\u00f8r de bliver kunder. Ja faktisk fra f\u00f8r de overhovedet tilkendegiver hvem de er, p\u00e5 tv\u00e6rs af smartphone, tablet og computer, med mulighed for at kommunikere m\u00e5lrettet til dem.<\/p>\n<p>Det er hvad danske MarketingPlatform har udviklet &#8211; og stiller til r\u00e5dighed for deres kunder uden ekstra omkostninger. \u201cVi har lavet Tracking funktionen s\u00e5dan, at den virker p\u00e5 tv\u00e6rs af alle CMS l\u00f8sninger og webshop systemer. Faktisk l\u00e6rer vores Tracking hvordan f.eks. kundens webshop l\u00e6gger en vare i kurven, fjerner den igen og lignende handlinger\u201d, fort\u00e6ller Erik Madsen der er produktansvarlig hos Vejen virksomheden.<\/p>\n<p>Under ops\u00e6tningen af en Tracking, kan MarketingPlatform optage f.eks. \u201cL\u00e6g i kurv\u201d handlingen, og opsamle alle de informationer der normalt kun kommunikeres internt i webshoppen. Mange webshop ejere laver en slags \u201cusynlig profil\u201d p\u00e5 personen der k\u00f8ber, ved at sende oplysninger om varen med klikket der tilf\u00f8jer den til indk\u00f8bskurven.<br \/>\n[\/et_pb_text][\/et_pb_column][et_pb_column type=&#8221;1_2&#8243; _builder_version=&#8221;3.25&#8243; custom_padding=&#8221;40px|||&#8221; custom_padding__hover=&#8221;|||&#8221;][et_pb_image src=&#8221;https:\/\/marketingplatform.com\/wp-content\/uploads\/2018\/10\/tracking-products.png&#8221; align_tablet=&#8221;center&#8221; align_phone=&#8221;&#8221; align_last_edited=&#8221;on|desktop&#8221; _builder_version=&#8221;3.23&#8243;]&nbsp;<br \/>\n[\/et_pb_image][\/et_pb_column][\/et_pb_row][et_pb_row _builder_version=&#8221;3.25&#8243; background_size=&#8221;initial&#8221; background_position=&#8221;top_left&#8221; background_repeat=&#8221;repeat&#8221;][et_pb_column type=&#8221;4_4&#8243; _builder_version=&#8221;3.25&#8243; custom_padding=&#8221;|||&#8221; custom_padding__hover=&#8221;|||&#8221;][et_pb_text _builder_version=&#8221;3.27.4&#8243;]<\/p>\n<h3>Enhver handling kan registreres og anvendes<\/h3>\n<p>Enhver handling der udspringer af en modtager, et lead eller en kunde, k\u00e6rt barn har mange navne, kan optages af Tracking i MarketingPlatform.<\/p>\n<p>Et event kan f.eks. v\u00e6re eksemplet fra tidligere, hvor en webshop \u00f8nsker at profilere deres varer ved \u201cL\u00e6g i kurv\u201d handlingen. \u201cEn online virksomhed der s\u00e6lger b\u00f8rnet\u00f8j, kan \u00f8ge deres viden gennem profilering ved at sende varens k\u00f8n og alder med i k\u00f8bshandlingen\u201d, fort\u00e6ller Kim \u00d8stergaard. P\u00e5 den m\u00e5de kan informationen direkte anvendes til segmentering, \u00f8get m\u00e5lretning, helt uden kunderne er blevet spurgt om deres pr\u00e6ferencer.<\/p>\n<p>Det kunne ogs\u00e5 v\u00e6re en bilforhandler, der har en m\u00e6ngde brochurer til download p\u00e5 deres hjemmeside. Brochurerne er til forskellige bilmodeller, og har derfor naturligt et behov for opsamling af forskellig adf\u00e6rd p\u00e5 hvert eneste download. Biler findes i mange m\u00e6rker, modeller, \u00e5rgange og dermed ogs\u00e5 prisklasser.<\/p>\n<p>Det underst\u00f8tter Events i MarketingPlatform, der kan optage hver enkelt download, og bruge det til profilering af hver enkelt bes\u00f8gende og modtager. Og dermed opsamle viden om den bes\u00f8gendes pr\u00e6ferencer indenfor bil, og den viden kan direkte oms\u00e6ttes i marketing kampagner.<\/p>\n<p>Bes\u00f8ger kunden virksomhedens hjemmeside eller webshop fra flere enheder, smartphone, tablet\u00a0og computer, vil disse enheder blive samlet i een kundeprofil.<\/p>\n<h3>I et Marketing Automation perspektiv<\/h3>\n<p>For at f\u00e5 optimal udnyttelse af den opsamlede viden med Tracking og LeadScoring, vil automatiske flows, en del af begrebet Marketing Automation, v\u00e6re et godt sted at starte.<\/p>\n<p>Tabt indk\u00f8bskurv er et af de mest kendte flows, der baserer sig p\u00e5 handlinger fra en webshop.<\/p>\n<blockquote><p>\u201cRigtig mange online shoppere, forlader deres indk\u00f8bskurv. M\u00e5ske fortryder de, m\u00e5ske har de ikke et betalingsmiddel ved h\u00e5nden, m\u00e5ske bliver de forstyrret af b\u00f8rn &#8230; eller noget helt andet. Men faktum er en tabt handel for online shoppen\u201d, fort\u00e6ller Kim \u00d8stergaard.<\/p><\/blockquote>\n<p>Med tabt indk\u00f8bskurv funktionen opsamles de produkterne der efterlades i indk\u00f8bskurven, b\u00e5de de produkter der l\u00e6gges i kurven og fjernes igen. Og med f\u00e5 klik kan MarketingPlatform sende shopperen en opf\u00f8lgende email automatisk. B\u00e5de hvis en indk\u00f8bskurv efterlades fuldst\u00e6ndig, k\u00f8bet delvist gennemf\u00f8res eller alle kombinationer af dette.<\/p>\n<p>Et andet flow kunne v\u00e6re opf\u00f8lgning p\u00e5 en bestemt LeadScore, m\u00e5ske opsamlet gennem mange m\u00e5neder, hvor kunden har bes\u00f8gt virksomhedens hjemmeside, foretaget et eller flere k\u00f8b, forladt en r\u00e6kke indk\u00f8bskurve og meget andet. Alle handlingerne vil akkumulere en LeadScore, der fort\u00e6ller om den bes\u00f8gendes aktivitet. Og marketing kampagner kan m\u00e5lrettes personer med en bestemt score, bestemte handlinger og afvigende adf\u00e6rd &#8211; eller en sk\u00f8n blanding heraf.<\/p>\n<blockquote><p>\u201cDet der g\u00f8r forskellen for de fleste virksomheder, er en korrekt ops\u00e6tning af deres marketing automation platform. Mange gange er det en korrekt datamodel, kombineret med de rigtige flows i en optimal komposition, der g\u00f8r forskellen p\u00e5 succes og middelm\u00e5dighed\u201d, afslutter Kim \u00d8stergaard fra MarketingPlatform. Naturligvis skal selve platformen have funktionerne til r\u00e5dighed, men eksekveringen udg\u00f8r over halvdelen af kimen til succes.<\/p><\/blockquote>\n<h3>Om MarketingPlatform og Kim \u00d8stergaard<\/h3>\n<p>Kim \u00d8stergaard har siden 1998 drevet online handel. B\u00e5de som selvst\u00e6ndig og i spidsen for modekoncernen Bestsellers online forretninger. Samt v\u00e6ret konsulent for en r\u00e6kke store multichannel retailere &#8211; og siden 2012 formet virksomheden MarketingPlatform med base i Vejen i Sydjylland.<\/p>\n<p>MarketingPlatform besk\u00e6ftiger i dag over 60 medarbejdere i Danmark og Makedonien. Foruden et antal kollegaer i de 7 lande hvor virksomheden har datterselskaber der bedriver salg og support til kunder i lande som Sydafrika, Per\u00fa, Canada, USA, Norge, Spanien og Makedonien. Inden udgangen af 2019 vil der ogs\u00e5 v\u00e6re datterselskaber i Finland, Sverige og Tyskland.<\/p>\n<p>MarketingPlatform har netop modtaget sin anden mulige gazelle fra Dagbladet B\u00f8rsen. I 2017 blev virksomheden endvidere vinder af den regionale Digitale Gazelle.[\/et_pb_text][\/et_pb_column][\/et_pb_row][\/et_pb_section][et_pb_section fb_built=&#8221;1&#8243; custom_padding_last_edited=&#8221;on|phone&#8221; module_class=&#8221;ressourcer-signup&#8221; _builder_version=&#8221;4.0.2&#8243; background_color=&#8221;#dee7f1&#8243; custom_padding=&#8221;7%||&#8221; custom_padding_tablet=&#8221;12%||||false|false&#8221; custom_padding_phone=&#8221;17%||||false|false&#8221; top_divider_style=&#8221;asymmetric2&#8243; top_divider_color=&#8221;#ffffff&#8221; top_divider_height=&#8221;60px&#8221; global_module=&#8221;19033&#8243;][et_pb_row _builder_version=&#8221;3.25&#8243; background_size=&#8221;initial&#8221; background_position=&#8221;top_left&#8221; background_repeat=&#8221;repeat&#8221; custom_margin=&#8221;||10px&#8221; custom_padding=&#8221;||10px&#8221;][et_pb_column type=&#8221;4_4&#8243; _builder_version=&#8221;3.25&#8243; custom_padding=&#8221;|||&#8221; custom_padding__hover=&#8221;|||&#8221;][et_pb_text _builder_version=&#8221;4.0.2&#8243; text_orientation=&#8221;center&#8221;]<\/p>\n<h2 style=\"font-style: normal;\">Pr\u00f8v MarketingPlatform gratis i 14 dage<\/h2>\n<p style=\"font-style: normal;\">Pr\u00f8veperioden er gratis, helt uforpligtende og udl\u00f8ber efter 14 dage, hvis du ikke \u00f8nsker at forts\u00e6tte.<br \/> Ved tilmelding modtager du samtidig vores uddannelsesflow p\u00e5 en serie af mails \u2013 og vores nyhedsbrev.<\/p>\n<p>[\/et_pb_text][\/et_pb_column][\/et_pb_row][et_pb_row _builder_version=&#8221;4.0.2&#8243;][et_pb_column type=&#8221;4_4&#8243; _builder_version=&#8221;4.0.2&#8243;][et_pb_code _builder_version=&#8221;4.0.2&#8243; text_orientation=&#8221;center&#8221;]<a href=\"https:\/\/marketingplatform.com\/da\/gratis-proeveversion\/\" class=\"green-btn2\" style=\"background:#09cd6f; padding:18px 60px; margin-bottom:10px!important;\">Pr\u00f8v os gratis nu<\/a> <a href=\"https:\/\/marketingplatform.com\/da\/book-emailplatform-demo\/\" class=\"green-btn2\" style=\"background:#0daae2; padding:18px 70px;\">Book demo<\/a>[\/et_pb_code][\/et_pb_column][\/et_pb_row][et_pb_row _builder_version=&#8221;4.0.2&#8243; max_width=&#8221;768px&#8221; custom_margin=&#8221;15px||0px||false|false&#8221; custom_padding=&#8221;0px||0px&#8221; use_custom_width=&#8221;on&#8221; custom_width_px=&#8221;768px&#8221;][et_pb_column type=&#8221;4_4&#8243; _builder_version=&#8221;3.25&#8243; custom_padding=&#8221;|||&#8221; custom_padding__hover=&#8221;|||&#8221;][et_pb_code _builder_version=&#8221;4.0.2&#8243;]<\/p>\n<div class=\"awards-align\" ><!-- [et_pb_line_break_holder] --><\/p>\n<div style=\"float:left; width:14%; text-align:right;   margin-right: 2%;\"><!-- [et_pb_line_break_holder] --><img decoding=\"async\" src=\"https:\/\/marketingplatform.com\/wp-content\/uploads\/2020\/01\/primotours.png\" width=\"56\" style=\"margin:10px 20px 20px 0px;\"><!-- [et_pb_line_break_holder] --><\/div>\n<p><!-- [et_pb_line_break_holder] --><\/p>\n<div style=\"float:left; width:20%; text-align:center;    margin-right: 4%;\"><!-- [et_pb_line_break_holder] --><img decoding=\"async\" src=\"https:\/\/marketingplatform.com\/wp-content\/uploads\/2019\/11\/med24-gray.png\" width=\"100\" style=\"margin:20px 0px 20px 10px;\"><!-- [et_pb_line_break_holder] --><\/div>\n<p><!-- [et_pb_line_break_holder] --><\/p>\n<div style=\"float:left; width:18%;    margin-right: 1%;\"><!-- [et_pb_line_break_holder] --><img decoding=\"async\" src=\"https:\/\/marketingplatform.com\/wp-content\/uploads\/2019\/08\/cykelpartner-logo.png\" width=\"180\" style=\"margin:29px 20px 20px 0px;\"><!-- [et_pb_line_break_holder] --><\/div>\n<p><!-- [et_pb_line_break_holder] --><\/p>\n<div style=\"float:left; width:20%; text-align:center;     margin-right: 1%;\"><!-- [et_pb_line_break_holder] --><img decoding=\"async\" src=\"https:\/\/marketingplatform.com\/wp-content\/uploads\/2019\/04\/aldi-grey.png\" width=\"50\" style=\"margin:10px 0px 20px 0px;\"><!-- [et_pb_line_break_holder] --><\/div>\n<p><!-- [et_pb_line_break_holder] --><\/p>\n<div style=\"float:left; width:18%;      margin-right: 2%;  text-align: center;\"><!-- [et_pb_line_break_holder] --><img decoding=\"async\" src=\"https:\/\/marketingplatform.com\/wp-content\/uploads\/2019\/02\/verisure-logo.png\" width=\"120\" style=\"margin:18px 0px 20px 0px;\"><!-- [et_pb_line_break_holder] --><\/div>\n<p><!-- [et_pb_line_break_holder] --><\/div>\n<p>[\/et_pb_code][\/et_pb_column][\/et_pb_row][\/et_pb_section]<\/p>\n","protected":false},"excerpt":{"rendered":"<p>LeadScoring er integreret i MarketingPlatform Hvorn\u00e5r er dine kunder klar til at k\u00f8be? Det giver LeadScoring svaret p\u00e5 ved at f\u00f8lge dine kunders rejse fra uidentificeret bes\u00f8gende til navngiven person. Vi har indbygget LeadScoring i MarketingPlatform &#8211; som en del af Tracking funktionaliteten. M\u00e5ske s\u00e6lger din virksomhed biler. I s\u00e5 fald vil du kunne nikke [&hellip;]<\/p>\n","protected":false},"author":50,"featured_media":0,"parent":4520,"menu_order":0,"comment_status":"closed","ping_status":"closed","template":"","meta":{"_et_pb_use_builder":"on","_et_pb_old_content":"","_et_gb_content_width":"","footnotes":""},"categories":[],"tags":[],"yst_prominent_words":[4878,4910,4905,4907,979,4872,117,9309,4899,4882,87,7569,13988,1201,9311,9523,9308,9310,4881,238],"_links":{"self":[{"href":"https:\/\/marketingplatform.com\/da\/wp-json\/wp\/v2\/pages\/20068"}],"collection":[{"href":"https:\/\/marketingplatform.com\/da\/wp-json\/wp\/v2\/pages"}],"about":[{"href":"https:\/\/marketingplatform.com\/da\/wp-json\/wp\/v2\/types\/page"}],"author":[{"embeddable":true,"href":"https:\/\/marketingplatform.com\/da\/wp-json\/wp\/v2\/users\/50"}],"replies":[{"embeddable":true,"href":"https:\/\/marketingplatform.com\/da\/wp-json\/wp\/v2\/comments?post=20068"}],"version-history":[{"count":2,"href":"https:\/\/marketingplatform.com\/da\/wp-json\/wp\/v2\/pages\/20068\/revisions"}],"predecessor-version":[{"id":56352,"href":"https:\/\/marketingplatform.com\/da\/wp-json\/wp\/v2\/pages\/20068\/revisions\/56352"}],"up":[{"embeddable":true,"href":"https:\/\/marketingplatform.com\/da\/wp-json\/wp\/v2\/pages\/4520"}],"wp:attachment":[{"href":"https:\/\/marketingplatform.com\/da\/wp-json\/wp\/v2\/media?parent=20068"}],"wp:term":[{"taxonomy":"category","embeddable":true,"href":"https:\/\/marketingplatform.com\/da\/wp-json\/wp\/v2\/categories?post=20068"},{"taxonomy":"post_tag","embeddable":true,"href":"https:\/\/marketingplatform.com\/da\/wp-json\/wp\/v2\/tags?post=20068"},{"taxonomy":"yst_prominent_words","embeddable":true,"href":"https:\/\/marketingplatform.com\/da\/wp-json\/wp\/v2\/yst_prominent_words?post=20068"}],"curies":[{"name":"wp","href":"https:\/\/api.w.org\/{rel}","templated":true}]}}