{"id":15964,"date":"2018-09-06T10:26:17","date_gmt":"2018-09-06T08:26:17","guid":{"rendered":"https:\/\/marketingplatform.com\/?page_id=15964"},"modified":"2024-05-28T13:35:16","modified_gmt":"2024-05-28T11:35:16","slug":"tracking-webtracking-med-marketingplatform","status":"publish","type":"page","link":"https:\/\/marketingplatform.com\/da\/tracking-webtracking-med-marketingplatform\/","title":{"rendered":"Tracking &#8211; Webtracking med MarketingPlatform"},"content":{"rendered":"<p>[et_pb_section fb_built=&#8221;1&#8243; _builder_version=&#8221;4.16&#8243; background_color=&#8221;#eff5fc&#8221; custom_margin=&#8221;||0px||false|false&#8221; custom_padding=&#8221;||0px||false|false&#8221; box_shadow_style=&#8221;preset7&#8243; box_shadow_horizontal=&#8221;0px&#8221; box_shadow_vertical=&#8221;-200px&#8221; box_shadow_color=&#8221;#ffffff&#8221; box_shadow_horizontal_last_edited=&#8221;off|desktop&#8221; box_shadow_vertical_tablet=&#8221;-100px&#8221; box_shadow_vertical_phone=&#8221;-120px&#8221; box_shadow_vertical_last_edited=&#8221;on|phone&#8221; global_colors_info=&#8221;{}&#8221;][et_pb_row _builder_version=&#8221;4.16&#8243; global_colors_info=&#8221;{}&#8221;][et_pb_column type=&#8221;4_4&#8243; _builder_version=&#8221;4.16&#8243; global_colors_info=&#8221;{}&#8221;][et_pb_text _builder_version=&#8221;4.16&#8243; header_font=&#8221;|800|||||||&#8221; header_font_size=&#8221;38px&#8221; text_orientation=&#8221;center&#8221; global_colors_info=&#8221;{}&#8221;]<\/p>\n<h1>Tracking &#8211; Web tracking med MarketingPlatform<\/h1>\n<p>Tracking funktionen i MarketingPlatform forbinder web, app og andre kanaler med email marketing og marketing automation platformen MarketingPlatform<\/p>\n<p>[\/et_pb_text][et_pb_image src=&#8221;https:\/\/marketingplatform.com\/wp-content\/uploads\/2020\/05\/tracking-products.png&#8221; _builder_version=&#8221;4.16&#8243; max_width=&#8221;71%&#8221; module_alignment=&#8221;center&#8221; global_colors_info=&#8221;{}&#8221;][\/et_pb_image][\/et_pb_column][\/et_pb_row][\/et_pb_section][et_pb_section fb_built=&#8221;1&#8243; _builder_version=&#8221;4.16&#8243; background_image=&#8221;https:\/\/marketingplatform.com\/wp-content\/uploads\/2018\/05\/shapes-2.png&#8221; background_size=&#8221;contain&#8221; background_position=&#8221;top_center&#8221; collapsed=&#8221;on&#8221; global_colors_info=&#8221;{}&#8221;][et_pb_row _builder_version=&#8221;4.16&#8243; background_size=&#8221;initial&#8221; background_position=&#8221;top_left&#8221; background_repeat=&#8221;repeat&#8221; global_colors_info=&#8221;{}&#8221;][et_pb_column type=&#8221;4_4&#8243; _builder_version=&#8221;4.16&#8243; custom_padding=&#8221;|||&#8221; global_colors_info=&#8221;{}&#8221; custom_padding__hover=&#8221;|||&#8221;][et_pb_text _builder_version=&#8221;4.16&#8243; global_colors_info=&#8221;{}&#8221;]<\/p>\n<p><span style=\"font-weight: 400;\">Dine bes\u00f8gende f\u00e6rdes p\u00e5 tv\u00e6rs af marketingkanaler b\u00e5de online og offline. De kaldes ogs\u00e5 for multichannel bes\u00f8gende. Forbrugere d\u00e6kker her over b\u00e5de privatpersoner og virksomheder.<\/span><\/p>\n<p><span style=\"font-weight: 400;\">Du ved at trafikm\u00e5ling er v\u00e6rdifuld, og derfor bruger du sikkert v\u00e6rkt\u00f8j som f.eks. Google Analytics allerede. Men med en integreret tracking der binder bes\u00f8gsdata og marketing automation sammen, f\u00e5r du ny st\u00e6rke muligheder med MarketingPlatform.<\/span><\/p>\n<p><span style=\"font-weight: 400;\">For at kunne h\u00e5ndtere dagens- og morgendagens forbrugere, skal din virksomhed kunne f\u00f8lge deres adf\u00e6rd, p\u00e5 tv\u00e6rs af salgs- og marketingkanaler. Derfor har danske MarketingPlatform skabt Tracking funktionen, der er en integreret del af <a href=\"https:\/\/marketingplatform.com\/da\/priser\/\">alle vores licenser<\/a><\/span><span style=\"font-weight: 400;\">.<\/span><\/p>\n<p><span style=\"font-weight: 400;\">Tracking funktionen h\u00e5ndterer tabt indk\u00f8bskurv (abandoned basket), produkter tilf\u00f8jet og fjernet fra indk\u00f8bskurven, trin i k\u00f8bsflowet (checkout steps), \u00f8vrige flows, visninger af produkter, mapning af produkter og kategorier og hvis du \u00f8nsker det tracking af trafikken p\u00e5 \u00f8vrige sider, samt registrering af events som klik, play og download.<\/span><\/p>\n<p><span style=\"font-weight: 400;\">Alle opsamlede handlinger kan anvendes til at skabe mulige segmenter og automatiske flows. Vi har med andre ord &#8211; gjort det nemt at kommunikere intelligent p\u00e5 baggrund af data. <\/span><\/p>\n<p>&nbsp;<\/p>\n<p><b>Implementering af Trackingfunktionsscriptet <\/b><\/p>\n<p><span style=\"font-weight: 400;\">Inds\u00e6t et script p\u00e5 din website, p\u00e5 din webshop eller app &#8211; og MarketingPlatform er forbundet og kan opsamle dine kunders adf\u00e6rd. Scriptet genereres p\u00e5 f\u00e5 sekunder som en del af Tracking ops\u00e6tningen i MarketingPlatform.<\/span><\/p>\n<p><span style=\"font-weight: 400;\">Et script er et lille stykke kode, p\u00e5 linie med koden til f.eks Google Analytics. Scriptet til MarketingPlatform kan ogs\u00e5 nemt implementeres med Google Tag Manager eller tilsvarende. <\/span><\/p>\n<p><span style=\"font-weight: 400;\">Typisk inds\u00e6ttes scriptet i din sides &lt;head&gt; omr\u00e5de.\u00a0<\/span><\/p>\n<p><span style=\"font-weight: 400;\">Scriptet vil ikke p\u00e5virke performance p\u00e5 din side. Det er bygget til at blive sprunget over af brugernes browser, hvis der er udfordringer med at kalde det. Ydermere er scriptet distribueret og hostet gennem Google Cloud, for at sikre maksimal hastighed og skalerbarhed.<\/span><\/p>\n<p>&nbsp;<\/p>\n<p>[\/et_pb_text][\/et_pb_column][\/et_pb_row][et_pb_row column_structure=&#8221;1_2,1_2&#8243; _builder_version=&#8221;4.16&#8243; global_colors_info=&#8221;{}&#8221;][et_pb_column type=&#8221;1_2&#8243; _builder_version=&#8221;4.16&#8243; custom_padding=&#8221;|||&#8221; global_colors_info=&#8221;{}&#8221; custom_padding__hover=&#8221;|||&#8221;][et_pb_text _builder_version=&#8221;4.16&#8243; global_colors_info=&#8221;{}&#8221;]<\/p>\n<p><b>Vi binder dit produktfeed sammen med Tracking<\/b><\/p>\n<p><span style=\"font-weight: 400;\">Den unikke Feed funktionalitet i MarketingPlatform har vi bundet sammen med Tracking. Det betyder at vi l\u00e6ser informationen om dine produkter fra produktfeedet (kan ogs\u00e5 v\u00e6re artikler eller andet fra feeds), varenavn, billede, URL, kategori, priser og meget mere. Den information binder vi automatisk sammen med alle siderne fra sitemappet, mapper produkterne og udl\u00e6ser kategorierne tilh\u00f8rende produkterne.<\/span><\/p>\n<p><span style=\"font-weight: 400;\">Samtidigt findes Tracking nu som menupunkt i Feed funktionaliteten inde i drag-and-drop editoren Builder. Det betyder at produkter nemt kan inds\u00e6ttes i kampagner ud fra information og regler i Tracking. Herunder ogs\u00e5 predictive intelligence, som forudsiger hvor godt produktet vil klare sig.<\/span><\/p>\n<p>&nbsp;<\/p>\n<p>[\/et_pb_text][\/et_pb_column][et_pb_column type=&#8221;1_2&#8243; _builder_version=&#8221;4.16&#8243; custom_padding=&#8221;|||&#8221; global_colors_info=&#8221;{}&#8221; custom_padding__hover=&#8221;|||&#8221;][et_pb_image src=&#8221;https:\/\/marketingplatform.com\/wp-content\/uploads\/2018\/10\/tracking-products.png&#8221; align_tablet=&#8221;center&#8221; align_phone=&#8221;&#8221; align_last_edited=&#8221;on|desktop&#8221; _builder_version=&#8221;4.16&#8243; global_colors_info=&#8221;{}&#8221;][\/et_pb_image][\/et_pb_column][\/et_pb_row][et_pb_row _builder_version=&#8221;4.16&#8243; global_colors_info=&#8221;{}&#8221;][et_pb_column type=&#8221;4_4&#8243; _builder_version=&#8221;4.16&#8243; custom_padding=&#8221;|||&#8221; global_colors_info=&#8221;{}&#8221; custom_padding__hover=&#8221;|||&#8221;][et_pb_text _builder_version=&#8221;4.16&#8243; global_colors_info=&#8221;{}&#8221;]<\/p>\n<p><b>Mapning af sitemap med produkter og typer<\/b><\/p>\n<p><span style=\"font-weight: 400;\">N\u00e5r scriptet er indsat korrekt p\u00e5 din side, vil MarketingPlatform fors\u00f8ge at hente din sides sitemap (Google Sitemap) ud fra den normale placering af dette. Kan det ikke hentes automatisk, kan det indl\u00e6ses manuelt, og MarketingPlatform vil dern\u00e6st l\u00e6se siderne fra din hjemmeside eller webshop. <\/span><\/p>\n<p><span style=\"font-weight: 400;\">P\u00e5 den m\u00e5de kan vi meget hurtigt bygge et overblik over alle siderne, samt kategorisere siderne efter type. Er det en produktside, artikelside eller m\u00e5ske en del af k\u00f8bsflowet. <\/span><\/p>\n<p><span style=\"font-weight: 400;\">Er det en webshop du har forbundet, kan Tracking automatisk sammenligne med informationen i et opsat produktfeed &#8211; og kategorisere siderne korrekt som produkter og tildele dem en Leadscore v\u00e6rdi ud fra kategorien produkter.<\/span><\/p>\n<p><span style=\"font-weight: 400;\">L\u00e6s mere om Feed og hvordan MarketingPlatform kan l\u00e6se dine produkter automatisk og anvende dem i kampagner, m\u00e5lrettet den enkelte modtager, m\u00e5lrettet med viden fra eksterne systemer eller med drag-and-drop fra Feed til kampagne. <\/span><\/p>\n<p>&nbsp;<\/p>\n<p><b>Leadscoring giver v\u00e6rdifuld indsigt<\/b><\/p>\n<p><span style=\"font-weight: 400;\">Hvor ofte bes\u00f8ger et lead eller en k\u00f8bende kunde din side eller webshop. Det er ikke n\u00f8dvendigvis det mest interessante at vide. Det handler ofte om timing, for at kunne optimere kommunikationen og vinde salget. <\/span><\/p>\n<p><span style=\"font-weight: 400;\">Derfor har vi opbygget Leadscore funktionen med tid i kombination med akkumulering af v\u00e6rdi. <\/span><\/p>\n<p><span style=\"font-weight: 400;\">Som en del af Tracking ops\u00e6tningen kan alle sider (URLer) tildeles en gruppev\u00e6rdi efter type &#8211; eller en unik v\u00e6rdi for hver enkelt side. <\/span><\/p>\n<p><span style=\"font-weight: 400;\">Vi har pr\u00e6defineret v\u00e6rdier n\u00e5r en type v\u00e6lges. P\u00e5 den m\u00e5de tildeles produkter automatisk en v\u00e6rdi, k\u00f8bsflowet opbygger h\u00f8jere og h\u00f8jere v\u00e6rdi efter hvor t\u00e6t p\u00e5 ordreafgivelse den bes\u00f8gende er &#8211; og lignende logik for de \u00f8vrige typer af sider. <\/span><\/p>\n<p>&nbsp;<\/p>\n<p><b>N\u00e5r den bes\u00f8gende bliver tracket<\/b><\/p>\n<p><span style=\"font-weight: 400;\">Tracking scriptet vil fungere p\u00e5 alle de sider, p\u00e5 din hjemmeside eller webshop, hvor det er placeret korrekt. Derefter vil scriptet automatisk opsamle information om de bes\u00f8gende. <\/span><\/p>\n<p><span style=\"font-weight: 400;\">Tracking funktionen er indtil videre begr\u00e6nset til alene at opsamle data om bes\u00f8gende, der er modtagere af nyhedsbreve udsendt med MarketingPlatform. Senere udvides funktionen, s\u00e5 der kan tilk\u00f8bes pakker med trafikm\u00e5ling, og dermed \u00e5bnes der op for at tracke hele trafikken. <\/span><\/p>\n<p><span style=\"font-weight: 400;\">Straks efter den bes\u00f8gende har forladt siden, vil det v\u00e6re muligt at anvende dataene til segmentering eller automatiske kampagner og man kan begynde arbejde med at udsende m\u00e5lrettede kampagner. <\/span><\/p>\n<p>&nbsp;<\/p>\n<p><b>Anvendelse af de opsamlede data<\/b><\/p>\n<p><span style=\"font-weight: 400;\">Dataene der er opsamlet med Tracking, og den beregnede Leadscore fra b\u00e5de email, SMS og website kan anvendes bredt i MarketingPlatform. <\/span><\/p>\n<p><span style=\"font-weight: 400;\">B\u00e5de til segmentering med segmenter, som filtre p\u00e5 indhold og som adf\u00e6rdsstyret indhold med Feeds i Builder. Samt som triggerbaserede kampagner, der udsendes automatisk p\u00e5 definerede kriterier som tid efter bes\u00f8g, tilf\u00f8jede varer til kurven, \u201cforlod siden uden at k\u00f8be\u201d eller se bestemte ting og meget mere. <\/span><\/p>\n<p><span style=\"font-weight: 400;\">Derudover vil den enkelte kontaktpersons historik naturligvis blive opdateret med relevant Trackinginformation og Leadscore. <\/span><\/p>\n<p>&nbsp;<\/p>\n<p><b>Hj\u00e6lp til ops\u00e6tning af Tracking<\/b><\/p>\n<p><span style=\"font-weight: 400;\">Vores s\u00f8de kollegaer i support og onboarding er altid klar til at r\u00e5de og guide med den optimale ops\u00e6tning af Tracking. <\/span><\/p>\n<p><span style=\"font-weight: 400;\">Kontakt os p\u00e5 <a href=\"mailto:support@linkmobility.dk\">support@linkmobility.dk<\/a> <\/span><span style=\"font-weight: 400;\">eller ring +45 70 26 12 72. <\/span><\/p>\n<p><span style=\"font-weight: 400;\">Vi er her for at hj\u00e6lpe og sikre din virksomhed succes. <\/span><\/p>\n<p>[\/et_pb_text][\/et_pb_column][\/et_pb_row][\/et_pb_section][et_pb_section fb_built=&#8221;1&#8243; custom_padding_last_edited=&#8221;on|phone&#8221; module_class=&#8221;ressourcer-signup&#8221; _builder_version=&#8221;4.11.2&#8243; background_color=&#8221;#dee7f1&#8243; background_enable_color=&#8221;off&#8221; custom_margin=&#8221;0px||0px||false|false&#8221; custom_padding=&#8221;0px||0px||false|false&#8221; custom_padding_tablet=&#8221;||||false|false&#8221; custom_padding_phone=&#8221;||||false|false&#8221; top_divider_style=&#8221;asymmetric2&#8243; top_divider_color=&#8221;#ffffff&#8221; top_divider_height=&#8221;60px&#8221; global_module=&#8221;19033&#8243; saved_tabs=&#8221;all&#8221; global_colors_info=&#8221;{}&#8221;][et_pb_row custom_padding_last_edited=&#8221;on|phone&#8221; _builder_version=&#8221;4.22.1&#8243; background_color=&#8221;#152872&#8243; background_size=&#8221;initial&#8221; background_position=&#8221;top_left&#8221; background_repeat=&#8221;repeat&#8221; custom_margin=&#8221;||||false|false&#8221; custom_padding=&#8221;100px||100px||false|false&#8221; custom_padding_tablet=&#8221;50px|20px|50px|20px|false|false&#8221; custom_padding_phone=&#8221;40px||||false|false&#8221; border_radii=&#8221;on|22px|22px|22px|22px&#8221; global_colors_info=&#8221;{}&#8221;][et_pb_column type=&#8221;4_4&#8243; _builder_version=&#8221;4.16&#8243; custom_padding=&#8221;|||&#8221; global_colors_info=&#8221;{}&#8221; custom_padding__hover=&#8221;|||&#8221;][et_pb_text _builder_version=&#8221;4.16&#8243; text_text_color=&#8221;#ffffff&#8221; header_2_font=&#8221;|800|||||||&#8221; header_2_text_color=&#8221;#ffffff&#8221; text_orientation=&#8221;center&#8221; global_colors_info=&#8221;{}&#8221;]<\/p>\n<h2>Pr\u00f8v MarketingPlatform gratis i 14 dage<\/h2>\n<p><span style=\"color:#fff;\">Pr\u00f8veperioden er gratis, helt uforpligtende og udl\u00f8ber efter 14 dage, hvis du ikke \u00f8nsker at forts\u00e6tte.<br \/>\nVed tilmelding modtager du samtidig vores uddannelsesflow p\u00e5 en serie af mails \u2013 og vores nyhedsbrev.<\/span><\/p>\n<p>[\/et_pb_text][et_pb_code _builder_version=&#8221;4.16&#8243; _module_preset=&#8221;default&#8221; width=&#8221;40%&#8221; width_tablet=&#8221;100%&#8221; width_phone=&#8221;95%&#8221; width_last_edited=&#8221;on|tablet&#8221; module_alignment=&#8221;center&#8221; global_colors_info=&#8221;{}&#8221;]<a href=\"https:\/\/marketingplatform.com\/da\/book-emailplatform-demo\/\"><\/p>\n<div class=\"bookdemobtn\" id=\"bookdemodkbox\">Book demo<\/div>\n<p><\/a><!-- [et_pb_line_break_holder] --><a href=\"https:\/\/marketingplatform.com\/da\/gratis-proeveversion\/\"><\/p>\n<div class=\"signupbtn\" id=\"tryusdkbox\">Pr\u00f8v os gratis<\/div>\n<p><\/a><!-- [et_pb_line_break_holder] --><\/p>\n<div class=\"clearfix\"><\/div>\n<p>[\/et_pb_code][\/et_pb_column][\/et_pb_row][\/et_pb_section]<\/p>\n","protected":false},"excerpt":{"rendered":"<p>Tracking &#8211; Web tracking med MarketingPlatform Tracking funktionen i MarketingPlatform forbinder web, app og andre kanaler med email marketing og marketing automation platformen MarketingPlatformDine bes\u00f8gende f\u00e6rdes p\u00e5 tv\u00e6rs af marketingkanaler b\u00e5de online og offline. De kaldes ogs\u00e5 for multichannel bes\u00f8gende. Forbrugere d\u00e6kker her over b\u00e5de privatpersoner og virksomheder. Du ved at trafikm\u00e5ling er v\u00e6rdifuld, og [&hellip;]<\/p>\n","protected":false},"author":50,"featured_media":0,"parent":0,"menu_order":0,"comment_status":"closed","ping_status":"closed","template":"","meta":{"_et_pb_use_builder":"on","_et_pb_old_content":"","_et_gb_content_width":"","footnotes":""},"categories":[],"tags":[],"yst_prominent_words":[4878,8203,8201,8199,5705,979,8200,8197,4872,4874,6748,4873,1718,8204,1201,8205,981,976,8198,5047],"_links":{"self":[{"href":"https:\/\/marketingplatform.com\/da\/wp-json\/wp\/v2\/pages\/15964"}],"collection":[{"href":"https:\/\/marketingplatform.com\/da\/wp-json\/wp\/v2\/pages"}],"about":[{"href":"https:\/\/marketingplatform.com\/da\/wp-json\/wp\/v2\/types\/page"}],"author":[{"embeddable":true,"href":"https:\/\/marketingplatform.com\/da\/wp-json\/wp\/v2\/users\/50"}],"replies":[{"embeddable":true,"href":"https:\/\/marketingplatform.com\/da\/wp-json\/wp\/v2\/comments?post=15964"}],"version-history":[{"count":14,"href":"https:\/\/marketingplatform.com\/da\/wp-json\/wp\/v2\/pages\/15964\/revisions"}],"predecessor-version":[{"id":237871,"href":"https:\/\/marketingplatform.com\/da\/wp-json\/wp\/v2\/pages\/15964\/revisions\/237871"}],"wp:attachment":[{"href":"https:\/\/marketingplatform.com\/da\/wp-json\/wp\/v2\/media?parent=15964"}],"wp:term":[{"taxonomy":"category","embeddable":true,"href":"https:\/\/marketingplatform.com\/da\/wp-json\/wp\/v2\/categories?post=15964"},{"taxonomy":"post_tag","embeddable":true,"href":"https:\/\/marketingplatform.com\/da\/wp-json\/wp\/v2\/tags?post=15964"},{"taxonomy":"yst_prominent_words","embeddable":true,"href":"https:\/\/marketingplatform.com\/da\/wp-json\/wp\/v2\/yst_prominent_words?post=15964"}],"curies":[{"name":"wp","href":"https:\/\/api.w.org\/{rel}","templated":true}]}}