{"id":12771,"date":"2018-06-06T08:54:08","date_gmt":"2018-06-06T06:54:08","guid":{"rendered":"https:\/\/marketingplatform.com\/?page_id=12771"},"modified":"2020-02-20T10:56:50","modified_gmt":"2020-02-20T09:56:50","slug":"ny-medejer-og-formand-for-emailplatform","status":"publish","type":"page","link":"https:\/\/marketingplatform.com\/da\/artikler-presse\/ny-medejer-og-formand-for-emailplatform\/","title":{"rendered":"Ny medejer og formand for Emailplatform"},"content":{"rendered":"<p>[et_pb_section fb_built=&#8221;1&#8243; _builder_version=&#8221;3.22&#8243;][et_pb_row _builder_version=&#8221;3.25&#8243; background_size=&#8221;initial&#8221; background_position=&#8221;top_left&#8221; background_repeat=&#8221;repeat&#8221;][et_pb_column type=&#8221;4_4&#8243; _builder_version=&#8221;3.25&#8243; custom_padding=&#8221;|||&#8221; custom_padding__hover=&#8221;|||&#8221;][et_pb_text _builder_version=&#8221;4.0.2&#8243; hover_enabled=&#8221;0&#8243;]<\/p>\n<h1><b>Mogens Elsberg ny medejer og formand for bestyrelsen i MarketingPlatform<\/b><\/h1>\n<p><span style=\"font-weight: 400;\">Vejen den 7. juni 2018<\/span><\/p>\n<p><b>Virksomheden MarketingPlatform, der leverer en prisvindende l\u00f8sning til Marketing Automation og Email Marketing, har optaget erhvervsmanden Mogens Elsberg i ejerkredsen og udn\u00e6vnt ham til formand for bestyrelsen.<\/b><\/p>\n<p><span style=\"font-weight: 400;\">Mogens Elsberg, med en fortid hos Bluegarden, e-conomic, GN Netcom, Microsoft, IBM og Aston, skal v\u00e6re med til at sikre en succesfuld internationalisering af MarketingPlatform. \u201cVi har f\u00e5et enormt mange henvendelser om medejerskab, men ingen af disse var det rigtige match n\u00e5r vi konsulterede mavefornemmelsen\u201d, fort\u00e6ller Kim \u00d8stergaard der er grundl\u00e6gger og CEO i MarketingPlatform.<\/span><\/p>\n<div id=\"attachment_12807\" style=\"width: 250px\" class=\"wp-caption alignright\"><a href=\"https:\/\/marketingplatform.com\/wp-content\/uploads\/2018\/06\/Mogens-Elsberg.jpeg\"><img decoding=\"async\" loading=\"lazy\" aria-describedby=\"caption-attachment-12807\" class=\"size-medium wp-image-12807\" src=\"https:\/\/marketingplatform.com\/wp-content\/uploads\/2018\/06\/Mogens-Elsberg-240x300.jpeg\" alt=\"\" width=\"240\" height=\"300\" srcset=\"https:\/\/marketingplatform.com\/wp-content\/uploads\/2018\/06\/Mogens-Elsberg-240x300.jpeg 240w, https:\/\/marketingplatform.com\/wp-content\/uploads\/2018\/06\/Mogens-Elsberg-768x960.jpeg 768w, https:\/\/marketingplatform.com\/wp-content\/uploads\/2018\/06\/Mogens-Elsberg-819x1024.jpeg 819w, https:\/\/marketingplatform.com\/wp-content\/uploads\/2018\/06\/Mogens-Elsberg.jpeg 940w\" sizes=\"(max-width: 240px) 100vw, 240px\" \/><\/a><p id=\"caption-attachment-12807\" class=\"wp-caption-text\">Mogens Elsberg, medejer og formand for bestyrelsen i MarketingPlatform<\/p><\/div>\n<p><span style=\"font-weight: 400;\">I stedet for valgte den Digitale Gazellevinder fra Vejen, at kigge p\u00e5 hvem de helst ville have med ombord, hvis de kunne v\u00e6lge frit fra alle hylder. Og interessen var gensidig, med introduktion gennem en f\u00e6lles bekendt, blev aftalen landet p\u00e5 under 1 uge. <\/span><\/p>\n<p><span style=\"font-weight: 400;\">\u201cJeg er dybt imponeret over den forretning som teamet hos MarketingPlatform har udviklet, helt uden fremmed finansiering &#8211; og ser et stort potentiale i platformen, de kommende platforme og den forretningsmodel Kim \u00d8stergaard har valgt\u201d, fort\u00e6ller Mogens Elsberg.<\/span><\/p>\n<p><b>Vi gik efter manden &#8211; ikke s\u00e5 meget pengene<br \/>\n<\/b><span style=\"font-weight: 400;\">For grundl\u00e6ggerne af MarketingPlatform, Neno Angelov og Kim \u00d8stergaard, handlede det om manden og ikke s\u00e5 meget pengene. \u201cMogens er dygtig til det, der ikke interesserer mig s\u00e5 meget, og han har bevist at kunne eksekvere i modvind og tage de forretningsm\u00e6ssige rigtige beslutninger\u201d, fort\u00e6ller Kim \u00d8stergaard.<\/span><\/p>\n<p><span style=\"font-weight: 400;\">\u201cB\u00e5de Neno og jeg er v\u00e6rdibaserede mennesker, der tager vores hele <\/span><i><span style=\"font-weight: 400;\">jeg<\/span><\/i><span style=\"font-weight: 400;\"> med ind i de forretninger vi laver. Derfor er matchet s\u00e5 afg\u00f8rende, at vi har de bedste hele mennesker med p\u00e5 holdet\u201d, afslutter Kim \u00d8stergaard.<\/span><\/p>\n<p><span style=\"font-weight: 400;\">MarketingPlatform er grundlagt i 2012 af Kim \u00d8stergaard, besk\u00e6ftiger over 50 medarbejdere p\u00e5 hovedkontorerne i Danmark og Makedonien. Derudover har virksomheden salgsselskaber i USA, Canada, Spanien, Peru, Polen, Sydafrika og Norge.<\/span><\/p>\n<h2><\/h2>\n<h2><b>Presseinformation<\/b><\/h2>\n<p><span style=\"font-weight: 400;\">Mogens Elsberg<br \/>\n<\/span><a href=\"https:\/\/www.linkedin.com\/in\/mogens-elsberg-7b547410\/\"><span style=\"font-weight: 400;\">https:\/\/www.linkedin.com\/in\/mogens-elsberg-7b547410\/<\/span><\/a><\/p>\n<p><span style=\"font-weight: 400;\">Kim \u00d8stergaard<br \/>\n<\/span><a href=\"https:\/\/www.linkedin.com\/in\/kimostergaard\/\"><span style=\"font-weight: 400;\">https:\/\/www.linkedin.com\/in\/kimostergaard\/<\/span><\/a><\/p>\n<p><span style=\"font-weight: 400;\">Om MarketingPlatform<br \/>\n<\/span><a href=\"https:\/\/marketingplatform.com\/da\/om-os\/vores-forretningsetik\/\"><span style=\"font-weight: 400;\">https:\/\/marketingplatform.com\/da\/om-os\/vores-forretningsetik\/<\/span><\/a><\/p>\n<p><span style=\"font-weight: 400;\">V\u00e6kstfonden fort\u00e6ller om MarketingPlatform<br \/>\n<\/span><a href=\"https:\/\/www.vf.dk\/om-vaekstfonden\/portefolje\/vaekstlaan-til-ivaerksaettere\/emailplatform.aspx\"><span style=\"font-weight: 400;\">https:\/\/www.vf.dk\/om-vaekstfonden\/portefolje\/vaekstlaan-til-ivaerksaettere\/emailplatform.aspx<\/span><\/a><\/p>\n<p>&nbsp;<\/p>\n<p><img decoding=\"async\" src=\"https:\/\/marketingplatform.com\/wp-content\/uploads\/2020\/02\/marketingPlatform.png\" alt=\"\" width=\"346\"\/><\/p>\n<p><b>Headquarters:<br \/>\n<\/b><span style=\"font-weight: 400;\">MarketingPlatform ApS<br \/>\n<\/span><span style=\"font-weight: 400;\">N\u00f8rregade 12a<br \/>\n<\/span><span style=\"font-weight: 400;\">6600 Vejen<br \/>\n<\/span><span style=\"font-weight: 400;\">Denmark<\/span><\/p>\n<p><span style=\"font-weight: 400;\">Email: support@marketingplatform.com<br \/>\n<\/span><span style=\"font-weight: 400;\">Tel: +45 72 44 44 44 <\/span><\/p>\n<p><span style=\"font-weight: 400;\">CVR: 34217483<\/span><br \/>\n[\/et_pb_text][\/et_pb_column][\/et_pb_row][\/et_pb_section]<\/p>\n","protected":false},"excerpt":{"rendered":"<p>Mogens Elsberg ny medejer og formand for bestyrelsen i MarketingPlatform Vejen den 7. juni 2018 Virksomheden MarketingPlatform, der leverer en prisvindende l\u00f8sning til Marketing Automation og Email Marketing, har optaget erhvervsmanden Mogens Elsberg i ejerkredsen og udn\u00e6vnt ham til formand for bestyrelsen. Mogens Elsberg, med en fortid hos Bluegarden, e-conomic, GN Netcom, Microsoft, IBM og [&hellip;]<\/p>\n","protected":false},"author":50,"featured_media":0,"parent":4520,"menu_order":0,"comment_status":"closed","ping_status":"closed","template":"","meta":{"_et_pb_use_builder":"on","_et_pb_old_content":"","_et_gb_content_width":"","footnotes":""},"categories":[],"tags":[],"yst_prominent_words":[451,226,6452,131,117,6456,6450,6447,87,6473,6472,6470,6453,6448,6474,6471,6454,6451,6449,238],"_links":{"self":[{"href":"https:\/\/marketingplatform.com\/da\/wp-json\/wp\/v2\/pages\/12771"}],"collection":[{"href":"https:\/\/marketingplatform.com\/da\/wp-json\/wp\/v2\/pages"}],"about":[{"href":"https:\/\/marketingplatform.com\/da\/wp-json\/wp\/v2\/types\/page"}],"author":[{"embeddable":true,"href":"https:\/\/marketingplatform.com\/da\/wp-json\/wp\/v2\/users\/50"}],"replies":[{"embeddable":true,"href":"https:\/\/marketingplatform.com\/da\/wp-json\/wp\/v2\/comments?post=12771"}],"version-history":[{"count":1,"href":"https:\/\/marketingplatform.com\/da\/wp-json\/wp\/v2\/pages\/12771\/revisions"}],"predecessor-version":[{"id":51629,"href":"https:\/\/marketingplatform.com\/da\/wp-json\/wp\/v2\/pages\/12771\/revisions\/51629"}],"up":[{"embeddable":true,"href":"https:\/\/marketingplatform.com\/da\/wp-json\/wp\/v2\/pages\/4520"}],"wp:attachment":[{"href":"https:\/\/marketingplatform.com\/da\/wp-json\/wp\/v2\/media?parent=12771"}],"wp:term":[{"taxonomy":"category","embeddable":true,"href":"https:\/\/marketingplatform.com\/da\/wp-json\/wp\/v2\/categories?post=12771"},{"taxonomy":"post_tag","embeddable":true,"href":"https:\/\/marketingplatform.com\/da\/wp-json\/wp\/v2\/tags?post=12771"},{"taxonomy":"yst_prominent_words","embeddable":true,"href":"https:\/\/marketingplatform.com\/da\/wp-json\/wp\/v2\/yst_prominent_words?post=12771"}],"curies":[{"name":"wp","href":"https:\/\/api.w.org\/{rel}","templated":true}]}}