{"id":12384,"date":"2018-05-24T10:32:00","date_gmt":"2018-05-24T08:32:00","guid":{"rendered":"https:\/\/marketingplatform.com\/?page_id=12384"},"modified":"2022-11-15T14:49:42","modified_gmt":"2022-11-15T13:49:42","slug":"saadan-overholder-marketingplatform-gdpr","status":"publish","type":"page","link":"https:\/\/marketingplatform.com\/da\/saadan-overholder-marketingplatform-gdpr\/","title":{"rendered":"S\u00e5dan overholder MarketingPlatform GDPR"},"content":{"rendered":"<p>[et_pb_section fb_built=&#8221;1&#8243; _builder_version=&#8221;3.22.3&#8243; global_colors_info=&#8221;{}&#8221;][et_pb_row _builder_version=&#8221;3.25&#8243; background_size=&#8221;initial&#8221; background_position=&#8221;top_left&#8221; background_repeat=&#8221;repeat&#8221; global_colors_info=&#8221;{}&#8221;][et_pb_column type=&#8221;4_4&#8243; _builder_version=&#8221;3.25&#8243; custom_padding=&#8221;|||&#8221; global_colors_info=&#8221;{}&#8221; custom_padding__hover=&#8221;|||&#8221;][et_pb_text _builder_version=&#8221;4.11.2&#8243; header_font=&#8221;|800|||||||&#8221; global_colors_info=&#8221;{}&#8221;]<\/p>\n<h1>S\u00e5dan overholder MarketingPlatform GDPR<\/h1>\n<p>&nbsp;<\/p>\n<p>F\u00f8rst og fremmest har vi alle data placeret inden for EU&#8217;s gr\u00e6nser. Og dermed er din virksomhed p\u00e5 meget sikker grund, n\u00e5r I v\u00e6lger MarketingPlatform som leverand\u00f8r af jeres <a href=\"https:\/\/marketingplatform.com\/da\/marketingautomation\/\">Marketing Automation platform<\/a>.<\/p>\n<p>MarketingPlatform overholder EU GDPR og <span>Databeskyttelsesloven<\/span>. Ingen andre har adgang til den data du importerer, indsamler og dermed opbevarer i MarketingPlatform.<\/p>\n<p>GDPR lovgivningen siger, at man skal undg\u00e5 at opbevare dataene udenfor EU, hvis ikke det er n\u00f8dvendigt. Hos MarketingPlatform hj\u00e6lper vi din virksomhed med at overholde lovgivningen.<\/p>\n<p><strong>Sikrede servere placeret i Holland\u00a0<\/strong><br \/>Alle data opbevares og behandles p\u00e5 vore sikrede, dedikerede servere i Google Cloud Platform, der fysisk st\u00e5r placeret i Holland.<span style=\"font-size: 16px;\">\u00a0<\/span><\/p>\n<p>&nbsp;<\/p>\n<p><a href=\"https:\/\/marketingplatform.com\/wp-content\/uploads\/2018\/05\/gdpr-billede1.png\"><img decoding=\"async\" loading=\"lazy\" class=\"size-large wp-image-12391 aligncenter\" src=\"https:\/\/marketingplatform.com\/wp-content\/uploads\/2018\/05\/gdpr-billede1-1024x484.png\" alt=\"\" width=\"1024\" height=\"484\" srcset=\"https:\/\/marketingplatform.com\/wp-content\/uploads\/2018\/05\/gdpr-billede1-1024x484.png 1024w, https:\/\/marketingplatform.com\/wp-content\/uploads\/2018\/05\/gdpr-billede1-300x142.png 300w, https:\/\/marketingplatform.com\/wp-content\/uploads\/2018\/05\/gdpr-billede1-768x363.png 768w, https:\/\/marketingplatform.com\/wp-content\/uploads\/2018\/05\/gdpr-billede1-1080x510.png 1080w, https:\/\/marketingplatform.com\/wp-content\/uploads\/2018\/05\/gdpr-billede1.png 1198w\" sizes=\"(max-width: 1024px) 100vw, 1024px\" \/><\/a><\/p>\n<p>&nbsp;<\/p>\n<p>Serverne er placeret bag high performance firewalls, opdateres j\u00e6vnligt med de seneste versioner af styresystemer og scannes dagligt for s\u00e5rbarheder.<\/p>\n<p><strong>Levering af emails til modtagerne<br \/><\/strong>Derudover h\u00e5ndterer vi selv selve leveringen af dine emails til modtagerens server eller tjeneste (f.eks Gmail, TDC eller Hotmail\/Outlook.com). Noget langt de fleste af vore konkurrenter har outsourcet til udenlandske virksomheder. Vores servere er placeret i Ballerup ved hostingfirmaet Sentia in InterXion serverparken (forventes flyttet til Google Cloud, n\u00e5r der er fuld support for BYOIP &#8211; Bring Your Own IP &#8211; i stor skala).<\/p>\n<div id=\"attachment_12392\" style=\"width: 1034px;\" class=\"wp-caption alignnone\">\n<p><a href=\"https:\/\/marketingplatform.com\/wp-content\/uploads\/2018\/05\/gdpr-billede2.png\"><img decoding=\"async\" aria-describedby=\"caption-attachment-12392\" loading=\"lazy\" class=\"size-large wp-image-12392\" src=\"https:\/\/marketingplatform.com\/wp-content\/uploads\/2018\/05\/gdpr-billede2-1024x574.png\" alt=\"\" width=\"1024\" height=\"574\" srcset=\"https:\/\/marketingplatform.com\/wp-content\/uploads\/2018\/05\/gdpr-billede2-1024x574.png 1024w, https:\/\/marketingplatform.com\/wp-content\/uploads\/2018\/05\/gdpr-billede2-300x168.png 300w, https:\/\/marketingplatform.com\/wp-content\/uploads\/2018\/05\/gdpr-billede2-768x431.png 768w, https:\/\/marketingplatform.com\/wp-content\/uploads\/2018\/05\/gdpr-billede2-1080x605.png 1080w, https:\/\/marketingplatform.com\/wp-content\/uploads\/2018\/05\/gdpr-billede2.png 1188w\" sizes=\"(max-width: 1024px) 100vw, 1024px\" \/><\/a><\/p>\n<p id=\"caption-attachment-12392\" class=\"wp-caption-text\">Sk\u00e6rmbillede fra afsendelsesmotoren i MarketingPlatform (MTA), et lille kig bag om den teknologi, der sikrer den optimale leveringsevne for udsendte kampagner.<\/p>\n<\/div>\n<p>Det betyder at den sensitive leveringsinformation, og statistik i selve MTA\u2019et (den specielle SMTP server til udg\u00e5ende emails), er under vores fulde kontrol og hjemmeh\u00f8rende p\u00e5 egne servere.<\/p>\n<p><strong>GDPR funktioner i MarketingPlatform<\/strong><br \/>Som din databehandler er det vores fornemmeste opgave, at sikre din virksomhed p\u00e5 en bekymringsfri m\u00e5de kan leve op til jeres ansvar som dataansvarlig. Derfor har vi udviklet en lang r\u00e6kke specielle funktioner, der r\u00e6kker ud over den danske\u00a0<span>Databeskyttelseslov<\/span>\u00a0og EU\u2019s GDPR direktiv.<\/p>\n<p>Dilemmaet er dokumentationskravet versus retten til at blive glemt og slettet &#8211; ikke at forveksle med muligheden for at blive afmeldt et nyhedsbrev. Derudover har alle personer ogs\u00e5 en ret til at f\u00e5 udleveret, hvad der er opsamlet og registreret af oplysninger.<\/p>\n<div id=\"attachment_12395\" style=\"width: 816px;\" class=\"wp-caption aligncenter\">\n<p><a href=\"https:\/\/marketingplatform.com\/wp-content\/uploads\/2018\/05\/gdpr_exppp.png\"><img decoding=\"async\" aria-describedby=\"caption-attachment-12395\" loading=\"lazy\" class=\"wp-image-12395 size-full\" src=\"https:\/\/marketingplatform.com\/wp-content\/uploads\/2018\/05\/gdpr_exppp.png\" alt=\"\" width=\"806\" height=\"648\" srcset=\"https:\/\/marketingplatform.com\/wp-content\/uploads\/2018\/05\/gdpr_exppp.png 806w, https:\/\/marketingplatform.com\/wp-content\/uploads\/2018\/05\/gdpr_exppp-300x241.png 300w, https:\/\/marketingplatform.com\/wp-content\/uploads\/2018\/05\/gdpr_exppp-768x617.png 768w\" sizes=\"(max-width: 806px) 100vw, 806px\" \/><\/a><\/p>\n<p id=\"caption-attachment-12395\" class=\"wp-caption-text\"><em>Det er nemt at downloade en kontaktpersons registrerede data. V\u00e6lg Export info i \u00f8verste h\u00f8jre hj\u00f8rne og bestil eksporten i JSON eller Excel format.<\/em><\/p>\n<\/div>\n<p>Et kontaktkort i MarketingPlatform rummer en lang r\u00e6kke informationer, som personen enten har indtastet, er blevet beriget fra integrationer med andre systemer &#8211; eller som stammer fra modtagerens adf\u00e6rd. En adf\u00e6rd kan v\u00e6re en \u00e5bning af et nyhedsbrev, et klik, opdatering af oplysninger eller andre bagvedliggende processer som registrering af geografisk position og meget andet.<\/p>\n<div id=\"attachment_12387\" style=\"width: 1034px;\" class=\"wp-caption alignnone\">\n<p><a href=\"https:\/\/marketingplatform.com\/wp-content\/uploads\/2018\/05\/GDPR_viewNormalContact_1.png\"><img decoding=\"async\" aria-describedby=\"caption-attachment-12387\" loading=\"lazy\" class=\"size-large wp-image-12387\" src=\"https:\/\/marketingplatform.com\/wp-content\/uploads\/2018\/05\/GDPR_viewNormalContact_1-1024x985.png\" alt=\"\" width=\"1024\" height=\"985\" srcset=\"https:\/\/marketingplatform.com\/wp-content\/uploads\/2018\/05\/GDPR_viewNormalContact_1-1024x985.png 1024w, https:\/\/marketingplatform.com\/wp-content\/uploads\/2018\/05\/GDPR_viewNormalContact_1-300x289.png 300w, https:\/\/marketingplatform.com\/wp-content\/uploads\/2018\/05\/GDPR_viewNormalContact_1-768x739.png 768w, https:\/\/marketingplatform.com\/wp-content\/uploads\/2018\/05\/GDPR_viewNormalContact_1-1080x1039.png 1080w, https:\/\/marketingplatform.com\/wp-content\/uploads\/2018\/05\/GDPR_viewNormalContact_1.png 1143w\" sizes=\"(max-width: 1024px) 100vw, 1024px\" \/><\/a><\/p>\n<p id=\"caption-attachment-12387\" class=\"wp-caption-text\"><em>Kontaktkortet i MarketingPlatform er tredelt med obligatoriske felter som email og mobilnummer \u00f8verst til venstre. Egne felter, du som kunde selv kan tilf\u00f8je, \u00f8verst til h\u00f8jre og opsamlet adf\u00e6rd nederst. Bem\u00e6rk s\u00e6rligt vores MailRating, der m\u00e5ler kontaktpersons \u201cengagement\u201d \u2013 her er kontaktpersonen VIP.<\/em><\/p>\n<\/div>\n<p>\u00d8nsker en person at blive slettet i henhold til GDPR v\u00e6lges ganske enkelt funktionen Delete. Delete fjerner alle ikke n\u00f8dvendige felter p\u00e5 kontaktkortet, fjerner kontakten fra alle lister, eksporter og \u00f8vrige datas\u00e6t. Men det vil altid v\u00e6re muligt at s\u00f8ge kontaktkortet frem igen, hvis du kender den fuldst\u00e6ndige emailadresse. P\u00e5 den m\u00e5de g\u00f8r MarketingPlatform det nemt at leve op til dokumentationskravet.<\/p>\n<div id=\"attachment_12397\" style=\"width: 882px;\" class=\"wp-caption aligncenter\">\n<p><a href=\"https:\/\/marketingplatform.com\/wp-content\/uploads\/2018\/05\/GDPR_deletedContactFoundWithSearch_1.png\"><img decoding=\"async\" aria-describedby=\"caption-attachment-12397\" loading=\"lazy\" class=\"size-full wp-image-12397\" src=\"https:\/\/marketingplatform.com\/wp-content\/uploads\/2018\/05\/GDPR_deletedContactFoundWithSearch_1.png\" alt=\"\" width=\"872\" height=\"449\" srcset=\"https:\/\/marketingplatform.com\/wp-content\/uploads\/2018\/05\/GDPR_deletedContactFoundWithSearch_1.png 872w, https:\/\/marketingplatform.com\/wp-content\/uploads\/2018\/05\/GDPR_deletedContactFoundWithSearch_1-300x154.png 300w, https:\/\/marketingplatform.com\/wp-content\/uploads\/2018\/05\/GDPR_deletedContactFoundWithSearch_1-768x395.png 768w\" sizes=\"(max-width: 872px) 100vw, 872px\" \/><\/a><\/p>\n<p id=\"caption-attachment-12397\" class=\"wp-caption-text\"><em>Samme kontakt som \u00f8verst, her udsat for en GDPR sletning. Email Permission s\u00e6ttes til Deleted, og de eneste informationer der opbevares er permission feltet, hvorn\u00e5r personen har tilmeldt og bekr\u00e6ftet tilmeldingen, samt fra hvilken IP-adresse handlingerne er foretaget.<\/em><\/p>\n<\/div>\n<p>Forestil dig situationen hvor en person har \u00f8nsket at blive slettet. Som dataansvarlig skal du tilsikre det sker, og slette enhver kommunikationen med personen. Dagen efter v\u00e6lger personen at anklage din virksomhed for SPAM. Ved at foretage en s\u00f8gning p\u00e5 personens emailadresse i MarketingPlatform, vil ovenst\u00e5ende slettede profil fremkomme, og din virksomhed kan leve op til dokumentationskravet.<\/p>\n<p>Datatilsynet har godkendt fremgangsm\u00e5den med at opbevare et absolut minimum af information, for at kunne leve op til dokumentationskravet.<\/p>\n<div id=\"attachment_12398\" style=\"width: 872px;\" class=\"wp-caption aligncenter\">\n<p><a href=\"https:\/\/marketingplatform.com\/wp-content\/uploads\/2018\/05\/GDPR_resubscribeDeletedContact_1.png\"><img decoding=\"async\" aria-describedby=\"caption-attachment-12398\" loading=\"lazy\" class=\"size-full wp-image-12398\" src=\"https:\/\/marketingplatform.com\/wp-content\/uploads\/2018\/05\/GDPR_resubscribeDeletedContact_1.png\" alt=\"\" width=\"862\" height=\"446\" srcset=\"https:\/\/marketingplatform.com\/wp-content\/uploads\/2018\/05\/GDPR_resubscribeDeletedContact_1.png 862w, https:\/\/marketingplatform.com\/wp-content\/uploads\/2018\/05\/GDPR_resubscribeDeletedContact_1-300x155.png 300w, https:\/\/marketingplatform.com\/wp-content\/uploads\/2018\/05\/GDPR_resubscribeDeletedContact_1-768x397.png 768w\" sizes=\"(max-width: 862px) 100vw, 862px\" \/><\/a><\/p>\n<p id=\"caption-attachment-12398\" class=\"wp-caption-text\"><em>Funktion til gentilmelding af en GDPR slettet kontakt.<\/em><\/p>\n<\/div>\n<p>\u00d8nsker en GDPR slettet person af blive gentilmeldt, v\u00e6lges Resubscribe \u00f8verst til venstre p\u00e5 kontaktkortet. En popup boks fort\u00e6ller, at det kr\u00e6ver en bekr\u00e6ftet tilmelding. Det har vi gjort for at beskytte dig og din virksomhed mod utilsigtede gentilmeldinger.<\/p>\n<p>Ved gentilmelding vil personen modtage en bekr\u00e6ftelses email (SMS hvis permissionen er p\u00e5 SMS), hvor modtageren aktivt skal klikke p\u00e5 et bekr\u00e6ftelseslink. Ligesom du kender det fra enhver anden bekr\u00e6ftet tilmelding.<\/p>\n<p>Efter modtageren har bekr\u00e6ftet tilmeldingen, vil et nyt kontaktkort blive genereret med et nyt unikt SubscriberID.<\/p>\n<div id=\"attachment_12399\" style=\"width: 1034px;\" class=\"wp-caption aligncenter\">\n<p><a href=\"https:\/\/marketingplatform.com\/wp-content\/uploads\/2018\/05\/gdpr22resubbed.png\"><img decoding=\"async\" aria-describedby=\"caption-attachment-12399\" loading=\"lazy\" class=\"size-large wp-image-12399\" src=\"https:\/\/marketingplatform.com\/wp-content\/uploads\/2018\/05\/gdpr22resubbed-1024x791.png\" alt=\"\" width=\"1024\" height=\"791\" srcset=\"https:\/\/marketingplatform.com\/wp-content\/uploads\/2018\/05\/gdpr22resubbed-1024x791.png 1024w, https:\/\/marketingplatform.com\/wp-content\/uploads\/2018\/05\/gdpr22resubbed-300x232.png 300w, https:\/\/marketingplatform.com\/wp-content\/uploads\/2018\/05\/gdpr22resubbed-768x594.png 768w, https:\/\/marketingplatform.com\/wp-content\/uploads\/2018\/05\/gdpr22resubbed.png 1079w\" sizes=\"(max-width: 1024px) 100vw, 1024px\" \/><\/a><\/p>\n<p id=\"caption-attachment-12399\" class=\"wp-caption-text\"><em>Gentilmeldt kontaktkort der som eneste information har den emailadresse, som personen har \u00f8nsket at gentilmelde og udf\u00f8re en bekr\u00e6ftet tilmelding p\u00e5.<\/em><\/p>\n<\/div>\n<p>Den gentilmeldte kontakt har meget synligt en gennemsnitlig MailRating og ingen \u00f8vrige oplysninger. Subscriber Source vil v\u00e6re Resubscribed og dermed meget let identificerbar.<\/p>\n<p>I MarketingPlatform vil den oprindelige permission, alts\u00e5 den GDPR slettede kontakt, stadig v\u00e6re bevaret. Mest af alt for at kunne dokumentere den oprindelige permission, men ogs\u00e5 for at undg\u00e5 tvivl om sletningen har v\u00e6ret gennemf\u00f8rt.<\/p>\n<p>&nbsp;<\/p>\n<p><strong>Flowet fra en tilmelding til en gentilmelding<\/strong><br \/>En kontakt kan optages i MarketingPlatform p\u00e5 flere forskellige m\u00e5der. Enten gennem en webform, der skabes i MarketingPlatform og inds\u00e6ttes p\u00e5 din virksomheds hjemmeside eller webshop, gennem en integration med CMS, webshop, popup l\u00f8sning eller lignende &#8211; eller ved en import fra Excel, CSV eller som import gennem DataSync, som kan h\u00e5ndtere meget store og komplicerede datam\u00e6ngder.<\/p>\n<p>Kontaktpersonen kan enten v\u00e6re bekr\u00e6ftet f\u00f8r denne inds\u00e6ttes i MarketingPlatform eller blive bekr\u00e6ftet gennem en webform eller et automation flow i MarketingPlatform. Efter kontakten er bekr\u00e6ftet kan denne modtage kampagner.<\/p>\n<p>Afmelder personen sig i et modtaget nyhedsbrev, vil status skifte til Unsubscribed, alts\u00e5 afmeldt. Dermed vil kontakten ikke l\u00e6ngere modtage kampagner eller automatiserede flows der udsender kampagner.<\/p>\n<p><span style=\"font-size: 16px;\">Der er forskel p\u00e5 en helt normal afmelding, hvor personen ikke har \u00f8nsket at blive slettet, og dern\u00e6st en \u00f8nsket sletning og m\u00e5ske samtidig udlevering af registrerede oplysninger.<\/span><span style=\"font-size: 16px;\">\u00a0<\/span><\/p>\n<p>Afmeldingen \u201cpauser\u201d blot kontaktkortet, hvorimod en sletning fjerner alle ikke n\u00f8dvendige oplysninger, og direkte blokerer den p\u00e5g\u00e6ldende emailadresse fra ogs\u00e5 at tilmelde sig andre lister. Det er vigtigt at skelne mellem en afmelding og en GDPR godkendt sletning. Opererer din virksomhed med flere lister, f.eks n\u00f8dvendiggjort af flere brands, betyder en afmelding fra den ene liste ikke n\u00f8dvendigvis ogs\u00e5 en afmelding fra den anden liste &#8211; det andet brand.<\/p>\n<p><span style=\"font-size: 16px;\">Vi har valgt denne fremgangsm\u00e5de, fordi en afmeldt person p\u00e5 et senere tidspunkt kan henvende sig og \u00f8nske registrerede data udleveret. Hvis der direkte p\u00e5 en afmelding blev foretaget en sletning, ville det v\u00e6re vanskeligt at leve op til lovens krav om indsigt i registrerede oplysninger.<\/span><\/p>\n<p>Efter en person, en kontakt, er blevet GDPR slettet, kan vedkommende \u00f8nske at blive gentilmeldt. Det kan enten ske gennem en MarketingPlatform webform, hvor personen udfylder formularen og modtager en email til bekr\u00e6ftelse, eller gennem den s\u00e6rlige Resubscribe funktion, der ligeledes sender en besked til personen, og beder denne bekr\u00e6fte \u00f8nsket om at blive gentilmeldt.<\/p>\n<p>&nbsp;<\/p>\n<p><strong>Vi kan ikke se dine data<\/strong><br \/>Alle data du l\u00e6gger ind i MarketingPlatform tilh\u00f8rer naturligvis dig og din virksomhed. Vi er blot din databehandler. Og dataene kan til enhver tid eksporteres ud af vores platform.<\/p>\n<div id=\"attachment_12400\" style=\"width: 1034px;\" class=\"wp-caption aligncenter\">\n<p><a href=\"https:\/\/marketingplatform.com\/wp-content\/uploads\/2018\/05\/GDPR_hiddenContacts_1.png\"><img decoding=\"async\" aria-describedby=\"caption-attachment-12400\" loading=\"lazy\" class=\"size-large wp-image-12400\" src=\"https:\/\/marketingplatform.com\/wp-content\/uploads\/2018\/05\/GDPR_hiddenContacts_1-1024x403.png\" alt=\"\" width=\"1024\" height=\"403\" srcset=\"https:\/\/marketingplatform.com\/wp-content\/uploads\/2018\/05\/GDPR_hiddenContacts_1-1024x403.png 1024w, https:\/\/marketingplatform.com\/wp-content\/uploads\/2018\/05\/GDPR_hiddenContacts_1-300x118.png 300w, https:\/\/marketingplatform.com\/wp-content\/uploads\/2018\/05\/GDPR_hiddenContacts_1-768x302.png 768w, https:\/\/marketingplatform.com\/wp-content\/uploads\/2018\/05\/GDPR_hiddenContacts_1.png 1062w\" sizes=\"(max-width: 1024px) 100vw, 1024px\" \/><\/a><\/p>\n<p id=\"caption-attachment-12400\" class=\"wp-caption-text\"><em>Omkring 40% af emailadressen eller mobilnummeret, vil altid v\u00e6re erstattet med en stjerne.<\/em><\/p>\n<\/div>\n<p>Ydermere har vi gjort det umuligt for vores medarbejdere, at identificere personerne bag dine kontakter i MarketingPlatform. En regel fjerner 40% af emailadressen eller mobilnummeret &#8211; og erstatter det med en stjerne.<\/p>\n<p>Vi kan heller ikke foretage en eksport af dataene, uden din forudg\u00e5ende godkendelse.<\/p>\n<p>P\u00e5 den m\u00e5de sikrer vi personerne bag din virksomheds data p\u00e5 den bedst mulige m\u00e5de. Det er hverken et krav i\u00a0<span>Databeskyttelsesloven<\/span> eller GDPR, men en ekstra beskyttelse vi hos MarketingPlatform har indf\u00f8rt. Foruden naturligvis at dataene er krypterede i vores databaser.<span style=\"font-size: 16px;\">\u00a0<\/span><\/p>\n<p>Dermed er ringen sluttet fra tilmelding over sikkerhed til gentilmelding.<\/p>\n<p>&nbsp;<\/p>\n<p><strong><span style=\"font-size: 16px;\">Kryptering p\u00e5 diskniveau<\/span><span style=\"font-size: 16px;\">\u00a0<\/span><\/strong><\/p>\n<p>All indhold p\u00e5 harddiske (alle former for storage) er yderligere krypteret, hvilket giver en yderligere &#8211; virkelig st\u00e6rk &#8211; kryptering<\/p>\n<p><a href=\"https:\/\/cloud.google.com\/security\/encryption-at-rest\">https:\/\/cloud.google.com\/security\/encryption-at-rest<\/a><\/p>\n<p>[\/et_pb_text][\/et_pb_column][\/et_pb_row][\/et_pb_section]<\/p>\n","protected":false},"excerpt":{"rendered":"<p>S\u00e5dan overholder MarketingPlatform GDPR &nbsp; F\u00f8rst og fremmest har vi alle data placeret inden for EU&#8217;s gr\u00e6nser. Og dermed er din virksomhed p\u00e5 meget sikker grund, n\u00e5r I v\u00e6lger MarketingPlatform som leverand\u00f8r af jeres Marketing Automation platform. MarketingPlatform overholder EU GDPR og Databeskyttelsesloven. Ingen andre har adgang til den data du importerer, indsamler og dermed [&hellip;]<\/p>\n","protected":false},"author":50,"featured_media":0,"parent":0,"menu_order":0,"comment_status":"closed","ping_status":"closed","template":"","meta":{"_et_pb_use_builder":"on","_et_pb_old_content":"","_et_gb_content_width":"","footnotes":""},"categories":[],"tags":[],"yst_prominent_words":[],"_links":{"self":[{"href":"https:\/\/marketingplatform.com\/da\/wp-json\/wp\/v2\/pages\/12384"}],"collection":[{"href":"https:\/\/marketingplatform.com\/da\/wp-json\/wp\/v2\/pages"}],"about":[{"href":"https:\/\/marketingplatform.com\/da\/wp-json\/wp\/v2\/types\/page"}],"author":[{"embeddable":true,"href":"https:\/\/marketingplatform.com\/da\/wp-json\/wp\/v2\/users\/50"}],"replies":[{"embeddable":true,"href":"https:\/\/marketingplatform.com\/da\/wp-json\/wp\/v2\/comments?post=12384"}],"version-history":[{"count":11,"href":"https:\/\/marketingplatform.com\/da\/wp-json\/wp\/v2\/pages\/12384\/revisions"}],"predecessor-version":[{"id":73769,"href":"https:\/\/marketingplatform.com\/da\/wp-json\/wp\/v2\/pages\/12384\/revisions\/73769"}],"wp:attachment":[{"href":"https:\/\/marketingplatform.com\/da\/wp-json\/wp\/v2\/media?parent=12384"}],"wp:term":[{"taxonomy":"category","embeddable":true,"href":"https:\/\/marketingplatform.com\/da\/wp-json\/wp\/v2\/categories?post=12384"},{"taxonomy":"post_tag","embeddable":true,"href":"https:\/\/marketingplatform.com\/da\/wp-json\/wp\/v2\/tags?post=12384"},{"taxonomy":"yst_prominent_words","embeddable":true,"href":"https:\/\/marketingplatform.com\/da\/wp-json\/wp\/v2\/yst_prominent_words?post=12384"}],"curies":[{"name":"wp","href":"https:\/\/api.w.org\/{rel}","templated":true}]}}