{"id":12341,"date":"2018-05-23T13:54:38","date_gmt":"2018-05-23T11:54:38","guid":{"rendered":"https:\/\/marketingplatform.com\/?page_id=12341"},"modified":"2022-11-16T14:46:56","modified_gmt":"2022-11-16T13:46:56","slug":"cookie-og-privatlivspolitik","status":"publish","type":"page","link":"https:\/\/marketingplatform.com\/da\/cookie-og-privatlivspolitik\/","title":{"rendered":"Cookie- og privatlivspolitik"},"content":{"rendered":"<p>[et_pb_section fb_built=&#8221;1&#8243; _builder_version=&#8221;3.22&#8243; global_colors_info=&#8221;{}&#8221;][et_pb_row _builder_version=&#8221;3.25&#8243; background_size=&#8221;initial&#8221; background_position=&#8221;top_left&#8221; background_repeat=&#8221;repeat&#8221; global_colors_info=&#8221;{}&#8221;][et_pb_column type=&#8221;4_4&#8243; _builder_version=&#8221;3.25&#8243; custom_padding=&#8221;|||&#8221; global_colors_info=&#8221;{}&#8221; custom_padding__hover=&#8221;|||&#8221;][et_pb_text _builder_version=&#8221;4.5.3&#8243; header_font=&#8221;|800|||||||&#8221; background_size=&#8221;initial&#8221; background_position=&#8221;top_left&#8221; background_repeat=&#8221;repeat&#8221; global_colors_info=&#8221;{}&#8221;]<\/p>\n<h1>Cookie- og privatlivspolitik<\/h1>\n<p>&nbsp;<\/p>\n<p>Retningslinjer for behandling af cookies og personoplysninger.\u00a0Ved bes\u00f8g p\u00e5 MarketingPlatforms hjemmeside accepterer du denne Cookie- og privatlivspolitik.<\/p>\n<p><strong>Oversigt<\/strong><\/p>\n<p>1. Ejeroplysninger<br \/>2. Cookies<br \/>2.1 S\u00e5 lang tid opbevares cookies<br \/>2.2 S\u00e5dan sletter du cookies<br \/>2.3 S\u00e5dan undg\u00e5r jeg cookies?<br \/>2.4 Hvad cookies bruges til p\u00e5 vores website<br \/>2.5 Google Analytics (trafikm\u00e5ling)<br \/>2.6 Annoncenetv\u00e6rk<br \/>3. Personoplysninger<br \/>3.1 Generelt<br \/>3.2 Sikkerhed<br \/>3.3 Form\u00e5l<br \/>3.4 Periode for opbevaring<br \/>3.5 Videregivelse af oplysninger<br \/>3.6 Indsigt og klager<\/p>\n<p><strong>1. Ejeroplysninger<\/strong><br \/>Dette website udbydes af:<\/p>\n<p>MarketingPlatform ApS<br \/>Birkmose All\u00e9 37, 6000 Kolding<br \/>Denmark<\/p>\n<p><a href=\"tel:+45 70 26 12 72\" target=\"_top\" rel=\"noopener\">+45 70 26 12 72<\/a><\/p>\n<p><strong>2. Cookies<\/strong><br \/>Websitet anvender \u201dcookies\u201d, der er en tekstfil, som gemmes p\u00e5 din computer, mobil el. tilsvarende med det form\u00e5l at genkende den, huske indstillinger, udf\u00f8re statistik og m\u00e5lrette annoncer. Cookies kan ikke indeholde skadelig kode som f.eks. virus. Det er muligt at slette eller blokere for cookies. Se vejledning: <a href=\"https:\/\/minecookies.org\/cookiehandtering\">https:\/\/minecookies.org\/cookiehandtering<\/a><\/p>\n<p>Hvis du sletter eller blokerer cookies vil annoncer kunne blive mindre relevante for dig og optr\u00e6de hyppigere. Du kan desuden risikere at websitet ikke fungerer optimalt samt at der er indhold, du ikke kan f\u00e5 adgang til.<\/p>\n<p><strong>2.1 S\u00e5 lang tid opbevares cookies<\/strong><br \/>Cookies sletter sig selv efter et vist antal m\u00e5neder (kan variere), men de fornyes efter hvert bes\u00f8g.<\/p>\n<p><strong>2.2 S\u00e5dan sletter du cookies<\/strong><br \/>Se vejledning her: <a href=\"https:\/\/minecookies.org\/cookiehandtering\">https:\/\/minecookies.org\/cookiehandtering<\/a><\/p>\n<p><strong>2.3 S\u00e5dan undg\u00e5r jeg cookies?<\/strong><br \/>Hvis du ikke \u00f8nsker at modtage cookies, kan du blokere dem. Se vejledning her: https:\/\/minecookies.org\/cookiehandtering.<\/p>\n<p><strong>2.4 Hvilke cookies bruges til p\u00e5 vores website<\/strong><br \/>Cookies anvendes til at f\u00f8re statistik over antallet af brugere samt oplysninger om k\u00f8n, alder, geografi og interesser p\u00e5 vores brugere for at tilpasse indhold og annoncering herefter.<\/p>\n<p><strong>2.5 Google Analytics (trafikm\u00e5ling)<\/strong><br \/>Websites bruger cookies fra Google Analytics til at m\u00e5le trafikken p\u00e5 websitet.<\/p>\n<p>Du kan frav\u00e6lge cookies fra Google Analytics her: https:\/\/tools.google.com\/dlpage\/gaoptout<\/p>\n<p><strong>2.6 Annoncenetv\u00e6rk<\/strong><br \/>P\u00e5 denne hjemmeside s\u00e6ttes cookies i det omfang, at man benytter vores fravalgsfunktion til at framelde sig at indg\u00e5 i de enkelte netv\u00e6rks m\u00e5lrettede annoncering. Det er muligt at til- og framelde sig f\u00f8lgende netv\u00e6rk:<\/p>\n<p>linkedin.com<br \/>adform.net<br \/>google.com<br \/>bing.com<br \/>sleeknote.com<br \/>optinmonster.com<br \/>facebook.com<br \/>marketingplatform.com<\/p>\n<p><strong>3. Brug af personoplysninger<\/strong><br \/><strong>3.1 Generelt<\/strong><br \/>Personoplysninger er alle slags informationer, der i et eller andet omfang kan henf\u00f8res til dig. N\u00e5r du benytter vores website indsamler og behandler vi en r\u00e6kke s\u00e5danne informationer. Det sker f.eks. ved alm. tilgang af indhold, hvis du tilmelder dig vores nyhedsbrev, deltager i konkurrencer eller unders\u00f8gelser, registrerer dig som bruger eller abonnent, \u00f8vrig brug af services eller foretager k\u00f8b via websitet.<\/p>\n<p>Vi indsamler og behandler typisk f\u00f8lgende typer af oplysninger: Et unikt ID og tekniske oplysninger om din computer, tablet eller mobiltelefon, dit IP-nummer, geografisk placering, samt hvilke sider du klikker p\u00e5 (interesser). I det omfang du selv giver eksplicit samtykke hertil og selv indtaster informationerne behandles desuden: Navn, telefonnummer, e-mail, adresse og betalingsoplysninger. Det vil typisk v\u00e6re i forbindelse med oprettelse af login eller ved k\u00f8b.<\/p>\n<p><strong>3.2 Sikkerhed<\/strong><br \/>Vi har truffet tekniske og organisatoriske foranstaltninger mod, at dine oplysninger h\u00e6ndeligt eller ulovligt bliver slettet, offentliggjort, fortabt, forringet eller kommer til uvedkommendes kendskab, misbruges eller i \u00f8vrigt behandles i strid med lovgivningen.<\/p>\n<p><strong>3.3 Form\u00e5l<\/strong><br \/>Oplysningerne bruges til at identificere dig som bruger og vise dig de annoncer, som vil have st\u00f8rst sandsynlighed for at v\u00e6re relevante for dig, at registrere dine k\u00f8b og betalinger, samt at kunne levere de services, du har efterspurgt, som f.eks. at fremsende et nyhedsbrev. Herudover anvender vi oplysningerne til at optimere vores services og indhold.<\/p>\n<p><strong>3.4 Periode for opbevaring<\/strong><br \/>Oplysningerne opbevares i det tidsrum, der er tilladt i henhold til lovgivningen, og vi sletter dem, n\u00e5r de ikke l\u00e6ngere er n\u00f8dvendige. Perioden afh\u00e6nger af karakteren af oplysningen og baggrunden for opbevaring. Det er derfor ikke muligt at angive en generel tidsramme for, hvorn\u00e5r informationer slettes.<\/p>\n<p><strong>3.5 Videregivelse af oplysninger<\/strong><br \/>Data om din brug af websitet, hvilke annoncer, du modtager og evt. klikker p\u00e5, geografisk placering, k\u00f8n og alderssegment m.v. videregives til tredjeparter i det omfang disse oplysninger er kendt. Du kan se hvilke tredjeparter, der er tale om, i afsnittet om \u201dCookies\u201d ovenfor. Oplysningerne anvendes til m\u00e5lretning af annoncering.<\/p>\n<p>Vi benytter herudover en r\u00e6kke tredjeparter til opbevaring og behandling af data. Disse behandler udelukkende oplysninger p\u00e5 vores vegne og m\u00e5 ikke anvende dem til egne form\u00e5l.<\/p>\n<p>Videregivelse af personoplysninger som navn og e-mail m.v. vil kun ske, hvis du giver samtykke til det. Vi anvender kun databehandlere i EU eller i lande, der kan give dine oplysninger en tilstr\u00e6kkelig beskyttelse.<\/p>\n<p><strong>3.6 Indsigt og klager<\/strong><br \/>Du har ret til at f\u00e5 oplyst, hvilke personoplysninger, vi behandler om dig. Du kan desuden til enhver tid g\u00f8re indsigelse mod, at oplysninger anvendes. Du kan ogs\u00e5 tilbagekalde dit samtykke til, at der bliver behandlet oplysninger om dig. Hvis de oplysninger, der behandles om dig, er forkerte har du ret til at de bliver rettet eller slettet. Henvendelse herom kan ske til: <a href=\"mailto:%20support@linkmobility.dk\">support@linkmobility.dk<\/a>. Hvis du vil klage over vores behandling af dine personoplysninger, har du ogs\u00e5 mulighed for at tage kontakt til Datatilsynet.<\/p>\n<p>MarketingPlatforms databeskyttelsesr\u00e5dgiver (DPO) kan kontaktes p\u00e5 e-mail: <a href=\"mailto:%20support@linkmobility.dk\">support@linkmobility.dk<\/a>.<\/p>\n<p>[\/et_pb_text][\/et_pb_column][\/et_pb_row][\/et_pb_section]<\/p>\n","protected":false},"excerpt":{"rendered":"<p>Cookie- og privatlivspolitik &nbsp; Retningslinjer for behandling af cookies og personoplysninger.\u00a0Ved bes\u00f8g p\u00e5 MarketingPlatforms hjemmeside accepterer du denne Cookie- og privatlivspolitik. Oversigt 1. Ejeroplysninger2. Cookies2.1 S\u00e5 lang tid opbevares cookies2.2 S\u00e5dan sletter du cookies2.3 S\u00e5dan undg\u00e5r jeg cookies?2.4 Hvad cookies bruges til p\u00e5 vores website2.5 Google Analytics (trafikm\u00e5ling)2.6 Annoncenetv\u00e6rk3. Personoplysninger3.1 Generelt3.2 Sikkerhed3.3 Form\u00e5l3.4 Periode for [&hellip;]<\/p>\n","protected":false},"author":50,"featured_media":0,"parent":0,"menu_order":0,"comment_status":"closed","ping_status":"closed","template":"","meta":{"_et_pb_use_builder":"on","_et_pb_old_content":"Vigtig information: Danske myndigheder dr\u00f8fter fortsat med EU-Kommissionen hvordan reglerne p\u00e5 omr\u00e5det skal fortolkes. Derfor er nedenst\u00e5ende cookie- og privatlivspolitik med forbehold for at der kan ske \u00e6ndringer.\r\n\r\nRetningslinjer for behandling af cookies og personoplysninger.\u00a0Ved bes\u00f8g p\u00e5 MarketingPlatforms hjemmeside accepterer du denne Cookie- og privatlivspolitik.\r\n\r\n<strong>Oversigt<\/strong>\r\n\r\n1. Ejeroplysninger\r\n2. Cookies\r\n2.1 S\u00e5 lang tid opbevares cookies\r\n2.2 S\u00e5dan sletter du cookies\r\n2.3 S\u00e5dan undg\u00e5r jeg cookies?\r\n2.4 Hvad cookies bruges til p\u00e5 vores website\r\n2.5 Google Analytics (trafikm\u00e5ling)\r\n2.6 Annoncenetv\u00e6rk\r\n3. Personoplysninger\r\n3.1 Generelt\r\n3.2 Sikkerhed\r\n3.3 Form\u00e5l\r\n3.4 Periode for opbevaring\r\n3.5 Videregivelse af oplysninger\r\n3.6 Indsigt og klager\r\n\r\n<strong>1. Ejeroplysninger<\/strong>\r\nDette website udbydes af:\r\n\r\nEmailplatform\r\nN\u00f8rregade 12a\r\n6600 Vejen\r\nTelefon: +45 72 44 44 44\r\nEmail: support@marketingplatform.com\r\n\r\n<strong>2. Cookies<\/strong>\r\nWebsitet anvender \u201dcookies\u201d, der er en tekstfil, som gemmes p\u00e5 din computer, mobil el. tilsvarende med det form\u00e5l at genkende den, huske indstillinger, udf\u00f8re statistik og m\u00e5lrette annoncer. Cookies kan ikke indeholde skadelig kode som f.eks. virus. Det er muligt at slette eller blokere for cookies. Se vejledning: <a href=\"https:\/\/minecookies.org\/cookiehandtering\">https:\/\/minecookies.org\/cookiehandtering<\/a>\r\n\r\nHvis du sletter eller blokerer cookies vil annoncer kunne blive mindre relevante for dig og optr\u00e6de hyppigere. Du kan desuden risikere at websitet ikke fungerer optimalt samt at der er indhold, du ikke kan f\u00e5 adgang til.\r\n\r\n<strong>2.1 S\u00e5 lang tid opbevares cookies<\/strong>\r\nCookies sletter sig selv efter efter et vist antal m\u00e5neder (kan variere), men de fornyes efter hvert bes\u00f8g.\r\n\r\n<strong>2.2 S\u00e5dan sletter du cookies<\/strong>\r\nSe vejledning her: <a href=\"https:\/\/minecookies.org\/cookiehandtering\">https:\/\/minecookies.org\/cookiehandtering<\/a>\r\n\r\n<strong>2.3 S\u00e5dan undg\u00e5r jeg cookies?<\/strong>\r\nHvis du ikke \u00f8nsker at modtage cookies, kan du blokere dem. Se vejledning her: https:\/\/minecookies.org\/cookiehandtering.\r\n\r\n<strong>2.4 Hvilke cookies bruges til p\u00e5 vores website<\/strong>\r\nCookies anvendes til at f\u00f8re statistik over antallet af brugere samt oplysninger om k\u00f8n, alder, geografi og interesser p\u00e5 vores brugere for at tilpasse indhold og annoncering herefter. F.eks. sponsorerede links.\r\n\r\n<strong>2.5 Google Analytics (trafikm\u00e5ling)<\/strong>\r\nWebsites bruger cookies fra Google Analytics til at m\u00e5le trafikken p\u00e5 websitet.\r\n\r\nDu kan frav\u00e6lge cookies fra Google Analytics her: https:\/\/tools.google.com\/dlpage\/gaoptout\r\n\r\n<strong>2.6 Annoncenetv\u00e6rk<\/strong>\r\nP\u00e5 denne hjemmeside s\u00e6ttes cookies i det omfang, at man benytter vores fravalgsfunktion til at framelde sig at indg\u00e5 i de enkelte netv\u00e6rks m\u00e5lrettede annoncering. Det er muligt at til- og framelde sig f\u00f8lgende netv\u00e6rk:\r\n\r\nlinkedin.com\r\nadform.net\r\ngoogle.com\r\nbing.com\r\nfacebook.com\r\nmarketingplatform.com\r\n\r\n<strong>3. Brug af personoplysninger<\/strong>\r\n<strong>3.1 Generelt<\/strong>\r\nPersonoplysninger er alle slags informationer, der i et eller andet omfang kan henf\u00f8res til dig. N\u00e5r du benytter vores website indsamler og behandler vi en r\u00e6kke s\u00e5danne informationer. Det sker f.eks. ved alm. tilgang af indhold, hvis du tilmelder dig vores nyhedsbrev, deltager i konkurrencer eller unders\u00f8gelser, registrerer dig som bruger eller abonnent, \u00f8vrig brug af services eller foretager k\u00f8b via websitet.\r\n\r\nVi indsamler og behandler typisk f\u00f8lgende typer af oplysninger: Et unikt ID og tekniske oplysninger om din computer, tablet eller mobiltelefon, dit IP-nummer, geografisk placering, samt hvilke sider du klikker p\u00e5 (interesser). I det omfang du selv giver eksplicit samtykke hertil og selv indtaster informationerne behandles desuden: Navn, telefonnummer, e-mail, adresse og betalingsoplysninger. Det vil typisk v\u00e6re i forbindelse med oprettelse af login eller ved k\u00f8b.\r\n\r\n<strong>3.2 Sikkerhed<\/strong>\r\nVi har truffet tekniske og organisatoriske foranstaltninger mod, at dine oplysninger h\u00e6ndeligt eller ulovligt bliver slettet, offentliggjort, fortabt, forringet eller kommer til uvedkommendes kendskab, misbruges eller i \u00f8vrigt behandles i strid med lovgivningen.\r\n\r\n<strong>3.3 Form\u00e5l<\/strong>\r\nOplysningerne bruges til at identificere dig som bruger og vise dig de annoncer, som vil have st\u00f8rst sandsynlighed for at v\u00e6re relevante for dig, at registrere dine k\u00f8b og betalinger, samt at kunne levere de services, du har efterspurgt, som f.eks. at fremsende et nyhedsbrev. Herudover anvender vi oplysningerne til at optimere vores services og indhold.\r\n\r\n<strong>3.4 Periode for opbevaring<\/strong>\r\nOplysningerne opbevares i det tidsrum, der er tilladt i henhold til lovgivningen, og vi sletter dem, n\u00e5r de ikke l\u00e6ngere er n\u00f8dvendige. Perioden afh\u00e6nger af karakteren af oplysningen og baggrunden for opbevaring. Det er derfor ikke muligt at angive en generel tidsramme for, hvorn\u00e5r informationer slettes.\r\n\r\n<strong>3.5 Videregivelse af oplysninger<\/strong>\r\nData om din brug af websitet, hvilke annoncer, du modtager og evt. klikker p\u00e5, geografisk placering, k\u00f8n og alderssegment m.v. videregives til tredjeparter i det omfang disse oplysninger er kendt. Du kan se hvilke tredjeparter, der er tale om, i afsnittet om \u201dCookies\u201d ovenfor. Oplysningerne anvendes til m\u00e5lretning af annoncering.\r\n\r\nVi benytter herudover en r\u00e6kke tredjeparter til opbevaring og behandling af data. Disse behandler udelukkende oplysninger p\u00e5 vores vegne og m\u00e5 ikke anvende dem til egne form\u00e5l.\r\n\r\nVideregivelse af personoplysninger som navn og e-mail m.v. vil kun ske, hvis du giver samtykke til det. Vi anvender kun databehandlere i EU eller i lande, der kan give dine oplysninger en tilstr\u00e6kkelig beskyttelse.\r\n\r\n<strong>3.6 Indsigt og klager<\/strong>\r\nDu har ret til at f\u00e5 oplyst, hvilke personoplysninger, vi behandler om dig. Du kan desuden til enhver tid g\u00f8re indsigelse mod, at oplysninger anvendes. Du kan ogs\u00e5 tilbagekalde dit samtykke til, at der bliver behandlet oplysninger om dig. Hvis de oplysninger, der behandles om dig, er forkerte har du ret til at de bliver rettet eller slettet. Henvendelse herom kan ske til: support@marketingplatform.com. Hvis du vil klage over vores behandling af dine personoplysninger, har du ogs\u00e5 mulighed for at tage kontakt til Datatilsynet.","_et_gb_content_width":"","footnotes":""},"categories":[],"tags":[],"yst_prominent_words":[6268,6266,6270,6251,9065,6261,6267,6256,6249,6259,6257,6250,4875,6264,6269,6260,6258,6265,4881,6255],"_links":{"self":[{"href":"https:\/\/marketingplatform.com\/da\/wp-json\/wp\/v2\/pages\/12341"}],"collection":[{"href":"https:\/\/marketingplatform.com\/da\/wp-json\/wp\/v2\/pages"}],"about":[{"href":"https:\/\/marketingplatform.com\/da\/wp-json\/wp\/v2\/types\/page"}],"author":[{"embeddable":true,"href":"https:\/\/marketingplatform.com\/da\/wp-json\/wp\/v2\/users\/50"}],"replies":[{"embeddable":true,"href":"https:\/\/marketingplatform.com\/da\/wp-json\/wp\/v2\/comments?post=12341"}],"version-history":[{"count":6,"href":"https:\/\/marketingplatform.com\/da\/wp-json\/wp\/v2\/pages\/12341\/revisions"}],"predecessor-version":[{"id":73775,"href":"https:\/\/marketingplatform.com\/da\/wp-json\/wp\/v2\/pages\/12341\/revisions\/73775"}],"wp:attachment":[{"href":"https:\/\/marketingplatform.com\/da\/wp-json\/wp\/v2\/media?parent=12341"}],"wp:term":[{"taxonomy":"category","embeddable":true,"href":"https:\/\/marketingplatform.com\/da\/wp-json\/wp\/v2\/categories?post=12341"},{"taxonomy":"post_tag","embeddable":true,"href":"https:\/\/marketingplatform.com\/da\/wp-json\/wp\/v2\/tags?post=12341"},{"taxonomy":"yst_prominent_words","embeddable":true,"href":"https:\/\/marketingplatform.com\/da\/wp-json\/wp\/v2\/yst_prominent_words?post=12341"}],"curies":[{"name":"wp","href":"https:\/\/api.w.org\/{rel}","templated":true}]}}