{"id":12065,"date":"2018-05-14T14:35:37","date_gmt":"2018-05-14T12:35:37","guid":{"rendered":"https:\/\/marketingplatform.com\/?page_id=12065"},"modified":"2021-08-20T09:25:55","modified_gmt":"2021-08-20T07:25:55","slug":"tilmelding-nyhedsbrev","status":"publish","type":"page","link":"https:\/\/marketingplatform.com\/da\/tilmelding-nyhedsbrev\/","title":{"rendered":"Tilmelding nyhedsbrev"},"content":{"rendered":"<p>[et_pb_section fb_built=&#8221;1&#8243; _builder_version=&#8221;3.22.3&#8243;][et_pb_row _builder_version=&#8221;4.4.0&#8243;][et_pb_column type=&#8221;4_4&#8243; _builder_version=&#8221;4.4.0&#8243;][et_pb_text _builder_version=&#8221;4.5.3&#8243; header_font=&#8221;|800|||||||&#8221; text_orientation=&#8221;center&#8221; width=&#8221;76%&#8221; module_alignment=&#8221;center&#8221; custom_margin=&#8221;||0px||false|false&#8221; custom_padding=&#8221;||0px||false|false&#8221;]<\/p>\n<h1>F\u00e5 tips og tricks til at v\u00e6kste forretningen<\/h1>\n<p>Vil du have tips, tricks og gode v\u00e6rkt\u00f8jer til at hj\u00e6lpe dig med at v\u00e6kste din forretning og samtidig holde dig opdateret om trends inden for email marketing? Vi lover kun at sende dig e-mails n\u00e5r vi reelt har noget p\u00e5 hjerte, som vi mener, du vil kunne drage fordele af. Du kan afmelde dig med et enkelt klik, hvis du ikke l\u00e6ngere \u00f8nsker at modtage vores nyhedsbrev.<\/p>\n<p>&nbsp;<br \/>\n[\/et_pb_text][et_pb_code _builder_version=&#8221;4.9.7&#8243; width=&#8221;40%&#8221; width_tablet=&#8221;80%&#8221; width_phone=&#8221;90%&#8221; width_last_edited=&#8221;on|phone&#8221; module_alignment=&#8221;center&#8221; hover_enabled=&#8221;0&#8243; sticky_enabled=&#8221;0&#8243;]<script type=\"text\/javascript\"><!-- [et_pb_line_break_holder] --> \/\/ <![CDATA[<!-- [et_pb_line_break_holder] --><!-- [et_pb_line_break_holder] --> function CheckMultiple1916(frm, name) {<!-- [et_pb_line_break_holder] --> for (var i = 0; i < frm.length; i++) {<!-- [et_pb_line_break_holder] --> fldObj = frm.elements[i];<!-- [et_pb_line_break_holder] --> fldId = fldObj.id;<!-- [et_pb_line_break_holder] --> if (fldId) {<!-- [et_pb_line_break_holder] --> var fieldnamecheck = fldObj.id.indexOf(name);<!-- [et_pb_line_break_holder] --> if (fieldnamecheck != -1) {<!-- [et_pb_line_break_holder] --> if (fldObj.checked) {<!-- [et_pb_line_break_holder] --> return true;<!-- [et_pb_line_break_holder] --> }<!-- [et_pb_line_break_holder] --> }<!-- [et_pb_line_break_holder] --> }<!-- [et_pb_line_break_holder] --> }<!-- [et_pb_line_break_holder] --> return false;<!-- [et_pb_line_break_holder] --> }<!-- [et_pb_line_break_holder] --><!-- [et_pb_line_break_holder] --> function CheckForm1916(f) {<!-- [et_pb_line_break_holder] --> var email_re = \/[a-z0-9!#$%&'*+\/=?^_`{|}~-]+(?:.[a-z0-9!#$%&'*+\/=?^_`{|}~-]+)*@(?:[a-z0-9](?:[a-z0-9-]*[a-z0-9])?.)+[a-z0-9](?:[a-z0-9-]*[a-z0-9])?\/i;<!-- [et_pb_line_break_holder] --> if (!email_re.test(f.email.value)) {<!-- [et_pb_line_break_holder] --> alert(\"Indtast venligst din e-mail adresse:\");<!-- [et_pb_line_break_holder] --> f.email.focus();<!-- [et_pb_line_break_holder] --> return false;<!-- [et_pb_line_break_holder] --> }<!-- [et_pb_line_break_holder] --><!-- [et_pb_line_break_holder] --> return true;<!-- [et_pb_line_break_holder] --> }<!-- [et_pb_line_break_holder] --><!-- [et_pb_line_break_holder] -->  <!-- [et_pb_line_break_holder] --> <!-- [et_pb_line_break_holder] --> \/\/ ]]><!-- [et_pb_line_break_holder] --><\/script><!-- [et_pb_line_break_holder] --><\/p>\n<style type=\"text\/css\"><!-- [et_pb_line_break_holder] --> .myForm td, form, table, input, select, textarea, checkbox { border:none!important; }<!-- [et_pb_line_break_holder] --> <!-- [et_pb_line_break_holder] --> .required {<!-- [et_pb_line_break_holder] --> color: red;<!-- [et_pb_line_break_holder] --> }<!-- [et_pb_line_break_holder] --> <!-- [et_pb_line_break_holder] --><!-- [et_pb_line_break_holder] -->    .myForm input {height:54px!important; border-radius:44px;}<!-- [et_pb_line_break_holder] --><\/style>\n<p><!-- [et_pb_line_break_holder] --><!-- [et_pb_line_break_holder] --><\/p>\n<table border=\"0\" cellpadding=\"2\" class=\"myForm\"><!-- [et_pb_line_break_holder] --> <\/p>\n<tbody><!-- [et_pb_line_break_holder] --> <\/p>\n<tr><!-- [et_pb_line_break_holder] --> <!-- [et_pb_line_break_holder] --> <\/p>\n<td class=\"text-box\"><!-- [et_pb_line_break_holder] --> <\/p>\n<div><!-- [et_pb_line_break_holder] -->   <!-- [et_pb_line_break_holder] -->   <\/p>\n<form method=\"post\" action=\"https:\/\/client3.mailmailmail.net\/form.php?form=1916\" id=\"frmSS1916\" onsubmit=\"return CheckForm1916(this);\"><\/div>\n<p><!-- [et_pb_line_break_holder] --> <\/p>\n<div><input type=\"text\" name=\"email\" placeholder=\"Indtast din e-mail adresse\" style=\"margin:7px 0px; width:100%; border:none; background:#efefef; padding-left:15px;\" \/><\/div>\n<p><!-- [et_pb_line_break_holder] --> <\/p>\n<div><input type=\"text\" class=\"form-control\" name=\"CustomFields[2]\" placeholder=\"Indtast dit navn\" id=\"CustomFields_2_1916\" value=\"\" size='50'  style=\"margin:0px 0px 7px 0; width:100%; border:none; background:#efefef; padding-left:15px;\" ><\/div>\n<p><!-- [et_pb_line_break_holder] -->   <\/p>\n<div><input type=\"text\" class=\"form-control\" name=\"CustomFields[16741]\" id=\"CustomFields_16741_1916\" value=\"newsletter-signup-footer\" style=\"display:none;\"><\/div>\n<p><!-- [et_pb_line_break_holder] -->      <\/p>\n<div style=\"display:none;\"><input type=\"text\" class=\"form-control\" name=\"first_name_mp\" id=\"first_name_mp\"> <\/div>\n<p><!-- [et_pb_line_break_holder] -->   <!-- [et_pb_line_break_holder] --> <\/p>\n<div><input type=\"submit\" value=\"Ja tak, tilmeld mig!\" id=\"newsletter-page\" class=\"button trial-btn-blue\" style=\"width:100%!important; background:#fd9a1b!important; color:#fff; border-radius:44px; font-size:16px;\" \/><\/div>\n<p><!-- [et_pb_line_break_holder] --> <!-- [et_pb_line_break_holder] --> <\/form>\n<p><!-- [et_pb_line_break_holder] --> <\/td>\n<p><!-- [et_pb_line_break_holder] --> <\/tr>\n<p><!-- [et_pb_line_break_holder] --> <\/tbody>\n<p><!-- [et_pb_line_break_holder] --><\/table>\n<p>[\/et_pb_code][\/et_pb_column][\/et_pb_row][\/et_pb_section]<\/p>\n","protected":false},"excerpt":{"rendered":"<p>F\u00e5 tips og tricks til at v\u00e6kste forretningen Vil du have tips, tricks og gode v\u00e6rkt\u00f8jer til at hj\u00e6lpe dig med at v\u00e6kste din forretning og samtidig holde dig opdateret om trends inden for email marketing? Vi lover kun at sende dig e-mails n\u00e5r vi reelt har noget p\u00e5 hjerte, som vi mener, du vil [&hellip;]<\/p>\n","protected":false},"author":50,"featured_media":0,"parent":0,"menu_order":0,"comment_status":"closed","ping_status":"closed","template":"","meta":{"_et_pb_use_builder":"on","_et_pb_old_content":"","_et_gb_content_width":"","footnotes":""},"categories":[],"tags":[],"yst_prominent_words":[4896,6475,4875,4874,4871,4881,6476,6478,6477,4884,4895],"_links":{"self":[{"href":"https:\/\/marketingplatform.com\/da\/wp-json\/wp\/v2\/pages\/12065"}],"collection":[{"href":"https:\/\/marketingplatform.com\/da\/wp-json\/wp\/v2\/pages"}],"about":[{"href":"https:\/\/marketingplatform.com\/da\/wp-json\/wp\/v2\/types\/page"}],"author":[{"embeddable":true,"href":"https:\/\/marketingplatform.com\/da\/wp-json\/wp\/v2\/users\/50"}],"replies":[{"embeddable":true,"href":"https:\/\/marketingplatform.com\/da\/wp-json\/wp\/v2\/comments?post=12065"}],"version-history":[{"count":6,"href":"https:\/\/marketingplatform.com\/da\/wp-json\/wp\/v2\/pages\/12065\/revisions"}],"predecessor-version":[{"id":70096,"href":"https:\/\/marketingplatform.com\/da\/wp-json\/wp\/v2\/pages\/12065\/revisions\/70096"}],"wp:attachment":[{"href":"https:\/\/marketingplatform.com\/da\/wp-json\/wp\/v2\/media?parent=12065"}],"wp:term":[{"taxonomy":"category","embeddable":true,"href":"https:\/\/marketingplatform.com\/da\/wp-json\/wp\/v2\/categories?post=12065"},{"taxonomy":"post_tag","embeddable":true,"href":"https:\/\/marketingplatform.com\/da\/wp-json\/wp\/v2\/tags?post=12065"},{"taxonomy":"yst_prominent_words","embeddable":true,"href":"https:\/\/marketingplatform.com\/da\/wp-json\/wp\/v2\/yst_prominent_words?post=12065"}],"curies":[{"name":"wp","href":"https:\/\/api.w.org\/{rel}","templated":true}]}}