{"id":10741,"date":"2018-03-22T15:13:55","date_gmt":"2018-03-22T14:13:55","guid":{"rendered":"https:\/\/marketingplatform.com\/?page_id=10741"},"modified":"2021-02-24T10:27:10","modified_gmt":"2021-02-24T09:27:10","slug":"webinar-fra-marketingplatform-andersen-partners-gdpr","status":"publish","type":"page","link":"https:\/\/marketingplatform.com\/da\/webinar-fra-marketingplatform-andersen-partners-gdpr\/","title":{"rendered":"Webinar fra MarketingPlatform &#8211; Andersen Partners &#8211; GDPR"},"content":{"rendered":"\n\n[et_pb_section transparent_background=&#8221;off&#8221; allow_player_pause=&#8221;off&#8221; inner_shadow=&#8221;off&#8221; parallax=&#8221;off&#8221; parallax_method=&#8221;on&#8221; make_fullwidth=&#8221;off&#8221; use_custom_width=&#8221;off&#8221; width_unit=&#8221;off&#8221; custom_width_px=&#8221;1080px&#8221; custom_width_percent=&#8221;80%&#8221; make_equal=&#8221;off&#8221; use_custom_gutter=&#8221;off&#8221; fullwidth=&#8221;off&#8221; specialty=&#8221;off&#8221; admin_label=&#8221;section&#8221; disabled=&#8221;off&#8221;][et_pb_row make_fullwidth=&#8221;off&#8221; use_custom_width=&#8221;off&#8221; width_unit=&#8221;off&#8221; custom_width_px=&#8221;1080px&#8221; custom_width_percent=&#8221;80%&#8221; use_custom_gutter=&#8221;off&#8221; gutter_width=&#8221;3&#8243; allow_player_pause=&#8221;off&#8221; parallax=&#8221;off&#8221; parallax_method=&#8221;on&#8221; make_equal=&#8221;off&#8221; parallax_1=&#8221;off&#8221; parallax_method_1=&#8221;on&#8221; parallax_2=&#8221;off&#8221; parallax_method_2=&#8221;on&#8221; parallax_3=&#8221;off&#8221; parallax_method_3=&#8221;on&#8221; parallax_4=&#8221;off&#8221; parallax_method_4=&#8221;on&#8221; admin_label=&#8221;row&#8221; disabled=&#8221;off&#8221;][et_pb_column type=&#8221;4_4&#8243; disabled=&#8221;off&#8221; parallax=&#8221;off&#8221; parallax_method=&#8221;on&#8221;][et_pb_text background_layout=&#8221;light&#8221; text_orientation=&#8221;left&#8221;]<h1>Webinar fra MarketingPlatform &#8211; Andersen Partners &#8211; GDPR<\/h1>\n[\/et_pb_text][et_pb_text background_layout=&#8221;light&#8221; text_orientation=&#8221;left&#8221; admin_label=&#8221;Text&#8221; use_border_color=&#8221;off&#8221; border_style=&#8221;solid&#8221; disabled=&#8221;off&#8221;]<iframe loading=\"lazy\" src=\"https:\/\/player.vimeo.com\/video\/261286880?title=0&#038;byline=0&#038;portrait=0\" width=\"540\" height=\"360\" frameborder=\"0\" webkitallowfullscreen mozallowfullscreen allowfullscreen><\/iframe>\n<h4>Pr\u00e6sentation af opl\u00e6gsholdere<\/h4>\n<p><strong>Kenneth Cramer, advokat (H), Andersen Partners<\/strong><\/p>\n<p>&#8211; Kort pr\u00e6sentation af firmaet Andersen Partners<\/p>\n<p><strong>Kim \u00d8stergaard, CEO, MarketingPlatform<\/strong><\/p>\n<p>&#8211; Kort pr\u00e6sentation af MarketingPlatform, drag-and-drop editor<\/p>\n<p>Hvad er GDPR, grundl\u00e6ggende introduktion (Kenneth)<\/p>\n<p>Kort gennemgang af begreberne ogs\u00e5 i sammenh\u00e6ng med Markedsf\u00f8ringsloven<\/p>\n<p>Du har ansvaret som dataansvarlig &#8211; det er dig, der har permission MarketingPlatform\u2019s rolle som databehandler<\/p>\n<p>En kunderejse og hvad m\u00e5 du sende hvorn\u00e5r (Kim + Kenneth)<\/p>\n<p>&#8211; Tilmeldingsformularen, tilmeldinger via andre kanaler, single- versus double opt-in<\/p>\n<p>&#8211; S\u00e6rlige forhold overfor eksisterende kunder<\/p>\n<p>&#8211; Hvorn\u00e5r har du en permission &#8211; og hvordan skal en permission dokumenteres<\/p>\n<p>&#8211; Dokumentationskravet kontra retten til at blive glemt<\/p>[\/et_pb_text][\/et_pb_column][\/et_pb_row][\/et_pb_section]\n\n","protected":false},"excerpt":{"rendered":"<p>Webinar fra MarketingPlatform &#8211; Andersen Partners &#8211; GDPR Pr\u00e6sentation af opl\u00e6gsholdere Kenneth Cramer, advokat (H), Andersen Partners &#8211; Kort pr\u00e6sentation af firmaet Andersen Partners Kim \u00d8stergaard, CEO, MarketingPlatform &#8211; Kort pr\u00e6sentation af MarketingPlatform, drag-and-drop editor Hvad er GDPR, grundl\u00e6ggende introduktion (Kenneth) Kort gennemgang af begreberne ogs\u00e5 i sammenh\u00e6ng med Markedsf\u00f8ringsloven Du har ansvaret som dataansvarlig [&hellip;]<\/p>\n","protected":false},"author":50,"featured_media":0,"parent":0,"menu_order":0,"comment_status":"closed","ping_status":"closed","template":"","meta":{"_et_pb_use_builder":"on","_et_pb_old_content":"","_et_gb_content_width":"","footnotes":""},"categories":[],"tags":[],"yst_prominent_words":[4878,15173,15169,4875,4907,15172,4872,6330,4899,6921,15175,4992,15176,15171,15168,13988,6673,15177,15174,15170],"_links":{"self":[{"href":"https:\/\/marketingplatform.com\/da\/wp-json\/wp\/v2\/pages\/10741"}],"collection":[{"href":"https:\/\/marketingplatform.com\/da\/wp-json\/wp\/v2\/pages"}],"about":[{"href":"https:\/\/marketingplatform.com\/da\/wp-json\/wp\/v2\/types\/page"}],"author":[{"embeddable":true,"href":"https:\/\/marketingplatform.com\/da\/wp-json\/wp\/v2\/users\/50"}],"replies":[{"embeddable":true,"href":"https:\/\/marketingplatform.com\/da\/wp-json\/wp\/v2\/comments?post=10741"}],"version-history":[{"count":1,"href":"https:\/\/marketingplatform.com\/da\/wp-json\/wp\/v2\/pages\/10741\/revisions"}],"predecessor-version":[{"id":52678,"href":"https:\/\/marketingplatform.com\/da\/wp-json\/wp\/v2\/pages\/10741\/revisions\/52678"}],"wp:attachment":[{"href":"https:\/\/marketingplatform.com\/da\/wp-json\/wp\/v2\/media?parent=10741"}],"wp:term":[{"taxonomy":"category","embeddable":true,"href":"https:\/\/marketingplatform.com\/da\/wp-json\/wp\/v2\/categories?post=10741"},{"taxonomy":"post_tag","embeddable":true,"href":"https:\/\/marketingplatform.com\/da\/wp-json\/wp\/v2\/tags?post=10741"},{"taxonomy":"yst_prominent_words","embeddable":true,"href":"https:\/\/marketingplatform.com\/da\/wp-json\/wp\/v2\/yst_prominent_words?post=10741"}],"curies":[{"name":"wp","href":"https:\/\/api.w.org\/{rel}","templated":true}]}}